{"id":9599,"date":"2025-04-24T11:55:18","date_gmt":"2025-04-24T09:55:18","guid":{"rendered":"https:\/\/spsil.es\/?post_type=product&#038;p=9599"},"modified":"2025-09-10T10:44:43","modified_gmt":"2025-09-10T08:44:43","slug":"precinto-transparente","status":"publish","type":"product","link":"https:\/\/spsil.es\/pt\/productos_auxiliares\/precinto-transparente\/","title":{"rendered":"Precinto Transparente SPSIL"},"content":{"rendered":"<h1>Precinto Transparente | Resistencia y Alto Rendimiento<\/h1>\n<p class=\"\" data-start=\"252\" data-end=\"753\">El <strong data-start=\"255\" data-end=\"290\">Precinto Transparente 48MMx150M<\/strong> es una cinta de alta calidad dise\u00f1ada para ofrecer una adhesi\u00f3n r\u00e1pida y duradera. Ideal para todo tipo de embalaje, este precinto es perfecto para cerrar cajas, envolver productos o asegurar mercanc\u00edas. Con un <strong data-start=\"502\" data-end=\"520\">ancho de 48 mm<\/strong> y <strong data-start=\"523\" data-end=\"546\">150 metros de largo<\/strong>, proporciona un sellado robusto y seguro. Su acabado <strong data-start=\"600\" data-end=\"616\">transparente<\/strong> permite ver el contenido del paquete sin necesidad de abrirlo, lo que lo convierte en una excelente opci\u00f3n para almacenaje y transporte.<\/p>\n<p class=\"\" data-start=\"755\" data-end=\"1031\">La <strong data-start=\"758\" data-end=\"773\">resistencia<\/strong> y el <strong data-start=\"779\" data-end=\"799\">alto rendimiento<\/strong> de este precinto garantizan una fijaci\u00f3n eficiente, ideal para trabajos en almacenes, mudanzas y embalajes de productos tanto ligeros como pesados. Su versatilidad tambi\u00e9n lo hace adecuado para oficinas, comercios y uso dom\u00e9stico.<\/p>\n<p class=\"\" data-start=\"1033\" data-end=\"1192\">Con <strong data-start=\"1037\" data-end=\"1057\">f\u00e1cil aplicaci\u00f3n<\/strong>, este precinto es compatible con dispositivos de sellado manuales o autom\u00e1ticos, asegurando una experiencia de uso c\u00f3moda y eficiente.<\/p>\n<h2 data-start=\"1199\" data-end=\"1221\"><strong data-start=\"1199\" data-end=\"1221\">Usos recomendados<\/strong><\/h2>\n<ul data-start=\"1223\" data-end=\"1566\">\n<li class=\"\" data-start=\"1223\" data-end=\"1278\">\n<p class=\"\" data-start=\"1225\" data-end=\"1278\">Cerrar cajas de cart\u00f3n de diferentes tama\u00f1os y pesos.<\/p>\n<\/li>\n<li class=\"\" data-start=\"1279\" data-end=\"1336\">\n<p class=\"\" data-start=\"1281\" data-end=\"1336\">Embalaje de productos para transporte y almacenamiento.<\/p>\n<\/li>\n<li class=\"\" data-start=\"1337\" data-end=\"1415\">\n<p class=\"\" data-start=\"1339\" data-end=\"1415\">Usos dom\u00e9sticos como envolver regalos o proteger art\u00edculos durante mudanzas.<\/p>\n<\/li>\n<li class=\"\" data-start=\"1416\" data-end=\"1479\">\n<p class=\"\" data-start=\"1418\" data-end=\"1479\">Aplicaci\u00f3n en comercios para sellado de paquetes o productos.<\/p>\n<\/li>\n<li class=\"\" data-start=\"1480\" data-end=\"1566\">\n<p class=\"\" data-start=\"1482\" data-end=\"1566\"><strong data-start=\"1482\" data-end=\"1508\">Sellado de superficies<\/strong> en actividades log\u00edsticas, almacenamiento y distribuci\u00f3n.<\/p>\n<\/li>\n<\/ul>\n<h2 data-start=\"1573\" data-end=\"1603\"><strong data-start=\"1573\" data-end=\"1603\">Superficies de aplicaci\u00f3n<\/strong><\/h2>\n<ul data-start=\"1605\" data-end=\"1681\">\n<li class=\"\" data-start=\"1605\" data-end=\"1613\">\n<p class=\"\" data-start=\"1607\" data-end=\"1613\">Cart\u00f3n<\/p>\n<\/li>\n<li class=\"\" data-start=\"1614\" data-end=\"1624\">\n<p class=\"\" data-start=\"1616\" data-end=\"1624\">Pl\u00e1stico<\/p>\n<\/li>\n<li class=\"\" data-start=\"1625\" data-end=\"1632\">\n<p class=\"\" data-start=\"1627\" data-end=\"1632\">Papel<\/p>\n<\/li>\n<li class=\"\" data-start=\"1633\" data-end=\"1641\">\n<p class=\"\" data-start=\"1635\" data-end=\"1641\">Madera<\/p>\n<\/li>\n<li class=\"\" data-start=\"1642\" data-end=\"1681\">\n<p class=\"\" data-start=\"1644\" data-end=\"1681\">Superficies lisas y secas en general.<\/p>\n<\/li>\n<\/ul>\n<h2 data-start=\"1688\" data-end=\"1723\"><strong data-start=\"1692\" data-end=\"1723\">FAQs<\/strong><\/h2>\n<p class=\"\" data-start=\"1725\" data-end=\"1957\"><strong data-start=\"1725\" data-end=\"1785\">1. \u00bfEste precinto es adecuado para el uso en exteriores?<\/strong><br data-start=\"1785\" data-end=\"1788\" \/>S\u00ed, el <strong data-start=\"1795\" data-end=\"1830\">Precinto Transparente 48MMx150M<\/strong> es resistente a la humedad y temperaturas moderadas, lo que lo hace adecuado para uso en exteriores bajo condiciones normales.<\/p>\n<p class=\"\" data-start=\"1959\" data-end=\"2142\"><strong data-start=\"1959\" data-end=\"2021\">2. \u00bfEl precinto se puede usar para cerrar cajas de cart\u00f3n?<\/strong><br data-start=\"2021\" data-end=\"2024\" \/>\u00a1Absolutamente! Este precinto es ideal para cerrar cajas de cart\u00f3n, proporcionando un <strong data-start=\"2110\" data-end=\"2128\">sellado fuerte<\/strong> y <strong data-start=\"2131\" data-end=\"2141\">seguro<\/strong>.<\/p>\n<p class=\"\" data-start=\"2144\" data-end=\"2398\"><strong data-start=\"2144\" data-end=\"2210\">3. \u00bfPuedo usar este precinto para envolver productos fr\u00e1giles?<\/strong><br data-start=\"2210\" data-end=\"2213\" \/>S\u00ed, debido a su resistencia, el precinto garantiza que tus productos est\u00e9n <strong data-start=\"2288\" data-end=\"2299\">seguros<\/strong> durante el transporte, aunque es recomendable a\u00f1adir material de protecci\u00f3n extra si son fr\u00e1giles.<\/p>\n<p class=\"\" data-start=\"2400\" data-end=\"2599\"><strong data-start=\"2400\" data-end=\"2428\">4. \u00bfEs f\u00e1cil de aplicar?<\/strong><br data-start=\"2428\" data-end=\"2431\" \/>S\u00ed, el <strong data-start=\"2438\" data-end=\"2473\">Precinto Transparente 48MMx150M<\/strong> se aplica con facilidad, tanto a mano como con un dispensador autom\u00e1tico, ahorrando tiempo y esfuerzo en el sellado de cajas.<\/p>\n<p class=\"\" data-start=\"2601\" data-end=\"2819\"><strong data-start=\"2601\" data-end=\"2648\">5. \u00bfCu\u00e1nto dura la cinta en almacenamiento?<\/strong><br data-start=\"2648\" data-end=\"2651\" \/>El <strong data-start=\"2654\" data-end=\"2679\">precinto transparente<\/strong> tiene una alta <strong data-start=\"2695\" data-end=\"2710\">durabilidad<\/strong>, asegurando que mantendr\u00e1 su adhesi\u00f3n y eficiencia a lo largo del tiempo sin perder su capacidad de sellado.<\/p>\n<p class=\"\" data-start=\"2601\" data-end=\"2819\">El <strong data-start=\"2847\" data-end=\"2882\">Precinto Transparente 48MMx150M<\/strong> es la soluci\u00f3n perfecta para sellar cajas y productos con seguridad, eficiencia y facilidad. Su gran longitud lo hace ideal para tareas continuas de embalaje y almacenamiento, brindando resultados fiables en todo momento.<\/p>","protected":false},"excerpt":{"rendered":"<article class=\"text-token-text-primary w-full\" dir=\"auto\" data-testid=\"conversation-turn-412\" data-scroll-anchor=\"true\">\n<div class=\"text-base my-auto mx-auto py-5 [--thread-content-margin:--spacing(4)] @[37rem]:[--thread-content-margin:--spacing(6)] @[70rem]:[--thread-content-margin:--spacing(12)] px-(--thread-content-margin)\">\n<div class=\"[--thread-content-max-width:32rem] @[34rem]:[--thread-content-max-width:40rem] @[64rem]:[--thread-content-max-width:48rem] mx-auto flex max-w-(--thread-content-max-width) flex-1 text-base gap-4 md:gap-5 lg:gap-6 group\/turn-messages focus-visible:outline-hidden\" tabindex=\"-1\">\n<div class=\"group\/conversation-turn relative flex w-full min-w-0 flex-col agent-turn\">\n<div class=\"relative flex-col gap-1 md:gap-3\">\n<div class=\"flex max-w-full flex-col grow\">\n<div class=\"min-h-8 text-message relative flex w-full flex-col items-end gap-2 text-start break-words whitespace-normal [.text-message+&amp;]:mt-5\" dir=\"auto\" data-message-author-role=\"assistant\" data-message-id=\"58e6d3df-a872-42fc-bc39-17a0cb2efebd\" data-message-model-slug=\"gpt-4o-mini\">\n<div class=\"flex w-full flex-col gap-1 empty:hidden first:pt-[3px]\">\n<div class=\"markdown prose dark:prose-invert w-full break-words light\">\n<p class=\"\" data-start=\"0\" data-end=\"524\">El <strong data-start=\"3\" data-end=\"40\">Precinto Transparente 48MM x 150M<\/strong> es una cinta adhesiva de alta calidad, dise\u00f1ada para garantizar un sellado seguro y duradero en una amplia variedad de aplicaciones. Con un ancho de 48 mm y un largo de 150 metros, esta cinta es ideal para el cierre de cajas de cart\u00f3n, embalaje de productos y protecci\u00f3n durante el transporte. Su <strong data-start=\"338\" data-end=\"362\">acabado transparente<\/strong> permite visualizar el contenido del paquete sin abrirlo, lo que lo convierte en una excelente opci\u00f3n para mantener el orden y la seguridad en el almacenamiento.<\/p>\n<p class=\"\" data-start=\"526\" data-end=\"927\">Su <strong data-start=\"529\" data-end=\"544\">resistencia<\/strong> y <strong data-start=\"547\" data-end=\"559\">adhesi\u00f3n<\/strong> superior aseguran que el precinto se mantenga firme incluso en condiciones de uso exigentes. Es perfecto para entornos tanto industriales como dom\u00e9sticos, y se aplica con facilidad usando dispensadores manuales o autom\u00e1ticos. Ideal para empresas, comercios, mudanzas o uso en casa, el <strong data-start=\"845\" data-end=\"882\">precinto transparente 48MM x 150M<\/strong> ofrece un rendimiento excelente en cada uso.<\/p>\n<\/div>\n<\/div>\n<\/div>\n<\/div>\n<\/div>\n<\/div>\n<\/div>\n<\/div>\n<\/article>","protected":false},"featured_media":9600,"comment_status":"open","ping_status":"closed","template":"","meta":{"_acf_changed":false},"product_brand":[],"product_cat":[156,1215,1212],"product_tag":[1622,1619,1620,1625,1621,1623,1618,1624,28],"class_list":{"0":"post-9599","1":"product","2":"type-product","3":"status-publish","4":"has-post-thumbnail","6":"product_cat-productos_auxiliares","7":"product_cat-adhesivos-selladores-adhesivos","8":"product_cat-adhesivos-selladores","9":"product_tag-cinta-adhesiva-48mm","10":"product_tag-cinta-adhesiva-para-cajas","11":"product_tag-cinta-de-embalaje","12":"product_tag-cinta-para-envio-y-almacenamiento","13":"product_tag-precinto-para-embalaje","14":"product_tag-precinto-resistente","15":"product_tag-precinto-transparente","16":"product_tag-sellado-de-cajas","17":"product_tag-spsil","18":"pa_acabado-brillo","19":"pa_color-transparente","20":"pa_espacio-interior","21":"pa_metodo_aplicacion-trapo","22":"pa_superficie_aplicacion-multisuperficie","23":"pa_tamano-48-x-150-cm","25":"first","26":"instock","27":"taxable","28":"shipping-taxable","29":"purchasable","30":"product-type-simple"},"acf":[],"superficies_aplicacion_completo":"Multisuperficie","_links":{"self":[{"href":"https:\/\/spsil.es\/pt\/wp-json\/wp\/v2\/product\/9599","targetHints":{"allow":["GET"]}}],"collection":[{"href":"https:\/\/spsil.es\/pt\/wp-json\/wp\/v2\/product"}],"about":[{"href":"https:\/\/spsil.es\/pt\/wp-json\/wp\/v2\/types\/product"}],"replies":[{"embeddable":true,"href":"https:\/\/spsil.es\/pt\/wp-json\/wp\/v2\/comments?post=9599"}],"version-history":[{"count":0,"href":"https:\/\/spsil.es\/pt\/wp-json\/wp\/v2\/product\/9599\/revisions"}],"wp:featuredmedia":[{"embeddable":true,"href":"https:\/\/spsil.es\/pt\/wp-json\/wp\/v2\/media\/9600"}],"wp:attachment":[{"href":"https:\/\/spsil.es\/pt\/wp-json\/wp\/v2\/media?parent=9599"}],"wp:term":[{"taxonomy":"product_brand","embeddable":true,"href":"https:\/\/spsil.es\/pt\/wp-json\/wp\/v2\/product_brand?post=9599"},{"taxonomy":"product_cat","embeddable":true,"href":"https:\/\/spsil.es\/pt\/wp-json\/wp\/v2\/product_cat?post=9599"},{"taxonomy":"product_tag","embeddable":true,"href":"https:\/\/spsil.es\/pt\/wp-json\/wp\/v2\/product_tag?post=9599"}],"curies":[{"name":"wp","href":"https:\/\/api.w.org\/{rel}","templated":true}]}}