{"id":9575,"date":"2025-04-23T12:42:27","date_gmt":"2025-04-23T10:42:27","guid":{"rendered":"https:\/\/spsil.es\/?post_type=product&#038;p=9575"},"modified":"2025-11-17T23:21:09","modified_gmt":"2025-11-17T22:21:09","slug":"bayeta-magica-de-ultrasecado-spsil","status":"publish","type":"product","link":"https:\/\/spsil.es\/pt\/hogar\/bayeta-magica-de-ultrasecado-spsil\/","title":{"rendered":"Bayeta M\u00e1gica de Ultrasecado SPSIL"},"content":{"rendered":"<h1 data-start=\"65\" data-end=\"610\">Bayeta M\u00e1gica de Ultrasecado PVA | Ultrasecado M\u00e1gico<\/h1>\n<p class=\"\" data-start=\"65\" data-end=\"610\">La <strong>Bayeta M\u00e1gica de Ultrasecado\u00a0PVA<\/strong> es una herramienta de limpieza de <strong data-start=\"129\" data-end=\"145\">alta calidad<\/strong> dise\u00f1ada para profesionales y usuarios exigentes que buscan un rendimiento excepcional en la limpieza. Fabricada con <strong data-start=\"263\" data-end=\"296\">100% PVA (Poli-vinil alcohol)<\/strong>, este material sint\u00e9tico de alta absorci\u00f3n garantiza que el proceso de secado sea mucho m\u00e1s r\u00e1pido que las bayetas convencionales. Adem\u00e1s, el <strong data-start=\"439\" data-end=\"446\">PVA<\/strong> es reconocido por su capacidad de retener la humedad de forma eficaz, lo que la convierte en la opci\u00f3n perfecta para trabajos de limpieza de superficies delicadas.<\/p>\n<p class=\"\" data-start=\"612\" data-end=\"911\">Con un tama\u00f1o de <strong data-start=\"629\" data-end=\"641\">30&#215;40 cm<\/strong>, su tama\u00f1o es ideal para <strong data-start=\"667\" data-end=\"701\">superficies grandes y peque\u00f1as<\/strong>, proporcionando un uso c\u00f3modo y eficiente, sin necesidad de m\u00faltiples pasadas. Esta bayeta no solo es <strong data-start=\"804\" data-end=\"835\">flexible y f\u00e1cil de manejar<\/strong>, sino que tambi\u00e9n <strong data-start=\"854\" data-end=\"881\">protege las superficies<\/strong> al evitar rayaduras y marcas.<\/p>\n<p class=\"\" data-start=\"913\" data-end=\"1321\">Lo que realmente destaca a la <strong data-start=\"943\" data-end=\"969\">Bayeta Profesional PVA<\/strong> es su capacidad para proporcionar una <strong data-start=\"1008\" data-end=\"1029\">limpieza perfecta<\/strong> en una sola pasada. Gracias a su <strong data-start=\"1063\" data-end=\"1092\">tecnolog\u00eda de ultrasecado<\/strong>, es capaz de absorber una gran cantidad de l\u00edquido y secar las superficies sin dejar residuos, manchas ni huellas de agua, garantizando <strong data-start=\"1229\" data-end=\"1254\">resultados impecables<\/strong> en cristales, espejos, acero inoxidable y otras superficies lisas.<\/p>\n<p class=\"\" data-start=\"1323\" data-end=\"1729\">Esta bayeta es perfecta para su uso en <strong data-start=\"1362\" data-end=\"1376\">hosteler\u00eda<\/strong>, <strong data-start=\"1378\" data-end=\"1394\">restauraci\u00f3n<\/strong>, <strong data-start=\"1396\" data-end=\"1408\">oficinas<\/strong> y en el hogar. Su uso se extiende a <strong data-start=\"1445\" data-end=\"1470\">superficies delicadas<\/strong> como <strong data-start=\"1476\" data-end=\"1487\">espejos<\/strong>, <strong data-start=\"1489\" data-end=\"1501\">ventanas<\/strong>, <strong data-start=\"1503\" data-end=\"1516\">cristales<\/strong>, <strong data-start=\"1518\" data-end=\"1535\">muebles lisos<\/strong> y superficies <strong data-start=\"1550\" data-end=\"1564\">brillantes<\/strong>. Adem\u00e1s, su dise\u00f1o <strong data-start=\"1584\" data-end=\"1620\">respetuoso con el medio ambiente<\/strong> permite un uso <strong data-start=\"1636\" data-end=\"1652\">reutilizable<\/strong>, por lo que no solo es una opci\u00f3n <strong data-start=\"1687\" data-end=\"1700\">econ\u00f3mica<\/strong>, sino tambi\u00e9n <strong data-start=\"1715\" data-end=\"1728\">ecol\u00f3gica<\/strong>.<\/p>\n<p class=\"\" data-start=\"1731\" data-end=\"1981\">La <strong data-start=\"1734\" data-end=\"1760\">Bayeta Profesional PVA<\/strong> tambi\u00e9n es ideal para aquellos entornos donde se requiere rapidez y eficiencia en la limpieza, como en el <strong data-start=\"1867\" data-end=\"1904\">sector de la limpieza profesional<\/strong> o en espacios donde la <strong data-start=\"1928\" data-end=\"1954\">calidad de la limpieza<\/strong> debe ser de alto est\u00e1ndar.<\/p>\n<h3 class=\"\" data-start=\"1983\" data-end=\"2009\">Caracter\u00edsticas Clave<\/h3>\n<ul data-start=\"2010\" data-end=\"2480\">\n<li class=\"\" data-start=\"2010\" data-end=\"2085\">\n<p class=\"\" data-start=\"2012\" data-end=\"2085\"><strong data-start=\"2012\" data-end=\"2025\">Material:<\/strong> 100% <strong data-start=\"2031\" data-end=\"2038\">PVA<\/strong>, ideal para un secado y limpieza sin esfuerzo.<\/p>\n<\/li>\n<li class=\"\" data-start=\"2086\" data-end=\"2157\">\n<p class=\"\" data-start=\"2088\" data-end=\"2157\"><strong data-start=\"2088\" data-end=\"2099\">Tama\u00f1o:<\/strong> <strong data-start=\"2100\" data-end=\"2112\">30&#215;40 cm<\/strong>, perfecto para una variedad de aplicaciones.<\/p>\n<\/li>\n<li class=\"\" data-start=\"2158\" data-end=\"2254\">\n<p class=\"\" data-start=\"2160\" data-end=\"2254\"><strong data-start=\"2160\" data-end=\"2181\">Absorci\u00f3n R\u00e1pida:<\/strong> El <strong data-start=\"2185\" data-end=\"2192\">PVA<\/strong> absorbe de manera eficiente, secando superficies r\u00e1pidamente.<\/p>\n<\/li>\n<li class=\"\" data-start=\"2255\" data-end=\"2354\">\n<p class=\"\" data-start=\"2257\" data-end=\"2354\"><strong data-start=\"2257\" data-end=\"2285\">Protege las superficies:<\/strong> No deja marcas ni huellas, ideal para cristales y superficies lisas.<\/p>\n<\/li>\n<li class=\"\" data-start=\"2355\" data-end=\"2480\">\n<p class=\"\" data-start=\"2357\" data-end=\"2480\"><strong data-start=\"2357\" data-end=\"2374\">Reutilizable:<\/strong> Dise\u00f1ada para ser utilizada m\u00faltiples veces, lo que la convierte en una opci\u00f3n <strong data-start=\"2454\" data-end=\"2479\">econ\u00f3mica y ecol\u00f3gica<\/strong>.<\/p>\n<\/li>\n<\/ul>\n<h2 data-start=\"2482\" data-end=\"2497\">Beneficios<\/h2>\n<ul data-start=\"2498\" data-end=\"2830\">\n<li class=\"\" data-start=\"2498\" data-end=\"2535\">\n<p class=\"\" data-start=\"2500\" data-end=\"2535\">Limpieza eficaz en una sola pasada.<\/p>\n<\/li>\n<li class=\"\" data-start=\"2536\" data-end=\"2591\">\n<p class=\"\" data-start=\"2538\" data-end=\"2591\">Ideal para superficies <strong data-start=\"2561\" data-end=\"2574\">delicadas<\/strong> y <strong data-start=\"2577\" data-end=\"2590\">sensibles<\/strong>.<\/p>\n<\/li>\n<li class=\"\" data-start=\"2592\" data-end=\"2662\">\n<p class=\"\" data-start=\"2594\" data-end=\"2662\"><strong data-start=\"2594\" data-end=\"2611\">Secado r\u00e1pido<\/strong> que garantiza una limpieza sin marcas ni residuos.<\/p>\n<\/li>\n<li class=\"\" data-start=\"2663\" data-end=\"2739\">\n<p class=\"\" data-start=\"2665\" data-end=\"2739\">Reutilizable, lo que reduce el impacto ambiental y el gasto a largo plazo.<\/p>\n<\/li>\n<li class=\"\" data-start=\"2740\" data-end=\"2830\">\n<p class=\"\" data-start=\"2742\" data-end=\"2830\"><strong data-start=\"2742\" data-end=\"2762\">Alta resistencia<\/strong>, lo que asegura una larga durabilidad incluso con un uso frecuente.<\/p>\n<\/li>\n<\/ul>\n<h2 data-start=\"2832\" data-end=\"2863\">FAQs<\/h2>\n<ol data-start=\"2865\" data-end=\"3817\">\n<li class=\"\" data-start=\"2865\" data-end=\"3085\">\n<p class=\"\" data-start=\"2868\" data-end=\"3085\"><strong data-start=\"2868\" data-end=\"2907\">\u00bfEs ideal para cristales y espejos?<\/strong> S\u00ed, la <strong>Bayeta M\u00e1gica de Ultrasecado\u00a0PVA<\/strong>\u00a0es <strong data-start=\"2948\" data-end=\"2960\">perfecta<\/strong> para limpiar <strong data-start=\"2974\" data-end=\"2987\">cristales<\/strong> y <strong data-start=\"2990\" data-end=\"3001\">espejos<\/strong>, ya que no deja <strong data-start=\"3018\" data-end=\"3028\">marcas<\/strong> ni <strong data-start=\"3032\" data-end=\"3051\">huellas de agua<\/strong>, asegurando un acabado impecable.<\/p>\n<\/li>\n<li class=\"\" data-start=\"3087\" data-end=\"3273\">\n<p class=\"\" data-start=\"3090\" data-end=\"3273\"><strong data-start=\"3090\" data-end=\"3121\">\u00bfC\u00f3mo debo lavar la bayeta?<\/strong> La <strong>Bayeta M\u00e1gica de Ultrasecado\u00a0PVA<\/strong>\u00a0es <strong data-start=\"3158\" data-end=\"3176\">f\u00e1cil de lavar<\/strong> a mano o a m\u00e1quina. Simplemente enju\u00e1gala despu\u00e9s de su uso para mantener su eficacia de secado.<\/p>\n<\/li>\n<li class=\"\" data-start=\"3275\" data-end=\"3445\">\n<p class=\"\" data-start=\"3278\" data-end=\"3445\"><strong data-start=\"3278\" data-end=\"3314\">\u00bfCu\u00e1nto tiempo tarda en secarse?<\/strong> Gracias a su tecnolog\u00eda de <strong data-start=\"3345\" data-end=\"3360\">ultrasecado<\/strong>, la bayeta seca las superficies muy r\u00e1pidamente, sin dejar restos de agua o humedad.<\/p>\n<\/li>\n<li class=\"\" data-start=\"3447\" data-end=\"3629\">\n<p class=\"\" data-start=\"3450\" data-end=\"3629\"><strong data-start=\"3450\" data-end=\"3494\">\u00bfSe puede usar en superficies delicadas?<\/strong> S\u00ed, es ideal para superficies <strong data-start=\"3528\" data-end=\"3541\">delicadas<\/strong> como <strong data-start=\"3547\" data-end=\"3558\">espejos<\/strong>, <strong data-start=\"3560\" data-end=\"3573\">cristales<\/strong> y <strong data-start=\"3576\" data-end=\"3593\">muebles lisos<\/strong>, sin riesgo de da\u00f1arlas o rayarlas.<\/p>\n<\/li>\n<li class=\"\" data-start=\"3631\" data-end=\"3817\">\n<p class=\"\" data-start=\"3634\" data-end=\"3817\"><strong data-start=\"3634\" data-end=\"3665\">\u00bfEs la bayeta reutilizable?<\/strong> S\u00ed, esta bayeta est\u00e1 <strong data-start=\"3690\" data-end=\"3713\">dise\u00f1ada para durar<\/strong> y puede ser utilizada m\u00faltiples veces, lo que la hace <strong data-start=\"3768\" data-end=\"3781\">econ\u00f3mica<\/strong> y respetuosa con el medio ambiente.<\/p>\n<\/li>\n<\/ol>","protected":false},"excerpt":{"rendered":"<article class=\"text-token-text-primary w-full\" dir=\"auto\" data-testid=\"conversation-turn-412\" data-scroll-anchor=\"true\">\n<div class=\"text-base my-auto mx-auto py-5 [--thread-content-margin:--spacing(4)] @[37rem]:[--thread-content-margin:--spacing(6)] @[70rem]:[--thread-content-margin:--spacing(12)] px-(--thread-content-margin)\">\n<div class=\"[--thread-content-max-width:32rem] @[34rem]:[--thread-content-max-width:40rem] @[64rem]:[--thread-content-max-width:48rem] mx-auto flex max-w-(--thread-content-max-width) flex-1 text-base gap-4 md:gap-5 lg:gap-6 group\/turn-messages focus-visible:outline-hidden\" tabindex=\"-1\">\n<div class=\"group\/conversation-turn relative flex w-full min-w-0 flex-col agent-turn\">\n<div class=\"relative flex-col gap-1 md:gap-3\">\n<div class=\"flex max-w-full flex-col grow\">\n<div class=\"min-h-8 text-message relative flex w-full flex-col items-end gap-2 text-start break-words whitespace-normal [.text-message+&amp;]:mt-5\" dir=\"auto\" data-message-author-role=\"assistant\" data-message-id=\"58e6d3df-a872-42fc-bc39-17a0cb2efebd\" data-message-model-slug=\"gpt-4o-mini\">\n<div class=\"flex w-full flex-col gap-1 empty:hidden first:pt-[3px]\">\n<div class=\"markdown prose dark:prose-invert w-full break-words light\">\n<p class=\"\" data-start=\"0\" data-end=\"929\">La <strong data-start=\"3\" data-end=\"29\">Bayeta Profesional PVA<\/strong> es la soluci\u00f3n ideal para una limpieza eficiente y sin marcas en diversas superficies. Fabricada con <strong data-start=\"131\" data-end=\"143\">100% PVA<\/strong>, esta bayeta ofrece <strong data-start=\"164\" data-end=\"182\">alta absorci\u00f3n<\/strong> y un <strong data-start=\"188\" data-end=\"205\">secado r\u00e1pido<\/strong>, permitiendo limpiar y secar superficies en una sola pasada.<\/p>\n<p class=\"\" data-start=\"0\" data-end=\"929\">Es perfecta para superficies delicadas como <strong data-start=\"311\" data-end=\"324\">cristales<\/strong>, <strong data-start=\"326\" data-end=\"337\">espejos<\/strong> y <strong data-start=\"340\" data-end=\"357\">muebles lisos<\/strong>, ya que no deja <strong data-start=\"374\" data-end=\"394\">rayas ni huellas<\/strong>. Su tama\u00f1o de <strong data-start=\"409\" data-end=\"421\">30&#215;40 cm<\/strong> es ideal para trabajar en espacios grandes y peque\u00f1os, proporcionando <strong data-start=\"492\" data-end=\"516\">comodidad y eficacia<\/strong> en cada uso. Adem\u00e1s, es <strong data-start=\"541\" data-end=\"567\">lavable y reutilizable<\/strong>, lo que la convierte en una opci\u00f3n <strong data-start=\"603\" data-end=\"628\">econ\u00f3mica y ecol\u00f3gica<\/strong> a largo plazo. Ideal para <strong data-start=\"655\" data-end=\"666\">hogares<\/strong>, <strong data-start=\"668\" data-end=\"680\">oficinas<\/strong> y <strong data-start=\"683\" data-end=\"709\">entornos profesionales<\/strong>, la <strong data-start=\"714\" data-end=\"740\">Bayeta Profesional PVA<\/strong> asegura un <strong data-start=\"752\" data-end=\"775\">acabado profesional<\/strong> sin esfuerzo. Optimiza tu tiempo de limpieza con esta <strong data-start=\"830\" data-end=\"854\">herramienta vers\u00e1til<\/strong>, perfecta para cualquier tarea que requiera un secado r\u00e1pido y sin marcas.<\/p>\n<\/div>\n<\/div>\n<\/div>\n<\/div>\n<\/div>\n<\/div>\n<\/div>\n<\/div>\n<\/article>","protected":false},"featured_media":9576,"comment_status":"open","ping_status":"closed","template":"","meta":{"_acf_changed":false},"product_brand":[],"product_cat":[968],"product_tag":[1613,1615,1616,1600,1609,1608,1607,1610,28],"class_list":{"0":"post-9575","1":"product","2":"type-product","3":"status-publish","4":"has-post-thumbnail","6":"product_cat-hogar","7":"product_tag-bayeta-de-alta-absorcion","8":"product_tag-bayeta-de-limpieza","9":"product_tag-bayeta-de-secado-rapido","10":"product_tag-bayeta-para-coches","11":"product_tag-bayeta-para-cristales","12":"product_tag-bayeta-profesional","13":"product_tag-bayeta-pva","14":"product_tag-limpieza-sin-marcas","15":"product_tag-spsil","16":"pa_acabado-mate","17":"pa_color-amarillo","18":"pa_color-azul","19":"pa_espacio-exterior","20":"pa_espacio-interior","21":"pa_metodo_aplicacion-trapo","22":"pa_superficie_aplicacion-carroceria","23":"pa_superficie_aplicacion-salpicadero","24":"pa_tamano-30-x-40-cm","26":"first","27":"instock","28":"taxable","29":"shipping-taxable","30":"purchasable","31":"product-type-simple"},"acf":[],"superficies_aplicacion_completo":"Carrocer\u00eda, Salpicadero","_links":{"self":[{"href":"https:\/\/spsil.es\/pt\/wp-json\/wp\/v2\/product\/9575","targetHints":{"allow":["GET"]}}],"collection":[{"href":"https:\/\/spsil.es\/pt\/wp-json\/wp\/v2\/product"}],"about":[{"href":"https:\/\/spsil.es\/pt\/wp-json\/wp\/v2\/types\/product"}],"replies":[{"embeddable":true,"href":"https:\/\/spsil.es\/pt\/wp-json\/wp\/v2\/comments?post=9575"}],"version-history":[{"count":0,"href":"https:\/\/spsil.es\/pt\/wp-json\/wp\/v2\/product\/9575\/revisions"}],"wp:featuredmedia":[{"embeddable":true,"href":"https:\/\/spsil.es\/pt\/wp-json\/wp\/v2\/media\/9576"}],"wp:attachment":[{"href":"https:\/\/spsil.es\/pt\/wp-json\/wp\/v2\/media?parent=9575"}],"wp:term":[{"taxonomy":"product_brand","embeddable":true,"href":"https:\/\/spsil.es\/pt\/wp-json\/wp\/v2\/product_brand?post=9575"},{"taxonomy":"product_cat","embeddable":true,"href":"https:\/\/spsil.es\/pt\/wp-json\/wp\/v2\/product_cat?post=9575"},{"taxonomy":"product_tag","embeddable":true,"href":"https:\/\/spsil.es\/pt\/wp-json\/wp\/v2\/product_tag?post=9575"}],"curies":[{"name":"wp","href":"https:\/\/api.w.org\/{rel}","templated":true}]}}