{"id":9295,"date":"2025-04-08T16:14:54","date_gmt":"2025-04-08T14:14:54","guid":{"rendered":"https:\/\/spsil.es\/?post_type=product&#038;p=9295"},"modified":"2026-04-15T09:43:16","modified_gmt":"2026-04-15T07:43:16","slug":"rodillo-xxl-spsil","status":"publish","type":"product","link":"https:\/\/spsil.es\/pt\/pintura\/rodillos-y-cubetas\/rodillo-xxl-spsil\/","title":{"rendered":"Rolo SPSIL XXL"},"content":{"rendered":"<h1><strong>Rolo XXL | Acabamento extrafino e alta durabilidade<\/strong><\/h1>\n<p class=\"\" data-start=\"208\" data-end=\"601\">Ele <strong data-start=\"211\" data-end=\"234\">Rolo XXL <\/strong>de <strong data-start=\"238\" data-end=\"247\">SPSIL<\/strong> \u00c9 uma ferramenta essencial para quem busca obter um <strong data-start=\"318\" data-end=\"341\">acabamento profissional<\/strong> em grandes lojas com <strong data-start=\"369\" data-end=\"387\">menos esfor\u00e7o<\/strong>Obrigado ao seu <strong data-start=\"402\" data-end=\"429\">Material de poli\u00e9ster 100%<\/strong> alta qualidade e seus <strong data-start=\"451\" data-end=\"470\">12 mm de espessura<\/strong>Este rolo permite cobrir grandes \u00e1reas em um <strong data-start=\"524\" data-end=\"546\">r\u00e1pido e eficiente<\/strong>obtendo resultados <strong data-start=\"570\" data-end=\"583\">uniformes<\/strong> e <strong data-start=\"586\" data-end=\"600\">sem marca\u00e7\u00f5es<\/strong>.<\/p>\n<p class=\"\" data-start=\"603\" data-end=\"1032\">Ele <strong data-start=\"606\" data-end=\"626\">design exclusivo<\/strong> o rolo garante que nenhum <strong data-start=\"654\" data-end=\"669\">solte o cabelo<\/strong>o que \u00e9 essencial para alcan\u00e7ar os acabamentos corretos. <strong data-start=\"716\" data-end=\"738\">limpo e preciso<\/strong>sem a preocupa\u00e7\u00e3o de o rolo deixar res\u00edduos na superf\u00edcie. <strong data-start=\"813\" data-end=\"835\">acabamento extrafino<\/strong> Isso o torna perfeito para trabalhos onde o <strong data-start=\"876\" data-end=\"899\">qualidade do acabamento<\/strong> \u00c9 essencial obter uma pintura uniforme e impec\u00e1vel, mesmo em superf\u00edcies delicadas como... <strong data-start=\"1000\" data-end=\"1031\">gesso, cimento, madeira e muito mais<\/strong>.<\/p>\n<p class=\"\" data-start=\"1034\" data-end=\"1402\">Este rolo XXL \u00e9 <strong data-start=\"1054\" data-end=\"1092\">Ideal para projetos profissionais<\/strong> de <strong data-start=\"1096\" data-end=\"1134\">pintura interior e exterior<\/strong>permitindo pintar paredes, tetos, fachadas e superf\u00edcies maiores em um <strong data-start=\"1217\" data-end=\"1227\">r\u00e1pido<\/strong>Al\u00e9m disso, seu <strong data-start=\"1240\" data-end=\"1254\">Tamanho XXL<\/strong> oferece o <strong data-start=\"1275\" data-end=\"1330\">vantagem de cobrir \u00e1reas maiores em menos tempo<\/strong>Reduzir o tempo de trabalho sem comprometer a qualidade do acabamento.<\/p>\n<h2 data-start=\"1404\" data-end=\"1440\"><strong data-start=\"1409\" data-end=\"1440\">Principais caracter\u00edsticas:<\/strong><\/h2>\n<ul data-start=\"1441\" data-end=\"2247\">\n<li class=\"\" data-start=\"1441\" data-end=\"1598\">\n<p class=\"\" data-start=\"1443\" data-end=\"1598\"><strong data-start=\"1443\" data-end=\"1470\">Material 100% Poli\u00e9ster<\/strong>Ele fornece um <strong data-start=\"1483\" data-end=\"1506\">excelente absor\u00e7\u00e3o<\/strong> e um <strong data-start=\"1513\" data-end=\"1533\">aplica\u00e7\u00e3o suave<\/strong>, perfeito para obter um acabamento uniforme, sem grumos ou marcas.<\/p>\n<\/li>\n<li class=\"\" data-start=\"1599\" data-end=\"1747\">\n<p class=\"\" data-start=\"1601\" data-end=\"1747\"><strong data-start=\"1601\" data-end=\"1619\">12 mm de espessura<\/strong>Ideal para tintas <strong data-start=\"1644\" data-end=\"1666\">acabamento extrafino<\/strong>Isso garante que n\u00e3o fiquem marcas do rolo, resultando em superf\u00edcies lisas.<\/p>\n<\/li>\n<li class=\"\" data-start=\"1748\" data-end=\"1934\">\n<p class=\"\" data-start=\"1750\" data-end=\"1934\"><strong data-start=\"1750\" data-end=\"1768\">N\u00e3o perde pelos<\/strong>O rolo foi projetado para evitar que as fibras se soltem durante o uso, o que melhora a qualidade da tinta aplicada e evita danos \u00e0 superf\u00edcie.<\/p>\n<\/li>\n<li class=\"\" data-start=\"1935\" data-end=\"2108\"><strong data-start=\"2111\" data-end=\"2133\">Acabamento extrafino<\/strong>Perfeito para quem procura uma pintura. <strong data-start=\"2176\" data-end=\"2202\">perfeitamente uniforme<\/strong>, sem imperfei\u00e7\u00f5es ou marcas de aplica\u00e7\u00e3o.<\/li>\n<\/ul>\n<h2 data-start=\"2249\" data-end=\"2270\"><strong data-start=\"2254\" data-end=\"2270\">Como usar:<\/strong><\/h2>\n<ol data-start=\"2271\" data-end=\"2941\">\n<li class=\"\" data-start=\"2271\" data-end=\"2428\">\n<p class=\"\" data-start=\"2274\" data-end=\"2428\"><strong data-start=\"2274\" data-end=\"2300\">Prepare a superf\u00edcie<\/strong>Certifique-se de que as paredes, tetos ou superf\u00edcies estejam limpos, secos e livres de poeira ou gordura antes de aplicar a tinta.<\/p>\n<\/li>\n<li class=\"\" data-start=\"2429\" data-end=\"2599\">\n<p class=\"\" data-start=\"2432\" data-end=\"2599\"><strong data-start=\"2432\" data-end=\"2453\">Carregue o rolo<\/strong>Umede\u00e7a o rolo com tinta. Mergulhe o rolo no recipiente de tinta e espalhe-a uniformemente sobre a superf\u00edcie do rolo.<\/p>\n<\/li>\n<li class=\"\" data-start=\"2600\" data-end=\"2778\">\n<p class=\"\" data-start=\"2603\" data-end=\"2778\"><strong data-start=\"2603\" data-end=\"2617\">Aplicativo<\/strong>Use o rolo para aplicar a tinta com pinceladas longas e uniformes. Para um acabamento sem marcas, pinte de cima para baixo ou da esquerda para a direita.<\/p>\n<\/li>\n<li class=\"\" data-start=\"2779\" data-end=\"2941\">\n<p class=\"\" data-start=\"2782\" data-end=\"2941\"><strong data-start=\"2782\" data-end=\"2794\">Limpeza<\/strong>Ap\u00f3s terminar o trabalho, limpe o rolo com \u00e1gua ou solvente, dependendo do tipo de tinta utilizada, para mant\u00ea-lo em boas condi\u00e7\u00f5es.<\/p>\n<\/li>\n<\/ol>\n<h2 data-start=\"2943\" data-end=\"2978\"><strong data-start=\"2948\" data-end=\"2978\">Aplica\u00e7\u00f5es recomendadas:<\/strong><\/h2>\n<ul data-start=\"2979\" data-end=\"3450\">\n<li class=\"\" data-start=\"2979\" data-end=\"3127\">\n<p class=\"\" data-start=\"2981\" data-end=\"3127\"><strong data-start=\"2981\" data-end=\"3019\">Pintura interior e exterior<\/strong>Ideal para <strong data-start=\"3032\" data-end=\"3042\">telhados<\/strong>, <strong data-start=\"3044\" data-end=\"3055\">paredes<\/strong> e <strong data-start=\"3058\" data-end=\"3070\">fachadas<\/strong>, tanto em resid\u00eancias, escrit\u00f3rios e projetos de reforma.<\/p>\n<\/li>\n<li class=\"\" data-start=\"3128\" data-end=\"3292\">\n<p class=\"\" data-start=\"3130\" data-end=\"3292\"><strong data-start=\"3130\" data-end=\"3164\">Pintura de grandes superf\u00edcies<\/strong>Gra\u00e7as ao seu tamanho XXL, \u00e9 ideal para cobrir <strong data-start=\"3212\" data-end=\"3229\">grandes \u00e1reas<\/strong> como <strong data-start=\"3235\" data-end=\"3267\">f\u00e1bricas, edif\u00edcios industriais<\/strong> e projetos comerciais.<\/p>\n<\/li>\n<li class=\"\" data-start=\"3293\" data-end=\"3450\">\n<p class=\"\" data-start=\"3295\" data-end=\"3450\"><strong data-start=\"3295\" data-end=\"3337\">Projetos fa\u00e7a-voc\u00ea-mesmo e profissionais<\/strong>Perfeito para ambos <strong data-start=\"3359\" data-end=\"3385\">pintores profissionais<\/strong> bem como para aqueles que realizam projetos em <strong data-start=\"3426\" data-end=\"3449\">pintura em casa<\/strong>.<\/p>\n<\/li>\n<\/ul>\n<p class=\"\" data-start=\"3666\" data-end=\"4148\">Ele <strong data-start=\"3669\" data-end=\"3692\">Rolo XXL 30,5 cm<\/strong> de <strong data-start=\"3696\" data-end=\"3705\">SPSIL<\/strong> \u00c9 ideal para quem busca resultados de alta qualidade em projetos de pintura de grande ou m\u00e9dia dimens\u00e3o. <strong data-start=\"3799\" data-end=\"3819\">alto desempenho<\/strong>. Dele <strong data-start=\"3824\" data-end=\"3846\">acabamento extrafino<\/strong>, dele <strong data-start=\"3851\" data-end=\"3872\">design ergon\u00f4mico<\/strong> e seu <strong data-start=\"3878\" data-end=\"3898\">alta durabilidade<\/strong> Isso a torna a ferramenta perfeita para pintar grandes superf\u00edcies em menos tempo, alcan\u00e7ando <strong data-start=\"4000\" data-end=\"4026\">acabamentos profissionais<\/strong>Aproveite a efici\u00eancia e a rapidez deste rolo para concluir seus projetos de forma impec\u00e1vel e sem complica\u00e7\u00f5es!<\/p>\n<h2 data-start=\"3666\" data-end=\"4148\"><strong>Perguntas frequentes<\/strong><\/h2>\n<h3 class=\"\" data-start=\"85\" data-end=\"159\"><strong data-start=\"89\" data-end=\"159\">1. Em que superf\u00edcies o rolo XXL pode ser usado?<\/strong><\/h3>\n<p class=\"\" data-start=\"160\" data-end=\"432\">Ele <strong data-start=\"163\" data-end=\"186\">Rolo XXL <\/strong>\u00c9 adequado para pintar um <strong data-start=\"215\" data-end=\"247\">grande variedade de superf\u00edcies<\/strong>, como <strong data-start=\"254\" data-end=\"265\">paredes<\/strong>, <strong data-start=\"267\" data-end=\"277\">telhados<\/strong>, <strong data-start=\"279\" data-end=\"291\">fachadas<\/strong>, <strong data-start=\"293\" data-end=\"301\">e assim<\/strong>, <strong data-start=\"303\" data-end=\"314\">cimento<\/strong>, e <strong data-start=\"318\" data-end=\"328\">madeira<\/strong>. Dele <strong data-start=\"333\" data-end=\"355\">acabamento extrafino<\/strong> \u00c9 ideal para obter um resultado liso e uniforme em diversas superf\u00edcies.<\/p>\n<h3 class=\"\" data-start=\"439\" data-end=\"500\"><strong data-start=\"443\" data-end=\"500\">2. O rolo \u00e9 f\u00e1cil de limpar ap\u00f3s o uso?<\/strong><\/h3>\n<p class=\"\" data-start=\"501\" data-end=\"743\">Sim, o rolo \u00e9 <strong data-start=\"519\" data-end=\"539\">f\u00e1cil de limpar<\/strong>Basta enxaguar com <strong data-start=\"571\" data-end=\"592\">\u00e1gua ou solvente<\/strong>Dependendo do tipo de tinta utilizada, a limpeza do rolo ap\u00f3s cada utiliza\u00e7\u00e3o garantir\u00e1 sua durabilidade e bom desempenho em projetos futuros.<\/p>\n<h3 class=\"\" data-start=\"750\" data-end=\"807\"><strong data-start=\"754\" data-end=\"807\">3. Que tipo de acabamento este rolo proporciona?<\/strong><\/h3>\n<p class=\"\" data-start=\"808\" data-end=\"990\">Ele <strong data-start=\"811\" data-end=\"834\">Rolo XXL <\/strong>\u00a0fornece um <strong data-start=\"850\" data-end=\"872\">acabamento extrafino<\/strong>Obrigado pelo seu material. <strong data-start=\"896\" data-end=\"914\">Poli\u00e9ster 100%<\/strong> e seu <strong data-start=\"920\" data-end=\"939\">12 mm de espessura<\/strong>um aplicativo garante <strong data-start=\"964\" data-end=\"989\">uniforme e sem marcas<\/strong>.<\/p>\n<h3 class=\"\" data-start=\"997\" data-end=\"1068\"><strong data-start=\"1001\" data-end=\"1068\">4. Este rolo pode ser usado para pintar superf\u00edcies grandes?<\/strong><\/h3>\n<p class=\"\" data-start=\"1069\" data-end=\"1306\">Sim, o tamanho <strong data-start=\"1083\" data-end=\"1100\">XXL<\/strong>\u00a0o rolo \u00e9 ideal para <strong data-start=\"1127\" data-end=\"1151\">cobrir grandes \u00e1reas<\/strong> Eficientemente. \u00c9 perfeito para pintura. <strong data-start=\"1197\" data-end=\"1220\">grandes superf\u00edcies<\/strong> como <strong data-start=\"1226\" data-end=\"1245\">grandes paredes<\/strong>, <strong data-start=\"1247\" data-end=\"1257\">telhados<\/strong> e <strong data-start=\"1260\" data-end=\"1272\">fachadas<\/strong>Reduzir o tempo de trabalho.<\/p>\n<h3 class=\"\" data-start=\"1313\" data-end=\"1363\"><strong data-start=\"1317\" data-end=\"1363\">5. O rolo solta cabelo durante o uso?<\/strong><\/h3>\n<p class=\"\" data-start=\"1364\" data-end=\"1571\">N\u00e3o, o <strong data-start=\"1371\" data-end=\"1394\">Rolo XXL <\/strong>Ele foi projetado. <strong data-start=\"1409\" data-end=\"1432\">para evitar a queda de cabelo<\/strong>Isso garante uma pintura <strong data-start=\"1459\" data-end=\"1469\">limpar<\/strong> e <strong data-start=\"1472\" data-end=\"1494\">perfeito<\/strong>Ideal para obter acabamentos profissionais sem marcas ou res\u00edduos.<\/p>","protected":false},"excerpt":{"rendered":"<p>Ele <strong data-start=\"3\" data-end=\"26\">Rolo XXL 30,5 cm<\/strong> de <strong data-start=\"30\" data-end=\"39\">SPSIL<\/strong> \u00c9 a ferramenta ideal para obter acabamentos profissionais em grandes superf\u00edcies de forma eficiente e com resultados de alta qualidade. Com um <strong data-start=\"183\" data-end=\"202\">12 mm de espessura<\/strong> e fabricado em <strong data-start=\"218\" data-end=\"236\">Poli\u00e9ster 100%<\/strong>Este rolo proporciona um <strong data-start=\"267\" data-end=\"290\">aplica\u00e7\u00e3o uniforme<\/strong> e <strong data-start=\"293\" data-end=\"302\">gentil<\/strong>Permite a pintura r\u00e1pida de paredes, tetos e fachadas sem deixar marcas ou res\u00edduos. <strong data-start=\"395\" data-end=\"417\">acabamento extrafino<\/strong> Isso garante que a tinta seja perfeitamente distribu\u00edda, oferecendo um resultado sem grumos ou imperfei\u00e7\u00f5es.<\/p>\n<p>Al\u00e9m disso, o <strong data-start=\"541\" data-end=\"564\">Rolo XXL 30,5 cm<\/strong> Foi projetado para <strong data-start=\"584\" data-end=\"602\">n\u00e3o perder cabelo<\/strong>o que garante uma aplica\u00e7\u00e3o limpa e precisa. <strong data-start=\"655\" data-end=\"672\">tamanho grande<\/strong> Permite cobrir uma \u00e1rea maior em menos tempo, tornando-se a escolha perfeita para projetos de <strong data-start=\"774\" data-end=\"794\">grande envergadura<\/strong> Adequado para uso interno e externo. Ideal para profissionais e entusiastas do fa\u00e7a-voc\u00ea-mesmo que buscam... <strong data-start=\"898\" data-end=\"943\">Rapidez, efici\u00eancia e acabamentos impec\u00e1veis.<\/strong>.<\/p>","protected":false},"featured_media":9307,"comment_status":"open","ping_status":"closed","template":"","meta":{"_acf_changed":false},"product_brand":[],"product_cat":[1566,22],"product_tag":[1574,1579,1578,1577,1575,1570,1576,1571,1572,1573,28],"class_list":{"0":"post-9295","1":"product","2":"type-product","3":"status-publish","4":"has-post-thumbnail","6":"product_cat-rodillos-y-cubetas","7":"product_cat-pintura","8":"product_tag-acabado-profesional-pintura","9":"product_tag-herramientas-para-pintar","10":"product_tag-pintura-sin-marcas","11":"product_tag-rodillo-de-alta-durabilidad","12":"product_tag-rodillo-de-poliester","13":"product_tag-rodillo-para-pintura","14":"product_tag-rodillo-para-superficies-grandes","15":"product_tag-rodillo-xxl-30-5-cm","16":"product_tag-rodillo-xxl-35-cm","17":"product_tag-rodillo-xxl-46-cm","18":"product_tag-spsil","19":"pa_acabado-mate","20":"pa_color-azul","21":"pa_color-blanco","22":"pa_espacio-exterior","23":"pa_espacio-interior","24":"pa_metodo_aplicacion-rodillo","25":"pa_superficie_aplicacion-cemento_hormigon","26":"pa_superficie_aplicacion-madera","27":"pa_superficie_aplicacion-paredes","28":"pa_superficie_aplicacion-piedra","29":"pa_superficie_aplicacion-yeso_escayola","30":"pa_tamano-30-cm","31":"pa_tamano-35-cm","32":"pa_tamano-46-cm","34":"first","35":"instock","36":"taxable","37":"shipping-taxable","38":"purchasable","39":"product-type-variable","40":"has-default-attributes","41":"wvs-archive-product-wrapper"},"acf":[],"superficies_aplicacion_completo":"Cemento\/Hormig\u00f3n, Madera, Paredes, Piedra, Yeso\/Escayola","_links":{"self":[{"href":"https:\/\/spsil.es\/pt\/wp-json\/wp\/v2\/product\/9295","targetHints":{"allow":["GET"]}}],"collection":[{"href":"https:\/\/spsil.es\/pt\/wp-json\/wp\/v2\/product"}],"about":[{"href":"https:\/\/spsil.es\/pt\/wp-json\/wp\/v2\/types\/product"}],"replies":[{"embeddable":true,"href":"https:\/\/spsil.es\/pt\/wp-json\/wp\/v2\/comments?post=9295"}],"version-history":[{"count":0,"href":"https:\/\/spsil.es\/pt\/wp-json\/wp\/v2\/product\/9295\/revisions"}],"wp:featuredmedia":[{"embeddable":true,"href":"https:\/\/spsil.es\/pt\/wp-json\/wp\/v2\/media\/9307"}],"wp:attachment":[{"href":"https:\/\/spsil.es\/pt\/wp-json\/wp\/v2\/media?parent=9295"}],"wp:term":[{"taxonomy":"product_brand","embeddable":true,"href":"https:\/\/spsil.es\/pt\/wp-json\/wp\/v2\/product_brand?post=9295"},{"taxonomy":"product_cat","embeddable":true,"href":"https:\/\/spsil.es\/pt\/wp-json\/wp\/v2\/product_cat?post=9295"},{"taxonomy":"product_tag","embeddable":true,"href":"https:\/\/spsil.es\/pt\/wp-json\/wp\/v2\/product_tag?post=9295"}],"curies":[{"name":"wp","href":"https:\/\/api.w.org\/{rel}","templated":true}]}}