{"id":7658,"date":"2025-02-11T16:32:49","date_gmt":"2025-02-11T15:32:49","guid":{"rendered":"https:\/\/spsil.es\/?post_type=product&#038;p=7658"},"modified":"2026-04-15T09:43:22","modified_gmt":"2026-04-15T07:43:22","slug":"limpia-y-encera-salpicaderos","status":"publish","type":"product","link":"https:\/\/spsil.es\/pt\/cuidado-vehiculo\/cuidado-vehiculo-interior\/cuidado-vehiculo-interior-salpicadero\/salpicadero-limpia-salpicaderos\/limpia-y-encera-salpicaderos\/","title":{"rendered":"Limpador e cera para painel de instrumentos SPSIL"},"content":{"rendered":"<h2 data-start=\"0\" data-end=\"71\"><strong data-start=\"3\" data-end=\"69\">Limpia y Encera Salpicaderos \u2013 Brillo Duradero y Protecci\u00f3n UV<\/strong><\/h2>\n<p data-start=\"109\" data-end=\"467\">Ele <strong data-start=\"112\" data-end=\"144\">Limpa e encera pain\u00e9is de instrumentos.<\/strong> es la mejor opci\u00f3n para mantener el interior de tu veh\u00edculo limpio, protegido y con un <strong data-start=\"232\" data-end=\"268\">Brilho duradouro por at\u00e9 28 dias<\/strong>. Su avanzada <strong data-start=\"282\" data-end=\"302\">f\u00f3rmula con cera<\/strong> limpia eficazmente el polvo, la suciedad y las manchas, al mismo tiempo que crea una <strong data-start=\"388\" data-end=\"407\">camada protetora<\/strong> que evita la decoloraci\u00f3n y el desgaste por los rayos UV.<\/p>\n<p data-start=\"469\" data-end=\"723\">Disfruta de un acabado impecable y un agradable <strong data-start=\"517\" data-end=\"541\">aroma de brisa do mar<\/strong>, que deja una sensaci\u00f3n de frescura en el interior del coche. Su efecto <strong data-start=\"614\" data-end=\"646\">antiest\u00e1tico repele el polvo<\/strong>, manteniendo las superficies pl\u00e1sticas y vin\u00edlicas limpias por m\u00e1s tiempo.<\/p>\n<p data-start=\"725\" data-end=\"910\">Ideal para <strong data-start=\"736\" data-end=\"798\">placas, pain\u00e9is de portas e outras superf\u00edcies de pl\u00e1stico<\/strong>, este producto es la soluci\u00f3n perfecta para quienes buscan un <strong data-start=\"861\" data-end=\"894\">mantenimiento r\u00e1pido y eficaz<\/strong> del veh\u00edculo.<\/p>\n<h2 data-start=\"917\" data-end=\"949\"><strong data-start=\"921\" data-end=\"947\">Principais benef\u00edcios<\/strong><\/h2>\n<p data-start=\"951\" data-end=\"1417\">\u2714 <strong data-start=\"953\" data-end=\"972\">BRILLO DURADERO<\/strong> \u2013 Mantiene el <strong data-start=\"987\" data-end=\"1026\">salpicadero brillante hasta 28 d\u00edas<\/strong>.<br data-start=\"1027\" data-end=\"1030\" \/>\u2714 <strong data-start=\"1032\" data-end=\"1061\">PROTECCI\u00d3N UV Y ANTIPOLVO<\/strong> \u2013 Previene la decoloraci\u00f3n y repele el polvo, prolongando la limpieza.<br data-start=\"1132\" data-end=\"1135\" \/>\u2714 <strong data-start=\"1137\" data-end=\"1161\">AROMA A BRISA MARINA<\/strong> \u2013 Deja una fragancia fresca y agradable en el interior del coche.<br data-start=\"1227\" data-end=\"1230\" \/>\u2714 <strong data-start=\"1232\" data-end=\"1252\">F\u00c1CIL DE APLICAR<\/strong> \u2013 Se usa r\u00e1pidamente sin dejar sensaci\u00f3n grasosa o pegajosa.<br data-start=\"1313\" data-end=\"1316\" \/>\u2714 <strong data-start=\"1318\" data-end=\"1339\">VERS\u00c1TIL Y SEGURO<\/strong> \u2013 Ideal para tableros, paneles de puertas y superficies pl\u00e1sticas del auto.<\/p>\n<h2 data-start=\"1424\" data-end=\"1445\"><strong data-start=\"1428\" data-end=\"1443\">Como usar<\/strong><\/h2>\n<ol data-start=\"1447\" data-end=\"1698\">\n<li data-start=\"1447\" data-end=\"1492\"><strong data-start=\"1450\" data-end=\"1475\">Agite bem o recipiente.<\/strong> antes de usar.<\/li>\n<li data-start=\"1493\" data-end=\"1563\"><strong data-start=\"1496\" data-end=\"1507\">Aplicar<\/strong> directamente sobre la superficie o en un pa\u00f1o limpio.<\/li>\n<li data-start=\"1564\" data-end=\"1623\"><strong data-start=\"1567\" data-end=\"1593\">Extender uniformemente<\/strong> con movimientos circulares.<\/li>\n<li data-start=\"1624\" data-end=\"1698\"><strong data-start=\"1627\" data-end=\"1642\">Deixe secar<\/strong> y retirar el exceso con un pa\u00f1o seco si es necesario.<\/li>\n<\/ol>\n<h2 data-start=\"1998\" data-end=\"2035\"><strong data-start=\"2002\" data-end=\"2033\">Perguntas frequentes (FAQs)<\/strong><\/h2>\n<p data-start=\"2037\" data-end=\"2185\"><strong data-start=\"2037\" data-end=\"2092\">1. \u00bfDeja residuos grasos o pegajosos en el tablero?<\/strong><br data-start=\"2092\" data-end=\"2095\" \/>No, su f\u00f3rmula avanzada ofrece un <strong data-start=\"2129\" data-end=\"2182\">acabado limpio y sin sensaci\u00f3n grasosa o pegajosa<\/strong>.<\/p>\n<p data-start=\"2187\" data-end=\"2340\"><strong data-start=\"2187\" data-end=\"2240\">2. \u00bfSe puede usar en superficies de cuero o tela?<\/strong><br data-start=\"2240\" data-end=\"2243\" \/>No se recomienda su uso en cuero o tela, est\u00e1 dise\u00f1ado para superficies pl\u00e1sticas del veh\u00edculo.<\/p>\n<p data-start=\"2342\" data-end=\"2485\"><strong data-start=\"2342\" data-end=\"2378\">3. \u00bfProtege contra los rayos UV?<\/strong><br data-start=\"2378\" data-end=\"2381\" \/>S\u00ed, su f\u00f3rmula contiene <strong data-start=\"2405\" data-end=\"2419\">Filtros UV<\/strong> que previenen la decoloraci\u00f3n y el desgaste causado por el sol.<\/p>\n<p data-start=\"2487\" data-end=\"2638\"><strong data-start=\"2487\" data-end=\"2549\">4. \u00bfCu\u00e1nto tiempo dura el brillo despu\u00e9s de la aplicaci\u00f3n?<\/strong><br data-start=\"2549\" data-end=\"2552\" \/>Hasta <strong data-start=\"2558\" data-end=\"2569\">28 d\u00edas<\/strong>, dependiendo del uso del veh\u00edculo y la exposici\u00f3n a la intemperie.<\/p>\n<p data-start=\"2640\" data-end=\"2779\"><strong data-start=\"2640\" data-end=\"2694\">5. \u00bfSe puede aplicar en motocicletas o bicicletas?<\/strong><br data-start=\"2694\" data-end=\"2697\" \/>S\u00ed, es seguro para <strong data-start=\"2716\" data-end=\"2754\">pl\u00e1sticos y superficies no porosas<\/strong> en motos y bicicletas.<\/p>\n<p><iframe loading=\"lazy\" width=\"458\" height=\"815\" src=\"https:\/\/www.youtube.com\/embed\/uhBxzv6E68E\" title=\"\ud83d\udee1\ufe0f Pl\u00e1sticos mat \u2192 acabado satinado UV-Shield \ud83d\ude97Un swipe y tu salpicadero vuelve a la vida.#Salpi\" frameborder=\"0\" allow=\"accelerometer; autoplay; clipboard-write; encrypted-media; gyroscope; picture-in-picture; web-share\" referrerpolicy=\"strict-origin-when-cross-origin\" allowfullscreen><\/iframe><\/p>","protected":false},"excerpt":{"rendered":"<p data-start=\"77\" data-end=\"411\">Ele <strong data-start=\"80\" data-end=\"112\">Limpa e encera pain\u00e9is de instrumentos.<\/strong> \u00c9 um produto desenvolvido para proporcionar limpeza profunda e prote\u00e7\u00e3o duradoura para o interior do seu ve\u00edculo. <strong data-start=\"241\" data-end=\"261\">f\u00f3rmula avan\u00e7ada<\/strong> Limpa eficazmente <strong data-start=\"281\" data-end=\"310\">poeira, sujeira e manchas<\/strong>Restaura o brilho natural das superf\u00edcies sem deixar res\u00edduos oleosos ou sensa\u00e7\u00e3o pegajosa.<\/p>\n<p data-start=\"413\" data-end=\"748\">Este produto de limpeza n\u00e3o s\u00f3 deixa um acabamento impec\u00e1vel, como tamb\u00e9m cria uma <strong data-start=\"489\" data-end=\"517\">revestimento protetor de cera<\/strong> que <strong data-start=\"530\" data-end=\"625\">Previne manchas, envelhecimento precoce e danos causados pelos raios UV.<\/strong>Obrigado ao seu <strong data-start=\"640\" data-end=\"663\">efeito antiest\u00e1tico<\/strong>Reduz o ac\u00famulo de poeira e mant\u00e9m as superf\u00edcies limpas por mais tempo.<\/p>\n<p data-start=\"750\" data-end=\"887\">Al\u00e9m disso, \u00e9 agrad\u00e1vel. <strong data-start=\"771\" data-end=\"795\">aroma de brisa do mar<\/strong> Proporciona uma sensa\u00e7\u00e3o de frescor dentro do carro, melhorando a experi\u00eancia de condu\u00e7\u00e3o.<\/p>\n<p data-start=\"889\" data-end=\"1089\">Ideal para uso em <strong data-start=\"910\" data-end=\"972\">placas, pain\u00e9is de portas e outras superf\u00edcies de pl\u00e1stico<\/strong>, ele <strong data-start=\"977\" data-end=\"1009\">Limpa e encera pain\u00e9is de instrumentos.<\/strong> garante um <strong data-start=\"1023\" data-end=\"1059\">Brilho duradouro por at\u00e9 28 dias<\/strong> e um interior bem conservado.<\/p>\n<p data-start=\"1091\" data-end=\"1199\" data-is-last-node=\"\">Se voc\u00ea procura uma maneira eficaz e r\u00e1pida de manter seu carro impec\u00e1vel, este \u00e9 o produto perfeito para voc\u00ea!<\/p>","protected":false},"featured_media":9265,"comment_status":"open","ping_status":"closed","template":"","meta":{"_acf_changed":false},"product_brand":[],"product_cat":[636,312,630,631],"product_tag":[1210,734,1211,735,736,28],"class_list":{"0":"post-7658","1":"product","2":"type-product","3":"status-publish","4":"has-post-thumbnail","6":"product_cat-salpicadero-limpia-salpicaderos","7":"product_cat-cuidado-vehiculo","8":"product_cat-cuidado-vehiculo-interior","9":"product_cat-cuidado-vehiculo-interior-salpicadero","10":"product_tag-limpiador-de-salpicadero-con-aroma","11":"product_tag-limpiador-de-salpicaderos","12":"product_tag-limpiador-y-encerado-de-salpicadero-con-aroma","13":"product_tag-limpiar-el-salpicadero-del-coche","14":"product_tag-spray-para-limpiar-salpicadero","15":"product_tag-spsil","16":"pa_acabado-brillo","17":"pa_color-amarillo-vainilla","18":"pa_color-azul-brisa-marina","19":"pa_color-rojo-coche-nuevo","20":"pa_color-verde-limon","21":"pa_espacio-interior","22":"pa_metodo_aplicacion-pulverizado","23":"pa_metodo_aplicacion-trapo","24":"pa_superficie_aplicacion-salpicadero","25":"pa_tamano-250ml","26":"pa_tamano-450-ml","27":"pa_tamano-665","28":"pa_tamano-750ml","30":"first","31":"instock","32":"taxable","33":"shipping-taxable","34":"purchasable","35":"product-type-variable","36":"has-default-attributes","37":"wvs-archive-product-wrapper"},"acf":[],"superficies_aplicacion_completo":"Salpicadero","_links":{"self":[{"href":"https:\/\/spsil.es\/pt\/wp-json\/wp\/v2\/product\/7658","targetHints":{"allow":["GET"]}}],"collection":[{"href":"https:\/\/spsil.es\/pt\/wp-json\/wp\/v2\/product"}],"about":[{"href":"https:\/\/spsil.es\/pt\/wp-json\/wp\/v2\/types\/product"}],"replies":[{"embeddable":true,"href":"https:\/\/spsil.es\/pt\/wp-json\/wp\/v2\/comments?post=7658"}],"version-history":[{"count":0,"href":"https:\/\/spsil.es\/pt\/wp-json\/wp\/v2\/product\/7658\/revisions"}],"wp:featuredmedia":[{"embeddable":true,"href":"https:\/\/spsil.es\/pt\/wp-json\/wp\/v2\/media\/9265"}],"wp:attachment":[{"href":"https:\/\/spsil.es\/pt\/wp-json\/wp\/v2\/media?parent=7658"}],"wp:term":[{"taxonomy":"product_brand","embeddable":true,"href":"https:\/\/spsil.es\/pt\/wp-json\/wp\/v2\/product_brand?post=7658"},{"taxonomy":"product_cat","embeddable":true,"href":"https:\/\/spsil.es\/pt\/wp-json\/wp\/v2\/product_cat?post=7658"},{"taxonomy":"product_tag","embeddable":true,"href":"https:\/\/spsil.es\/pt\/wp-json\/wp\/v2\/product_tag?post=7658"}],"curies":[{"name":"wp","href":"https:\/\/api.w.org\/{rel}","templated":true}]}}