{"id":5524,"date":"2024-11-12T17:11:48","date_gmt":"2024-11-12T16:11:48","guid":{"rendered":"https:\/\/spsil.es\/?post_type=product&#038;p=5524"},"modified":"2025-11-09T20:29:38","modified_gmt":"2025-11-09T19:29:38","slug":"spray-limpiador-de-pantallas-spsil","status":"publish","type":"product","link":"https:\/\/spsil.es\/pt\/hogar\/spray-limpiador-de-pantallas-spsil\/","title":{"rendered":"Spray Limpiador de Pantallas SPSIL"},"content":{"rendered":"<h2><strong>Limpiador de Pantallas Spray SPSIL &#8211; Brillo instant\u00e1neo para tus pantallas<\/strong><\/h2>\n<p>\u00bfRestos de huellas y polvo en la pantalla de tu m\u00f3vil o de tu PC? Ahora puedes mantener en perfecto estado las pantallas de tus equipos gracias al <strong>Limpiador de Pantallas Spray SPSIL,<\/strong> devolvi\u00e9ndole el brillo y eliminando esas horribles huellas. El limpiador puedes usarlo en todo tipo de pantallas, incluso en los televisores LCD\/TFT, port\u00e1tiles, smartphones, tablets, fotocopiadoras, esc\u00e1neres y m\u00e1s. Su potente f\u00f3rmula elimina r\u00e1pidamente el polvo, la suciedad, las manchas de grasa y las huellas dactilares.<\/p>\n<p>Es perfecto para limpiar tus pantallas sin da\u00f1arlas. Adem\u00e1s, es un producto casi inoloro por lo que puedes usarlo en interiores sin generar olores pesados o desagradables. La aplicaci\u00f3n es sencilla y su secado r\u00e1pido permite que retomes tus tareas y proyectos o actividades con tus equipos electr\u00f3nicos de forma r\u00e1pida \u00a1Vuelve al trabajo al instante!<\/p>\n<p><strong>Caracter\u00edsticas Principales:<\/strong><\/p>\n<ul>\n<li><strong>Limpieza Eficaz:<\/strong> Ahora puedes eliminar polvo, suciedad, manchas de grasa y huellas dactilares de las pantallas sin da\u00f1arlas, de forma r\u00e1pida y eficaz tantas veces como necesites.<\/li>\n<li><strong>R\u00e1pido Secado:<\/strong> Tiene un secado r\u00e1pido que te permite volver a utilizar tus pantallas al instante.<\/li>\n<li><strong>No Deja Marcas:<\/strong> Evita las marcas, rayas y residuos sobre tus pantallas, cuida y limpia tus equipos con el producto adecuado.<\/li>\n<li><strong>Uso Universal:<\/strong> Puedes aplicar el limpiador con total seguridad sobre pantallas de televisores LCD\/TFT, port\u00e1tiles, tabletas, smartphones, fotocopiadoras, esc\u00e1neres y otros dispositivos electr\u00f3nicos.<\/li>\n<li><strong>F\u00f3rmula Casi Inodora:<\/strong> Sin olor desagradable, te permite aplicarlo en interiores y volver a usar tus dispositivos al instante.<\/li>\n<li><strong>Sencillo y Seguro:<\/strong> Rocia sobre las pantallas y con un pa\u00f1o suave termina la limpieza, no apliques agua ni otros productos, este limpiador es lo que necesitas para cuidar y limpiar las superficies m\u00e1s delicadas de tus equipos.<\/li>\n<\/ul>\n<p><strong>Modo de Empleo:<\/strong><\/p>\n<ol>\n<li><strong>Agitar Bien:<\/strong> Antes de usar el producto, ag\u00edtalo bien para asegurar que la f\u00f3rmula est\u00e9 completamente mezclada.<\/li>\n<li><strong>Aplicar Sobre la Superficie:<\/strong> Pulveriza directamente sobre la pantalla del dispositivo a una distancia de unos 15-20 cm.<\/li>\n<li><strong>Limpiar:<\/strong> Con un pa\u00f1o suave y limpio, limpia la pantalla con movimientos circulares hasta que la superficie quede completamente seca y libre de residuos.<\/li>\n<li><strong>Secado:<\/strong> Deja que la pantalla se seque completamente para obtener los mejores resultados y evitar marcas.<\/li>\n<\/ol>\n<p><strong>Precauciones:<\/strong><\/p>\n<ul>\n<li>Mantener el producto fuera del alcance de los ni\u00f1os.<\/li>\n<li>Evitar el contacto con los ojos.<\/li>\n<li>No aplicar sobre pantallas calientes.<\/li>\n<li>Utilizar en \u00e1reas bien ventiladas.<\/li>\n<li>No mezclar con otros productos de limpieza.<\/li>\n<\/ul>\n<p><strong>Aplicaciones recomendadas:<\/strong> Este limpiador es perfecto para aquellos que desean mantener sus dispositivos electr\u00f3nicos libres de suciedad, polvo y huellas. Es ideal para:<\/p>\n<ul>\n<li><strong>Hogar:<\/strong> Perfecto para esos televisores, ordenadores, tablets y tel\u00e9fonos m\u00f3viles llenos de huellas y polvo<\/li>\n<li><strong>Oficinas:<\/strong> Aplica en equipos como fotocopiadoras, esc\u00e1neres y monitores de computadoras para una claridad y visibilidad \u00f3ptima en el entorno de trabajo.<\/li>\n<li><strong>Lugares P\u00fablicos o Comerciales:<\/strong> Mant\u00e9n las pantallas de los dispositivos p\u00fablicos en perfectas condiciones para ofrecer una experiencia visual m\u00e1s agradable y profesional.<\/li>\n<\/ul>\n<p><strong>Ventajas adicionales:<\/strong> Este limpiador no solo asegura un resultado visual excelente y clara, sino que reduce el riesgo de da\u00f1o por acumulaci\u00f3n de polvo y suciedad, lo que podr\u00eda afectar el rendimiento de tus dispositivos a largo plazo.<\/p>\n<p>Con el Limpiador de Pantallas Spray SPSIL, mant\u00e9n tus dispositivos electr\u00f3nicos en su mejor estado y disfruta de una limpieza f\u00e1cil, r\u00e1pida y eficiente.<\/p>\n<p><iframe loading=\"lazy\" width=\"458\" height=\"815\" src=\"https:\/\/www.youtube.com\/embed\/mpuWvFT3mu0\" title=\"\u00bfPantallas con huellas, polvo y reflejos molestos? \u00a1Eso se acab\u00f3! Descubre el spray limpia pantallas\" frameborder=\"0\" allow=\"accelerometer; autoplay; clipboard-write; encrypted-media; gyroscope; picture-in-picture; web-share\" referrerpolicy=\"strict-origin-when-cross-origin\" allowfullscreen><\/iframe><\/p>","protected":false},"excerpt":{"rendered":"<p>El <strong>Limpiador de Pantallas Spray SPSIL<\/strong> es la soluci\u00f3n perfecta para mantener limpiar las pantallas de tus dispositivos electr\u00f3nicos. Su f\u00f3rmula avanzada est\u00e1 dise\u00f1ada para eliminar polvo, suciedad, grasa y huellas de televisores, port\u00e1tiles, smartphones, tablets, esc\u00e1neres y m\u00e1s.<\/p>\n<p>Sin marca y sin resto de residuos, lograr\u00e1s unas pantallas completamente limpias y brillantes. Cuenta con secado r\u00e1pido para evitar tiempos de espera, permitiendo el uso inmediato de los dispositivos. Adem\u00e1s, su f\u00f3rmula casi inodora lo convierte en una opci\u00f3n ideal para usar en interiores sin generar malos olores.<\/p>\n<p>F\u00e1cil de aplicar, solo necesitas rociar sobre la pantalla y limpiarla con un pa\u00f1o suave. Es adecuado para una amplia variedad de dispositivos electr\u00f3nicos y ayuda a mantener su rendimiento, ya que previene la acumulaci\u00f3n de polvo y suciedad. Con el Limpiador de Pantallas Spray SPSIL, obtendr\u00e1s un acabado perfecto sin da\u00f1ar tus dispositivos.<\/p>","protected":false},"featured_media":5529,"comment_status":"open","ping_status":"closed","template":"","meta":{"_acf_changed":false},"product_brand":[],"product_cat":[968],"product_tag":[1004,1002,1006,1008,1005,1003,1007,1009,28],"class_list":{"0":"post-5524","1":"product","2":"type-product","3":"status-publish","4":"has-post-thumbnail","6":"product_cat-hogar","7":"product_tag-limpiador-de-movil","8":"product_tag-limpiador-de-pantallas","9":"product_tag-limpiador-de-pantallas-electronicas","10":"product_tag-limpiador-de-pantallas-sin-marcas","11":"product_tag-limpiador-de-portatiles","12":"product_tag-limpiador-para-tv","13":"product_tag-limpieza-de-dispositivos-electronicos","14":"product_tag-limpieza-de-pantallas-de-cristal-y-plastico","15":"product_tag-spsil","16":"pa_acabado-brillo","17":"pa_color-transparente","18":"pa_espacio-interior","19":"pa_metodo_aplicacion-pulverizado","20":"pa_superficie_aplicacion-dispositivos-electronicos-y-electrodomesticos","21":"pa_superficie_aplicacion-equipos-de-telecomunicaciones","22":"pa_tamano-400ml","24":"first","25":"instock","26":"taxable","27":"shipping-taxable","28":"purchasable","29":"product-type-variable","30":"wvs-archive-product-wrapper"},"acf":[],"superficies_aplicacion_completo":"Dispositivos electr\u00f3nicos y electrodom\u00e9sticos, Equipos de telecomunicaciones","_links":{"self":[{"href":"https:\/\/spsil.es\/pt\/wp-json\/wp\/v2\/product\/5524","targetHints":{"allow":["GET"]}}],"collection":[{"href":"https:\/\/spsil.es\/pt\/wp-json\/wp\/v2\/product"}],"about":[{"href":"https:\/\/spsil.es\/pt\/wp-json\/wp\/v2\/types\/product"}],"replies":[{"embeddable":true,"href":"https:\/\/spsil.es\/pt\/wp-json\/wp\/v2\/comments?post=5524"}],"version-history":[{"count":0,"href":"https:\/\/spsil.es\/pt\/wp-json\/wp\/v2\/product\/5524\/revisions"}],"wp:featuredmedia":[{"embeddable":true,"href":"https:\/\/spsil.es\/pt\/wp-json\/wp\/v2\/media\/5529"}],"wp:attachment":[{"href":"https:\/\/spsil.es\/pt\/wp-json\/wp\/v2\/media?parent=5524"}],"wp:term":[{"taxonomy":"product_brand","embeddable":true,"href":"https:\/\/spsil.es\/pt\/wp-json\/wp\/v2\/product_brand?post=5524"},{"taxonomy":"product_cat","embeddable":true,"href":"https:\/\/spsil.es\/pt\/wp-json\/wp\/v2\/product_cat?post=5524"},{"taxonomy":"product_tag","embeddable":true,"href":"https:\/\/spsil.es\/pt\/wp-json\/wp\/v2\/product_tag?post=5524"}],"curies":[{"name":"wp","href":"https:\/\/api.w.org\/{rel}","templated":true}]}}