{"id":5518,"date":"2024-11-12T16:48:15","date_gmt":"2024-11-12T15:48:15","guid":{"rendered":"https:\/\/spsil.es\/?post_type=product&#038;p=5518"},"modified":"2025-10-11T07:42:40","modified_gmt":"2025-10-11T05:42:40","slug":"spray-protector-impermeable-textil-spsil","status":"publish","type":"product","link":"https:\/\/spsil.es\/pt\/hogar\/spray-protector-impermeable-textil-spsil\/","title":{"rendered":"Spray Protector Impermeable Textil SPSIL"},"content":{"rendered":"<h2>Protector Impermeable Textil SPSIL &#8211; Protecci\u00f3n avanzada contra el agua y la humedad<\/h2>\n<p>\u00bfQuieres proteger tu calzado, ropa y mochilas en tus salidas bajo la lluvia? Te traemos el <strong>Spray Protector Impermeable SPSIL<\/strong>\u00a0 una soluci\u00f3n definitiva para mantener tus textiles en perfecto estado y protegerlos de la humedad, manchas y lluvia. Este protector crea una barrera invisible como una capa protectora sobre todo tipo de tejidos, como tela, algod\u00f3n, raso y m\u00e1s, para evitar que el agua, el barro o las manchas arruinen un d\u00eda ideal.<\/p>\n<p>Es perfecto para aplicarlo tanto en ropa deportiva, si vas a correr o a caminar por la monta\u00f1a en d\u00edas lluviosos, o si te vas a un parque de atracciones y quieres proteger de la inesperada lluvia parisina tu mochila y calzado.<\/p>\n<p>El <strong>Spray Protector Impermeable Textil SPSIL<\/strong> puede aplicar sobre ropa deportiva y calzado, pero tambi\u00e9n es efectivo sobre los muebles de jard\u00edn. Adem\u00e1s, su aplicaci\u00f3n es r\u00e1pida y sencilla, puedes aplicarlo de forma diaria, ofreciendo una protecci\u00f3n duradera sin alterar la textura ni la apariencia de los materiales. Gracias a su secado r\u00e1pido,\u00a0 puedes usar tus prendas al instante.<\/p>\n<p>Este producto es imprescindible para los que buscan soluciones pr\u00e1cticas y eficientes para el mantenimiento de sus textiles. Puedes aplicarlo en tu d\u00eda a d\u00eda, incluso para proteger tu ropa de trabajo, manteniendo un aspecto impecable sin preocuparte por la exposici\u00f3n al agua o al clima.<\/p>\n<p>El <strong>Spray Protector Impermeable SPSIL<\/strong> no solo ofrece funcionalidad, sino que tambi\u00e9n te permite disfrutar de tus actividades cotidianas sin preocuparte por el mal tiempo.<\/p>\n<p><strong>Caracter\u00edsticas del Spray Protector Impermeable Textil SPSIL<\/strong>:<\/p>\n<ul>\n<li><strong>Protecci\u00f3n contra la humedad y manchas<\/strong>: Act\u00faa formando una barrera eficaz a modo de capa protectora que impide que la humedad, el agua y las manchas penetren en los tejidos.<\/li>\n<li><strong>Ideal para todos los tipos de tejidos<\/strong>: Puedes aplicarlo en versatilidad de textiles como algod\u00f3n, tela, raso, sint\u00e9ticos, entre otros.<\/li>\n<li><strong>Secado r\u00e1pido<\/strong>: Solo necesitas unos minutos para proteger tus prendas, calzado y objetos. Adem\u00e1s, estar\u00e1n secos y listos para usar en cuesti\u00f3n de minutos.<\/li>\n<li><strong>F\u00e1cil aplicaci\u00f3n<\/strong>: El spray de alta precisi\u00f3n permite tiene una gran cobertura e uniforme, no deja restos, residuos ni altera la suavidad del textil.<\/li>\n<li><strong>Perfecto para prendas, calzado y muebles<\/strong>: Protege todo tipo de objetos textiles, como ropa de exterior, calzado deportivo, muebles y alfombras.<\/li>\n<\/ul>\n<p><strong>Modo de empleo<\/strong>:<\/p>\n<ol>\n<li><strong>Limpieza previa<\/strong>: Aseg\u00farate de que la superficie est\u00e9 limpia y seca antes de aplicar el producto.<\/li>\n<li><strong>Agitar antes de usar<\/strong>: Agita bien el bote antes de la aplicaci\u00f3n para una mejor distribuci\u00f3n del producto.<\/li>\n<li><strong>Aplicaci\u00f3n uniforme<\/strong>: Pulveriza a una distancia de 20-25 cm sobre la superficie que deseas proteger.<\/li>\n<li><strong>Deja secar<\/strong>: Permite que el producto se seque completamente, asegurando una protecci\u00f3n duradera.<\/li>\n<\/ol>\n<p><strong>Usos recomendados del Spray Protector Impermeable Textil SPSIL<\/strong>:<\/p>\n<ul>\n<li><strong>Ropa y calzado para actividades al aire libre<\/strong>: Si practicas deporte al aire libre, ya sea runner, bicicleta o senderimos, este es un producto ideal para plantarle cara a la lluvia y\u00a0 ala humedad y proteger con seguridad tu calzado, ropa deportiva y mochila. Adem\u00e1s, puedes usarlo en situaciones que ni imaginarias, si hay riesgo de lluvia ll\u00e9valo contigo.<\/li>\n<li><strong>Sof\u00e1s, cortinas y muebles<\/strong>: La humedad y las manchas tambi\u00e9n son el enemigo a abatir con este Protector, mantendr\u00e1 tu hogar siempre limpio y ordenado, incluso en d\u00edas lluviosos.<\/li>\n<li><strong>Equipos deportivos y de outdoor<\/strong>: Protege mochilas, carpas, equipo de camping y todo tipo de accesorios utilizados en actividades al aire libre, garantizando su durabilidad y resistencia al clima.<\/li>\n<li><strong>Ciclismo y motor<\/strong>: Ideal para proteger chaquetas, guantes y calzado de los ciclistas y motociclistas, proporcionando una barrera contra la humedad mientras viajan bajo la lluvia.<\/li>\n<\/ul>\n<p><strong>FAQs<\/strong>:<\/p>\n<ol>\n<li><strong>\u00bfEl Spray Protector Impermeable Textil SPSIL es adecuado para todo tipo de tejidos?<\/strong> S\u00ed, el <strong>Spray Protector Impermeable SPSIL<\/strong> en multitud de tejidos, incluidos los m\u00e1s delicados como el algod\u00f3n, el raso, el cuero y los sint\u00e9ticos.<\/li>\n<li><strong>\u00bfEl spray afectar\u00e1 la suavidad de los tejidos?<\/strong> No, este producto no da\u00f1a los textiles, as\u00ed que mantendr\u00e1s la suavidad de tu ropa y accesorios. Adem\u00e1s, el se seca r\u00e1pidamente sin dejar residuos grasos.<\/li>\n<li><strong>\u00bfEs eficaz para proteger contra la lluvia?<\/strong> S\u00ed, es el aislante perfecto para proteger el textil de la lluvia y la humedad.<\/li>\n<li><strong>\u00bfPuedo usarlo en mis muebles de tela?<\/strong> Absolutamente. Tus muebles de jard\u00edn o de exterior no sufrir\u00e1n las inclemencias del mal tiempo y la lluvia gracias a este protector.<\/li>\n<li><strong>\u00bfCu\u00e1nto tiempo tarda en secarse el producto?<\/strong> El Spray Protector Impermeable SPSIL seca r\u00e1pidamente, normalmente en unos 10 minutos, lo que permite un uso casi inmediato de las prendas o superficies protegidas.<\/li>\n<\/ol>","protected":false},"excerpt":{"rendered":"<div class=\"flex max-w-full flex-col flex-grow\">\n<div class=\"min-h-8 text-message flex w-full flex-col items-end gap-2 whitespace-normal break-words [.text-message+&amp;]:mt-5\" dir=\"auto\" data-message-author-role=\"assistant\" data-message-id=\"be1b3b0b-6e47-4d1f-8bfd-3ac62a032af0\" data-message-model-slug=\"gpt-4o-mini\">\n<div class=\"flex w-full flex-col gap-1 empty:hidden first:pt-[3px]\">\n<div class=\"markdown prose w-full break-words dark:prose-invert dark\">\n<p>El <strong>Spray Protector Impermeable SPSIL<\/strong> es perfecto para cuidar de tus textiles y protegerlos de la lluvia, ya sea el calzado, la ropa o los accesorios. El protector crea una barrera a modo de capa protectora sobre la superficie, sin da\u00f1arla ni dejar restos, protegi\u00e9ndola de la humedad, la lluvia y las manchas. Es la mejor opci\u00f3n para impedir que el agua\u00a0 penetre en los tejidos y arruine tu d\u00eda.<\/p>\n<p>Puedes usarlo en multitud de textiles ya sea tela, raso o el delicado algod\u00f3n, dado que no da\u00f1a el textil ni afecta a su suavidad. Si vas a tener una jornada de deporte o un d\u00eda al aire libre, este es tu aliado, llevalo contigo y apl\u00edcalo de forma r\u00e1pida: roc\u00eda una capa, deja secar y listo. Adem\u00e1s, tranquilo, cuenta con secado que no supera los 10 minutos, para que puedas volver a utilizar tus prendas y objetos en poco tiempo.<\/p>\n<p>Mant\u00e9n tus tejidos siempre impecables con el <strong>Spray Protector Impermeable SPSIL<\/strong> y olv\u00eddate de las preocupaciones por las inclemencias del tiempo.<\/p>\n<\/div>\n<\/div>\n<\/div>\n<\/div>","protected":false},"featured_media":5523,"comment_status":"open","ping_status":"closed","template":"","meta":{"_acf_changed":false},"product_brand":[],"product_cat":[968],"product_tag":[1000,997,996,999,994,995,1001,998,28],"class_list":{"0":"post-5518","1":"product","2":"type-product","3":"status-publish","4":"has-post-thumbnail","6":"product_cat-hogar","7":"product_tag-impermeabilizante-para-muebles-y-sofas","8":"product_tag-impermeabilizante-para-ropa-y-calzado","9":"product_tag-proteccion-contra-lluvia-y-manchas","10":"product_tag-protector-de-tejidos-de-algodon","11":"product_tag-protector-textil-impermeable","12":"product_tag-spray-impermeabilizante-para-telas","13":"product_tag-spray-para-proteccion-de-textiles","14":"product_tag-spray-repelente-de-agua","15":"product_tag-spsil","16":"pa_acabado-brillo","17":"pa_color-transparente","18":"pa_espacio-interior","19":"pa_metodo_aplicacion-pulverizado","20":"pa_superficie_aplicacion-textil","21":"pa_tamano-400ml","23":"first","24":"instock","25":"taxable","26":"shipping-taxable","27":"purchasable","28":"product-type-variable","29":"wvs-archive-product-wrapper"},"acf":[],"superficies_aplicacion_completo":"Textil","_links":{"self":[{"href":"https:\/\/spsil.es\/pt\/wp-json\/wp\/v2\/product\/5518","targetHints":{"allow":["GET"]}}],"collection":[{"href":"https:\/\/spsil.es\/pt\/wp-json\/wp\/v2\/product"}],"about":[{"href":"https:\/\/spsil.es\/pt\/wp-json\/wp\/v2\/types\/product"}],"replies":[{"embeddable":true,"href":"https:\/\/spsil.es\/pt\/wp-json\/wp\/v2\/comments?post=5518"}],"version-history":[{"count":0,"href":"https:\/\/spsil.es\/pt\/wp-json\/wp\/v2\/product\/5518\/revisions"}],"wp:featuredmedia":[{"embeddable":true,"href":"https:\/\/spsil.es\/pt\/wp-json\/wp\/v2\/media\/5523"}],"wp:attachment":[{"href":"https:\/\/spsil.es\/pt\/wp-json\/wp\/v2\/media?parent=5518"}],"wp:term":[{"taxonomy":"product_brand","embeddable":true,"href":"https:\/\/spsil.es\/pt\/wp-json\/wp\/v2\/product_brand?post=5518"},{"taxonomy":"product_cat","embeddable":true,"href":"https:\/\/spsil.es\/pt\/wp-json\/wp\/v2\/product_cat?post=5518"},{"taxonomy":"product_tag","embeddable":true,"href":"https:\/\/spsil.es\/pt\/wp-json\/wp\/v2\/product_tag?post=5518"}],"curies":[{"name":"wp","href":"https:\/\/api.w.org\/{rel}","templated":true}]}}