{"id":5063,"date":"2024-11-07T14:17:23","date_gmt":"2024-11-07T13:17:23","guid":{"rendered":"https:\/\/spsil.es\/?post_type=product&#038;p=5063"},"modified":"2026-04-15T09:42:11","modified_gmt":"2026-04-15T07:42:11","slug":"desodorante-antibacterial-eliminador-de-olores-de-coche-spsil","status":"publish","type":"product","link":"https:\/\/spsil.es\/pt\/cuidado-vehiculo\/cuidado-vehiculo-interior\/cuidado-vehiculo-interior-aire-ambiente\/aire-ambiente-eliminador-olores\/desodorante-antibacterial-eliminador-de-olores-de-coche-spsil\/","title":{"rendered":"Desodorante Antibacterial &#8211; Eliminador de Olores de Coche SPSIL"},"content":{"rendered":"<div data-elementor-type=\"product-post\" data-elementor-id=\"5063\" class=\"elementor elementor-5063\" data-elementor-post-type=\"product\">\n\t\t\t\t<div class=\"wd-negative-gap elementor-element elementor-element-7bed636e e-flex e-con-boxed e-con e-parent\" data-id=\"7bed636e\" data-element_type=\"container\">\n\t\t\t\t\t<div class=\"e-con-inner\">\n\t\t\t\t<div class=\"elementor-element elementor-element-5b5b9abd color-scheme-inherit text-left elementor-widget elementor-widget-text-editor\" data-id=\"5b5b9abd\" data-element_type=\"widget\" data-widget_type=\"text-editor.default\">\n\t\t\t\t<div class=\"elementor-widget-container\">\n\t\t\t\t\t\t\t\t\t<h3>Desodorante Antibacterial &#8211; Eliminador de Olores de Coche SPSIL<\/h3>\r\nEl <strong>Desodorante Antibacterial &#8211; Eliminador de Olores de Coche SPSIL<\/strong> es una forma eficaz de decir adi\u00f3s al olor a tabaco, mascotas o comida en el veh\u00edculo que se generan del uso diario o en largos viajes familiar o laborales. Es hora de transformar el interior de tu veh\u00edculo en un ambiente fresco y saludable, gracias a este producto y su potenten f\u00f3rmula antibactiariana no cubre los olores con otro aroma, sino que los elimina de ra\u00edz para siempre. Cuenta con distintas fragancias como brisa marina, lanvanda, coche nuevo, aire fresco, etc&#8230; Para que elijas el que m\u00e1s te guste.\r\n\r\nTiene un efecto duradero, ya que tras su aplicaci\u00f3n sentir\u00e1s el frescor y la limpieza hasta 45 d\u00edas, y todo con una sola aplicaci\u00f3n. El Desodorante Antibacterial &#8211; Eliminador de Olores de Coche SPSIL act\u00faa de forma r\u00e1pida y restaura la frescura en tu espacio. Indispensable para todos los conductores, ya sea para un turismo o uso industrial.\r\n\r\nEl Desodorante Antibacterial &#8211; Eliminador de Olores de Coche SPSIL se aplica de forma muy sencilla y en cuesti\u00f3n de minutos tendr\u00e1s desinfectado el espacio interior de tu coche. No te conformes con un aire viciado; permite que el Desodorante Antibacterial &#8211; Eliminador de Olores de Coche SPSIL lleve la frescura y limpieza a cada rinc\u00f3n de tu veh\u00edculo.\r\n<h4>Caracter\u00edsticas<\/h4>\r\n<ul>\r\n \t<li><strong>F\u00f3rmula Antibacteriana:<\/strong> Cuida de tu salud y conduce en un entorno higi\u00e9nico, elimina los g\u00e9rmenes y bacterias que causan olores y viaja con un aire m\u00e1s limpio y saludable.<\/li>\r\n \t<li><strong>Elije el aroma que m\u00e1s te guste:<\/strong> Puedes elegir el suave aroma que envolver\u00e1 de frescura el interior de tu coche con nuestra gama SPSIL.<\/li>\r\n \t<li><strong>Duraci\u00f3n de 45 D\u00edas:<\/strong> Efecto prolongado de hasta 45 d\u00edas, perfecto para aplicar despu\u00e9s de largos viajes en vacaciones o d\u00edas duros de trabajo.<\/li>\r\n \t<li><strong>F\u00e1cil Aplicaci\u00f3n:<\/strong> Sigue los pasos indicados en el envase y te garantizamos que le dir\u00e1s de inmediato adi\u00f3s a los malos olores.<\/li>\r\n \t<li><strong>Versatilidad de Uso:<\/strong> Adecuado para todo tipo de veh\u00edculos, incluyendo coches, SUV, camionetas y veh\u00edculos comerciales, ideal para cualquier amante de la conducci\u00f3n.<\/li>\r\n<\/ul>\r\n<h4>Instrucciones de Uso<\/h4>\r\n<ol>\r\n \t<li>Arranca el coche y aseg\u00farate de cerrar todas las ventanas.<\/li>\r\n \t<li>Activa la recirculaci\u00f3n del aire acondicionado para maximizar la difusi\u00f3n del producto.<\/li>\r\n \t<li>Ajusta la velocidad del ventilador al m\u00e1ximo para una dispersi\u00f3n \u00f3ptima.<\/li>\r\n \t<li>Presiona el cabezal del aerosol hasta que se bloquee, permitiendo que comience a pulverizar.<\/li>\r\n \t<li>Sal del veh\u00edculo r\u00e1pidamente y cierra las puertas para concentrar el efecto del producto en el interior.<\/li>\r\n \t<li>Espera aproximadamente 10 minutos para permitir que el desodorante act\u00fae.<\/li>\r\n \t<li>Abre las puertas y ventanas para ventilar el coche antes de volver a utilizarlo.<\/li>\r\n<\/ol>\r\n<h4>Precauciones<\/h4>\r\n<ul>\r\n \t<li>Mantener el producto fuera del alcance de los ni\u00f1os.<\/li>\r\n \t<li>Evitar el contacto con la piel y los ojos. En caso de contacto, lavar con abundante agua y buscar atenci\u00f3n m\u00e9dica si es necesario.<\/li>\r\n \t<li>Usar en un \u00e1rea bien ventilada para evitar la acumulaci\u00f3n de vapores.<\/li>\r\n<\/ul>\r\n<h4>FAQs<\/h4>\r\n<ol>\r\n \t<li><strong>\u00bfCu\u00e1nto tiempo dura el efecto del Desodorante Antibacterial &#8211; Eliminador de Olores de Coche SPSIL? <\/strong>Tendr\u00e1s<strong> hasta<\/strong> 45 d\u00edas de frescura en el interior de tu coche, sin necesidad de reaplicaciones frecuentes.<\/li>\r\n \t<li><strong>\u00bfEs seguro utilizar el Desodorante Antibacterial &#8211; Eliminador de Olores de Coche SPSIL en todos los tipos de veh\u00edculos? <\/strong>Absolutamente. puedes aplicar en cualquier tipo de veh\u00edculo ya sea un turismo, SUV, cami\u00f3n o furgoneta, incluso en veh\u00edculo industriales o de transporte p\u00fablico, es totalmente recomendado.<\/li>\r\n \t<li><strong>\u00bfC\u00f3mo se aplica correctamente el Desodorante Antibacterial &#8211; Eliminador de Olores de Coche SPSIL? <\/strong>La aplicaci\u00f3n es sencilla: solo debes arrancar el coche, activar el aire acondicionado, y presionar el cabezal del aerosol. Aseg\u00farate de seguir los pasos recomendados para un rendimiento ideal.<\/li>\r\n \t<li><strong>\u00bfEl producto tiene alg\u00fan efecto en la salud? <\/strong>Debes seguir las instrucciones marcadas en el envase para su total seguridad. Sin embargo, es recomendable evitar el contacto prolongado con la piel y los ojos, y asegurarse de ventilar adecuadamente el coche despu\u00e9s de su uso.<\/li>\r\n \t<li><strong>\u00bfEl Desodorante Antibacterial &#8211; Eliminador de Olores de Coche SPSIL deja residuos en el coche? <\/strong>No, al aplicar el producto siguiendo las instrucciones, no deber\u00eda dejar residuos ni manchas. Su f\u00f3rmula est\u00e1 dise\u00f1ada para evaporarse sin dejar trazas, dejando solo una frescura agradable.<\/li>\r\n<\/ol>\t\t\t\t\t\t\t\t<\/div>\n\t\t\t\t<\/div>\n\t\t\t\t<div class=\"elementor-element elementor-element-49a0820 elementor-widget elementor-widget-video\" data-id=\"49a0820\" data-element_type=\"widget\" data-settings=\"{&quot;youtube_url&quot;:&quot;https:\\\/\\\/youtu.be\\\/_fuiGg4RMDA&quot;,&quot;video_type&quot;:&quot;youtube&quot;,&quot;controls&quot;:&quot;yes&quot;}\" data-widget_type=\"video.default\">\n\t\t\t\t<div class=\"elementor-widget-container\">\n\t\t\t\t\t\t\t<div class=\"elementor-wrapper elementor-open-inline\">\n\t\t\t<div class=\"elementor-video\"><\/div>\t\t<\/div>\n\t\t\t\t\t\t<\/div>\n\t\t\t\t<\/div>\n\t\t\t\t\t<\/div>\n\t\t\t\t<\/div>\n\t\t\t\t<\/div>","protected":false},"excerpt":{"rendered":"<div class=\"flex max-w-full flex-col flex-grow\">\n<div class=\"min-h-8 text-message flex w-full flex-col items-end gap-2 whitespace-normal break-words [.text-message+&amp;]:mt-5\" dir=\"auto\" data-message-author-role=\"assistant\" data-message-id=\"d4500f64-3e62-48fc-8a84-7b37f1b8c13f\" data-message-model-slug=\"gpt-4o-mini\">\n<div class=\"flex w-full flex-col gap-1 empty:hidden first:pt-[3px]\">\n<div class=\"markdown prose w-full break-words dark:prose-invert dark\">\n<p>El <strong>Desodorante Antibacterial &#8211; Eliminador de Olores de Coche SPSIL<\/strong> es la soluci\u00f3n perfecta para mantener el ambiente de tu veh\u00edculo fresco y agradable. Su f\u00f3rmula antibacteriana no solo elimina los olores desagradables, sino que tambi\u00e9n previene la aparici\u00f3n de nuevos, garantizando un aire limpio y saludable en cada viaje. Con un cautivador aroma a brisa marina, transforma la experiencia de conducci\u00f3n en un momento revitalizante.<\/p>\n<p>Este desodorante es incre\u00edblemente f\u00e1cil de usar: simplemente arranca el coche, activa la recirculaci\u00f3n del aire y aplica el producto. En cuesti\u00f3n de minutos, podr\u00e1s disfrutar de un ambiente renovado que dura hasta 45 d\u00edas. Es ideal para familias, trabajadores y cualquier persona que pase tiempo en su autom\u00f3vil. Adem\u00e1s, su dise\u00f1o pr\u00e1ctico permite una aplicaci\u00f3n r\u00e1pida, asegurando que siempre est\u00e9s preparado para cualquier situaci\u00f3n. Con el Eliminador de Olores SPSIL, cada trayecto se convierte en una experiencia placentera y libre de malos olores.<\/p>\n<\/div>\n<\/div>\n<\/div>\n<\/div>","protected":false},"featured_media":5073,"comment_status":"open","ping_status":"closed","template":"","meta":{"_acf_changed":false},"product_brand":[],"product_cat":[642,634,633,312,630],"product_tag":[751,750,752,755,754,753,28],"class_list":{"0":"post-5063","1":"product","2":"type-product","3":"status-publish","4":"has-post-thumbnail","6":"product_cat-aire-ambiente-eliminador-olores","7":"product_cat-cuidado-vehiculo-interior-aire-ambiente","8":"product_cat-cuidado-vehiculo-interior-cristales-lunas","9":"product_cat-cuidado-vehiculo","10":"product_cat-cuidado-vehiculo-interior","11":"product_tag-desodorante-antibacterial","12":"product_tag-desodorante-antibacterial-eliminador-de-olores-de-coche-spsil","13":"product_tag-eliminador-de-olores-coche","14":"product_tag-eliminar-bacterias-del-ambiente-del-vehiculo","15":"product_tag-eliminar-olor-a-perro-del-coche","16":"product_tag-eliminar-olor-a-tabaco-del-coche","17":"product_tag-spsil","18":"pa_acabado-mate","19":"pa_color-azul-brisa-marina","20":"pa_color-coche-nuevo","21":"pa_color-lavanda","22":"pa_color-pino","23":"pa_color-piruleta","24":"pa_color-transparente","25":"pa_color-vainilla","26":"pa_espacio-interior","27":"pa_metodo_aplicacion-pulverizado","28":"pa_superficie_aplicacion-ambiente-aire","29":"pa_tamano-150-ml","31":"first","32":"instock","33":"taxable","34":"shipping-taxable","35":"purchasable","36":"product-type-variable","37":"wvs-archive-product-wrapper"},"acf":[],"superficies_aplicacion_completo":"Ambiente\/Aire","_links":{"self":[{"href":"https:\/\/spsil.es\/pt\/wp-json\/wp\/v2\/product\/5063","targetHints":{"allow":["GET"]}}],"collection":[{"href":"https:\/\/spsil.es\/pt\/wp-json\/wp\/v2\/product"}],"about":[{"href":"https:\/\/spsil.es\/pt\/wp-json\/wp\/v2\/types\/product"}],"replies":[{"embeddable":true,"href":"https:\/\/spsil.es\/pt\/wp-json\/wp\/v2\/comments?post=5063"}],"version-history":[{"count":0,"href":"https:\/\/spsil.es\/pt\/wp-json\/wp\/v2\/product\/5063\/revisions"}],"wp:featuredmedia":[{"embeddable":true,"href":"https:\/\/spsil.es\/pt\/wp-json\/wp\/v2\/media\/5073"}],"wp:attachment":[{"href":"https:\/\/spsil.es\/pt\/wp-json\/wp\/v2\/media?parent=5063"}],"wp:term":[{"taxonomy":"product_brand","embeddable":true,"href":"https:\/\/spsil.es\/pt\/wp-json\/wp\/v2\/product_brand?post=5063"},{"taxonomy":"product_cat","embeddable":true,"href":"https:\/\/spsil.es\/pt\/wp-json\/wp\/v2\/product_cat?post=5063"},{"taxonomy":"product_tag","embeddable":true,"href":"https:\/\/spsil.es\/pt\/wp-json\/wp\/v2\/product_tag?post=5063"}],"curies":[{"name":"wp","href":"https:\/\/api.w.org\/{rel}","templated":true}]}}