{"id":4940,"date":"2024-11-05T16:44:03","date_gmt":"2024-11-05T15:44:03","guid":{"rendered":"https:\/\/spsil.es\/?post_type=product&#038;p=4940"},"modified":"2026-04-15T09:41:13","modified_gmt":"2026-04-15T07:41:13","slug":"abrillantador-extremo-para-neumaticos-spsil","status":"publish","type":"product","link":"https:\/\/spsil.es\/pt\/cuidado-vehiculo\/cuidado-vehiculo-exterior\/cuidado-vehiculo-exterior-ruedas\/ruedas-cuidado-neumatico\/abrillantador-extremo-para-neumaticos-spsil\/","title":{"rendered":"Abrillantador Extremo para Neum\u00e1ticos SPSIL"},"content":{"rendered":"<h2>Abrillantador Extremo para Neum\u00e1ticos<\/h2>\n<p>El <strong>Abrillantador Extremo para Neum\u00e1ticos de SPSIL <\/strong>es una declaraci\u00f3n de intenciones para los amantes del automovilismo. Este innovador producto en formato spray y de un uso tremendamente sencillo, devolver\u00e1 el brillo a tus neum\u00e1ticos y aportar\u00e1 la protecci\u00f3n que necesitan para enfrentar las inclemencias del tiempo.<\/p>\n<p><strong>Caracter\u00edsticas Principales:<\/strong><\/p>\n<ul>\n<li><strong>Renovaci\u00f3n de Brillo:<\/strong> Devuelve el brillo y el color original a tus neum\u00e1ticos con un acabado como si fueran nuevos.<\/li>\n<li><strong>Resistencia a la Suciedad:<\/strong> Combate la suciedad m\u00e1s complicada: polvo, barro&#8230; etc. Es perfecto para restaurar su color y brillo tras largos viajes.<\/li>\n<li><strong>F\u00f3rmula Impermeable:<\/strong> Protege tus neum\u00e1ticos a la vez que est\u00e1n limpios con este producto, que desarrolla una barrera a modo de capa protectora frente a la humedad y la lluvia, ver\u00e1s brillar tus neum\u00e1ticos hasta en situaciones adversas.<\/li>\n<li><strong>Aplicaci\u00f3n Sencilla:<\/strong> Sencilla aplicaci\u00f3n en formato Spray, sin ning\u00fan tipo de esfuerzo, aplica el spray y deja actuar. \u00a1Incre\u00edble!<\/li>\n<li><strong>Previene el Envejecimiento:<\/strong> Revitaliza tus neum\u00e1ticos gracias a su f\u00f3rmula activa de antienvejecimiento, que protege tus neum\u00e1ticos del deterioro y la decoloraci\u00f3n, prolongando su vida \u00fatil y manteni\u00e9ndolos en condiciones \u00f3ptimas.<\/li>\n<\/ul>\n<p><strong>Modo de Empleo:<\/strong><\/p>\n<ol>\n<li><strong>Preparaci\u00f3n:<\/strong> Comienza limpiando bien la superficie del neum\u00e1tico para eliminar cualquier suciedad o residuo que pueda interferir con la aplicaci\u00f3n.<\/li>\n<li><strong>Aplicaci\u00f3n:<\/strong> Agita el envase y pulveriza a unos 20 cm de distancia, asegur\u00e1ndote de cubrir toda la superficie del neum\u00e1tico.<\/li>\n<li><strong>Secado:<\/strong> Deja que el producto act\u00fae y se seque durante unos minutos para obtener el m\u00e1ximo brillo.<\/li>\n<li><strong>Disfruta:<\/strong> Admira el brillo intenso y la renovaci\u00f3n de tus neum\u00e1ticos, listos para conquistar la carretera.<\/li>\n<\/ol>\n<p><strong>Preguntas Frecuentes (FAQs):<\/strong><\/p>\n<ol>\n<li><strong>\u00bfEs seguro para todo tipo de neum\u00e1ticos?<\/strong> S\u00ed, nuestro abrillantador est\u00e1 dise\u00f1ado para ser seguro en neum\u00e1ticos de todos los tipos y marcas.<\/li>\n<li><strong>\u00bfDebo limpiar mis neum\u00e1ticos antes de aplicar el producto?<\/strong> Recomendamos limpiar los neum\u00e1ticos previamente para garantizar los mejores resultados y una adhesi\u00f3n perfecta.<\/li>\n<li><strong>\u00bfCu\u00e1nto tiempo dura el efecto del abrillantador?<\/strong> La duraci\u00f3n del brillo puede variar, pero generalmente ofrece semanas de protecci\u00f3n y apariencia renovada.<\/li>\n<li><strong>\u00bfPuedo usarlo en otras partes del veh\u00edculo?<\/strong> Este producto est\u00e1 formulado espec\u00edficamente para neum\u00e1ticos; para otros acabados, consulta nuestros productos especializados.<\/li>\n<li><strong>\u00bfHay alg\u00fan riesgo de resbalones despu\u00e9s de la aplicaci\u00f3n?<\/strong> Es crucial dejar que el producto se seque completamente antes de conducir para asegurar la m\u00e1xima seguridad y evitar cualquier riesgo.<\/li>\n<\/ol>\n<p><strong>Compromiso con la Calidad:<\/strong> En SPSIL, estamos comprometidos con la calidad y el rendimiento de nuestros productos. Cada vez que aplicas el Abrillantador Extremo para Neum\u00e1ticos, est\u00e1s eligiendo una soluci\u00f3n eficaz que protege, embellece y cuida tu veh\u00edculo, permiti\u00e9ndote disfrutar de cada viaje con confianza y estilo. Dale a tus neum\u00e1ticos el tratamiento que merecen y siente la diferencia en cada kil\u00f3metro recorrido.<\/p>\n<p><iframe loading=\"lazy\" width=\"458\" height=\"815\" src=\"https:\/\/www.youtube.com\/embed\/70Rc0YUiDa8\" title=\"\ud83d\udc8e Negro profundo de concesionario y protecci\u00f3n UV. Roc\u00eda el Abrillantador SPSIL y deja que tus rued\" frameborder=\"0\" allow=\"accelerometer; autoplay; clipboard-write; encrypted-media; gyroscope; picture-in-picture; web-share\" referrerpolicy=\"strict-origin-when-cross-origin\" allowfullscreen><\/iframe><\/p>","protected":false},"excerpt":{"rendered":"<p>El <strong>Abrillantador Extremo para Neum\u00e1ticos de SPSIL<\/strong> es la soluci\u00f3n definitiva para quienes desean mantener la apariencia de sus neum\u00e1ticos en condiciones \u00f3ptimas. Este potente spray no solo devuelve el brillo original a tus neum\u00e1ticos, sino que tambi\u00e9n los protege contra la suciedad, el barro y la humedad. Su f\u00f3rmula avanzada asegura que el producto se adhiera perfectamente, creando una barrera impermeable que evita la decoloraci\u00f3n y el envejecimiento del caucho.<\/p>\n<p>Con una aplicaci\u00f3n r\u00e1pida y sencilla, solo necesitas rociar y dejar que el abrillantador act\u00fae para obtener resultados espectaculares. Su efecto de larga duraci\u00f3n garantiza que tus neum\u00e1ticos luzcan como nuevos por m\u00e1s tiempo, aportando un toque de elegancia a tu veh\u00edculo. Ya sea en un d\u00eda soleado o lluvioso, conf\u00eda en el Abrillantador Extremo para Neum\u00e1ticos y disfruta de cada trayecto con un estilo inigualable. Dale a tus neum\u00e1ticos el tratamiento que merecen.<\/p>","protected":false},"featured_media":4947,"comment_status":"open","ping_status":"closed","template":"","meta":{"_acf_changed":false},"product_brand":[],"product_cat":[626,312,614,617],"product_tag":[696,699,697,698,28],"class_list":{"0":"post-4940","1":"product","2":"type-product","3":"status-publish","4":"has-post-thumbnail","6":"product_cat-ruedas-cuidado-neumatico","7":"product_cat-cuidado-vehiculo","8":"product_cat-cuidado-vehiculo-exterior","9":"product_cat-cuidado-vehiculo-exterior-ruedas","10":"product_tag-abrillantador-de-neumaticos","11":"product_tag-abrillantador-de-ruedas","12":"product_tag-brillo-en-las-ruedas","13":"product_tag-spray-abrillantador-de-neumaticos","14":"product_tag-spsil","15":"pa_acabado-brillo","16":"pa_color-transparente","17":"pa_espacio-exterior","18":"pa_metodo_aplicacion-pulverizado","19":"pa_superficie_aplicacion-ruedas","20":"pa_tamano-250ml","21":"pa_tamano-450-ml","22":"pa_tamano-665","24":"first","25":"instock","26":"taxable","27":"shipping-taxable","28":"purchasable","29":"product-type-variable","30":"has-default-attributes","31":"wvs-archive-product-wrapper"},"acf":[],"superficies_aplicacion_completo":"Ruedas","_links":{"self":[{"href":"https:\/\/spsil.es\/pt\/wp-json\/wp\/v2\/product\/4940","targetHints":{"allow":["GET"]}}],"collection":[{"href":"https:\/\/spsil.es\/pt\/wp-json\/wp\/v2\/product"}],"about":[{"href":"https:\/\/spsil.es\/pt\/wp-json\/wp\/v2\/types\/product"}],"replies":[{"embeddable":true,"href":"https:\/\/spsil.es\/pt\/wp-json\/wp\/v2\/comments?post=4940"}],"version-history":[{"count":0,"href":"https:\/\/spsil.es\/pt\/wp-json\/wp\/v2\/product\/4940\/revisions"}],"wp:featuredmedia":[{"embeddable":true,"href":"https:\/\/spsil.es\/pt\/wp-json\/wp\/v2\/media\/4947"}],"wp:attachment":[{"href":"https:\/\/spsil.es\/pt\/wp-json\/wp\/v2\/media?parent=4940"}],"wp:term":[{"taxonomy":"product_brand","embeddable":true,"href":"https:\/\/spsil.es\/pt\/wp-json\/wp\/v2\/product_brand?post=4940"},{"taxonomy":"product_cat","embeddable":true,"href":"https:\/\/spsil.es\/pt\/wp-json\/wp\/v2\/product_cat?post=4940"},{"taxonomy":"product_tag","embeddable":true,"href":"https:\/\/spsil.es\/pt\/wp-json\/wp\/v2\/product_tag?post=4940"}],"curies":[{"name":"wp","href":"https:\/\/api.w.org\/{rel}","templated":true}]}}