{"id":4917,"date":"2024-11-05T15:20:56","date_gmt":"2024-11-05T14:20:56","guid":{"rendered":"https:\/\/spsil.es\/?post_type=product&#038;p=4917"},"modified":"2025-10-15T13:32:56","modified_gmt":"2025-10-15T11:32:56","slug":"limpiador-de-insectos-spsil","status":"publish","type":"product","link":"https:\/\/spsil.es\/pt\/cuidado-vehiculo\/cuidado-vehiculo-exterior\/cuidado-vehiculo-exterior-carroceria\/carroceria-limpiador-insectos\/limpiador-de-insectos-spsil\/","title":{"rendered":"Limpiador de Insectos SPSIL"},"content":{"rendered":"<h2>Limpiador de Insectos SPSIL<\/h2>\n<p>El <strong>Limpiador de Insectos SPSIL<\/strong> no puede faltar entre los productos del cuidado del veh\u00edculo, ya que te ayudar\u00e1 a mantener limpia la carrocer\u00eda de tu coche, especialmente de esos insectos que se topan con nosotros en los desplazamientos. Eliminar\u00e1s las marcas de insectos y devolver\u00e1 el brillo original a la pintura. Con un formato de pulverizador de 500 ml podr\u00e1s usarlo en repetidas ocasiones y de forma f\u00e1cil y sencilla.<\/p>\n<p><strong>Caracter\u00edsticas Destacadas<\/strong><\/p>\n<ul>\n<li><strong>F\u00f3rmula Eficaz y Segura<\/strong>: Su acci\u00f3n activa descompone y elimina de forma r\u00e1pida las manchas de insectos, resinas de \u00e1rbol y otras impurezas propias de tener el coche aparcado en el exterior. Adem\u00e1s de proteger la pintura, le devolver\u00e1 su brillo original, una limpieza profunda. Puedes aplicarlo tanto en la carrocer\u00eda, cristales y lunas con total seguridad.<\/li>\n<li><strong>Uso Vers\u00e1til<\/strong>: Este limpiador es ideal para m\u00faltiples aplicaciones, desde el parabrisas hasta los paneles laterales, pasando por el cap\u00f3 y el maletero. No hay necesidad de tener productos diferentes para cada parte del veh\u00edculo; este limpiador se adapta a todas tus necesidades.<\/li>\n<li><strong>F\u00e1cil Aplicaci\u00f3n<\/strong>: Solo necesitas pulverizar el producto sobre las zonas afectadas, dejarlo actuar por un minuto y enjuagar con abundante agua. Su f\u00f3rmula est\u00e1 dise\u00f1ada para facilitar la limpieza, permitiendo que incluso los conductores menos experimentados puedan lograr resultados profesionales.<\/li>\n<li><strong>Devoluci\u00f3n del Brillo<\/strong>: A diferencia de otros limpiadores que solo eliminan la suciedad, el Limpiador de Insectos SPSIL devuelve el brillo original a la pintura de tu veh\u00edculo. Esto no solo mejora la apariencia, sino que tambi\u00e9n protege la superficie de futuros da\u00f1os.<\/li>\n<li><strong>Protecci\u00f3n Adicional<\/strong>: Usar este producto regularmente no solo mantiene la limpieza, sino que tambi\u00e9n ayuda a crear una capa protectora que resguarda la pintura contra la contaminaci\u00f3n ambiental y la agresi\u00f3n de los elementos externos, como el sol y la lluvia.<\/li>\n<\/ul>\n<p><strong>Modo de Empleo<\/strong><\/p>\n<ol>\n<li><strong>Pulverizar<\/strong>: Aplica el Limpiador de Insectos directamente sobre la superficie afectada. Aseg\u00farate de cubrir bien todas las \u00e1reas con marcas visibles.<\/li>\n<li><strong>Dejar Actuar<\/strong>: Permite que el producto act\u00fae durante un minuto para descomponer las manchas de insectos y suciedad. Este tiempo es clave para asegurar una limpieza efectiva.<\/li>\n<li><strong>Enjuagar<\/strong>: Utiliza abundante agua para enjuagar la superficie, eliminando cualquier residuo de producto junto con la suciedad.<\/li>\n<li><strong>Secar<\/strong>: Para obtener un acabado perfecto, seca con un pa\u00f1o limpio y suave, evitando cualquier tipo de rayado.<\/li>\n<\/ol>\n<h3>Preguntas Frecuentes (FAQs)<\/h3>\n<ol>\n<li><strong>\u00bfEste producto es seguro para usar en todas las superficies del veh\u00edculo?<\/strong><br \/>\nS\u00ed, el Limpiador de Insectos SPSIL puede aplicarte en todas las superficies del veh\u00edculo, tanto cristales, lunas, carrocer\u00edas o superficies pl\u00e1sticas exteriores. Limpieza 360\u00ba<\/li>\n<li><strong>\u00bfCon qu\u00e9 frecuencia se recomienda usar el limpiador?<\/strong><br \/>\nTe recomendamos incorporar el uso del Limpiador entre los productos de lavado y cuidado del veh\u00edculo, adem\u00e1s puedes llevarlo contigo y aplicarlo cuando sea necesario, por ejemplo, tras largos viajes o si has aparcado cerca de \u00e1rboles.<\/li>\n<li><strong>\u00bfEs necesario diluir el producto antes de su uso?<\/strong><br \/>\nNo, este limpiador se aplica tal como esta, solo pulveriza, deja actuar y elimina con agua, te recomendamos hacerlo en un lavadero para disponer de agua a presi\u00f3n.<\/li>\n<li><strong>\u00bfPuedo utilizar este producto en veh\u00edculos de color oscuro?<\/strong><br \/>\nAbsolutamente, la f\u00f3rmula est\u00e1 dise\u00f1ada para ser segura en todos los colores de pintura, garantizando un acabado limpio y brillante.<\/li>\n<li><strong>\u00bfCu\u00e1nto tiempo debo dejar actuar el producto antes de enjuagar?<\/strong><br \/>\nSe recomienda dejar actuar durante 1 minuto para obtener los mejores resultados en la eliminaci\u00f3n de insectos y manchas.<\/li>\n<\/ol>\n<h3>Conclusi\u00f3n<\/h3>\n<p>Con el Limpiador de Insectos SPSIL, cada limpieza de tu veh\u00edculo se convierte en una experiencia sencilla y efectiva. Mant\u00e9n tu coche como nuevo, asegurando que siempre luzca en su mejor estado. Este producto no solo elimina la suciedad, sino que tambi\u00e9n protege y realza el acabado de tu veh\u00edculo, reflejando el cuidado y la atenci\u00f3n que le das. \u00a1Dale a tu veh\u00edculo el tratamiento que merece con SPSIL!<\/p>\n<p><iframe loading=\"lazy\" width=\"458\" height=\"815\" src=\"https:\/\/www.youtube.com\/embed\/bUceTXPJl7g\" title=\"\ud83e\udd9f Parabrisas como nuevo en 15 s. Pulveriza el Bug Remover SPSIL, pasa la microfibra y di adi\u00f3s a lo\" frameborder=\"0\" allow=\"accelerometer; autoplay; clipboard-write; encrypted-media; gyroscope; picture-in-picture; web-share\" referrerpolicy=\"strict-origin-when-cross-origin\" allowfullscreen><\/iframe><\/p>","protected":false},"excerpt":{"rendered":"<p>El <strong>Limpiador de Insectos SPSIL<\/strong> es la soluci\u00f3n perfecta para mantener la carrocer\u00eda de tu veh\u00edculo en condiciones \u00f3ptimas. Su potente f\u00f3rmula est\u00e1 dise\u00f1ada para eliminar eficazmente las marcas de insectos, resinas y suciedad, devolviendo el brillo original a la pintura. Con un pr\u00e1ctico envase de 500 ml, este limpiador es ideal para usar en cualquier momento y lugar, facilitando el mantenimiento del exterior de tu coche.<\/p>\n<p>La aplicaci\u00f3n es r\u00e1pida y sencilla: solo pulveriza el producto sobre la superficie afectada, deja actuar durante un minuto y enjuaga con abundante agua. El resultado es una limpieza profunda y un acabado brillante que protege tu veh\u00edculo de futuros da\u00f1os. Este limpiador no solo es efectivo, sino que tambi\u00e9n es seguro para usar en todas las superficies del autom\u00f3vil, incluidos cristales y pl\u00e1sticos. Conf\u00eda en SPSIL para disfrutar de un veh\u00edculo impecable y reluciente. \u00a1Tu coche merece lo mejor!<\/p>","protected":false},"featured_media":4928,"comment_status":"open","ping_status":"closed","template":"","meta":{"_acf_changed":false},"product_brand":[],"product_cat":[682,615,312,614],"product_tag":[684,683,685,28],"class_list":{"0":"post-4917","1":"product","2":"type-product","3":"status-publish","4":"has-post-thumbnail","6":"product_cat-carroceria-limpiador-insectos","7":"product_cat-cuidado-vehiculo-exterior-carroceria","8":"product_cat-cuidado-vehiculo","9":"product_cat-cuidado-vehiculo-exterior","10":"product_tag-limpar-insectos-del-coche","11":"product_tag-limpiador-de-insectos-del-parabrisas","12":"product_tag-limpiar-insectos-de-la-carroceria","13":"product_tag-spsil","14":"pa_acabado-brillo","15":"pa_color-transparente","16":"pa_espacio-exterior","17":"pa_metodo_aplicacion-pulverizado","18":"pa_metodo_aplicacion-trapo","19":"pa_superficie_aplicacion-carroceria","20":"pa_tamano-500ml","22":"first","23":"instock","24":"taxable","25":"shipping-taxable","26":"purchasable","27":"product-type-variable","28":"has-default-attributes","29":"wvs-archive-product-wrapper"},"acf":[],"superficies_aplicacion_completo":"Carrocer\u00eda","_links":{"self":[{"href":"https:\/\/spsil.es\/pt\/wp-json\/wp\/v2\/product\/4917","targetHints":{"allow":["GET"]}}],"collection":[{"href":"https:\/\/spsil.es\/pt\/wp-json\/wp\/v2\/product"}],"about":[{"href":"https:\/\/spsil.es\/pt\/wp-json\/wp\/v2\/types\/product"}],"replies":[{"embeddable":true,"href":"https:\/\/spsil.es\/pt\/wp-json\/wp\/v2\/comments?post=4917"}],"version-history":[{"count":0,"href":"https:\/\/spsil.es\/pt\/wp-json\/wp\/v2\/product\/4917\/revisions"}],"wp:featuredmedia":[{"embeddable":true,"href":"https:\/\/spsil.es\/pt\/wp-json\/wp\/v2\/media\/4928"}],"wp:attachment":[{"href":"https:\/\/spsil.es\/pt\/wp-json\/wp\/v2\/media?parent=4917"}],"wp:term":[{"taxonomy":"product_brand","embeddable":true,"href":"https:\/\/spsil.es\/pt\/wp-json\/wp\/v2\/product_brand?post=4917"},{"taxonomy":"product_cat","embeddable":true,"href":"https:\/\/spsil.es\/pt\/wp-json\/wp\/v2\/product_cat?post=4917"},{"taxonomy":"product_tag","embeddable":true,"href":"https:\/\/spsil.es\/pt\/wp-json\/wp\/v2\/product_tag?post=4917"}],"curies":[{"name":"wp","href":"https:\/\/api.w.org\/{rel}","templated":true}]}}