{"id":9295,"date":"2025-04-08T16:14:54","date_gmt":"2025-04-08T14:14:54","guid":{"rendered":"https:\/\/spsil.es\/?post_type=product&#038;p=9295"},"modified":"2026-04-15T09:43:16","modified_gmt":"2026-04-15T07:43:16","slug":"rodillo-xxl-spsil","status":"publish","type":"product","link":"https:\/\/spsil.es\/it\/pintura\/rodillos-y-cubetas\/rodillo-xxl-spsil\/","title":{"rendered":"Rullo XXL SPSIL"},"content":{"rendered":"<h1><strong>Rullo XXL | Finitura extra fine e alta durata<\/strong><\/h1>\n<p class=\"\" data-start=\"208\" data-end=\"601\">Lui <strong data-start=\"211\" data-end=\"234\">Rotolo XXL <\/strong>Di <strong data-start=\"238\" data-end=\"247\">SPSIL<\/strong> \u00c8 uno strumento essenziale per coloro che cercano di ottenere un <strong data-start=\"318\" data-end=\"341\">finitura professionale<\/strong> nei grandi negozi con <strong data-start=\"369\" data-end=\"387\">meno sforzo<\/strong>Grazie al tuo <strong data-start=\"402\" data-end=\"429\">Materiale in poliestere 100%<\/strong> alta qualit\u00e0 e la sua <strong data-start=\"451\" data-end=\"470\">Spessore 12 mm<\/strong>Questo rullo ti permette di coprire grandi aree in un <strong data-start=\"524\" data-end=\"546\">veloce e affidabile<\/strong>ottenere risultati <strong data-start=\"570\" data-end=\"583\">uniformi<\/strong> E <strong data-start=\"586\" data-end=\"600\">senza segni<\/strong>.<\/p>\n<p class=\"\" data-start=\"603\" data-end=\"1032\">Lui <strong data-start=\"606\" data-end=\"626\">design esclusivo<\/strong> il rullo assicura che non <strong data-start=\"654\" data-end=\"669\">lasciarti andare<\/strong>che \u00e8 essenziale per ottenere le finiture giuste <strong data-start=\"716\" data-end=\"738\">pulito e preciso<\/strong>senza la preoccupazione che il rullo lasci residui sulla superficie. <strong data-start=\"813\" data-end=\"835\">finitura extra fine<\/strong> Questo lo rende perfetto per i lavori in cui <strong data-start=\"876\" data-end=\"899\">qualit\u00e0 della finitura<\/strong> \u00c8 essenziale ottenere una verniciatura liscia e impeccabile, anche su superfici delicate come <strong data-start=\"1000\" data-end=\"1031\">gesso, cemento, legno e altro<\/strong>.<\/p>\n<p class=\"\" data-start=\"1034\" data-end=\"1402\">Questo rullo XXL \u00e8 <strong data-start=\"1054\" data-end=\"1092\">Ideale per progetti professionali<\/strong> Di <strong data-start=\"1096\" data-end=\"1134\">pittura di interni ed esterni<\/strong>che ti permette di dipingere pareti, soffitti, facciate e superfici pi\u00f9 grandi in un <strong data-start=\"1217\" data-end=\"1227\">presto<\/strong>Inoltre, il suo <strong data-start=\"1240\" data-end=\"1254\">Taglia XXL<\/strong> offre il <strong data-start=\"1275\" data-end=\"1330\">vantaggio di coprire aree pi\u00f9 ampie in meno tempo<\/strong>Riduzione dei tempi di lavorazione senza compromettere la qualit\u00e0 della finitura.<\/p>\n<h2 data-start=\"1404\" data-end=\"1440\"><strong data-start=\"1409\" data-end=\"1440\">Caratteristiche principali:<\/strong><\/h2>\n<ul data-start=\"1441\" data-end=\"2247\">\n<li class=\"\" data-start=\"1441\" data-end=\"1598\">\n<p class=\"\" data-start=\"1443\" data-end=\"1598\"><strong data-start=\"1443\" data-end=\"1470\">Materiale: Poliestere 100%<\/strong>: Fornisce un <strong data-start=\"1483\" data-end=\"1506\">eccellente assorbimento<\/strong> e uno <strong data-start=\"1513\" data-end=\"1533\">applicazione fluida<\/strong>, ideale per ottenere una finitura uniforme senza grumi o segni.<\/p>\n<\/li>\n<li class=\"\" data-start=\"1599\" data-end=\"1747\">\n<p class=\"\" data-start=\"1601\" data-end=\"1747\"><strong data-start=\"1601\" data-end=\"1619\">Spessore 12 mm<\/strong>Ideale per le vernici <strong data-start=\"1644\" data-end=\"1666\">finitura extra fine<\/strong>Ci\u00f2 garantisce che non rimangano segni del rullo, ottenendo superfici lisce.<\/p>\n<\/li>\n<li class=\"\" data-start=\"1748\" data-end=\"1934\">\n<p class=\"\" data-start=\"1750\" data-end=\"1934\"><strong data-start=\"1750\" data-end=\"1768\">Non perde peli<\/strong>Il rullo \u00e8 progettato per impedire che le fibre si stacchino durante l&#039;uso, migliorando cos\u00ec la qualit\u00e0 della vernice applicata e prevenendo danni alla superficie.<\/p>\n<\/li>\n<li class=\"\" data-start=\"1935\" data-end=\"2108\"><strong data-start=\"2111\" data-end=\"2133\">finitura extra fine<\/strong>Perfetto per chi cerca un dipinto <strong data-start=\"2176\" data-end=\"2202\">perfettamente uniforme<\/strong>, senza imperfezioni o segni di applicazione.<\/li>\n<\/ul>\n<h2 data-start=\"2249\" data-end=\"2270\"><strong data-start=\"2254\" data-end=\"2270\">Come si usa:<\/strong><\/h2>\n<ol data-start=\"2271\" data-end=\"2941\">\n<li class=\"\" data-start=\"2271\" data-end=\"2428\">\n<p class=\"\" data-start=\"2274\" data-end=\"2428\"><strong data-start=\"2274\" data-end=\"2300\">Preparare la superficie<\/strong>Prima di applicare la vernice, assicurarsi che pareti, soffitti o superfici siano puliti, asciutti e privi di polvere o grasso.<\/p>\n<\/li>\n<li class=\"\" data-start=\"2429\" data-end=\"2599\">\n<p class=\"\" data-start=\"2432\" data-end=\"2599\"><strong data-start=\"2432\" data-end=\"2453\">Carica il rullo<\/strong>Inumidire il rullo con la vernice. Immergere il rullo nel contenitore della vernice e distribuirla uniformemente sulla sua superficie.<\/p>\n<\/li>\n<li class=\"\" data-start=\"2600\" data-end=\"2778\">\n<p class=\"\" data-start=\"2603\" data-end=\"2778\"><strong data-start=\"2603\" data-end=\"2617\">Applicazione<\/strong>Utilizza il rullo per applicare la vernice con movimenti lunghi e uniformi. Per una finitura senza striature, dipingi dall&#039;alto verso il basso o da sinistra a destra.<\/p>\n<\/li>\n<li class=\"\" data-start=\"2779\" data-end=\"2941\">\n<p class=\"\" data-start=\"2782\" data-end=\"2941\"><strong data-start=\"2782\" data-end=\"2794\">Pulizia<\/strong>Al termine del lavoro, pulire il rullo con acqua o solvente, a seconda del tipo di vernice utilizzata, per mantenerlo in buone condizioni.<\/p>\n<\/li>\n<\/ol>\n<h2 data-start=\"2943\" data-end=\"2978\"><strong data-start=\"2948\" data-end=\"2978\">Applicazioni consigliate:<\/strong><\/h2>\n<ul data-start=\"2979\" data-end=\"3450\">\n<li class=\"\" data-start=\"2979\" data-end=\"3127\">\n<p class=\"\" data-start=\"2981\" data-end=\"3127\"><strong data-start=\"2981\" data-end=\"3019\">Pittura di interni ed esterni<\/strong>Ideale per <strong data-start=\"3032\" data-end=\"3042\">tetti<\/strong>, <strong data-start=\"3044\" data-end=\"3055\">muri<\/strong> E <strong data-start=\"3058\" data-end=\"3070\">facciate<\/strong>, sia nelle case, negli uffici che nei progetti di ristrutturazione.<\/p>\n<\/li>\n<li class=\"\" data-start=\"3128\" data-end=\"3292\">\n<p class=\"\" data-start=\"3130\" data-end=\"3292\"><strong data-start=\"3130\" data-end=\"3164\">Pittura di grandi superfici<\/strong>Grazie alle sue dimensioni XXL, \u00e8 ideale per coprire <strong data-start=\"3212\" data-end=\"3229\">vaste aree<\/strong> COME <strong data-start=\"3235\" data-end=\"3267\">fabbriche, edifici industriali<\/strong> e progetti commerciali.<\/p>\n<\/li>\n<li class=\"\" data-start=\"3293\" data-end=\"3450\">\n<p class=\"\" data-start=\"3295\" data-end=\"3450\"><strong data-start=\"3295\" data-end=\"3337\">Progetti fai-da-te e professionali<\/strong>Perfetto per entrambi <strong data-start=\"3359\" data-end=\"3385\">imbianchini professionisti<\/strong> nonch\u00e9 per coloro che realizzano progetti in <strong data-start=\"3426\" data-end=\"3449\">dipingere a casa<\/strong>.<\/p>\n<\/li>\n<\/ul>\n<p class=\"\" data-start=\"3666\" data-end=\"4148\">Lui <strong data-start=\"3669\" data-end=\"3692\">Rullo XXL 30,5 cm<\/strong> Di <strong data-start=\"3696\" data-end=\"3705\">SPSIL<\/strong> \u00c8 ideale per chi cerca risultati di alta qualit\u00e0 in progetti di pittura di grandi dimensioni. <strong data-start=\"3799\" data-end=\"3819\">prestazioni elevate<\/strong>. Il suo <strong data-start=\"3824\" data-end=\"3846\">finitura extra fine<\/strong>, il suo <strong data-start=\"3851\" data-end=\"3872\">progettazione ergonomica<\/strong> e il suo <strong data-start=\"3878\" data-end=\"3898\">elevata durabilit\u00e0<\/strong> Ci\u00f2 lo rende lo strumento perfetto per dipingere grandi superfici in meno tempo, ottenendo <strong data-start=\"4000\" data-end=\"4026\">finiture professionali<\/strong>Sfrutta l&#039;efficienza e la velocit\u00e0 di questo rullo per completare i tuoi progetti in modo impeccabile e senza complicazioni!<\/p>\n<h2 data-start=\"3666\" data-end=\"4148\"><strong>FAQ<\/strong><\/h2>\n<h3 class=\"\" data-start=\"85\" data-end=\"159\"><strong data-start=\"89\" data-end=\"159\">1. Su quali superfici si pu\u00f2 utilizzare il rullo XXL?<\/strong><\/h3>\n<p class=\"\" data-start=\"160\" data-end=\"432\">Lui <strong data-start=\"163\" data-end=\"186\">Rotolo XXL <\/strong>\u00c8 adatto per dipingere un <strong data-start=\"215\" data-end=\"247\">ampia variet\u00e0 di superfici<\/strong>, COME <strong data-start=\"254\" data-end=\"265\">muri<\/strong>, <strong data-start=\"267\" data-end=\"277\">tetti<\/strong>, <strong data-start=\"279\" data-end=\"291\">facciate<\/strong>, <strong data-start=\"293\" data-end=\"301\">e cos\u00ec<\/strong>, <strong data-start=\"303\" data-end=\"314\">cemento<\/strong>, E <strong data-start=\"318\" data-end=\"328\">legna<\/strong>. Il suo <strong data-start=\"333\" data-end=\"355\">finitura extra fine<\/strong> \u00c8 ideale per ottenere un risultato liscio e uniforme su diverse superfici.<\/p>\n<h3 class=\"\" data-start=\"439\" data-end=\"500\"><strong data-start=\"443\" data-end=\"500\">2. Il rullo \u00e8 facile da pulire dopo l&#039;uso?<\/strong><\/h3>\n<p class=\"\" data-start=\"501\" data-end=\"743\">S\u00ec, il rullo \u00e8 <strong data-start=\"519\" data-end=\"539\">facile da pulire<\/strong>Devi solo sciacquarlo con <strong data-start=\"571\" data-end=\"592\">acqua o solvente<\/strong>A seconda del tipo di vernice utilizzata, pulire il rullo dopo ogni utilizzo ne garantir\u00e0 la durata e le buone prestazioni nei progetti futuri.<\/p>\n<h3 class=\"\" data-start=\"750\" data-end=\"807\"><strong data-start=\"754\" data-end=\"807\">3. Che tipo di finitura offre questo rullo?<\/strong><\/h3>\n<p class=\"\" data-start=\"808\" data-end=\"990\">Lui <strong data-start=\"811\" data-end=\"834\">Rotolo XXL <\/strong>\u00a0fornisce un <strong data-start=\"850\" data-end=\"872\">finitura extra fine<\/strong>Grazie al tuo materiale <strong data-start=\"896\" data-end=\"914\">Poliestere 100%<\/strong> e il suo <strong data-start=\"920\" data-end=\"939\">Spessore 12 mm<\/strong>un&#039;applicazione garantisce <strong data-start=\"964\" data-end=\"989\">uniforme e senza segni distintivi<\/strong>.<\/p>\n<h3 class=\"\" data-start=\"997\" data-end=\"1068\"><strong data-start=\"1001\" data-end=\"1068\">4. Questo rullo pu\u00f2 essere utilizzato per dipingere grandi superfici?<\/strong><\/h3>\n<p class=\"\" data-start=\"1069\" data-end=\"1306\">S\u00ec, la dimensione <strong data-start=\"1083\" data-end=\"1100\">XXL<\/strong>\u00a0il rullo \u00e8 ideale per <strong data-start=\"1127\" data-end=\"1151\">coprire ampie aree<\/strong> Efficientemente. \u00c8 perfetto per dipingere. <strong data-start=\"1197\" data-end=\"1220\">grandi superfici<\/strong> COME <strong data-start=\"1226\" data-end=\"1245\">grandi muri<\/strong>, <strong data-start=\"1247\" data-end=\"1257\">tetti<\/strong> E <strong data-start=\"1260\" data-end=\"1272\">facciate<\/strong>riduzione del tempo di lavoro.<\/p>\n<h3 class=\"\" data-start=\"1313\" data-end=\"1363\"><strong data-start=\"1317\" data-end=\"1363\">5. Il rullo perde capelli durante l&#039;uso?<\/strong><\/h3>\n<p class=\"\" data-start=\"1364\" data-end=\"1571\">No, il <strong data-start=\"1371\" data-end=\"1394\">Rotolo XXL <\/strong>\u00c8 progettato <strong data-start=\"1409\" data-end=\"1432\">per evitare la caduta dei capelli<\/strong>Ci\u00f2 garantisce un lavoro di verniciatura <strong data-start=\"1459\" data-end=\"1469\">pulito<\/strong> E <strong data-start=\"1472\" data-end=\"1494\">impeccabile<\/strong>ideale per ottenere finiture professionali senza segni o residui.<\/p>","protected":false},"excerpt":{"rendered":"<p>Lui <strong data-start=\"3\" data-end=\"26\">Rullo XXL 30,5 cm<\/strong> Di <strong data-start=\"30\" data-end=\"39\">SPSIL<\/strong> \u00c8 lo strumento ideale per ottenere finiture professionali su grandi superfici in modo efficiente e con un risultato di alta qualit\u00e0. Con un <strong data-start=\"183\" data-end=\"202\">Spessore 12 mm<\/strong> e prodotto in <strong data-start=\"218\" data-end=\"236\">Poliestere 100%<\/strong>Questo rullo fornisce un <strong data-start=\"267\" data-end=\"290\">applicazione uniforme<\/strong> E <strong data-start=\"293\" data-end=\"302\">delicato<\/strong>Consente di dipingere rapidamente pareti, soffitti e facciate senza lasciare segni o residui. <strong data-start=\"395\" data-end=\"417\">finitura extra fine<\/strong> Garantisce una distribuzione perfetta della vernice, offrendo un risultato senza grumi o imperfezioni.<\/p>\n<p>Inoltre, il <strong data-start=\"541\" data-end=\"564\">Rullo XXL 30,5 cm<\/strong> \u00c8 progettato per <strong data-start=\"584\" data-end=\"602\">non perdere i capelli<\/strong>che garantisce un&#039;applicazione pulita e precisa. <strong data-start=\"655\" data-end=\"672\">grandi dimensioni<\/strong> Ti permette di coprire una superficie maggiore in meno tempo, rendendolo la scelta perfetta per progetti di <strong data-start=\"774\" data-end=\"794\">ampia apertura alare<\/strong> Adatto sia per interni che per esterni. Ideale per professionisti e appassionati del fai da te alla ricerca di <strong data-start=\"898\" data-end=\"943\">Velocit\u00e0, efficienza e finiture impeccabili<\/strong>.<\/p>","protected":false},"featured_media":9307,"comment_status":"open","ping_status":"closed","template":"","meta":{"_acf_changed":false},"product_brand":[],"product_cat":[1566,22],"product_tag":[1574,1579,1578,1577,1575,1570,1576,1571,1572,1573,28],"class_list":{"0":"post-9295","1":"product","2":"type-product","3":"status-publish","4":"has-post-thumbnail","6":"product_cat-rodillos-y-cubetas","7":"product_cat-pintura","8":"product_tag-acabado-profesional-pintura","9":"product_tag-herramientas-para-pintar","10":"product_tag-pintura-sin-marcas","11":"product_tag-rodillo-de-alta-durabilidad","12":"product_tag-rodillo-de-poliester","13":"product_tag-rodillo-para-pintura","14":"product_tag-rodillo-para-superficies-grandes","15":"product_tag-rodillo-xxl-30-5-cm","16":"product_tag-rodillo-xxl-35-cm","17":"product_tag-rodillo-xxl-46-cm","18":"product_tag-spsil","19":"pa_acabado-mate","20":"pa_color-azul","21":"pa_color-blanco","22":"pa_espacio-exterior","23":"pa_espacio-interior","24":"pa_metodo_aplicacion-rodillo","25":"pa_superficie_aplicacion-cemento_hormigon","26":"pa_superficie_aplicacion-madera","27":"pa_superficie_aplicacion-paredes","28":"pa_superficie_aplicacion-piedra","29":"pa_superficie_aplicacion-yeso_escayola","30":"pa_tamano-30-cm","31":"pa_tamano-35-cm","32":"pa_tamano-46-cm","34":"first","35":"instock","36":"taxable","37":"shipping-taxable","38":"purchasable","39":"product-type-variable","40":"has-default-attributes","41":"wvs-archive-product-wrapper"},"acf":[],"superficies_aplicacion_completo":"Cemento\/Hormig\u00f3n, Madera, Paredes, Piedra, Yeso\/Escayola","_links":{"self":[{"href":"https:\/\/spsil.es\/it\/wp-json\/wp\/v2\/product\/9295","targetHints":{"allow":["GET"]}}],"collection":[{"href":"https:\/\/spsil.es\/it\/wp-json\/wp\/v2\/product"}],"about":[{"href":"https:\/\/spsil.es\/it\/wp-json\/wp\/v2\/types\/product"}],"replies":[{"embeddable":true,"href":"https:\/\/spsil.es\/it\/wp-json\/wp\/v2\/comments?post=9295"}],"version-history":[{"count":0,"href":"https:\/\/spsil.es\/it\/wp-json\/wp\/v2\/product\/9295\/revisions"}],"wp:featuredmedia":[{"embeddable":true,"href":"https:\/\/spsil.es\/it\/wp-json\/wp\/v2\/media\/9307"}],"wp:attachment":[{"href":"https:\/\/spsil.es\/it\/wp-json\/wp\/v2\/media?parent=9295"}],"wp:term":[{"taxonomy":"product_brand","embeddable":true,"href":"https:\/\/spsil.es\/it\/wp-json\/wp\/v2\/product_brand?post=9295"},{"taxonomy":"product_cat","embeddable":true,"href":"https:\/\/spsil.es\/it\/wp-json\/wp\/v2\/product_cat?post=9295"},{"taxonomy":"product_tag","embeddable":true,"href":"https:\/\/spsil.es\/it\/wp-json\/wp\/v2\/product_tag?post=9295"}],"curies":[{"name":"wp","href":"https:\/\/api.w.org\/{rel}","templated":true}]}}