{"id":5540,"date":"2024-11-13T10:41:40","date_gmt":"2024-11-13T09:41:40","guid":{"rendered":"https:\/\/spsil.es\/?post_type=product&#038;p=5540"},"modified":"2025-09-19T14:02:19","modified_gmt":"2025-09-19T12:02:19","slug":"limpiador-de-alfombras-spsil","status":"publish","type":"product","link":"https:\/\/spsil.es\/it\/hogar\/limpiador-de-alfombras-spsil\/","title":{"rendered":"Limpiador de Alfombras SPSIL"},"content":{"rendered":"<h2><strong>Limpiador de Alfombras SPSIL &#8211; Limpieza profunda que elimina manchas y suciedad<\/strong><\/h2>\n<p>Cuidar cada rinc\u00f3n de tu casa es posible y mantener tus alfombras a punto tambi\u00e9n gracias al <strong>Limpiador de Alfombras SPSIL<\/strong>. Este limpiador cuenta con su f\u00f3rmula activa que permite eliminar manchas dif\u00edciles tanto en textil como en alfombras, sof\u00e1s, tapicer\u00edas y colchones. Adem\u00e1s, elimina impurezas m\u00e1s dif\u00edciles, como grasa, alimentos y manchas de l\u00edquidos. Es muy f\u00e1cil de usar, tan solo tienes que rociar sobre la mancha, deja que act\u00fae unos minutos y elimina la suciedad con un trapo o esponja. Es de acci\u00f3n r\u00e1pida por lo que te permite volver a utilizar tu sof\u00e1 sin problemas en tiempo r\u00e9cord.<\/p>\n<p>Este limpiador te ayudar\u00e1 a mantener los tejidos limpios sin esfuerzo alguno. Adem\u00e1s, se adapta perfectamente a los hogares modernos, donde la limpieza y el cuidado son prioridades.<\/p>\n<p>El <strong>Limpiador de Alfombras SPSIL <\/strong>\u00a0te ayudar\u00e1 a realizar la limpieza de los textiles de tu hogar y a preservar la durabilidad de los mismos. Ideal para aquellos que disfrutan de tener su hogar en las mejores condiciones, sin tener que invertir horas en limpieza.<\/p>\n<p><strong>Caracter\u00edsticas:<\/strong><\/p>\n<ul>\n<li>F\u00f3rmula avanzada que penetra en el tejido y elimina las manchas m\u00e1s dif\u00edciles.<\/li>\n<li>Eficaz para alfombras, sof\u00e1s, tapicer\u00edas, colchones, sillas y m\u00e1s.<\/li>\n<li>Acci\u00f3n y secado r\u00e1pido: limpia y seca de forma casi inmediata, dile adi\u00f3s a las manchas.<\/li>\n<li>Apto para uso dom\u00e9stico, ideal para hogares con ni\u00f1os y mascotas.<\/li>\n<li>Secado r\u00e1pido, sin dejar marcas ni residuos.<\/li>\n<\/ul>\n<p><strong>Modo de uso:<\/strong><\/p>\n<ol>\n<li>Agitar bien el envase antes de usar.<\/li>\n<li>Pulverizar directamente sobre la mancha o \u00e1rea a limpiar.<\/li>\n<li>Dejar actuar durante 1-2 minutos.<\/li>\n<li>Limpiar la superficie con un trapo o esponja.<\/li>\n<li>Si es necesario, repetir el tratamiento para manchas persistentes.<\/li>\n<\/ol>\n<p><strong>Advertencias:<\/strong><\/p>\n<ul>\n<li>Mantener fuera del alcance de los ni\u00f1os.<\/li>\n<li>Evitar el contacto directo con los ojos y la piel. En caso de contacto, enjuagar con abundante agua.<\/li>\n<li>Utilizar en \u00e1reas bien ventiladas.<\/li>\n<\/ul>\n<p><strong>Beneficios clave:<\/strong><\/p>\n<ul>\n<li><strong>R\u00e1pida acci\u00f3n:<\/strong> Disfruta de una limpieza eficiente que elimina manchas r\u00e1pidamente.<\/li>\n<li><strong>Versatilidad:<\/strong> Ideal para varios tipos de superficies textiles, asegurando un hogar impecable en todo momento.<\/li>\n<li><strong>Comodidad y eficacia:<\/strong> La limpieza profunda sin esfuerzo para mantener tu hogar siempre en su mejor forma.<\/li>\n<\/ul>\n<p><strong>Preguntas frecuentes (FAQs):<\/strong><\/p>\n<ol>\n<li><strong>\u00bfEs adecuado para alfombras delicadas?<\/strong> S\u00ed, podr\u00e1s usar sin problema el Limpiador de Alfombras SPSIL en alfombras delicadas, te recomendamos seguir las instrucciones de uso para obtener el mejor resultado.<\/li>\n<li><strong>\u00bfPuedo usarlo en muebles tapizados?<\/strong> Claro, puedes limpiar tus sillas tapizadas y sillones, as\u00ed como el sof\u00e1. Elimina la manchas del d\u00eda a d\u00eda.<\/li>\n<li><strong>\u00bfDeja residuos o marcas?<\/strong> No, su f\u00f3rmula seca r\u00e1pidamente y no deja residuos ni marcas visibles, garantizando un acabado perfecto.<\/li>\n<li><strong>\u00bfEs seguro para hogares con mascotas?<\/strong> S\u00ed, puedes aplicar con tranquilidad este limpiador en hogares con mascotas y ni\u00f1os, elimina las manchas de suciedad con total seguridad en tu hogar.<\/li>\n<li><strong>\u00bfCu\u00e1nto tiempo tarda en secar?<\/strong> El Limpiador de Alfombras SPSIL seca r\u00e1pidamente, puedes volver a usar tu alfombra y sof\u00e1 r\u00e1pido.<\/li>\n<\/ol>\n<p>Con el <strong>Limpiador de Alfombras SPSIL<\/strong>, cada rinc\u00f3n de tu hogar lucir\u00e1 impecable. Un producto de confianza para quienes aman cuidar de su espacio y mantenerlo siempre limpio y acogedor.<\/p>","protected":false},"excerpt":{"rendered":"<p>El <strong>Limpiador de Alfombras SPSIL<\/strong> es la soluci\u00f3n que necesitas para mantener tu hogar limpio y fresco. Esta especialmente dise\u00f1ado para eliminar manchas dif\u00edciles en alfombras, tapicer\u00edas, colchones, sof\u00e1s y m\u00e1s, sin ning\u00fan esfuerzo. Es el momento de decirle adi\u00f3s a las manchas de grasa y l\u00edquidos, dejando tus tejidos impecables. Adem\u00e1s, act\u00faa r\u00e1pidamente, secando en minutos sin dejar marcas ni residuos.<\/p>\n<p>Es perfecto para hogares con ni\u00f1os o mascotas, elimina las manchas con total seguridad en tu hogar. Tiene un aplicado sencillo, tan s\u00f3lo pulveriza sobre la superficie, dejar actuar unos minutos y limpiar con un trapo o esponja. Ser\u00e1 tu herramienta imprescindible para la limpieza de tu alfombra. Con el Limpiador de Alfombras SPSIL, tu hogar estar\u00e1 siempre limpio, acogedor y con una apariencia renovada. \u00a1Ideal para quienes buscan comodidad y limpieza sin esfuerzo!<\/p>","protected":false},"featured_media":5544,"comment_status":"open","ping_status":"closed","template":"","meta":{"_acf_changed":false},"product_brand":[],"product_cat":[968],"product_tag":[1029,1027,1028,1032,1030,1034,1033,1031,28],"class_list":{"0":"post-5540","1":"product","2":"type-product","3":"status-publish","4":"has-post-thumbnail","6":"product_cat-hogar","7":"product_tag-eliminar-manchas-alfombras","8":"product_tag-limpiador-de-alfombras","9":"product_tag-limpiador-de-tapicerias","10":"product_tag-limpiador-de-textiles","11":"product_tag-limpiador-para-casa","12":"product_tag-limpiador-rapido-alfombra","13":"product_tag-limpiar-sofa","14":"product_tag-producto-limpieza-hogar","15":"product_tag-spsil","16":"pa_acabado-brillo","17":"pa_color-transparente","18":"pa_espacio-interior","19":"pa_metodo_aplicacion-pulverizado","20":"pa_superficie_aplicacion-textil","21":"pa_tamano-500ml","23":"first","24":"instock","25":"taxable","26":"shipping-taxable","27":"purchasable","28":"product-type-variable","29":"wvs-archive-product-wrapper"},"acf":[],"superficies_aplicacion_completo":"Textil","_links":{"self":[{"href":"https:\/\/spsil.es\/it\/wp-json\/wp\/v2\/product\/5540","targetHints":{"allow":["GET"]}}],"collection":[{"href":"https:\/\/spsil.es\/it\/wp-json\/wp\/v2\/product"}],"about":[{"href":"https:\/\/spsil.es\/it\/wp-json\/wp\/v2\/types\/product"}],"replies":[{"embeddable":true,"href":"https:\/\/spsil.es\/it\/wp-json\/wp\/v2\/comments?post=5540"}],"version-history":[{"count":0,"href":"https:\/\/spsil.es\/it\/wp-json\/wp\/v2\/product\/5540\/revisions"}],"wp:featuredmedia":[{"embeddable":true,"href":"https:\/\/spsil.es\/it\/wp-json\/wp\/v2\/media\/5544"}],"wp:attachment":[{"href":"https:\/\/spsil.es\/it\/wp-json\/wp\/v2\/media?parent=5540"}],"wp:term":[{"taxonomy":"product_brand","embeddable":true,"href":"https:\/\/spsil.es\/it\/wp-json\/wp\/v2\/product_brand?post=5540"},{"taxonomy":"product_cat","embeddable":true,"href":"https:\/\/spsil.es\/it\/wp-json\/wp\/v2\/product_cat?post=5540"},{"taxonomy":"product_tag","embeddable":true,"href":"https:\/\/spsil.es\/it\/wp-json\/wp\/v2\/product_tag?post=5540"}],"curies":[{"name":"wp","href":"https:\/\/api.w.org\/{rel}","templated":true}]}}