{"id":5500,"date":"2024-11-12T15:51:47","date_gmt":"2024-11-12T14:51:47","guid":{"rendered":"https:\/\/spsil.es\/?post_type=product&#038;p=5500"},"modified":"2025-09-10T15:07:55","modified_gmt":"2025-09-10T13:07:55","slug":"desodorante-para-calzado-spsil","status":"publish","type":"product","link":"https:\/\/spsil.es\/it\/hogar\/desodorante-para-calzado-spsil\/","title":{"rendered":"Desodorante para Calzado SPSIL"},"content":{"rendered":"<h2><strong>Desodorante de Calzado SPSIL &#8211; Eliminaci\u00f3n total de olores para una sensaci\u00f3n de limpieza<\/strong><\/h2>\n<p>\u00bfMal olor en tus zapatillas? Tranquilo, tenemos la soluci\u00f3n que llevas buscando a\u00f1os: El <strong>Spray Desodorante para Calzado de SPSIL <\/strong>te ayudar\u00e1 a mantener tus zapatos frescos, c\u00f3modos y libres de malos olores durante todo el d\u00eda.<\/p>\n<p>La humedad y las bacterias causan olores desagradables y ambientes antihigi\u00e9nicos en tus zapatos, que pueden derivar en problemas de salud. Por ello, hemos dise\u00f1ado este innovador spray que no solo elimina la humedad y las bacterias, sino que te ofrece una higiene ideal para tus zapatos y tus pies. Es perfecto para personas activas, que buscan un producto para limpieza de sus zapatos de forma r\u00e1pida y eficaz.<\/p>\n<p>El <strong>Spray Desodorante para Calzado de SPSIL <\/strong> puedes aplicarlo en cualquier tipo de calzado, ya sean zapatillas deportivas, botas de cuero o las zapatillas de casa, elimina eficazmente los olores no deseados y absorbe la humedad, favoreciendo la circulaci\u00f3n del aire y evitando la formaci\u00f3n de hongos.<\/p>\n<p>Es la soluci\u00f3n ideal para mantener en perfecto estado los zapatos de sus hijos o para los deportistas que buscan un calzado libre de humedad y olores despu\u00e9s de un entrenamiento, este producto es indispensable.<\/p>\n<p><strong>Beneficios Clave del Spray Desodorante para Calzado de SPSIL :<\/strong><\/p>\n<ul>\n<li><strong>Frescura Duradera:<\/strong> Cuenta con 24 horas de protecci\u00f3n, puedes aplicarlo diariamente si lo necesitas.<\/li>\n<li><strong>Higiene y Frescor Instant\u00e1neo:<\/strong> Absorbe la humedad de forma r\u00e1pida y eficaz, creando un ambiente limpio y saludable dentro del zapato.<\/li>\n<li><strong>Ideal para Todos los Tipos de Calzado:<\/strong> Perfecto para calzado deportivo, de cuero, botines, sandalias, y m\u00e1s.<\/li>\n<li><strong>Eliminaci\u00f3n de Bacterias y Hongos:<\/strong> Frena la proliferaci\u00f3n de bacterias y otros microorganismos, mantiene higi\u00e9nicos tus zapatillas y calzado de forma sencilla y r\u00e1pida. \u00a1Protege tus pues de infecciones!<\/li>\n<li><strong>F\u00e1cil de Aplicar:<\/strong> Tan solo tienes que pulverizar el limpiador dentro de tus zapatos y listo, sin complicaciones ni manchas.<\/li>\n<\/ul>\n<p><strong>Modo de Uso del Spray Desodorante para Calzado de SPSIL :<\/strong><\/p>\n<ol>\n<li><strong>Agitar<\/strong> bien antes de usar.<\/li>\n<li><strong>Pulverizar<\/strong> generosamente en el interior de los zapatos, especialmente en \u00e1reas donde la humedad y los olores se acumulan.<\/li>\n<li><strong>Dejar actuar<\/strong> durante 5 minutos para una absorci\u00f3n m\u00e1xima. El calzado quedar\u00e1 fresco y listo para usar.<\/li>\n<li>Para resultados prolongados, repetir su aplicaci\u00f3n de forma regular.<\/li>\n<\/ol>\n<p>Ideal para: Todo tipo de calzado (deportivo, casual, formal, etc.)<\/p>","protected":false},"excerpt":{"rendered":"<p>El <strong>Spray Desodorante para Calzado SPSIL<\/strong> es la soluci\u00f3n que llevas a\u00f1os buscando, si tu calzado desprende malos olores y sientes que necesitan una mayor higiene, con una pulverizaci\u00f3n lo tienes solucionado. Este producto est\u00e1 dise\u00f1ado para absorber la humedad y eliminar las bacterias causantes de los malos olores en el interior de los zapatos.<\/p>\n<p>Gracias a su f\u00f3rmula avanzada, este spray act\u00faa eficazmente en todo tipo de calzado, desde deportivos hasta botas de cuero, proporcionando una sensaci\u00f3n de frescura instant\u00e1nea.<\/p>\n<p>Es muy f\u00e1cil de aplicar, pulveriza en el interior de tus zapatos, deja actuar por unos minutos, y listo. Elimina los hongos, bacterias y microorganismos a la vez que previenes la formaci\u00f3n de malos olores, dejando un calzado higi\u00e9nico y confortable. Con hasta 24 horas de protecci\u00f3n, el <strong>Spray Desodorante para Calzado de SPSIL <\/strong>\u00a0es la opci\u00f3n ideal para mantener tus zapatos limpios, secos y frescos, listos para cualquier ocasi\u00f3n.<\/p>","protected":false},"featured_media":5504,"comment_status":"open","ping_status":"closed","template":"","meta":{"_acf_changed":false},"product_brand":[],"product_cat":[968],"product_tag":[970,976,971,974,973,975,972,977,28],"class_list":{"0":"post-5500","1":"product","2":"type-product","3":"status-publish","4":"has-post-thumbnail","6":"product_cat-hogar","7":"product_tag-desodorante-para-calzado","8":"product_tag-desodorante-para-calzado-deportivo","9":"product_tag-desodorante-para-zapatos","10":"product_tag-desodorante-zapatos-deportivos","11":"product_tag-eliminar-malos-olores-zapatos","12":"product_tag-mantener-calzado-fresco","13":"product_tag-spray-desodorante-para-zapatos","14":"product_tag-spray-para-zapatos-de-ninos","15":"product_tag-spsil","16":"pa_acabado-brillo","17":"pa_color-transparente","18":"pa_espacio-interior","19":"pa_metodo_aplicacion-pulverizado","20":"pa_superficie_aplicacion-calzado","21":"pa_tamano-200ml","23":"first","24":"instock","25":"taxable","26":"shipping-taxable","27":"purchasable","28":"product-type-variable","29":"wvs-archive-product-wrapper"},"acf":[],"superficies_aplicacion_completo":"Calzado","_links":{"self":[{"href":"https:\/\/spsil.es\/it\/wp-json\/wp\/v2\/product\/5500","targetHints":{"allow":["GET"]}}],"collection":[{"href":"https:\/\/spsil.es\/it\/wp-json\/wp\/v2\/product"}],"about":[{"href":"https:\/\/spsil.es\/it\/wp-json\/wp\/v2\/types\/product"}],"replies":[{"embeddable":true,"href":"https:\/\/spsil.es\/it\/wp-json\/wp\/v2\/comments?post=5500"}],"version-history":[{"count":0,"href":"https:\/\/spsil.es\/it\/wp-json\/wp\/v2\/product\/5500\/revisions"}],"wp:featuredmedia":[{"embeddable":true,"href":"https:\/\/spsil.es\/it\/wp-json\/wp\/v2\/media\/5504"}],"wp:attachment":[{"href":"https:\/\/spsil.es\/it\/wp-json\/wp\/v2\/media?parent=5500"}],"wp:term":[{"taxonomy":"product_brand","embeddable":true,"href":"https:\/\/spsil.es\/it\/wp-json\/wp\/v2\/product_brand?post=5500"},{"taxonomy":"product_cat","embeddable":true,"href":"https:\/\/spsil.es\/it\/wp-json\/wp\/v2\/product_cat?post=5500"},{"taxonomy":"product_tag","embeddable":true,"href":"https:\/\/spsil.es\/it\/wp-json\/wp\/v2\/product_tag?post=5500"}],"curies":[{"name":"wp","href":"https:\/\/api.w.org\/{rel}","templated":true}]}}