{"id":5495,"date":"2024-11-12T15:02:28","date_gmt":"2024-11-12T14:02:28","guid":{"rendered":"https:\/\/spsil.es\/?post_type=product&#038;p=5495"},"modified":"2026-04-15T09:41:59","modified_gmt":"2026-04-15T07:41:59","slug":"desodorante-de-cacos-spsil","status":"publish","type":"product","link":"https:\/\/spsil.es\/it\/cuidado-vehiculo\/cuidado-vehiculo-interior\/cuidado-vehiculo-interior-aire-ambiente\/aire-ambiente-eliminador-olores\/desodorante-de-cacos-spsil\/","title":{"rendered":"Deodorante per casco SPSIL"},"content":{"rendered":"<h2><strong>Desodorante de Cacos SPSIL &#8211; Frescura prolongada para el casco de la moto o deportivos<\/strong><\/h2>\n<p>\u00a1Motero! Este producto es lo que necesitas: El <strong>Deodorante per casco SPSIL<\/strong> una soluci\u00f3n dise\u00f1ada para mantener el interior de tus cascos libre de malos olores, bacterias y hongos. Pero no los para los que viven la vida motorizada, sino que puedes aplicarlos para cascos de bici y otros deportes como el hockey, donde la protecci\u00f3n es fundamental. Obt\u00e9n una una limpieza profunda y una protecci\u00f3n duradera.<\/p>\n<p><strong>Caratteristiche principali:<\/strong><\/p>\n<ul>\n<li><strong>Eliminaci\u00f3n Eficaz de Malos Olores:<\/strong> Tiene la capacidad de neutralizar los olores desagradables, incluso despu\u00e9s de horas de uso o de exponerlo al sudor, proporcionando una sensaci\u00f3n de frescura y limpieza en cada uso.<\/li>\n<li><strong>Propiedades Antibacterianas y Fungicidas:<\/strong> Act\u00faa de forma eficaz eliminando cualquier rastro de bacterias y hongos, que pueden proliferar en ambientes h\u00famedos, garantizando un entorno higi\u00e9nico dentro del casco.<\/li>\n<li><strong>Asciugatura rapida:<\/strong> Puedes usar el casco o protector casi de forma inmediata tras su uso, pulveriza, deja secar unos minutos y listo.<\/li>\n<li><strong>Compatibilit\u00e0 universale:<\/strong> Apto para todo tipo de cascos, incluyendo los de moto, bicicleta y cascos deportivos, sin da\u00f1ar los materiales internos.<\/li>\n<li><strong>Applicazione semplice:<\/strong> Su dise\u00f1o en Spray hace que sea mucho m\u00e1s f\u00e1cil de usar, vers\u00e1til y pr\u00e1ctico. \u00a1Ll\u00e9valo contigo!<\/li>\n<\/ul>\n<p><strong>Istruzioni per l&#039;uso:<\/strong><\/p>\n<ol>\n<li><strong>Preparazione:<\/strong> Agitar bien el envase antes de su uso para asegurar una mezcla homog\u00e9nea.<\/li>\n<li><strong>Applicazione:<\/strong> Pulverizar el producto en el interior del casco, enfoc\u00e1ndose en las zonas donde se acumula la humedad y los olores. Mantener una distancia de aproximadamente 5 cm de las superficies a tratar.<\/li>\n<li><strong>Essiccazione:<\/strong> Dejar actuar el producto durante 5-10 minutos. El casco estar\u00e1 listo para su uso una vez que el producto se haya secado por completo.<\/li>\n<\/ol>\n<p><strong>Usi consigliati:<\/strong><\/p>\n<ul>\n<li><strong>Casco de Moto:<\/strong> Despues de una larga ruta con amigos, vuelta a casa y pones a punto tu moto. \u00a1No te olvides del casco!<\/li>\n<li><strong>Casco de Bicicleta:<\/strong> Carreras extremas que acaban con mucho calor y sudor, por todo tu equipo deportivo, incluido el casco. D\u00e9jalo perfecto para su pr\u00f3ximo uso, fresco y libre de bacterias y malos olores.<\/li>\n<li><strong>Casco Deportivo:<\/strong> Apto para cascos utilizados en deportes como f\u00fatbol americano, rugby, hockey, entre otros.<\/li>\n<\/ul>\n<p><strong>Beneficios Adicionales:<\/strong><\/p>\n<ul>\n<li><strong>Prolonga la Vida \u00datil del Casco:<\/strong> No solo limpiar y desinfecta, sino que lo mantiene libre de microorganismos que puedan deteriorar los materiales, amplia la durabilidad del casco.<\/li>\n<li><strong>Mejora la Experiencia del Usuario:<\/strong> Mayor comodidad con un casco limpio y fresco.<\/li>\n<li><strong>F\u00e1cil Mantenimiento:<\/strong> No te gastes el dinero en limpiezas profundas y costosas, aplica tras cada uso o una vez a la semana el Limpiador y cuida tu equipo.<\/li>\n<\/ul>\n<p><strong>Precauzioni:<\/strong><\/p>\n<ul>\n<li><strong>Uso Externo:<\/strong> Este producto est\u00e1 dise\u00f1ado para uso externo \u00fanicamente.<\/li>\n<li><strong>Almacenamiento:<\/strong> Conservar en un lugar fresco y seco, alejado de fuentes de calor y fuera del alcance de los ni\u00f1os.<\/li>\n<li><strong>Prueba Previa:<\/strong> Antes de su uso en materiales delicados, realizar una prueba en una zona discreta para asegurar la compatibilidad.<\/li>\n<\/ul>\n<p><strong>Opiniones de Usuarios:<\/strong><\/p>\n<p>Los deportistas y moteros nos cuentan que es muy eficaz, elimina 100% los olores en cuesti\u00f3n de minutos y devuvele la higiene de sus cascos y protectores. Muchos valoran su facilidad de uso y el r\u00e1pido tiempo de secado, lo que les permite utilizar el casco nuevamente en poco tiempo.<\/p>\n<p><strong>Conclusione:<\/strong><\/p>\n<p>El Desodorante de Cascos SPSIL es una herramienta esencial para quienes buscan mantener sus cascos en condiciones \u00f3ptimas, garantizando una experiencia m\u00e1s c\u00f3moda y segura. Su f\u00f3rmula avanzada y su facilidad de uso lo convierten en una opci\u00f3n preferida para motociclistas, ciclistas y deportistas en general.<\/p>","protected":false},"excerpt":{"rendered":"<p>Lui <strong>Deodorante per casco SPSIL<\/strong> es la soluci\u00f3n perfecta para mantener tus cascos frescos y libres de malos olores. Su f\u00f3rmula avanzada elimina bacterias, hongos y humedad, previniendo la acumulaci\u00f3n de malos olores y manteniendo un ambiente higi\u00e9nico en el interior del casco.<\/p>\n<p>Es ideal para todo tipo de cascos, incluyendo los de moto, bicicleta y deportes, y es especialmente \u00fatil para aquellos que usan sus cascos de forma frecuente o en condiciones de calor y humedad. Este desodorante en spray tiene un efecto de secado r\u00e1pido, permitiendo que el casco est\u00e9 listo para usar en pocos minutos. F\u00e1cil de aplicar, basta con pulverizar el producto en el interior del casco y dejar actuar durante 5-10 minutos. Adem\u00e1s, su f\u00f3rmula respetuosa con los materiales protege el casco, prolongando su vida \u00fatil y garantizando su m\u00e1ximo rendimiento y comodidad en cada uso.<\/p>","protected":false},"featured_media":5499,"comment_status":"open","ping_status":"closed","template":"","meta":{"_acf_changed":false},"product_brand":[],"product_cat":[642,634,312,630],"product_tag":[963,967,962,964,966,965,28],"class_list":{"0":"post-5495","1":"product","2":"type-product","3":"status-publish","4":"has-post-thumbnail","6":"product_cat-aire-ambiente-eliminador-olores","7":"product_cat-cuidado-vehiculo-interior-aire-ambiente","8":"product_cat-cuidado-vehiculo","9":"product_cat-cuidado-vehiculo-interior","10":"product_tag-desinfectante-casco-moto","11":"product_tag-desodorante-antibacteriano-casco","12":"product_tag-desodorante-casco","13":"product_tag-desodorante-para-bicicleta","14":"product_tag-higiene-casco-moto","15":"product_tag-limpiador-interior-casco","16":"product_tag-spsil","17":"pa_acabado-brillo","18":"pa_color-transparente","19":"pa_espacio-interior","20":"pa_metodo_aplicacion-pulverizado","21":"pa_superficie_aplicacion-ambiente-aire","22":"pa_tamano-400ml","24":"first","25":"instock","26":"taxable","27":"shipping-taxable","28":"purchasable","29":"product-type-variable","30":"wvs-archive-product-wrapper"},"acf":[],"superficies_aplicacion_completo":"Ambiente\/Aire","_links":{"self":[{"href":"https:\/\/spsil.es\/it\/wp-json\/wp\/v2\/product\/5495","targetHints":{"allow":["GET"]}}],"collection":[{"href":"https:\/\/spsil.es\/it\/wp-json\/wp\/v2\/product"}],"about":[{"href":"https:\/\/spsil.es\/it\/wp-json\/wp\/v2\/types\/product"}],"replies":[{"embeddable":true,"href":"https:\/\/spsil.es\/it\/wp-json\/wp\/v2\/comments?post=5495"}],"version-history":[{"count":0,"href":"https:\/\/spsil.es\/it\/wp-json\/wp\/v2\/product\/5495\/revisions"}],"wp:featuredmedia":[{"embeddable":true,"href":"https:\/\/spsil.es\/it\/wp-json\/wp\/v2\/media\/5499"}],"wp:attachment":[{"href":"https:\/\/spsil.es\/it\/wp-json\/wp\/v2\/media?parent=5495"}],"wp:term":[{"taxonomy":"product_brand","embeddable":true,"href":"https:\/\/spsil.es\/it\/wp-json\/wp\/v2\/product_brand?post=5495"},{"taxonomy":"product_cat","embeddable":true,"href":"https:\/\/spsil.es\/it\/wp-json\/wp\/v2\/product_cat?post=5495"},{"taxonomy":"product_tag","embeddable":true,"href":"https:\/\/spsil.es\/it\/wp-json\/wp\/v2\/product_tag?post=5495"}],"curies":[{"name":"wp","href":"https:\/\/api.w.org\/{rel}","templated":true}]}}