{"id":5239,"date":"2024-11-11T15:52:19","date_gmt":"2024-11-11T14:52:19","guid":{"rendered":"https:\/\/spsil.es\/?post_type=product&#038;p=5239"},"modified":"2025-12-02T10:40:03","modified_gmt":"2025-12-02T09:40:03","slug":"limpiador-desoxidante-spsil","status":"publish","type":"product","link":"https:\/\/spsil.es\/it\/aceites-lubricantes\/aceites-lubricantes-serie-profesional\/limpiador-desoxidante-spsil\/","title":{"rendered":"Limpiador Desoxidante SPSIL"},"content":{"rendered":"<h2><strong>Limpiador Desoxidante SPSIL\u00a0<\/strong><\/h2>\n<p>El <strong>Limpiador Desoxidante SPSIL<\/strong> es perfecta para eliminar el \u00f3xido, la corrosi\u00f3n y la suciedad incrustada de elementos tales como metales como acero, hierro, aluminio y m\u00e1s. Tras su aplicaci\u00f3n, gracias a su f\u00f3rmula avanzada act\u00faa r\u00e1pidamente, disuelve y elimina el \u00f3xido, restaurando la apariencia y su funcionalidad. No solo es un producto de limpieza que combate el \u00f3xido, sino que mejora la durabilidad y protege en el futuro de la corrosi\u00f3n.<\/p>\n<p>Este limpiador no puede faltar en casa o en entornos industriales. Te servir\u00e1 para restaurar y mantener piezas de maquinaria, veh\u00edculos, herramientas y equipos expuestos a condiciones ambientales dif\u00edciles.<\/p>\n<p><strong>Caracter\u00edsticas Principales:<\/strong><\/p>\n<ul>\n<li><strong>Eliminaci\u00f3n R\u00e1pida de \u00d3xido y Corrosi\u00f3n<\/strong>: Tiene la capacidad de eliminar de forma r\u00e1pida el \u00f3xido y la corrosi\u00f3n de superficies met\u00e1licas. Es perfecto para una limpieza en profundidad sin da\u00f1ar las superficies.<\/li>\n<li><strong>Restauraci\u00f3n del Brillo Original<\/strong>: Devuelve el brillo original a tus piezas met\u00e1licas, casi un imposible, sin ara\u00f1azos y sin residuos.<\/li>\n<li><strong>Acci\u00f3n R\u00e1pida y Eficaz<\/strong>: Fant\u00e1stica f\u00f3rmula de acci\u00f3n r\u00e1pida que eliminar\u00e1 en un abrir y cerrar de ojos el \u00f3xido y la cal de elementos met\u00e1licos.<\/li>\n<li><strong>Versatilidad de Aplicaci\u00f3n<\/strong>: Puedes aplicarlo en distintos tipos de metales, como acero, hierro y aluminio, as\u00ed como en maquinaria, herramientas y veh\u00edculos.<\/li>\n<li><strong>Protecci\u00f3n a Largo Plazo<\/strong>: Previene la formaci\u00f3n de \u00f3xido en el futuro y la corrosi\u00f3n.<\/li>\n<\/ul>\n<p><strong>Usos Recomendados:<\/strong> El Limpiador Desoxidante SPSIL es ideal para una variedad de aplicaciones industriales, mec\u00e1nicas y de mantenimiento dom\u00e9stico, incluidas las siguientes:<\/p>\n<ul>\n<li><strong>Metales<\/strong>: Puedes aplicarlo en piezas met\u00e1licas, eliminar el \u00f3xido y la cal, como en grifos sin da\u00f1ar la superficies.<\/li>\n<li><strong>Veh\u00edculos y Maquinaria<\/strong>: Perfecto para restaurar componentes de veh\u00edculos y maquinaria que est\u00e1n expuestos a la humedad y la corrosi\u00f3n. Ideal para piezas met\u00e1licas que necesitan ser protegidas y limpiadas despu\u00e9s de per\u00edodos de exposici\u00f3n a condiciones extremas.<\/li>\n<li><strong>Herramientas y Equipos<\/strong>: Herramientas, electrodom\u00e9sticos y equipos met\u00e1licos que han acumulado \u00f3xido y suciedad quedar\u00e1n como nuevos tras aplicar el producto.<\/li>\n<li><strong>Sistemas de Fontaner\u00eda<\/strong>: Es \u00fatil para eliminar el \u00f3xido y la corrosi\u00f3n en las partes met\u00e1licas de las tuber\u00edas y grifos, especialmente en \u00e1reas con alta humedad.<\/li>\n<\/ul>\n<p><strong>Beneficios Clave:<\/strong><\/p>\n<ol>\n<li><strong>Limpieza Profunda<\/strong>: Elimina el \u00f3xido y la corrosi\u00f3n de forma r\u00e1pida, lo que mejora la apariencia y funcionalidad de las piezas met\u00e1licas.<\/li>\n<li><strong>F\u00e1cil Aplicaci\u00f3n<\/strong>: Su formato en spray facilita la aplicaci\u00f3n directa y precisa sobre las superficies afectadas, asegurando una distribuci\u00f3n uniforme del producto.<\/li>\n<li><strong>Restauraci\u00f3n Est\u00e9tica<\/strong>: Deja las superficies limpias y restauradas, mejorando la apariencia de los materiales met\u00e1licos.<\/li>\n<li><strong>Prevenci\u00f3n de la Corrosi\u00f3n Futura<\/strong>: Protege las superficies tratadas de la oxidaci\u00f3n futura, lo que prolonga la vida \u00fatil de los componentes.<\/li>\n<li><strong>Acci\u00f3n R\u00e1pida y Eficaz<\/strong>: Ideal para aquellos que necesitan resultados r\u00e1pidos y efectivos sin tener que esperar mucho tiempo.<\/li>\n<\/ol>\n<p><strong>Usos Comunes<\/strong>:<\/p>\n<ul>\n<li>Ideal para <strong>veh\u00edculos<\/strong>, <strong>motores<\/strong>, <strong>herramientas<\/strong> y <strong>maquinaria industrial<\/strong>.<\/li>\n<li>Perfecto para <strong>tuber\u00edas<\/strong> y <strong>equipos de fontaner\u00eda<\/strong> met\u00e1licos.<\/li>\n<li>Restauraci\u00f3n de <strong>materiales met\u00e1licos de uso dom\u00e9stico<\/strong>, como <strong>grifer\u00edas<\/strong> y <strong>ventanas<\/strong>.<\/li>\n<\/ul>\n<p><strong>Preguntas Frecuentes (FAQs):<\/strong><\/p>\n<ol>\n<li><strong>\u00bfEs seguro utilizar el Limpiador Desoxidante SPSIL en superficies delicadas? <\/strong>S\u00ed, puedes aplicar el Limpiador en acero, hierro y aluminio con total tranquilidad y obtener resultados impecables.<\/li>\n<li><strong>\u00bfPuedo usarlo en componentes de veh\u00edculos? <\/strong>S\u00ed, es ideal para piezas met\u00e1licas de veh\u00edculos, como ruedas, frenos y otras partes expuestas a la humedad y corrosi\u00f3n.<\/li>\n<li><strong>\u00bfEl Limpiador Desoxidante SPSIL deja residuos? <\/strong>No, deja que act\u00fae adecuadamente, tal como indica el envase, y ver\u00e1s resultados profesionales sin rastro de residuos.<\/li>\n<li><strong>\u00bfCu\u00e1nto tiempo debo dejar actuar el producto antes de limpiarlo? <\/strong>Se recomienda dejar que el Limpiador Desoxidante SPSIL act\u00fae de 1 a 5 minutos antes de limpiar o enjuagar las superficies tratadas.<\/li>\n<li><strong>\u00bfEs adecuado para usar en ambientes exteriores? <\/strong>S\u00ed, es adecuado tanto para aplicaciones interiores como exteriores, especialmente en \u00e1reas donde los metales est\u00e1n expuestos a condiciones h\u00famedas y corrosivas.<\/li>\n<\/ol>","protected":false},"excerpt":{"rendered":"<div class=\"flex max-w-full flex-col flex-grow\">\n<div class=\"min-h-8 text-message flex w-full flex-col items-end gap-2 whitespace-normal break-words [.text-message+&amp;]:mt-5\" dir=\"auto\" data-message-author-role=\"assistant\" data-message-id=\"ef24cbd7-2e9a-4042-88dd-9874a25afb0a\" data-message-model-slug=\"gpt-4o-mini\">\n<div class=\"flex w-full flex-col gap-1 empty:hidden first:pt-[3px]\">\n<div class=\"markdown prose w-full break-words dark:prose-invert dark\">\n<p>El <strong>Limpiador Desoxidante SPSIL<\/strong> es la soluci\u00f3n ideal para eliminar \u00f3xido y corrosi\u00f3n de superficies met\u00e1licas, restaurando el brillo original y mejorando la funcionalidad. Su f\u00f3rmula avanzada act\u00faa r\u00e1pidamente para disolver el \u00f3xido, la suciedad y los contaminantes en metales como acero, hierro y aluminio, protegiendo las piezas tratadas de futuros da\u00f1os. Este producto es perfecto para una variedad de aplicaciones, incluyendo la restauraci\u00f3n de componentes met\u00e1licos en veh\u00edculos, maquinaria, herramientas y equipos expuestos a condiciones extremas, como humedad o suciedad.<\/p>\n<p>Su acci\u00f3n r\u00e1pida y eficiente permite un proceso de limpieza sin complicaciones, mientras que su f\u00f3rmula de secado r\u00e1pido asegura que las superficies queden listas para su uso inmediato. Adem\u00e1s, deja una capa protectora que previene la formaci\u00f3n de \u00f3xido, prolongando la vida \u00fatil de los componentes tratados. Ideal para mantener la integridad de tus equipos y maquinaria.<\/p>\n<\/div>\n<\/div>\n<\/div>\n<\/div>","protected":false},"featured_media":5244,"comment_status":"open","ping_status":"closed","template":"","meta":{"_acf_changed":false},"product_brand":[],"product_cat":[769,313],"product_tag":[887,888,891,886,890,893,892,889,28],"class_list":{"0":"post-5239","1":"product","2":"type-product","3":"status-publish","4":"has-post-thumbnail","6":"product_cat-aceites-lubricantes-serie-profesional","7":"product_cat-aceites-lubricantes","8":"product_tag-desoxidante-para-metales","9":"product_tag-eliminador-de-corrosion","10":"product_tag-limpiador-de-hierro-y-acero","11":"product_tag-limpiador-de-oxido","12":"product_tag-limpiador-de-superficies-metalicas","13":"product_tag-limpiador-para-maquinaria-y-herramientas","14":"product_tag-proteccion-contra-la-oxidacion","15":"product_tag-restaurador-de-brillo","16":"product_tag-spsil","17":"pa_acabado-brillo","18":"pa_color-transparente","19":"pa_espacio-exterior","20":"pa_metodo_aplicacion-pulverizado","21":"pa_superficie_aplicacion-metal","22":"pa_tamano-250ml","23":"pa_tamano-500ml","25":"first","26":"instock","27":"taxable","28":"shipping-taxable","29":"purchasable","30":"product-type-variable","31":"wvs-archive-product-wrapper"},"acf":[],"superficies_aplicacion_completo":"Metal","_links":{"self":[{"href":"https:\/\/spsil.es\/it\/wp-json\/wp\/v2\/product\/5239","targetHints":{"allow":["GET"]}}],"collection":[{"href":"https:\/\/spsil.es\/it\/wp-json\/wp\/v2\/product"}],"about":[{"href":"https:\/\/spsil.es\/it\/wp-json\/wp\/v2\/types\/product"}],"replies":[{"embeddable":true,"href":"https:\/\/spsil.es\/it\/wp-json\/wp\/v2\/comments?post=5239"}],"version-history":[{"count":0,"href":"https:\/\/spsil.es\/it\/wp-json\/wp\/v2\/product\/5239\/revisions"}],"wp:featuredmedia":[{"embeddable":true,"href":"https:\/\/spsil.es\/it\/wp-json\/wp\/v2\/media\/5244"}],"wp:attachment":[{"href":"https:\/\/spsil.es\/it\/wp-json\/wp\/v2\/media?parent=5239"}],"wp:term":[{"taxonomy":"product_brand","embeddable":true,"href":"https:\/\/spsil.es\/it\/wp-json\/wp\/v2\/product_brand?post=5239"},{"taxonomy":"product_cat","embeddable":true,"href":"https:\/\/spsil.es\/it\/wp-json\/wp\/v2\/product_cat?post=5239"},{"taxonomy":"product_tag","embeddable":true,"href":"https:\/\/spsil.es\/it\/wp-json\/wp\/v2\/product_tag?post=5239"}],"curies":[{"name":"wp","href":"https:\/\/api.w.org\/{rel}","templated":true}]}}