{"id":5198,"date":"2024-11-11T13:05:37","date_gmt":"2024-11-11T12:05:37","guid":{"rendered":"https:\/\/spsil.es\/?post_type=product&#038;p=5198"},"modified":"2025-09-10T15:07:30","modified_gmt":"2025-09-10T13:07:30","slug":"grasa-de-litio-serie-profesional-spsil","status":"publish","type":"product","link":"https:\/\/spsil.es\/it\/aceites-lubricantes\/aceites-lubricantes-serie-profesional\/grasa-de-litio-serie-profesional-spsil\/","title":{"rendered":"Grasa de Litio &#8211; Serie Profesional SPSIL"},"content":{"rendered":"<h2><strong>Grasa de Litio &#8211; Serie Profesional SPSIL<\/strong><\/h2>\n<p>La <strong>Grasa de Litio &#8211; Serie Profesional SPSIL<\/strong> aporta lubricaci\u00f3n y protecci\u00f3n a largo plazo contra la corrosi\u00f3n y el desgaste de componentes met\u00e1licos de mecanismos que requieren un funcionamiento suave y sin fricci\u00f3n, como maquinaria pesada, sistemas de frenado, cadenas de bicicletas y componentes automotrices. Cuenta con alta resistencia a altas temperaturas, as\u00ed como a ambientes h\u00famedos, haciendola ideal para exterior como interior, tanto en entornos industriales como en el hogar. Esta grasa blanca no solo proporciona una lubricaci\u00f3n eficaz, sino que tambi\u00e9n act\u00faa como una barrera protectora contra la corrosi\u00f3n y el desgaste de componentes met\u00e1licos.<\/p>\n<p>Puedes aplicarla para obtener una correcta y m\u00e1xima lubricaci\u00f3n en maquinaria pesada, sistemas de frenado, cadenas de bicicletas y componentes automotrices, la Grasa de Litio SPSIL mejora la eficiencia y prolonga la vida \u00fatil de sus equipos. Perfecta para un mantenimiento constante, esta grasa es especialmente \u00fatil en aplicaciones que enfrentan altas temperaturas, agua y polvo.<\/p>\n<p><strong>Caracter\u00edsticas<\/strong><\/p>\n<ul>\n<li><strong>Lubricaci\u00f3n Resistente:<\/strong> Su f\u00f3rmula est\u00e1 dise\u00f1ada para ofrecer una lubricaci\u00f3n continua que reduce la fricci\u00f3n y el desgaste en componentes clave.<\/li>\n<li><strong>Protecci\u00f3n contra la Corrosi\u00f3n:<\/strong> Forma una capa protectora que resiste la humedad y el ox\u00edgeno, evitando la formaci\u00f3n de \u00f3xido y prolongando la vida \u00fatil de los equipos.<\/li>\n<li><strong>Alta Adherencia:<\/strong> La consistencia de la grasa asegura que se adhiera de manera eficiente a las superficies, proporcionando protecci\u00f3n duradera sin goteo.<\/li>\n<li><strong>Resistencia a Condiciones Extremas:<\/strong> Ideal para aplicaciones en condiciones de calor, humedad y polvo, manteniendo la eficacia en un rango de temperaturas amplias.<\/li>\n<li><strong>F\u00e1cil Aplicaci\u00f3n:<\/strong> Gracias a su pulverizador de doble acci\u00f3n, la grasa se distribuye de manera precisa y uniforme, asegurando una aplicaci\u00f3n eficaz en todo tipo de superficies.<\/li>\n<\/ul>\n<p><strong>Usos Comunes<\/strong><\/p>\n<ul>\n<li><strong>Maquinaria pesada y equipos industriales:<\/strong> Ideal para engranajes, mecanismos de movimiento y componentes de maquinaria que requieren una protecci\u00f3n constante contra la fricci\u00f3n.<\/li>\n<li><strong>Cadenas y sistemas de frenos:<\/strong> Protege y lubrica las cadenas de bicicletas, motocicletas y maquinaria industrial, asegurando un funcionamiento m\u00e1s suave y duradero.<\/li>\n<li><strong>Puertas, bisagras y ventanas:<\/strong> Perfecta para mantener el movimiento de puertas y ventanas corredizas, lubricando bisagras y otros mecanismos met\u00e1licos.<\/li>\n<li><strong>Componentes automotrices:<\/strong> Ideal para piezas expuestas a altas temperaturas y condiciones extremas en veh\u00edculos, como ejes, engranajes y sistemas de transmisi\u00f3n.<\/li>\n<li><strong>Herramientas y mecanismos dom\u00e9sticos:<\/strong> Lubrica herramientas de jard\u00edn, cortac\u00e9spedes, y otros mecanismos en el hogar que requieran una protecci\u00f3n duradera.<\/li>\n<\/ul>\n<p><strong>Modo de Empleo<\/strong><\/p>\n<ol>\n<li><strong>Preparaci\u00f3n:<\/strong> Aseg\u00farese de que la superficie est\u00e9 limpia antes de aplicar la grasa.<\/li>\n<li><strong>Aplicaci\u00f3n:<\/strong> Agite bien el envase y pulverice sobre la superficie a lubricar, cubriendo toda el \u00e1rea de manera uniforme.<\/li>\n<li><strong>Distribuci\u00f3n:<\/strong> Aplique de manera precisa utilizando el pulverizador de doble acci\u00f3n, asegurando que la grasa cubra todos los componentes necesarios.<\/li>\n<li><strong>Secado:<\/strong> Deje secar la grasa antes de utilizar el mecanismo para garantizar una lubricaci\u00f3n efectiva y duradera.<\/li>\n<\/ol>\n<p><strong>Precauciones<\/strong><\/p>\n<ul>\n<li>Mantener alejado del alcance de los ni\u00f1os.<\/li>\n<li>Evitar el contacto con los ojos. En caso de contacto ocular, enjuagar con abundante agua.<\/li>\n<li>No aplicar cerca de fuentes de calor ni llamas.<\/li>\n<\/ul>\n<p><strong>FAQs (Preguntas Frecuentes)<\/strong><\/p>\n<ol>\n<li><strong>\u00bfD\u00f3nde puedo usar la Grasa de Litio SPSIL?<\/strong> La Grasa de Litio SPSIL es ideal para aplicaciones industriales, mec\u00e1nicas y dom\u00e9sticas. Se puede usar en maquinaria, frenos, bicicletas, herramientas y componentes automotrices.<\/li>\n<li><strong>\u00bfPuede utilizarse en sistemas de frenado?<\/strong> S\u00ed, es perfecta para aplicaciones como frenos y engranajes, ya que proporciona una lubricaci\u00f3n constante y resistente, incluso en condiciones extremas.<\/li>\n<li><strong>\u00bfLa grasa deja residuos?<\/strong> No, la Grasa de Litio SPSIL no deja residuos pegajosos. Su f\u00f3rmula garantiza una aplicaci\u00f3n limpia, sin goteo ni suciedad residual.<\/li>\n<li><strong>\u00bfEs resistente al agua y la humedad?<\/strong> S\u00ed, esta grasa es altamente resistente a la humedad, lo que la convierte en una excelente opci\u00f3n para aplicaciones expuestas a ambientes h\u00famedos.<\/li>\n<li><strong>\u00bfEs adecuada para aplicaciones a altas temperaturas?<\/strong> S\u00ed, la Grasa de Litio SPSIL est\u00e1 formulada para resistir altas temperaturas sin perder sus propiedades lubricantes, lo que la hace ideal para maquinaria que opera en condiciones extremas.<\/li>\n<\/ol>","protected":false},"excerpt":{"rendered":"<p>La <strong>Grasa de Litio &#8211; Serie Profesional SPSIL<\/strong> es un lubricante avanzado ideal para aplicaciones industriales y dom\u00e9sticas que requieren una lubricaci\u00f3n duradera y eficaz. Su f\u00f3rmula proporciona una excelente protecci\u00f3n contra la fricci\u00f3n, el desgaste, la humedad y la corrosi\u00f3n, lo que la convierte en una opci\u00f3n perfecta para una amplia variedad de usos. Esta grasa se adhiere firmemente a las superficies sin gotear, asegurando una lubricaci\u00f3n continua incluso en condiciones extremas de calor y humedad.<\/p>\n<p>Es ideal para la lubricaci\u00f3n de engranajes, cojinetes, cadenas de bicicletas, sistemas de frenos y otros componentes met\u00e1licos. Tambi\u00e9n se utiliza en puertas, bisagras, ventanas corredizas, maquinaria pesada y equipos automotrices. Su resistencia al agua y su r\u00e1pida adherencia hacen que sea perfecta para ambientes industriales, agr\u00edcolas y dom\u00e9sticos. Gracias a su acci\u00f3n duradera, prolonga la vida \u00fatil de los equipos, mejorando su rendimiento y funcionamiento.<\/p>","protected":false},"featured_media":6036,"comment_status":"open","ping_status":"closed","template":"","meta":{"_acf_changed":false},"product_brand":[],"product_cat":[769,313],"product_tag":[808,857,812,859,858,809,842,803,28],"class_list":{"0":"post-5198","1":"product","2":"type-product","3":"status-publish","4":"has-post-thumbnail","6":"product_cat-aceites-lubricantes-serie-profesional","7":"product_cat-aceites-lubricantes","8":"product_tag-grasa-blanca","9":"product_tag-grasa-de-litio","10":"product_tag-grasa-para-maquinaria","11":"product_tag-grasa-para-rodamientos-y-cadenas","12":"product_tag-lubricacion-de-alta-temperatura","13":"product_tag-lubricante-industrial","14":"product_tag-lubricante-para-vehiculos","15":"product_tag-proteccion-contra-la-corrosion","16":"product_tag-spsil","17":"pa_acabado-brillo","18":"pa_color-blanco","19":"pa_espacio-exterior","20":"pa_metodo_aplicacion-pulverizado","21":"pa_metodo_aplicacion-trapo","22":"pa_superficie_aplicacion-bisagras","23":"pa_superficie_aplicacion-cadenas","24":"pa_superficie_aplicacion-cerraduras","25":"pa_superficie_aplicacion-equipos-hogar","26":"pa_superficie_aplicacion-maquinaria-industrial","27":"pa_tamano-150-ml","28":"pa_tamano-200-ml","29":"pa_tamano-400ml","31":"first","32":"instock","33":"taxable","34":"shipping-taxable","35":"purchasable","36":"product-type-variable","37":"has-default-attributes","38":"wvs-archive-product-wrapper"},"acf":[],"superficies_aplicacion_completo":"Bisagras, Cadenas, Cerraduras, Equipos del Hogar, Maquinaria Industrial","_links":{"self":[{"href":"https:\/\/spsil.es\/it\/wp-json\/wp\/v2\/product\/5198","targetHints":{"allow":["GET"]}}],"collection":[{"href":"https:\/\/spsil.es\/it\/wp-json\/wp\/v2\/product"}],"about":[{"href":"https:\/\/spsil.es\/it\/wp-json\/wp\/v2\/types\/product"}],"replies":[{"embeddable":true,"href":"https:\/\/spsil.es\/it\/wp-json\/wp\/v2\/comments?post=5198"}],"version-history":[{"count":0,"href":"https:\/\/spsil.es\/it\/wp-json\/wp\/v2\/product\/5198\/revisions"}],"wp:featuredmedia":[{"embeddable":true,"href":"https:\/\/spsil.es\/it\/wp-json\/wp\/v2\/media\/6036"}],"wp:attachment":[{"href":"https:\/\/spsil.es\/it\/wp-json\/wp\/v2\/media?parent=5198"}],"wp:term":[{"taxonomy":"product_brand","embeddable":true,"href":"https:\/\/spsil.es\/it\/wp-json\/wp\/v2\/product_brand?post=5198"},{"taxonomy":"product_cat","embeddable":true,"href":"https:\/\/spsil.es\/it\/wp-json\/wp\/v2\/product_cat?post=5198"},{"taxonomy":"product_tag","embeddable":true,"href":"https:\/\/spsil.es\/it\/wp-json\/wp\/v2\/product_tag?post=5198"}],"curies":[{"name":"wp","href":"https:\/\/api.w.org\/{rel}","templated":true}]}}