{"id":5019,"date":"2024-11-07T11:57:13","date_gmt":"2024-11-07T10:57:13","guid":{"rendered":"https:\/\/spsil.es\/?post_type=product&#038;p=5019"},"modified":"2026-04-15T09:41:22","modified_gmt":"2026-04-15T07:41:22","slug":"limpia-salpicaderos-abrillantador-spsil","status":"publish","type":"product","link":"https:\/\/spsil.es\/it\/cuidado-vehiculo\/cuidado-vehiculo-interior\/cuidado-vehiculo-interior-salpicadero\/sapilcadero-efecto-satinado\/limpia-salpicaderos-abrillantador-spsil\/","title":{"rendered":"Limpia Salpicaderos Abrillantador SPSIL"},"content":{"rendered":"<h3>Limpiador de Salpicadero SPSIL<\/h3>\n<p>El Limpiador de Salpicadero SPSIL con Abrillantador Efecto Satinado te permite mantener en perfecto estado el salpicadero de tu veh\u00edculo, libre de polvo y otras impurezas.\u00a0 Este limpiador no solo limpia y acondiciona, sino que tambi\u00e9n protege las superficies de goma, cuero, vinilo y pl\u00e1stico y repele el polvo y la suciedad. Es perfecto para mantener durante m\u00e1s tiempo el brillo de tu salpicadero.<\/p>\n<p>Habr\u00e1s comprobado que tener el coche durante largos periodos de tiempo expuesto a la luz UV del Sol hace que el salpicadero se desgaste, decolora y agrieta, este limpiador act\u00faa como una barrera protectora contra los efectos nocivos de la radiaci\u00f3n UV, prolonga la vida \u00fatil y el aspecto de tu veh\u00edculo. Es el momento de apostar por la calidad y por una hidrataci\u00f3n profunda, mantener el aspecto original y evitar el envejecimiento prematuro de tu salpicadero.<\/p>\n<p>Simplemente roc\u00eda el producto sobre la superficie deseada, frota con un pa\u00f1o limpio y seco, y disfruta de un acabado brillante y no pegajoso.<\/p>\n<h4>Caracter\u00edsticas<\/h4>\n<ul>\n<li><strong>Limpieza Profunda<\/strong>:\u00a0 L\u00edbrate del polvo, manchas y residuos de suciedad de tu salpicadero.<\/li>\n<li><strong>Protecci\u00f3n UV Avanzada<\/strong>: Protege de futuros da\u00f1os a la exposici\u00f3n solar y la decoloraci\u00f3n, as\u00ed como a las ralladuras provocadas por el exceso de polvo.<\/li>\n<li><strong>F\u00e1cil Aplicaci\u00f3n<\/strong>: Su dise\u00f1o pulverizador permite una aplicaci\u00f3n r\u00e1pida y sin esfuerzo, ideal para cualquier persona, ya sea un entusiasta del automovilismo o un conductor ocasional.<\/li>\n<li><strong>Acabado No Pegajoso<\/strong>: Tendr\u00e1s un brillo duradero y sin restos pegajosos, lo que asegura que tu interior se vea bien y se sienta c\u00f3modo.<\/li>\n<li><strong>Versatilidad de Uso<\/strong>: Adecuado para su uso en salpicaderos, paneles de puertas y otras superficies internas del veh\u00edculo, lo que lo convierte en un producto multifuncional.<\/li>\n<\/ul>\n<h4>Instrucciones de Uso<\/h4>\n<ol>\n<li><strong>Preparaci\u00f3n<\/strong>: Aseg\u00farate de que el salpicadero est\u00e9 libre de polvo y suciedad antes de aplicar el producto.<\/li>\n<li><strong>Aplicaci\u00f3n<\/strong>: Agita el envase y pulveriza el limpiador a una distancia de 20-30 cm de la superficie.<\/li>\n<li><strong>Frotar<\/strong>: Utiliza un pa\u00f1o limpio y seco para distribuir el producto uniformemente, asegurando que cada \u00e1rea est\u00e9 bien cubierta.<\/li>\n<li><strong>Secado<\/strong>: Deja que el producto se asiente y seque por completo para un acabado perfecto.<\/li>\n<\/ol>\n<h4>FAQs<\/h4>\n<p><strong>\u00bfSe puede usar en todas las superficies del interior del coche?<\/strong><br \/>\nS\u00ed, el Limpiador de Salpicadero SPSIL es seguro para usar en goma, cuero, vinilo y pl\u00e1stico, asegurando un cuidado completo del interior de tu veh\u00edculo.<\/p>\n<p><strong>\u00bfDeja alg\u00fan residuo despu\u00e9s de su aplicaci\u00f3n?<\/strong><br \/>\nNo, este limpiador est\u00e1 formulado para secar r\u00e1pidamente sin dejar residuos ni olores desagradables, lo que garantiza un acabado limpio y fresco.<\/p>\n<p><strong>\u00bfC\u00f3mo protege el limpiador contra el da\u00f1o UV?<\/strong><br \/>\nIncluye ingredientes especiales que act\u00faan como barrera contra los efectos nocivos de los rayos UV, protegiendo as\u00ed los materiales del interior del veh\u00edculo de la decoloraci\u00f3n y el desgaste.<\/p>\n<p><strong>\u00bfCu\u00e1l es la frecuencia recomendada para usarlo?<\/strong><br \/>\nSe recomienda su uso regular, especialmente si el veh\u00edculo se expone a condiciones clim\u00e1ticas adversas. La frecuencia puede ajustarse seg\u00fan el uso y la suciedad acumulada.<\/p>\n<p><strong>\u00bfEs seguro para usar en veh\u00edculos con pantallas t\u00e1ctiles?<\/strong><br \/>\nS\u00ed, pero se recomienda probar primero en un \u00e1rea peque\u00f1a para asegurarse de que no afecte a la pantalla ni a los materiales sensibles.<\/p>","protected":false},"excerpt":{"rendered":"<p>El <strong>Limpiador de Salpicadero SPSIL<\/strong> con Abrillantador es la soluci\u00f3n ideal para mantener el interior de tu veh\u00edculo en perfectas condiciones. Dise\u00f1ado para limpiar y acondicionar superficies de goma, cuero, vinilo y pl\u00e1stico, este producto no solo elimina la suciedad y las manchas, sino que tambi\u00e9n protege contra el da\u00f1o solar. Su f\u00f3rmula avanzada act\u00faa como una barrera contra los rayos UV, evitando la decoloraci\u00f3n y el desgaste de los materiales con el tiempo.<\/p>\n<p>F\u00e1cil de aplicar, simplemente roc\u00eda el producto y frota con un pa\u00f1o limpio para obtener un acabado brillante y no pegajoso. Este limpiador asegura que tu salpicadero luzca como nuevo, brindando una experiencia de conducci\u00f3n m\u00e1s agradable y c\u00f3moda. Con su capacidad para repeler el polvo y la suciedad, el Limpiador de Salpicadero SPSIL es el aliado perfecto para quienes desean mantener su veh\u00edculo limpio y en \u00f3ptimas condiciones.<\/p>","protected":false},"featured_media":5035,"comment_status":"open","ping_status":"closed","template":"","meta":{"_acf_changed":false},"product_brand":[],"product_cat":[638,637,312,630,631],"product_tag":[737,734,735,738,736,28],"class_list":{"0":"post-5019","1":"product","2":"type-product","3":"status-publish","4":"has-post-thumbnail","6":"product_cat-sapilcadero-efecto-satinado","7":"product_cat-salpicadero-abrillantador","8":"product_cat-cuidado-vehiculo","9":"product_cat-cuidado-vehiculo-interior","10":"product_cat-cuidado-vehiculo-interior-salpicadero","11":"product_tag-limpia-y-abrillanta-el-salpicadero","12":"product_tag-limpiador-de-salpicaderos","13":"product_tag-limpiar-el-salpicadero-del-coche","14":"product_tag-salpicaderos-limpios-y-con-brillo","15":"product_tag-spray-para-limpiar-salpicadero","16":"product_tag-spsil","17":"pa_acabado-brillo","18":"pa_acabado-satinado","19":"pa_color-transparente-brillo-madera","20":"pa_color-transparente-satinado-madera","21":"pa_espacio-interior","22":"pa_metodo_aplicacion-pulverizado","23":"pa_metodo_aplicacion-trapo","24":"pa_superficie_aplicacion-salpicadero","25":"pa_tamano-500ml","27":"first","28":"instock","29":"taxable","30":"shipping-taxable","31":"purchasable","32":"product-type-variable","33":"wvs-archive-product-wrapper"},"acf":[],"superficies_aplicacion_completo":"Salpicadero","_links":{"self":[{"href":"https:\/\/spsil.es\/it\/wp-json\/wp\/v2\/product\/5019","targetHints":{"allow":["GET"]}}],"collection":[{"href":"https:\/\/spsil.es\/it\/wp-json\/wp\/v2\/product"}],"about":[{"href":"https:\/\/spsil.es\/it\/wp-json\/wp\/v2\/types\/product"}],"replies":[{"embeddable":true,"href":"https:\/\/spsil.es\/it\/wp-json\/wp\/v2\/comments?post=5019"}],"version-history":[{"count":0,"href":"https:\/\/spsil.es\/it\/wp-json\/wp\/v2\/product\/5019\/revisions"}],"wp:featuredmedia":[{"embeddable":true,"href":"https:\/\/spsil.es\/it\/wp-json\/wp\/v2\/media\/5035"}],"wp:attachment":[{"href":"https:\/\/spsil.es\/it\/wp-json\/wp\/v2\/media?parent=5019"}],"wp:term":[{"taxonomy":"product_brand","embeddable":true,"href":"https:\/\/spsil.es\/it\/wp-json\/wp\/v2\/product_brand?post=5019"},{"taxonomy":"product_cat","embeddable":true,"href":"https:\/\/spsil.es\/it\/wp-json\/wp\/v2\/product_cat?post=5019"},{"taxonomy":"product_tag","embeddable":true,"href":"https:\/\/spsil.es\/it\/wp-json\/wp\/v2\/product_tag?post=5019"}],"curies":[{"name":"wp","href":"https:\/\/api.w.org\/{rel}","templated":true}]}}