{"id":4979,"date":"2024-11-07T09:45:39","date_gmt":"2024-11-07T08:45:39","guid":{"rendered":"https:\/\/spsil.es\/?post_type=product&#038;p=4979"},"modified":"2026-04-15T09:41:13","modified_gmt":"2026-04-15T07:41:13","slug":"reparador-de-pinchados-spsil","status":"publish","type":"product","link":"https:\/\/spsil.es\/it\/cuidado-vehiculo\/cuidado-vehiculo-exterior\/cuidado-vehiculo-exterior-ruedas\/ruedas-reparador-pinchazos\/reparador-de-pinchados-spsil\/","title":{"rendered":"Reparador de Pinchazos SPSIL"},"content":{"rendered":"<h2><strong>Reparador de Pinchados SPSIL<\/strong><\/h2>\n<p>El <strong>Spray Reparador de Pinchazos SPSIL<\/strong> es un producto que NO puede faltar en tu veh\u00edculo, ya sea para ir en coche, bici o motocicleta, viajar con remolque, caravana o autocaravana puede salvarte de situaciones desagradables y contratiempos en carretera. A pesar de revisar tu veh\u00edculo antes de un largo viaje o pasar las revisiones pertinentes, puedes sufrir un pinchazo en carretera, con este spray sentir\u00e1s la seguridad y tranquilidad de poder llegar al taller m\u00e1s cercano, ya que sellar\u00e1 y reparar\u00e1 tu neum\u00e1tico en situaciones de emergencia sin necesidad de cambiar la rueda en situaciones peligrosas como en una autov\u00eda.<\/p>\n<p>Su f\u00f3rmula avanzada act\u00faa de inmediato, sellando eficazmente cualquier perforaci\u00f3n en el neum\u00e1tico y ser\u00e1 una soluci\u00f3n temporal que te permite llegar a un taller o servicio mec\u00e1nico para una reparaci\u00f3n permanente, asegurando as\u00ed que tu viaje no se vea comprometido.. Esto significa que puedes enfrentar pinchazos de manera efectiva y continuar tu trayecto con confianza.<\/p>\n<p>La aplicaci\u00f3n es incre\u00edblemente sencilla y r\u00e1pida. Con un dise\u00f1o ergon\u00f3mico, el envase est\u00e1 pensado para que cualquier persona pueda usarlo sin complicaciones. Solo necesitas agitar el envase, conectar la boquilla al neum\u00e1tico afectado y aplicar el contenido. En cuesti\u00f3n de minutos, podr\u00e1s seguir adelante, asegurando as\u00ed tu seguridad y tranquilidad. Con el Spray Repara Pinchazos, no solo te proteges de contratiempos, sino que tambi\u00e9n te garantizas un viaje sin estr\u00e9s, permiti\u00e9ndote disfrutar del camino sin preocupaciones.<\/p>\n<p><strong>Caracter\u00edsticas<\/strong><\/p>\n<ul>\n<li><strong>Versatilidad:<\/strong> Dispones de dos tipos de Spray, uno en formato de 200 ml es efectivo para neum\u00e1ticos de motocicletas y bicicletas, lo que lo convierte en una soluci\u00f3n multifuncional y, por otro lado, el formato de 450 ml es perfecto para neum\u00e1ticos de coche, caravana o veh\u00edculos m\u00e1s pesados.<\/li>\n<li><strong>Sellado R\u00e1pido:<\/strong> Es de acci\u00f3n inmediata y te permitir\u00e1 llegar al taller m\u00e1s cercano sin cambiar la rueda.<\/li>\n<li><strong>F\u00e1cil de Usar:<\/strong> Con instrucciones claras y un dise\u00f1o intuitivo, cualquier persona puede utilizarlo con facilidad.<\/li>\n<li><strong>F\u00f3rmula Avanzada:<\/strong> Desarrollada para sellar perforaciones de manera efectiva, asegurando que puedas continuar tu viaje con confianza.<\/li>\n<li><strong>Ideal para Emergencias:<\/strong> Te permite seguir en movimiento hasta llegar a un taller, d\u00e1ndote la tranquilidad de que est\u00e1s preparado para cualquier imprevisto.<\/li>\n<\/ul>\n<p><strong>Modo de Empleo<\/strong><\/p>\n<ol>\n<li><strong>Agitar bien antes de usar:<\/strong> Aseg\u00farate de que el contenido est\u00e9 bien mezclado.<\/li>\n<li><strong>Retirar el objeto visible del pinchazo:<\/strong> Limpia cualquier objeto que haya causado la perforaci\u00f3n.<\/li>\n<li><strong>Conectar la boquilla al neum\u00e1tico:<\/strong> Aseg\u00farate de que la conexi\u00f3n sea segura.<\/li>\n<li><strong>Aplicar el contenido:<\/strong> Pulsa el envase para permitir que el spray llene la fuga.<\/li>\n<li><strong>Conducir durante unos kil\u00f3metros:<\/strong> Esto permite que el producto se distribuya y selle efectivamente el neum\u00e1tico.<\/li>\n<\/ol>\n<p><strong>FAQs<\/strong><\/p>\n<ol>\n<li><strong>\u00bfEste producto es seguro para todos los neum\u00e1ticos?<\/strong> S\u00ed, el Spray Reparador de Pinchazos SPSIL es seguro y efectivo tanto para neum\u00e1ticos de autom\u00f3viles como de bicicletas y motocicletas.<\/li>\n<li><strong>\u00bfCu\u00e1nto tiempo tarda en hacer efecto?<\/strong> El sellado es inmediato y, generalmente, puedes seguir tu camino en minutos, pero IMPORTANTE dirigirte al taller m\u00e1s cercano.<\/li>\n<li><strong>\u00bfFunciona en pinchazos grandes?<\/strong> Es ideal para peque\u00f1os pinchazos; no se recomienda para da\u00f1os extensos o en la estructura del neum\u00e1tico.<\/li>\n<li><strong>\u00bfQu\u00e9 debo hacer despu\u00e9s de aplicar el spray?<\/strong> Es recomendable conducir durante unos kil\u00f3metros para asegurar el sellado y revisar el neum\u00e1tico posteriormente.<\/li>\n<li><strong>\u00bfPuedo usar este spray en condiciones h\u00famedas?<\/strong> S\u00ed, es eficaz incluso en condiciones h\u00famedas, pero se recomienda aplicarlo en un \u00e1rea ventilada para asegurar una mayor efectividad.<\/li>\n<\/ol>\n<p>Este producto es una inversi\u00f3n en tranquilidad, asegurando que est\u00e9s siempre preparado para cualquier eventualidad en la carretera. No dejes que un pinchazo te detenga; el Spray Repara Pinchazos SPSIL es tu aliado en cada viaje.<\/p>","protected":false},"excerpt":{"rendered":"<div class=\"flex max-w-full flex-col flex-grow\">\n<div class=\"min-h-8 text-message flex w-full flex-col items-end gap-2 whitespace-normal break-words [.text-message+&amp;]:mt-5\" dir=\"auto\" data-message-author-role=\"assistant\" data-message-id=\"9cd34a4c-d96d-4c8b-b8c6-ba8327736e85\" data-message-model-slug=\"gpt-4o-mini\">\n<div class=\"flex w-full flex-col gap-1 empty:hidden first:pt-[3px]\">\n<div class=\"markdown prose w-full break-words dark:prose-invert dark\">\n<p>El <strong>Spray Reparador de Pinchazos SPSIL<\/strong> es tu soluci\u00f3n r\u00e1pida y eficaz para esos imprevistos que pueden ocurrir en la carretera, ya sea en autom\u00f3viles, motocicletas o bicicletas. Dise\u00f1ado para sellar y reparar neum\u00e1ticos de forma inmediata, este spray es imprescindible para cualquier conductor. Su avanzada f\u00f3rmula act\u00faa al instante, permiti\u00e9ndote continuar tu viaje sin la necesidad de cambiar la rueda.<\/p>\n<p>Con una aplicaci\u00f3n sencilla, solo necesitas agitar, conectar la boquilla al neum\u00e1tico afectado y aplicar el contenido. En pocos minutos, podr\u00e1s seguir adelante, asegurando tu seguridad y tranquilidad. Este producto no solo sella la fuga, sino que tambi\u00e9n ofrece una soluci\u00f3n temporal que te permite llegar a un taller mec\u00e1nico para una reparaci\u00f3n definitiva. Con el Spray Repara Pinchazos SPSIL, no tendr\u00e1s que preocuparte por contratiempos; estar\u00e1s preparado para cualquier eventualidad en la carretera, disfrutando del camino sin interrupciones.<\/p>\n<\/div>\n<\/div>\n<\/div>\n<\/div>","protected":false},"featured_media":4984,"comment_status":"open","ping_status":"closed","template":"","meta":{"_acf_changed":false},"product_brand":[],"product_cat":[623,312,614,617],"product_tag":[720,719,722,721,28],"class_list":{"0":"post-4979","1":"product","2":"type-product","3":"status-publish","4":"has-post-thumbnail","6":"product_cat-ruedas-reparador-pinchazos","7":"product_cat-cuidado-vehiculo","8":"product_cat-cuidado-vehiculo-exterior","9":"product_cat-cuidado-vehiculo-exterior-ruedas","10":"product_tag-pinchazo-de-rueda","11":"product_tag-reparador-de-pinchazos","12":"product_tag-reparador-pinchazo-neumatico","13":"product_tag-reparar-pinchazos-pequenos-de-rueda","14":"product_tag-spsil","15":"pa_acabado-mate","16":"pa_color-transparente","17":"pa_espacio-exterior","18":"pa_metodo_aplicacion-pulverizado","19":"pa_metodo_aplicacion-trapo","20":"pa_superficie_aplicacion-ruedas","21":"pa_tamano-200ml","22":"pa_tamano-450-ml","24":"first","25":"instock","26":"taxable","27":"shipping-taxable","28":"purchasable","29":"product-type-variable","30":"has-default-attributes","31":"wvs-archive-product-wrapper"},"acf":[],"superficies_aplicacion_completo":"Ruedas","_links":{"self":[{"href":"https:\/\/spsil.es\/it\/wp-json\/wp\/v2\/product\/4979","targetHints":{"allow":["GET"]}}],"collection":[{"href":"https:\/\/spsil.es\/it\/wp-json\/wp\/v2\/product"}],"about":[{"href":"https:\/\/spsil.es\/it\/wp-json\/wp\/v2\/types\/product"}],"replies":[{"embeddable":true,"href":"https:\/\/spsil.es\/it\/wp-json\/wp\/v2\/comments?post=4979"}],"version-history":[{"count":0,"href":"https:\/\/spsil.es\/it\/wp-json\/wp\/v2\/product\/4979\/revisions"}],"wp:featuredmedia":[{"embeddable":true,"href":"https:\/\/spsil.es\/it\/wp-json\/wp\/v2\/media\/4984"}],"wp:attachment":[{"href":"https:\/\/spsil.es\/it\/wp-json\/wp\/v2\/media?parent=4979"}],"wp:term":[{"taxonomy":"product_brand","embeddable":true,"href":"https:\/\/spsil.es\/it\/wp-json\/wp\/v2\/product_brand?post=4979"},{"taxonomy":"product_cat","embeddable":true,"href":"https:\/\/spsil.es\/it\/wp-json\/wp\/v2\/product_cat?post=4979"},{"taxonomy":"product_tag","embeddable":true,"href":"https:\/\/spsil.es\/it\/wp-json\/wp\/v2\/product_tag?post=4979"}],"curies":[{"name":"wp","href":"https:\/\/api.w.org\/{rel}","templated":true}]}}