{"id":4949,"date":"2024-11-05T16:56:51","date_gmt":"2024-11-05T15:56:51","guid":{"rendered":"https:\/\/spsil.es\/?post_type=product&#038;p=4949"},"modified":"2025-10-09T11:13:18","modified_gmt":"2025-10-09T09:13:18","slug":"limpiador-de-llantas-spsil","status":"publish","type":"product","link":"https:\/\/spsil.es\/it\/cuidado-vehiculo\/cuidado-vehiculo-exterior\/cuidado-vehiculo-exterior-ruedas\/ruedas-limpia-llantas\/limpiador-de-llantas-spsil\/","title":{"rendered":"Limpiador de Llantas SPSIL"},"content":{"rendered":"<h2><strong>Limpiador de Llantas SPSIL<\/strong><\/h2>\n<p>El <strong>Limpiador de Llantas SPSIL <\/strong>proporciona una limpieza profunda de las llantas del veh\u00edculo, elimina la suciedad, el polvo, el barro y las manchas de grasas, que se van acumulando con el paso de los d\u00edas y el uso del coche. Adem\u00e1s de limpieza, este producto aporta un brillo excepcional, que dar\u00e1 un aspecto renovado a tus llanas.<\/p>\n<p><strong>Caracter\u00edsticas:<\/strong><\/p>\n<ul>\n<li><strong>Restaura el Color Original:<\/strong> Devolverle el brillo y la limpieza de forma sencilla a tus llanas es posible gracias a este producto, eliminando la opacidad causada por la suciedad y el desgaste.<\/li>\n<li><strong>F\u00f3rmula Potente y Efectiva:<\/strong> Limpieza profunda sin apenas esfuerzo gracias a su f\u00f3rmula avanzada.<\/li>\n<li><strong>F\u00e1cil de Usar:<\/strong> Solo necesitas una aplicaci\u00f3n r\u00e1pida y sencilla: rociar, dejar actuar y enjuagar, te ahorra tiempo y esfuerzo en el mantenimiento de tu veh\u00edculo.<\/li>\n<li><strong>Compatibilidad:<\/strong> Perfecto para devolver la belleza a tus llantas de aluminio, lacadas y cromadas, garantizando un resultado \u00f3ptimo.<\/li>\n<li><strong>Prevenci\u00f3n de Da\u00f1os:<\/strong> Previene el deterioro y la corrosi\u00f3n de las llantas, prolonga su vida \u00fatil y mejora el rendimiento general de tu veh\u00edculo.<\/li>\n<\/ul>\n<p><strong>Modo de empleo:<\/strong><\/p>\n<ol>\n<li><strong>Preparaci\u00f3n:<\/strong> Aseg\u00farate de que las llantas est\u00e9n fr\u00edas y secas antes de aplicar el producto.<\/li>\n<li><strong>Aplicaci\u00f3n:<\/strong> Pulveriza el limpiador a una distancia de 20 cm, cubriendo toda la superficie de la llanta.<\/li>\n<li><strong>Tiempo de Acci\u00f3n:<\/strong> Deja actuar el producto durante 1 minuto para que penetre y descomponga la suciedad.<\/li>\n<li><strong>Enjuague:<\/strong> Limpia con abundante agua para eliminar los residuos y descubre el brillo renovado de tus llantas.<\/li>\n<\/ol>\n<p><strong>Beneficios:<\/strong> Te recomendamos usar de forma regular el Limpiador de Llantas SPSIL mejorar\u00e1s la apariencia de tu veh\u00edculo y garantizar\u00e1s un mejor rendimiento en la carretera y una experiencia de conducci\u00f3n m\u00e1s segura.<\/p>\n<p><strong>Por qu\u00e9 elegir SPSIL:<\/strong> En SPSIL, nos enorgullecemos de ofrecer productos de alta calidad que cumplen con las expectativas de los entusiastas del automovilismo y los conductores cotidianos. Nuestra misi\u00f3n es ayudar a los propietarios de veh\u00edculos a mantener su inversi\u00f3n en condiciones \u00f3ptimas, asegurando que cada viaje sea una experiencia placentera.<\/p>\n<h3>Preguntas Frecuentes (FAQs)<\/h3>\n<ol>\n<li><strong>\u00bfPuedo usar el limpiador de llantas en cualquier tipo de llanta?<\/strong>\n<ul>\n<li>S\u00ed, el Limpiador de Llantas SPSIL puedes usarlo en llantas de aluminio, lacadas y cromadas, ver\u00e1s de forma inmediata un brillo \u00f3ptimo sin da\u00f1ar las superficies.<\/li>\n<\/ul>\n<\/li>\n<li><strong>\u00bfEs necesario frotar las llantas despu\u00e9s de aplicar el limpiador?<\/strong>\n<ul>\n<li>No es necesario frotar. Simplemente aplica el producto, deja actuar y enjuaga con agua abundante, te recomendamos aplicar en un lavadero para hacer uso de una manguera a presi\u00f3n y obtener resultados efectivos sin esfuerzo adicional.<\/li>\n<\/ul>\n<\/li>\n<li><strong>\u00bfCon qu\u00e9 frecuencia debo usar el limpiador de llantas?<\/strong>\n<ul>\n<li>Puedes usar el Limpiador siempre que lo consideres oportuno, por ejemplo, int\u00e9gralo dentro de tu rutina de lavado de coche.<\/li>\n<\/ul>\n<\/li>\n<li><strong>\u00bfEl producto dejar\u00e1 alg\u00fan residuo en las llantas?<\/strong>\n<ul>\n<li>No, el Limpiador de Llantas SPSIL est\u00e1 dise\u00f1ado para eliminar residuos de manera efectiva, dejando las llantas limpias y brillantes.<\/li>\n<\/ul>\n<\/li>\n<li><strong>\u00bfEs seguro utilizar este producto en la limpieza de llantas de mi veh\u00edculo?<\/strong>\n<ul>\n<li>S\u00ed, el producto ha sido formulado espec\u00edficamente para su uso en llantas de veh\u00edculos, asegurando una limpieza efectiva y segura.<\/li>\n<\/ul>\n<\/li>\n<\/ol>\n<p><iframe loading=\"lazy\" title=\"\ud83d\ude80 Deja tus llantas BMW m\u00e1s brillantes que el d\u00eda que sali\u00f3 del concesionario \ud83d\udd27 \ud83c\udf1f Pulveriza, espe\" src=\"https:\/\/www.youtube.com\/embed\/Qpnl7m6wbXQ\" width=\"458\" height=\"815\" frameborder=\"0\" allowfullscreen=\"allowfullscreen\"><\/iframe><\/p>","protected":false},"excerpt":{"rendered":"<p>El <strong>Limpiador de Llantas SPSIL<\/strong> es la soluci\u00f3n ideal para mantener tus llantas en perfecto estado. Dise\u00f1ado para eliminar eficazmente la suciedad, el polvo, el barro y las manchas de grasa, este limpiador no solo limpia, sino que tambi\u00e9n restaura el color original de tus llantas, devolvi\u00e9ndoles su brillo natural. Su f\u00f3rmula avanzada permite una aplicaci\u00f3n r\u00e1pida y sin esfuerzo: simplemente pulveriza, deja actuar durante un minuto y enjuaga con agua.<\/p>\n<p>Compatible con llantas de aluminio, lacadas y cromadas, garantiza resultados \u00f3ptimos en diversos tipos de superficies. Adem\u00e1s, ayuda a prevenir la corrosi\u00f3n y el deterioro, prolongando la vida \u00fatil de tus llantas y mejorando su apariencia. Con el Limpiador de Llantas SPSIL, cada viaje ser\u00e1 una experiencia m\u00e1s segura y estilizada, ya que tus llantas lucir\u00e1n siempre impecables y bien cuidadas.<\/p>","protected":false},"featured_media":4954,"comment_status":"open","ping_status":"closed","template":"","meta":{"_acf_changed":false},"product_brand":[],"product_cat":[624,312,614,617],"product_tag":[701,702,703,28],"class_list":{"0":"post-4949","1":"product","2":"type-product","3":"status-publish","4":"has-post-thumbnail","6":"product_cat-ruedas-limpia-llantas","7":"product_cat-cuidado-vehiculo","8":"product_cat-cuidado-vehiculo-exterior","9":"product_cat-cuidado-vehiculo-exterior-ruedas","10":"product_tag-limpiador-de-llantas","11":"product_tag-limpiar-las-llantas-de-las-ruedas","12":"product_tag-llantas-limpias","13":"product_tag-spsil","14":"pa_acabado-brillo","15":"pa_color-transparente","16":"pa_espacio-exterior","17":"pa_metodo_aplicacion-pulverizado","18":"pa_superficie_aplicacion-llantas","19":"pa_tamano-500ml","21":"first","22":"instock","23":"taxable","24":"shipping-taxable","25":"purchasable","26":"product-type-variable","27":"has-default-attributes","28":"wvs-archive-product-wrapper"},"acf":[],"superficies_aplicacion_completo":"Llantas","_links":{"self":[{"href":"https:\/\/spsil.es\/it\/wp-json\/wp\/v2\/product\/4949","targetHints":{"allow":["GET"]}}],"collection":[{"href":"https:\/\/spsil.es\/it\/wp-json\/wp\/v2\/product"}],"about":[{"href":"https:\/\/spsil.es\/it\/wp-json\/wp\/v2\/types\/product"}],"replies":[{"embeddable":true,"href":"https:\/\/spsil.es\/it\/wp-json\/wp\/v2\/comments?post=4949"}],"version-history":[{"count":0,"href":"https:\/\/spsil.es\/it\/wp-json\/wp\/v2\/product\/4949\/revisions"}],"wp:featuredmedia":[{"embeddable":true,"href":"https:\/\/spsil.es\/it\/wp-json\/wp\/v2\/media\/4954"}],"wp:attachment":[{"href":"https:\/\/spsil.es\/it\/wp-json\/wp\/v2\/media?parent=4949"}],"wp:term":[{"taxonomy":"product_brand","embeddable":true,"href":"https:\/\/spsil.es\/it\/wp-json\/wp\/v2\/product_brand?post=4949"},{"taxonomy":"product_cat","embeddable":true,"href":"https:\/\/spsil.es\/it\/wp-json\/wp\/v2\/product_cat?post=4949"},{"taxonomy":"product_tag","embeddable":true,"href":"https:\/\/spsil.es\/it\/wp-json\/wp\/v2\/product_tag?post=4949"}],"curies":[{"name":"wp","href":"https:\/\/api.w.org\/{rel}","templated":true}]}}