{"id":4510,"date":"2024-10-31T16:17:50","date_gmt":"2024-10-31T15:17:50","guid":{"rendered":"https:\/\/spsil.es\/?post_type=product&#038;p=4510"},"modified":"2026-04-15T09:40:16","modified_gmt":"2026-04-15T07:40:16","slug":"aguarras-spsil","status":"publish","type":"product","link":"https:\/\/spsil.es\/it\/productos_auxiliares\/aguarras_auxiliares\/aguarras-spsil\/","title":{"rendered":"Aguarras Spsil"},"content":{"rendered":"<h2>Aguarr\u00e1s SPSIL<\/h2>\n<p>El <strong>Aguarr\u00e1s SPSIL<\/strong> es un disolvente esencial en el \u00e1mbito de la pintura y el bricolaje que no puede faltar entre tus utensilios. Formulado a base de trementina sirve para la limpieza de utensilios como brochas, rodillos, bandejas&#8230; tras aplicar la pintura en base disolvente. Adem\u00e1s, se puede utilizar como disolvente para diluir las pinturas, esmaltes sint\u00e9ticos y barnices, mejorando de forma notable la aplicaci\u00f3n, m\u00e1s suave y uniforme. Es tu aliado perfecto para profesionales y aficionados a la decoraci\u00f3n y renovaci\u00f3n de espacios.<\/p>\n<p>La r\u00e1pida evaporaci\u00f3n del aguarr\u00e1s permite que los trabajos avancen sin demoras, proporcionando resultados \u00f3ptimos en menor tiempo. Es adecuado tanto para proyectos en interiores como en exteriores, lo que lo hace muy vers\u00e1til, pero te recomendamos utilizarlo con precauci\u00f3n y mascarilla para evitar la absorci\u00f3n de sus vapores. Adem\u00e1s, su formulaci\u00f3n ayuda a prolongar la vida \u00fatil de los pinceles y rodillos, asegurando que se mantengan en condiciones \u00f3ptimas para su uso futuro.<\/p>\n<h4>Especificaciones<\/h4>\n<ul>\n<li><strong>Contenido<\/strong>: 500 ml.<\/li>\n<li><strong>Uso<\/strong>: Limpieza y diluci\u00f3n de pinturas, barnices y esmaltes.<\/li>\n<li><strong>Aplicaciones<\/strong>: Ideal para esmaltes sint\u00e9ticos, barnices, y pinturas al \u00f3leo.<\/li>\n<li><strong>Olor<\/strong>: Caracter\u00edstico de trementina, proporcionando un aroma distintivo durante su uso.<\/li>\n<\/ul>\n<h3>Caracter\u00edsticas Principales<\/h3>\n<ul>\n<li><strong>R\u00e1pido y Efectivo<\/strong>: Es una forma r\u00e1pida para diluir de forma eficaz pinturas y barnices, facilitando una cobertura uniforme y un acabado profesional.<\/li>\n<li><strong>F\u00e1cil Aplicaci\u00f3n<\/strong>: Se puede aplicar con brocha, rodillo o directamente sobre la superficie a limpiar, lo que proporciona una gran comodidad en su uso.<\/li>\n<li><strong>Multiusos<\/strong>: Perfecto para una amplia variedad de pinturas, incluyendo esmaltes sint\u00e9ticos y barnices. Ideal para trabajos en madera, metal y superficies duras.<\/li>\n<li><strong>Apto para Interiores y Exteriores<\/strong>: Su versatilidad permite su uso en proyectos de decoraci\u00f3n tanto en interiores como en exteriores, adapt\u00e1ndose a diferentes necesidades.<\/li>\n<li><strong>Cuidado de Herramientas<\/strong>: Prolonga la vida \u00fatil de los utensilios de pintura al disolver residuos y restos de pintura, asegurando su eficacia para futuros trabajos.<\/li>\n<\/ul>\n<h3>Preguntas Frecuentes (FAQ)<\/h3>\n<ol>\n<li><strong>\u00bfQu\u00e9 es el aguarr\u00e1s?<\/strong> El aguarr\u00e1s es un disolvente que se utiliza para limpiar y diluir pinturas, facilitando su aplicaci\u00f3n y garantizando un acabado uniforme.<\/li>\n<li><strong>\u00bfEs seguro utilizar aguarr\u00e1s en interiores?<\/strong> S\u00ed, es seguro, pero se recomienda ventilar adecuadamente el \u00e1rea mientras se usa para evitar la acumulaci\u00f3n de vapores.<\/li>\n<li><strong>\u00bfC\u00f3mo se utiliza el aguarr\u00e1s?<\/strong> Aplica el aguarr\u00e1s con brocha o rodillo en la superficie deseada. Para limpiar herramientas, simplemente empapa un pa\u00f1o y frota sobre la superficie.<\/li>\n<li><strong>\u00bfQu\u00e9 precauciones debo tener al usar aguarr\u00e1s?<\/strong> Mant\u00e9n el producto alejado de fuentes de calor y llama. Usa guantes y gafas de protecci\u00f3n para evitar irritaciones.<\/li>\n<li><strong>\u00bfQu\u00e9 debo hacer si el aguarr\u00e1s entra en contacto con mis ojos?<\/strong> Enjuaga inmediatamente con agua durante varios minutos y busca atenci\u00f3n m\u00e9dica si es necesario.<\/li>\n<\/ol>\n<p>&nbsp;<\/p>","protected":false},"excerpt":{"rendered":"<p>El <strong>Aguarr\u00e1s SPSIL<\/strong> es un disolvente multiusos esencial para cualquier proyecto de pintura y bricolaje. Formulado a partir de esencia de trementina, es ideal para la limpieza y diluci\u00f3n de esmaltes sint\u00e9ticos, barnices y pinturas al \u00f3leo, garantizando una aplicaci\u00f3n uniforme y suave. Su capacidad para eliminar residuos de pintura lo convierte en una herramienta indispensable para profesionales y aficionados.<\/p>\n<p>Con un tiempo de secado r\u00e1pido, el aguarr\u00e1s permite avanzar en los proyectos sin demoras, optimizando el tiempo de trabajo. Se puede utilizar tanto en interiores como en exteriores, adapt\u00e1ndose a diversas superficies como madera y metal. Adem\u00e1s, su uso prolonga la vida \u00fatil de pinceles y rodillos al disolver eficazmente la pintura seca.<\/p>\n<p>Es importante utilizarlo en \u00e1reas bien ventiladas y seguir las precauciones necesarias para garantizar la seguridad. Con el <strong>Aguarr\u00e1s SPSIL<\/strong>, logra resultados impecables en todas tus tareas de pintura.<\/p>","protected":false},"featured_media":4516,"comment_status":"open","ping_status":"closed","template":"","meta":{"_acf_changed":false},"product_brand":[],"product_cat":[163,156],"product_tag":[485,591,28],"class_list":{"0":"post-4510","1":"product","2":"type-product","3":"status-publish","4":"has-post-thumbnail","6":"product_cat-aguarras_auxiliares","7":"product_cat-productos_auxiliares","8":"product_tag-disolvente","9":"product_tag-disolvente-para-pinturas","10":"product_tag-spsil","11":"pa_acabado-brillo","12":"pa_color-transparente","13":"pa_espacio-exterior","14":"pa_espacio-interior","15":"pa_metodo_aplicacion-brocha","16":"pa_metodo_aplicacion-minirodillo","17":"pa_metodo_aplicacion-rodillo","18":"pa_superficie_aplicacion-cemento_hormigon","19":"pa_superficie_aplicacion-ceramica_porcelana","20":"pa_superficie_aplicacion-lienzo","21":"pa_superficie_aplicacion-madera","22":"pa_superficie_aplicacion-metal","23":"pa_superficie_aplicacion-paredes","24":"pa_superficie_aplicacion-piedra","25":"pa_superficie_aplicacion-techos","26":"pa_superficie_aplicacion-vidrio","27":"pa_superficie_aplicacion-yeso_escayola","28":"pa_tamano-1l","29":"pa_tamano-250ml","30":"pa_tamano-500ml","32":"first","33":"instock","34":"taxable","35":"shipping-taxable","36":"purchasable","37":"product-type-variable","38":"wvs-archive-product-wrapper"},"acf":[],"superficies_aplicacion_completo":"Cemento\/Hormig\u00f3n, Madera, Metal, Paredes, Piedra, Techos, Vidrio, Yeso\/Escayola","_links":{"self":[{"href":"https:\/\/spsil.es\/it\/wp-json\/wp\/v2\/product\/4510","targetHints":{"allow":["GET"]}}],"collection":[{"href":"https:\/\/spsil.es\/it\/wp-json\/wp\/v2\/product"}],"about":[{"href":"https:\/\/spsil.es\/it\/wp-json\/wp\/v2\/types\/product"}],"replies":[{"embeddable":true,"href":"https:\/\/spsil.es\/it\/wp-json\/wp\/v2\/comments?post=4510"}],"version-history":[{"count":0,"href":"https:\/\/spsil.es\/it\/wp-json\/wp\/v2\/product\/4510\/revisions"}],"wp:featuredmedia":[{"embeddable":true,"href":"https:\/\/spsil.es\/it\/wp-json\/wp\/v2\/media\/4516"}],"wp:attachment":[{"href":"https:\/\/spsil.es\/it\/wp-json\/wp\/v2\/media?parent=4510"}],"wp:term":[{"taxonomy":"product_brand","embeddable":true,"href":"https:\/\/spsil.es\/it\/wp-json\/wp\/v2\/product_brand?post=4510"},{"taxonomy":"product_cat","embeddable":true,"href":"https:\/\/spsil.es\/it\/wp-json\/wp\/v2\/product_cat?post=4510"},{"taxonomy":"product_tag","embeddable":true,"href":"https:\/\/spsil.es\/it\/wp-json\/wp\/v2\/product_tag?post=4510"}],"curies":[{"name":"wp","href":"https:\/\/api.w.org\/{rel}","templated":true}]}}