{"id":589,"date":"2023-10-17T17:19:18","date_gmt":"2023-10-17T15:19:18","guid":{"rendered":"https:\/\/spsil.es\/?page_id=589"},"modified":"2026-01-21T16:39:08","modified_gmt":"2026-01-21T15:39:08","slug":"quienes-somos-spsil","status":"publish","type":"page","link":"https:\/\/spsil.es\/it\/quienes-somos-spsil\/","title":{"rendered":"Quienes Somos"},"content":{"rendered":"<div data-elementor-type=\"wp-page\" data-elementor-id=\"589\" class=\"elementor elementor-589\" data-elementor-post-type=\"page\">\n\t\t\t\t<div class=\"wd-negative-gap elementor-element elementor-element-0a717d4 e-flex e-con-boxed e-con e-parent\" data-id=\"0a717d4\" data-element_type=\"container\">\n\t\t\t\t\t<div class=\"e-con-inner\">\n\t\t\t\t<div class=\"elementor-element elementor-element-582607a elementor-widget elementor-widget-heading\" data-id=\"582607a\" data-element_type=\"widget\" data-widget_type=\"heading.default\">\n\t\t\t\t<div class=\"elementor-widget-container\">\n\t\t\t\t\t<h1 class=\"elementor-heading-title elementor-size-default\">Quienes Somos<\/h1>\t\t\t\t<\/div>\n\t\t\t\t<\/div>\n\t\t<div class=\"wd-negative-gap elementor-element elementor-element-b6bd275 e-flex e-con-boxed e-con e-child\" data-id=\"b6bd275\" data-element_type=\"container\">\n\t\t\t\t\t<div class=\"e-con-inner\">\n\t\t\t\t<div class=\"elementor-element elementor-element-87904bd elementor-widget__width-initial elementor-widget-mobile__width-inherit color-scheme-inherit text-left elementor-widget elementor-widget-text-editor\" data-id=\"87904bd\" data-element_type=\"widget\" data-widget_type=\"text-editor.default\">\n\t\t\t\t<div class=\"elementor-widget-container\">\n\t\t\t\t\t\t\t\t\t<h2>Nuestra Historia<\/h2><p>Desde los inicios de SPSIL, el fundador estableci\u00f3 un claro objetivo: garantizar a nuestros clientes<strong>\u00a0\u00abcalidad total\u00bb<\/strong>. Esta meta ha sido la piedra angular de nuestra filosof\u00eda, definiendo la calidad no solo en t\u00e9rminos de producto, sino tambi\u00e9n en servicio y valor. Para alcanzar esta excelencia, hemos invertido tiempo y recursos significativos, logr\u00e1ndolo a trav\u00e9s de un riguroso control de calidad, la innovaci\u00f3n constante en materiales y productos, la modernizaci\u00f3n de nuestras plantas y un compromiso inquebrantable con la formaci\u00f3n y el desarrollo de nuestro equipo.<\/p>\t\t\t\t\t\t\t\t<\/div>\n\t\t\t\t<\/div>\n\t\t\t\t\t<\/div>\n\t\t\t\t<\/div>\n\t\t<div class=\"wd-negative-gap elementor-element elementor-element-ff1fc33 e-flex e-con-boxed e-con e-child\" data-id=\"ff1fc33\" data-element_type=\"container\">\n\t\t\t\t\t<div class=\"e-con-inner\">\n\t\t\t\t<div class=\"elementor-element elementor-element-5e0a93b elementor-widget__width-initial elementor-widget-mobile__width-inherit elementor-widget elementor-widget-video\" data-id=\"5e0a93b\" data-element_type=\"widget\" data-settings=\"{&quot;youtube_url&quot;:&quot;https:\\\/\\\/youtu.be\\\/TF4jB70vekk?si=u_9c809AJXIy3PvL&quot;,&quot;video_type&quot;:&quot;youtube&quot;,&quot;controls&quot;:&quot;yes&quot;}\" data-widget_type=\"video.default\">\n\t\t\t\t<div class=\"elementor-widget-container\">\n\t\t\t\t\t\t\t<div class=\"elementor-wrapper elementor-open-inline\">\n\t\t\t<div class=\"elementor-video\"><\/div>\t\t<\/div>\n\t\t\t\t\t\t<\/div>\n\t\t\t\t<\/div>\n\t\t\t\t<div class=\"elementor-element elementor-element-14f3253 elementor-widget__width-initial elementor-widget-mobile__width-inherit color-scheme-inherit text-left elementor-widget elementor-widget-text-editor\" data-id=\"14f3253\" data-element_type=\"widget\" data-widget_type=\"text-editor.default\">\n\t\t\t\t<div class=\"elementor-widget-container\">\n\t\t\t\t\t\t\t\t\t<h2><span style=\"color: var( --e-global-color-text );font-family: var( --e-global-typography-text-font-family ), Sans-serif;text-align: var(--text-align);background-color: var(--wp--preset--color--base)\">C\u00f3mo Trabajamos<\/span><\/h2><div><p>En SPSIL, creemos en crear valor no solo para nuestros clientes, sino para toda la comunidad. Nuestro enfoque se centra en la creaci\u00f3n de productos atractivos, \u00e9ticos y de alta calidad, dise\u00f1ados dentro de un modelo de ciclo de vida circular. Nos distinguimos por un modelo de negocio altamente integrado, donde supervisamos todas las fases del proceso de producci\u00f3n. Desde el dise\u00f1o hasta el aprovisionamiento, el control de calidad, la fabricaci\u00f3n y la log\u00edstica, hasta la venta final a trav\u00e9s de nuestras tiendas f\u00edsicas y plataformas online, garantizamos la excelencia en cada paso.<\/p><\/div>\t\t\t\t\t\t\t\t<\/div>\n\t\t\t\t<\/div>\n\t\t\t\t\t<\/div>\n\t\t\t\t<\/div>\n\t\t<div class=\"wd-negative-gap elementor-element elementor-element-09a35c3 e-flex e-con-boxed e-con e-child\" data-id=\"09a35c3\" data-element_type=\"container\">\n\t\t\t\t\t<div class=\"e-con-inner\">\n\t\t\t\t<div class=\"elementor-element elementor-element-f7b4247 elementor-widget__width-initial elementor-widget-mobile__width-inherit color-scheme-inherit text-left elementor-widget elementor-widget-text-editor\" data-id=\"f7b4247\" data-element_type=\"widget\" data-widget_type=\"text-editor.default\">\n\t\t\t\t<div class=\"elementor-widget-container\">\n\t\t\t\t\t\t\t\t\t<h2>Nuestros Productos<\/h2><p style=\"font-size: 14px;font-weight: 400\">SPSIL se especializa en la fabricaci\u00f3n de pinturas en spray y pinturas l\u00edquidas acr\u00edlicas, con una diversidad que satisface todas las necesidades de nuestros clientes. Ofrecemos pinturas en spray en tama\u00f1os de 200 ml y 400 ml, disponibles en una variedad de acabados como mate, brillo, fluorescente, metalizado o barniz. Adem\u00e1s, nuestras pinturas l\u00edquidas acr\u00edlicas, hechas en Espa\u00f1a, son perfectas tanto para interiores como para exteriores. Nuestra capacidad de innovaci\u00f3n tambi\u00e9n se extiende a la fabricaci\u00f3n de productos para terceros, manteniendo siempre el est\u00e1ndar de calidad que nos caracteriza.<\/p><div>\u00a0<\/div>\t\t\t\t\t\t\t\t<\/div>\n\t\t\t\t<\/div>\n\t\t\t\t<div class=\"elementor-element elementor-element-e9d28e1 elementor-widget elementor-widget-image\" data-id=\"e9d28e1\" data-element_type=\"widget\" data-widget_type=\"image.default\">\n\t\t\t\t<div class=\"elementor-widget-container\">\n\t\t\t\t\t\t\t\t\t\t\t\t\t\t\t<img loading=\"lazy\" decoding=\"async\" width=\"768\" height=\"426\" src=\"https:\/\/spsil.es\/wp-content\/uploads\/2023\/11\/sobre_nosotros-768x426.jpg\" class=\"attachment-medium_large size-medium_large wp-image-2032 wvs-archive-product-image\" alt=\"imagen de la fachada de nuestras instalaciones\" srcset=\"https:\/\/spsil.es\/wp-content\/uploads\/2023\/11\/sobre_nosotros-768x426.jpg 768w, https:\/\/spsil.es\/wp-content\/uploads\/2023\/11\/sobre_nosotros-430x239.jpg 430w, https:\/\/spsil.es\/wp-content\/uploads\/2023\/11\/sobre_nosotros-150x83.jpg 150w, https:\/\/spsil.es\/wp-content\/uploads\/2023\/11\/sobre_nosotros-700x389.jpg 700w, https:\/\/spsil.es\/wp-content\/uploads\/2023\/11\/sobre_nosotros-300x167.jpg 300w, https:\/\/spsil.es\/wp-content\/uploads\/2023\/11\/sobre_nosotros-1024x568.jpg 1024w, https:\/\/spsil.es\/wp-content\/uploads\/2023\/11\/sobre_nosotros.jpg 1225w\" sizes=\"auto, (max-width: 768px) 100vw, 768px\" \/>\t\t\t\t\t\t\t\t\t\t\t\t\t\t\t<\/div>\n\t\t\t\t<\/div>\n\t\t\t\t\t<\/div>\n\t\t\t\t<\/div>\n\t\t\t\t<div class=\"elementor-element elementor-element-ce32556 color-scheme-inherit text-left elementor-widget elementor-widget-text-editor\" data-id=\"ce32556\" data-element_type=\"widget\" data-widget_type=\"text-editor.default\">\n\t\t\t\t<div class=\"elementor-widget-container\">\n\t\t\t\t\t\t\t\t\t<h2><span style=\"font-size: 17px;color: var( --e-global-color-text );text-align: var(--text-align);background-color: var(--wp--preset--color--base)\">Contacto y Ubicaci\u00f3n<\/span><br><\/h2>\n<p>Para cualquier consulta o necesidad, no dudes en contactarnos:<br>Tel\u00e9fono: <a href=\"tel:+34 965 40 14 93\" rel=\"nofollow\">+34 965 40 14 93<\/a><br>Email: <a href=\"mailto:paint@spsil.es\" rel=\"nofollow\">paint@spsil.es<\/a><br>Direcci\u00f3n: C\/ Algezar, 44, Pol. Ind. Tres Hermanas, 03680, Aspe, Espa\u00f1a<\/p>\n<p><\/p>\n<p>En SPSIL, nos enorgullecemos de nuestra trayectoria y de la calidad que ofrecemos. Somos m\u00e1s que una empresa de pinturas; somos un equipo dedicado a innovar y a mejorar continuamente, asegur\u00e1ndonos de que cada producto que sale de nuestras instalaciones contribuya a embellecer y proteger tu mundo.<\/p>\t\t\t\t\t\t\t\t<\/div>\n\t\t\t\t<\/div>\n\t\t\t\t\t<\/div>\n\t\t\t\t<\/div>\n\t\t<div class=\"wd-negative-gap elementor-element elementor-element-6617646 e-flex e-con-boxed e-con e-parent\" data-id=\"6617646\" data-element_type=\"container\">\n\t\t\t\t\t<div class=\"e-con-inner\">\n\t\t\t\t\t<\/div>\n\t\t\t\t<\/div>\n\t\t\t\t<\/div>","protected":false},"excerpt":{"rendered":"<p>Quienes Somos Nuestra Historia Desde los inicios de SPSIL, el fundador estableci\u00f3 un claro objetivo: garantizar a nuestros clientes\u00a0\u00abcalidad total\u00bb.<\/p>","protected":false},"author":1,"featured_media":0,"parent":0,"menu_order":0,"comment_status":"closed","ping_status":"closed","template":"elementor_header_footer","meta":{"_acf_changed":false,"footnotes":""},"class_list":["post-589","page","type-page","status-publish","hentry"],"acf":[],"_links":{"self":[{"href":"https:\/\/spsil.es\/it\/wp-json\/wp\/v2\/pages\/589","targetHints":{"allow":["GET"]}}],"collection":[{"href":"https:\/\/spsil.es\/it\/wp-json\/wp\/v2\/pages"}],"about":[{"href":"https:\/\/spsil.es\/it\/wp-json\/wp\/v2\/types\/page"}],"author":[{"embeddable":true,"href":"https:\/\/spsil.es\/it\/wp-json\/wp\/v2\/users\/1"}],"replies":[{"embeddable":true,"href":"https:\/\/spsil.es\/it\/wp-json\/wp\/v2\/comments?post=589"}],"version-history":[{"count":0,"href":"https:\/\/spsil.es\/it\/wp-json\/wp\/v2\/pages\/589\/revisions"}],"wp:attachment":[{"href":"https:\/\/spsil.es\/it\/wp-json\/wp\/v2\/media?parent=589"}],"curies":[{"name":"wp","href":"https:\/\/api.w.org\/{rel}","templated":true}]}}