{"id":9295,"date":"2025-04-08T16:14:54","date_gmt":"2025-04-08T14:14:54","guid":{"rendered":"https:\/\/spsil.es\/?post_type=product&#038;p=9295"},"modified":"2026-04-15T09:43:16","modified_gmt":"2026-04-15T07:43:16","slug":"rodillo-xxl-spsil","status":"publish","type":"product","link":"https:\/\/spsil.es\/fr\/pintura\/rodillos-y-cubetas\/rodillo-xxl-spsil\/","title":{"rendered":"Rouleau SPSIL XXL"},"content":{"rendered":"<h1><strong>Rouleau XXL | Finition extra fine et haute durabilit\u00e9<\/strong><\/h1>\n<p class=\"\" data-start=\"208\" data-end=\"601\">Il <strong data-start=\"211\" data-end=\"234\">Rouleau XXL <\/strong>de <strong data-start=\"238\" data-end=\"247\">SPSIL<\/strong> C&#039;est un outil essentiel pour ceux qui cherchent \u00e0 obtenir un <strong data-start=\"318\" data-end=\"341\">finition professionnelle<\/strong> dans les grands magasins avec <strong data-start=\"369\" data-end=\"387\">moins d&#039;efforts<\/strong>Merci \u00e0 vous <strong data-start=\"402\" data-end=\"429\">Mat\u00e9riau polyester 100%<\/strong> de haute qualit\u00e9 et son <strong data-start=\"451\" data-end=\"470\">12 mm d&#039;\u00e9paisseur<\/strong>Ce rouleau vous permet de couvrir de grandes surfaces en un rien de temps. <strong data-start=\"524\" data-end=\"546\">rapide et efficace<\/strong>obtenir des r\u00e9sultats <strong data-start=\"570\" data-end=\"583\">uniformes<\/strong> et <strong data-start=\"586\" data-end=\"600\">sans marquages<\/strong>.<\/p>\n<p class=\"\" data-start=\"603\" data-end=\"1032\">Il <strong data-start=\"606\" data-end=\"626\">design exclusif<\/strong> le rouleau garantit qu&#039;aucun <strong data-start=\"654\" data-end=\"669\">Laissez vos cheveux tomber<\/strong>ce qui est essentiel pour obtenir les finitions souhait\u00e9es <strong data-start=\"716\" data-end=\"738\">propre et pr\u00e9cis<\/strong>sans avoir \u00e0 craindre que le rouleau ne laisse des r\u00e9sidus sur la surface. <strong data-start=\"813\" data-end=\"835\">finition extra fine<\/strong> Cela le rend id\u00e9al pour les emplois o\u00f9 le <strong data-start=\"876\" data-end=\"899\">qualit\u00e9 de finition<\/strong> Il est essentiel d&#039;obtenir une peinture lisse et impeccable, m\u00eame sur des surfaces d\u00e9licates telles que <strong data-start=\"1000\" data-end=\"1031\">pl\u00e2tre, ciment, bois et plus encore<\/strong>.<\/p>\n<p class=\"\" data-start=\"1034\" data-end=\"1402\">Ce rouleau XXL est <strong data-start=\"1054\" data-end=\"1092\">Id\u00e9al pour les projets professionnels<\/strong> de <strong data-start=\"1096\" data-end=\"1134\">peinture int\u00e9rieure et ext\u00e9rieure<\/strong>vous permettant de peindre les murs, les plafonds, les fa\u00e7ades et les grandes surfaces en une seule couche. <strong data-start=\"1217\" data-end=\"1227\">rapide<\/strong>De plus, son <strong data-start=\"1240\" data-end=\"1254\">Taille XXL<\/strong> offre <strong data-start=\"1275\" data-end=\"1330\">L&#039;avantage de couvrir de plus grandes surfaces en moins de temps<\/strong>R\u00e9duire le temps de travail sans sacrifier la qualit\u00e9 de la finition.<\/p>\n<h2 data-start=\"1404\" data-end=\"1440\"><strong data-start=\"1409\" data-end=\"1440\">Caract\u00e9ristiques principales :<\/strong><\/h2>\n<ul data-start=\"1441\" data-end=\"2247\">\n<li class=\"\" data-start=\"1441\" data-end=\"1598\">\n<p class=\"\" data-start=\"1443\" data-end=\"1598\"><strong data-start=\"1443\" data-end=\"1470\">Mati\u00e8re 100% Polyester<\/strong>: Il fournit un <strong data-start=\"1483\" data-end=\"1506\">excellente absorption<\/strong> et un <strong data-start=\"1513\" data-end=\"1533\">application fluide<\/strong>, id\u00e9al pour obtenir une finition uniforme, sans grumeaux ni marques.<\/p>\n<\/li>\n<li class=\"\" data-start=\"1599\" data-end=\"1747\">\n<p class=\"\" data-start=\"1601\" data-end=\"1747\"><strong data-start=\"1601\" data-end=\"1619\">12 mm d&#039;\u00e9paisseur<\/strong>Id\u00e9al pour les peintures <strong data-start=\"1644\" data-end=\"1666\">finition extra fine<\/strong>Cela permet d&#039;\u00e9viter les marques de rouleau et d&#039;obtenir des surfaces lisses.<\/p>\n<\/li>\n<li class=\"\" data-start=\"1748\" data-end=\"1934\">\n<p class=\"\" data-start=\"1750\" data-end=\"1934\"><strong data-start=\"1750\" data-end=\"1768\">Il ne perd pas ses cheveux<\/strong>Le rouleau est con\u00e7u pour emp\u00eacher les fibres de se d\u00e9tacher pendant son utilisation, ce qui am\u00e9liore la qualit\u00e9 de la peinture appliqu\u00e9e et pr\u00e9vient les dommages \u00e0 la surface.<\/p>\n<\/li>\n<li class=\"\" data-start=\"1935\" data-end=\"2108\"><strong data-start=\"2111\" data-end=\"2133\">Finition extra fine<\/strong>Parfait pour ceux qui recherchent un tableau <strong data-start=\"2176\" data-end=\"2202\">parfaitement uniforme<\/strong>, sans imperfections ni marques d&#039;application.<\/li>\n<\/ul>\n<h2 data-start=\"2249\" data-end=\"2270\"><strong data-start=\"2254\" data-end=\"2270\">Mode d&#039;emploi\u00a0:<\/strong><\/h2>\n<ol data-start=\"2271\" data-end=\"2941\">\n<li class=\"\" data-start=\"2271\" data-end=\"2428\">\n<p class=\"\" data-start=\"2274\" data-end=\"2428\"><strong data-start=\"2274\" data-end=\"2300\">Pr\u00e9parer la surface<\/strong>Avant d&#039;appliquer la peinture, assurez-vous que les murs, les plafonds ou les surfaces soient propres, secs et exempts de poussi\u00e8re ou de graisse.<\/p>\n<\/li>\n<li class=\"\" data-start=\"2429\" data-end=\"2599\">\n<p class=\"\" data-start=\"2432\" data-end=\"2599\"><strong data-start=\"2432\" data-end=\"2453\">Charger le rouleau<\/strong>Humidifiez le rouleau avec de la peinture. Trempez le rouleau dans le r\u00e9cipient de peinture et \u00e9talez-la uniform\u00e9ment sur toute sa surface.<\/p>\n<\/li>\n<li class=\"\" data-start=\"2600\" data-end=\"2778\">\n<p class=\"\" data-start=\"2603\" data-end=\"2778\"><strong data-start=\"2603\" data-end=\"2617\">Application<\/strong>Utilisez le rouleau pour appliquer la peinture en longs coups de pinceau r\u00e9guliers. Pour une finition sans traces, peignez de haut en bas ou de gauche \u00e0 droite.<\/p>\n<\/li>\n<li class=\"\" data-start=\"2779\" data-end=\"2941\">\n<p class=\"\" data-start=\"2782\" data-end=\"2941\"><strong data-start=\"2782\" data-end=\"2794\">Nettoyage<\/strong>Une fois le travail termin\u00e9, nettoyez le rouleau \u00e0 l&#039;eau ou au solvant, selon le type de peinture utilis\u00e9, afin de le maintenir en bon \u00e9tat.<\/p>\n<\/li>\n<\/ol>\n<h2 data-start=\"2943\" data-end=\"2978\"><strong data-start=\"2948\" data-end=\"2978\">Applications recommand\u00e9es\u00a0:<\/strong><\/h2>\n<ul data-start=\"2979\" data-end=\"3450\">\n<li class=\"\" data-start=\"2979\" data-end=\"3127\">\n<p class=\"\" data-start=\"2981\" data-end=\"3127\"><strong data-start=\"2981\" data-end=\"3019\">Peinture int\u00e9rieure et ext\u00e9rieure<\/strong>Id\u00e9al pour <strong data-start=\"3032\" data-end=\"3042\">toits<\/strong>, <strong data-start=\"3044\" data-end=\"3055\">murs<\/strong> et <strong data-start=\"3058\" data-end=\"3070\">fa\u00e7ades<\/strong>, aussi bien dans les maisons, les bureaux que dans les projets de r\u00e9novation.<\/p>\n<\/li>\n<li class=\"\" data-start=\"3128\" data-end=\"3292\">\n<p class=\"\" data-start=\"3130\" data-end=\"3292\"><strong data-start=\"3130\" data-end=\"3164\">Peinture de grandes surfaces<\/strong>Gr\u00e2ce \u00e0 sa taille XXL, il est id\u00e9al pour couvrir <strong data-start=\"3212\" data-end=\"3229\">vastes zones<\/strong> comme <strong data-start=\"3235\" data-end=\"3267\">usines, b\u00e2timents industriels<\/strong> et des projets commerciaux.<\/p>\n<\/li>\n<li class=\"\" data-start=\"3293\" data-end=\"3450\">\n<p class=\"\" data-start=\"3295\" data-end=\"3450\"><strong data-start=\"3295\" data-end=\"3337\">Projets de bricolage et professionnels<\/strong>Parfait pour les deux <strong data-start=\"3359\" data-end=\"3385\">peintres professionnels<\/strong> ainsi que pour ceux qui r\u00e9alisent des projets dans <strong data-start=\"3426\" data-end=\"3449\">peindre \u00e0 la maison<\/strong>.<\/p>\n<\/li>\n<\/ul>\n<p class=\"\" data-start=\"3666\" data-end=\"4148\">Il <strong data-start=\"3669\" data-end=\"3692\">Rouleau XXL 30,5 cm<\/strong> de <strong data-start=\"3696\" data-end=\"3705\">SPSIL<\/strong> Il est id\u00e9al pour ceux qui recherchent des r\u00e9sultats de haute qualit\u00e9 pour des projets de peinture de grande ou tr\u00e8s grande envergure. <strong data-start=\"3799\" data-end=\"3819\">haute performance<\/strong>. Son <strong data-start=\"3824\" data-end=\"3846\">finition extra fine<\/strong>, son <strong data-start=\"3851\" data-end=\"3872\">conception ergonomique<\/strong> et son <strong data-start=\"3878\" data-end=\"3898\">haute durabilit\u00e9<\/strong> Cela en fait l&#039;outil id\u00e9al pour peindre de grandes surfaces en moins de temps, permettant ainsi d&#039;atteindre <strong data-start=\"4000\" data-end=\"4026\">finitions professionnelles<\/strong>Profitez de l&#039;efficacit\u00e9 et de la rapidit\u00e9 de ce rouleau pour r\u00e9aliser vos projets \u00e0 la perfection et sans complications !<\/p>\n<h2 data-start=\"3666\" data-end=\"4148\"><strong>FAQ<\/strong><\/h2>\n<h3 class=\"\" data-start=\"85\" data-end=\"159\"><strong data-start=\"89\" data-end=\"159\">1. Sur quelles surfaces le rouleau XXL peut-il \u00eatre utilis\u00e9 ?<\/strong><\/h3>\n<p class=\"\" data-start=\"160\" data-end=\"432\">Il <strong data-start=\"163\" data-end=\"186\">Rouleau XXL <\/strong>Il convient pour peindre un <strong data-start=\"215\" data-end=\"247\">grande vari\u00e9t\u00e9 de surfaces<\/strong>, comme <strong data-start=\"254\" data-end=\"265\">murs<\/strong>, <strong data-start=\"267\" data-end=\"277\">toits<\/strong>, <strong data-start=\"279\" data-end=\"291\">fa\u00e7ades<\/strong>, <strong data-start=\"293\" data-end=\"301\">et ainsi<\/strong>, <strong data-start=\"303\" data-end=\"314\">ciment<\/strong>, et <strong data-start=\"318\" data-end=\"328\">bois<\/strong>. Son <strong data-start=\"333\" data-end=\"355\">finition extra fine<\/strong> Il est id\u00e9al pour obtenir un r\u00e9sultat lisse et uniforme sur diverses surfaces.<\/p>\n<h3 class=\"\" data-start=\"439\" data-end=\"500\"><strong data-start=\"443\" data-end=\"500\">2. Le rouleau est-il facile \u00e0 nettoyer apr\u00e8s utilisation\u00a0?<\/strong><\/h3>\n<p class=\"\" data-start=\"501\" data-end=\"743\">Oui, le rouleau est <strong data-start=\"519\" data-end=\"539\">facile \u00e0 nettoyer<\/strong>Il suffit de le rincer avec <strong data-start=\"571\" data-end=\"592\">eau ou solvant<\/strong>Selon le type de peinture utilis\u00e9, nettoyer le rouleau apr\u00e8s chaque utilisation garantira sa durabilit\u00e9 et ses bonnes performances pour les projets futurs.<\/p>\n<h3 class=\"\" data-start=\"750\" data-end=\"807\"><strong data-start=\"754\" data-end=\"807\">3. Quel type de finition ce rouleau permet-il d&#039;obtenir ?<\/strong><\/h3>\n<p class=\"\" data-start=\"808\" data-end=\"990\">Il <strong data-start=\"811\" data-end=\"834\">Rouleau XXL <\/strong>\u00a0fournit un <strong data-start=\"850\" data-end=\"872\">finition extra fine<\/strong>Merci pour votre mat\u00e9riel <strong data-start=\"896\" data-end=\"914\">100% polyester<\/strong> et son <strong data-start=\"920\" data-end=\"939\">12 mm d&#039;\u00e9paisseur<\/strong>une application garantit <strong data-start=\"964\" data-end=\"989\">uniforme et sans marquages<\/strong>.<\/p>\n<h3 class=\"\" data-start=\"997\" data-end=\"1068\"><strong data-start=\"1001\" data-end=\"1068\">4. Ce rouleau peut-il \u00eatre utilis\u00e9 pour peindre de grandes surfaces ?<\/strong><\/h3>\n<p class=\"\" data-start=\"1069\" data-end=\"1306\">Oui, la taille <strong data-start=\"1083\" data-end=\"1100\">XXL<\/strong>\u00a0le rouleau est id\u00e9al pour <strong data-start=\"1127\" data-end=\"1151\">couvrir de vastes zones<\/strong> C&#039;est efficace. C&#039;est parfait pour peindre. <strong data-start=\"1197\" data-end=\"1220\">grandes surfaces<\/strong> comme <strong data-start=\"1226\" data-end=\"1245\">grands murs<\/strong>, <strong data-start=\"1247\" data-end=\"1257\">toits<\/strong> et <strong data-start=\"1260\" data-end=\"1272\">fa\u00e7ades<\/strong>r\u00e9duire le temps de travail.<\/p>\n<h3 class=\"\" data-start=\"1313\" data-end=\"1363\"><strong data-start=\"1317\" data-end=\"1363\">5. Le rouleau perd-il des cheveux pendant son utilisation\u00a0?<\/strong><\/h3>\n<p class=\"\" data-start=\"1364\" data-end=\"1571\">Non, le <strong data-start=\"1371\" data-end=\"1394\">Rouleau XXL <\/strong>Il est con\u00e7u <strong data-start=\"1409\" data-end=\"1432\">pour \u00e9viter la chute des cheveux<\/strong>Cela garantit une peinture <strong data-start=\"1459\" data-end=\"1469\">faire le m\u00e9nage<\/strong> et <strong data-start=\"1472\" data-end=\"1494\">impeccable<\/strong>ce qui est id\u00e9al pour obtenir des finitions professionnelles sans marques ni r\u00e9sidus.<\/p>","protected":false},"excerpt":{"rendered":"<p>Il <strong data-start=\"3\" data-end=\"26\">Rouleau XXL 30,5 cm<\/strong> de <strong data-start=\"30\" data-end=\"39\">SPSIL<\/strong> C&#039;est l&#039;outil id\u00e9al pour obtenir des finitions professionnelles sur de grandes surfaces, de mani\u00e8re efficace et avec un r\u00e9sultat de haute qualit\u00e9. <strong data-start=\"183\" data-end=\"202\">12 mm d&#039;\u00e9paisseur<\/strong> et fabriqu\u00e9 en <strong data-start=\"218\" data-end=\"236\">100% polyester<\/strong>Ce rouleau fournit un <strong data-start=\"267\" data-end=\"290\">application uniforme<\/strong> et <strong data-start=\"293\" data-end=\"302\">doux<\/strong>permettant de peindre rapidement les murs, les plafonds et les fa\u00e7ades sans laisser de traces ni de r\u00e9sidus. <strong data-start=\"395\" data-end=\"417\">finition extra fine<\/strong> garantiza que la pintura quede perfectamente distribuida, ofreciendo un resultado sin grumos ni imperfecciones.<\/p>\n<p>Adem\u00e1s, el <strong data-start=\"541\" data-end=\"564\">Rouleau XXL 30,5 cm<\/strong> Il est con\u00e7u pour <strong data-start=\"584\" data-end=\"602\">ne pas perdre les cheveux<\/strong>ce qui garantit une application propre et pr\u00e9cise. <strong data-start=\"655\" data-end=\"672\">grande taille<\/strong> Elle vous permet de couvrir une plus grande surface en moins de temps, ce qui en fait le choix id\u00e9al pour les projets de <strong data-start=\"774\" data-end=\"794\">grande envergure<\/strong> Convient aussi bien \u00e0 une utilisation int\u00e9rieure qu&#039;ext\u00e9rieure. Id\u00e9al pour les professionnels et les bricoleurs \u00e0 la recherche de <strong data-start=\"898\" data-end=\"943\">Rapidit\u00e9, efficacit\u00e9 et finitions impeccables<\/strong>.<\/p>","protected":false},"featured_media":9307,"comment_status":"open","ping_status":"closed","template":"","meta":{"_acf_changed":false},"product_brand":[],"product_cat":[1566,22],"product_tag":[1574,1579,1578,1577,1575,1570,1576,1571,1572,1573,28],"class_list":{"0":"post-9295","1":"product","2":"type-product","3":"status-publish","4":"has-post-thumbnail","6":"product_cat-rodillos-y-cubetas","7":"product_cat-pintura","8":"product_tag-acabado-profesional-pintura","9":"product_tag-herramientas-para-pintar","10":"product_tag-pintura-sin-marcas","11":"product_tag-rodillo-de-alta-durabilidad","12":"product_tag-rodillo-de-poliester","13":"product_tag-rodillo-para-pintura","14":"product_tag-rodillo-para-superficies-grandes","15":"product_tag-rodillo-xxl-30-5-cm","16":"product_tag-rodillo-xxl-35-cm","17":"product_tag-rodillo-xxl-46-cm","18":"product_tag-spsil","19":"pa_acabado-mate","20":"pa_color-azul","21":"pa_color-blanco","22":"pa_espacio-exterior","23":"pa_espacio-interior","24":"pa_metodo_aplicacion-rodillo","25":"pa_superficie_aplicacion-cemento_hormigon","26":"pa_superficie_aplicacion-madera","27":"pa_superficie_aplicacion-paredes","28":"pa_superficie_aplicacion-piedra","29":"pa_superficie_aplicacion-yeso_escayola","30":"pa_tamano-30-cm","31":"pa_tamano-35-cm","32":"pa_tamano-46-cm","34":"first","35":"instock","36":"taxable","37":"shipping-taxable","38":"purchasable","39":"product-type-variable","40":"has-default-attributes","41":"wvs-archive-product-wrapper"},"acf":[],"superficies_aplicacion_completo":"Cemento\/Hormig\u00f3n, Madera, Paredes, Piedra, Yeso\/Escayola","_links":{"self":[{"href":"https:\/\/spsil.es\/fr\/wp-json\/wp\/v2\/product\/9295","targetHints":{"allow":["GET"]}}],"collection":[{"href":"https:\/\/spsil.es\/fr\/wp-json\/wp\/v2\/product"}],"about":[{"href":"https:\/\/spsil.es\/fr\/wp-json\/wp\/v2\/types\/product"}],"replies":[{"embeddable":true,"href":"https:\/\/spsil.es\/fr\/wp-json\/wp\/v2\/comments?post=9295"}],"version-history":[{"count":0,"href":"https:\/\/spsil.es\/fr\/wp-json\/wp\/v2\/product\/9295\/revisions"}],"wp:featuredmedia":[{"embeddable":true,"href":"https:\/\/spsil.es\/fr\/wp-json\/wp\/v2\/media\/9307"}],"wp:attachment":[{"href":"https:\/\/spsil.es\/fr\/wp-json\/wp\/v2\/media?parent=9295"}],"wp:term":[{"taxonomy":"product_brand","embeddable":true,"href":"https:\/\/spsil.es\/fr\/wp-json\/wp\/v2\/product_brand?post=9295"},{"taxonomy":"product_cat","embeddable":true,"href":"https:\/\/spsil.es\/fr\/wp-json\/wp\/v2\/product_cat?post=9295"},{"taxonomy":"product_tag","embeddable":true,"href":"https:\/\/spsil.es\/fr\/wp-json\/wp\/v2\/product_tag?post=9295"}],"curies":[{"name":"wp","href":"https:\/\/api.w.org\/{rel}","templated":true}]}}