{"id":8028,"date":"2025-02-17T16:34:55","date_gmt":"2025-02-17T15:34:55","guid":{"rendered":"https:\/\/spsil.es\/?post_type=product&#038;p=8028"},"modified":"2026-04-15T09:42:54","modified_gmt":"2026-04-15T07:42:54","slug":"pegamento-instantaneo-multiforte","status":"publish","type":"product","link":"https:\/\/spsil.es\/fr\/productos_auxiliares\/adhesivos-selladores\/adhesivos-selladores-adhesivos\/pegamento-instantaneo-multiforte\/","title":{"rendered":"COLLE INSTANTAN\u00c9E MULTIFORTE"},"content":{"rendered":"<h1 data-start=\"85\" data-end=\"166\"><strong data-start=\"85\" data-end=\"166\">Colle instantan\u00e9e Multiforte | Adh\u00e9sion rapide et forte en quelques secondes<\/strong><\/h1>\n<p data-start=\"201\" data-end=\"689\">Il <strong data-start=\"204\" data-end=\"240\">Colle instantan\u00e9e Multiforte<\/strong> C&#039;est la solution id\u00e9ale pour des r\u00e9parations rapides et efficaces. Formul\u00e9 pour offrir un <strong data-start=\"332\" data-end=\"356\">Adh\u00e9sion instantan\u00e9e<\/strong> Garantissant une adh\u00e9rence solide en quelques secondes, cette colle est id\u00e9ale pour les r\u00e9parations d&#039;urgence et les projets n\u00e9cessitant de la rapidit\u00e9. <strong data-start=\"498\" data-end=\"518\">formule polyvalente<\/strong> Cela le rend adapt\u00e9 \u00e0 une large gamme de mat\u00e9riaux, notamment le m\u00e9tal, le bois, la c\u00e9ramique, le cuir, le caoutchouc et les plastiques, garantissant des performances fiables dans toutes les applications.<\/p>\n<p data-start=\"691\" data-end=\"1010\">Merci \u00e0 vous <strong data-start=\"704\" data-end=\"726\">application pr\u00e9cise<\/strong> Et gr\u00e2ce \u00e0 son application contr\u00f4l\u00e9e, la colle ne coule pas, assurant une r\u00e9partition uniforme pour une efficacit\u00e9 de travail accrue. <strong data-start=\"857\" data-end=\"893\">Colle instantan\u00e9e Multiforte<\/strong>Vous disposerez ainsi de la solution pour des collages rapides, solides et durables, garantissant des r\u00e9sultats professionnels \u00e0 chaque fois.<\/p>\n<p data-start=\"1012\" data-end=\"1039\"><strong data-start=\"1012\" data-end=\"1039\">Principaux avantages\u00a0:<\/strong><\/p>\n<ul data-start=\"1041\" data-end=\"1395\">\n<li data-start=\"1041\" data-end=\"1132\"><strong data-start=\"1043\" data-end=\"1066\">Adh\u00e9sion imm\u00e9diate :<\/strong> Fixation sur seulement <strong data-start=\"1084\" data-end=\"1098\">5 secondes<\/strong>, id\u00e9al pour les r\u00e9parations rapides.<\/li>\n<li data-start=\"1133\" data-end=\"1209\"><strong data-start=\"1135\" data-end=\"1160\">R\u00e9sistance sup\u00e9rieure :<\/strong> Il r\u00e9siste aux conditions quotidiennes et aux conditions plus exigeantes.<\/li>\n<li data-start=\"1210\" data-end=\"1302\"><strong data-start=\"1212\" data-end=\"1233\">Formule polyvalente :<\/strong> Convient \u00e0 diff\u00e9rents mat\u00e9riaux tels que le m\u00e9tal, le bois, la c\u00e9ramique, et bien d&#039;autres.<\/li>\n<li data-start=\"1303\" data-end=\"1395\"><strong data-start=\"1305\" data-end=\"1328\">Application pr\u00e9cise :<\/strong> Il emp\u00eache les coulures et assure une r\u00e9partition contr\u00f4l\u00e9e de l&#039;adh\u00e9sif.<\/li>\n<\/ul>\n<h2 data-start=\"1397\" data-end=\"1415\"><strong data-start=\"1400\" data-end=\"1415\">Comment utiliser<\/strong><\/h2>\n<ol data-start=\"1417\" data-end=\"1817\">\n<li data-start=\"1417\" data-end=\"1526\"><strong data-start=\"1420\" data-end=\"1456\">Nettoyer et pr\u00e9parer les surfaces<\/strong> qui vont \u00eatre assembl\u00e9es, en veillant \u00e0 ce qu&#039;elles soient s\u00e8ches et exemptes de poussi\u00e8re.<\/li>\n<li data-start=\"1527\" data-end=\"1589\"><strong data-start=\"1530\" data-end=\"1550\">Appliquer une goutte<\/strong> adh\u00e9sif sur l&#039;une des surfaces.<\/li>\n<li data-start=\"1590\" data-end=\"1658\"><strong data-start=\"1593\" data-end=\"1612\">Assemblez les pi\u00e8ces<\/strong> et appuyez fermement pendant quelques secondes.<\/li>\n<li data-start=\"1659\" data-end=\"1736\"><strong data-start=\"1662\" data-end=\"1677\">Laisser s\u00e9cher<\/strong> compl\u00e8tement avant de soumettre les pi\u00e8ces \u00e0 une pression ou \u00e0 une utilisation.<\/li>\n<li data-start=\"1737\" data-end=\"1817\"><strong data-start=\"1740\" data-end=\"1775\">\u00c0 conserver dans un endroit frais et sec.<\/strong> pour prolonger la dur\u00e9e de vie du produit.<\/li>\n<\/ol>\n<h2 data-start=\"1819\" data-end=\"1851\"><strong data-start=\"1822\" data-end=\"1851\">Applications recommand\u00e9es<\/strong><\/h2>\n<ul data-start=\"1853\" data-end=\"2230\">\n<li data-start=\"1853\" data-end=\"1975\"><strong data-start=\"1855\" data-end=\"1879\">R\u00e9parations rapides<\/strong> \u00e0 la maison, au bureau ou \u00e0 l&#039;atelier, par exemple pour r\u00e9parer des ustensiles, des accessoires et effectuer de petites r\u00e9parations.<\/li>\n<li data-start=\"1976\" data-end=\"2050\"><strong data-start=\"1978\" data-end=\"2004\">projets de bricolage<\/strong> qui n\u00e9cessitent une r\u00e9paration rapide et durable.<\/li>\n<li data-start=\"2051\" data-end=\"2135\"><strong data-start=\"2053\" data-end=\"2082\">applications industrielles<\/strong> l\u00e0 o\u00f9 une connexion rapide et fiable est n\u00e9cessaire.<\/li>\n<li data-start=\"2136\" data-end=\"2230\"><strong data-start=\"2138\" data-end=\"2163\">R\u00e9paration d&#039;objets<\/strong> comme des horloges, des objets en c\u00e9ramique, des cadres et autres petits objets.<\/li>\n<\/ul>\n<h2 data-start=\"2593\" data-end=\"2627\"><strong data-start=\"2596\" data-end=\"2627\">Foire aux questions (FAQ)<\/strong><\/h2>\n<h3 data-start=\"2629\" data-end=\"2698\"><strong data-start=\"2633\" data-end=\"2698\">1. Cette colle convient-elle aux r\u00e9parations de c\u00e9ramique ?<\/strong><\/h3>\n<p data-start=\"2699\" data-end=\"2835\">Oui, le <strong data-start=\"2706\" data-end=\"2742\">Colle instantan\u00e9e Multiforte<\/strong> Il est id\u00e9al pour la c\u00e9ramique, ainsi que pour de nombreux autres mat\u00e9riaux tels que le m\u00e9tal, le bois et le plastique.<\/p>\n<h3 data-start=\"2837\" data-end=\"2908\"><strong data-start=\"2841\" data-end=\"2908\">2. Combien de temps dois-je attendre pour que ce soit compl\u00e8tement sec ?<\/strong><\/h3>\n<p data-start=\"2909\" data-end=\"3043\">La colle <strong data-start=\"2922\" data-end=\"2952\">Il s\u00e8che en seulement 5 secondes<\/strong> pour une adh\u00e9rence instantan\u00e9e, bien qu&#039;il soit recommand\u00e9 d&#039;attendre un peu plus longtemps pour un s\u00e9chage complet.<\/p>\n<h3 data-start=\"3045\" data-end=\"3093\"><strong data-start=\"3049\" data-end=\"3093\">3. Ce produit est-il r\u00e9sistant \u00e0 l&#039;eau ?<\/strong><\/h3>\n<p data-start=\"3094\" data-end=\"3242\">Oui, le <strong data-start=\"3101\" data-end=\"3137\">Colle instantan\u00e9e Multiforte<\/strong> Il est r\u00e9sistant \u00e0 l&#039;eau, ce qui le rend adapt\u00e9 aux r\u00e9parations aussi bien \u00e0 l&#039;int\u00e9rieur qu&#039;\u00e0 l&#039;ext\u00e9rieur.<\/p>\n<h3 data-start=\"3244\" data-end=\"3305\"><strong data-start=\"3248\" data-end=\"3305\">4. Puis-je utiliser cette colle sur des plastiques souples\u00a0?<\/strong><\/h3>\n<p data-start=\"3306\" data-end=\"3394\">Oui, il est compatible avec une large gamme de plastiques, y compris les mat\u00e9riaux plus flexibles.<\/p>\n<h3 data-start=\"3396\" data-end=\"3469\"><strong data-start=\"3400\" data-end=\"3469\">5. Cette colle est-elle sans danger pour un contact alimentaire ?<\/strong><\/h3>\n<p data-start=\"3470\" data-end=\"3543\">Non, son utilisation n&#039;est pas recommand\u00e9e pour les applications en contact direct avec les aliments.<\/p>\n<p data-start=\"3545\" data-end=\"3720\"><strong data-start=\"3545\" data-end=\"3720\">Avec la colle instantan\u00e9e Multiforte, vous obtenez des collages rapides, r\u00e9sistants et durables \u00e0 chaque application. La solution rapide et fiable pour toutes vos r\u00e9parations\u00a0!<\/strong><\/p>","protected":false},"excerpt":{"rendered":"<p>Il <strong data-start=\"3\" data-end=\"39\">Colle instantan\u00e9e Multiforte<\/strong> C&#039;est la solution id\u00e9ale pour des r\u00e9parations rapides et efficaces. Sa formule avanc\u00e9e permet une <strong data-start=\"134\" data-end=\"156\">adh\u00e9sion imm\u00e9diate<\/strong> en seulement 5 secondes, assurant un <strong data-start=\"192\" data-end=\"219\">une union forte et durable<\/strong>.<\/p>\n<p>Id\u00e9al pour <strong data-start=\"232\" data-end=\"258\">projets de bricolage<\/strong> et pour les r\u00e9parations domestiques, cet adh\u00e9sif est compatible avec une grande vari\u00e9t\u00e9 de mat\u00e9riaux tels que <strong data-start=\"358\" data-end=\"409\">m\u00e9tal, bois, c\u00e9ramique, plastique, caoutchouc et plus encore<\/strong>ce qui le rend extr\u00eamement polyvalent. Gr\u00e2ce \u00e0 son <strong data-start=\"464\" data-end=\"486\">application pr\u00e9cise<\/strong>Il emp\u00eache les gouttes, assurant une distribution uniforme et sans gaspillage. Il est parfait pour <strong data-start=\"580\" data-end=\"610\">r\u00e9parations d&#039;urgence<\/strong>, <strong data-start=\"612\" data-end=\"632\">petites articulations<\/strong> et toute t\u00e2che qui n\u00e9cessite un <strong data-start=\"667\" data-end=\"693\">liaison rapide et solide<\/strong>.<\/p>\n<p>Sa conception dans <strong data-start=\"708\" data-end=\"721\">dose unique<\/strong> Il est facile \u00e0 utiliser et \u00e0 contr\u00f4ler, id\u00e9al pour les petits travaux. <strong data-start=\"794\" data-end=\"830\">Colle instantan\u00e9e Multiforte<\/strong>Vous obtiendrez des r\u00e9sultats professionnels en un temps record, sans complications ni attente. Une solution rapide et fiable pour vos projets les plus exigeants\u00a0!<\/p>","protected":false},"featured_media":8034,"comment_status":"open","ping_status":"closed","template":"","meta":{"_acf_changed":false},"product_brand":[],"product_cat":[1215,1711,1212,1709,156],"product_tag":[988,1357,1355,1359,1356,1354,1358,1350,28],"class_list":{"0":"post-8028","1":"product","2":"type-product","3":"status-publish","4":"has-post-thumbnail","6":"product_cat-adhesivos-selladores-adhesivos","7":"product_cat-adhesivo","8":"product_cat-adhesivos-selladores","9":"product_cat-pegamentos","10":"product_cat-productos_auxiliares","11":"product_tag-adhesivo-para-bricolaje","12":"product_tag-adhesivo-para-metal-y-madera","13":"product_tag-adhesivo-rapido","14":"product_tag-adhesivo-sin-goteo","15":"product_tag-pegamento-fuerte","16":"product_tag-pegamento-instantaneo","17":"product_tag-pegamento-multifuncional","18":"product_tag-pegamento-para-reparaciones","19":"product_tag-spsil","20":"pa_acabado-mate","21":"pa_color-transparente","22":"pa_espacio-interior","23":"pa_metodo_aplicacion-trapo","24":"pa_superficie_aplicacion-ceramica_porcelana","25":"pa_superficie_aplicacion-madera","26":"pa_superficie_aplicacion-plastico","27":"pa_superficie_aplicacion-vidrio","28":"pa_tamano-1094","29":"pa_tamano-3-gr","31":"first","32":"instock","33":"taxable","34":"shipping-taxable","35":"purchasable","36":"product-type-variable","37":"has-default-attributes","38":"wvs-archive-product-wrapper"},"acf":[],"superficies_aplicacion_completo":"Madera, Pl\u00e1stico, Vidrio","_links":{"self":[{"href":"https:\/\/spsil.es\/fr\/wp-json\/wp\/v2\/product\/8028","targetHints":{"allow":["GET"]}}],"collection":[{"href":"https:\/\/spsil.es\/fr\/wp-json\/wp\/v2\/product"}],"about":[{"href":"https:\/\/spsil.es\/fr\/wp-json\/wp\/v2\/types\/product"}],"replies":[{"embeddable":true,"href":"https:\/\/spsil.es\/fr\/wp-json\/wp\/v2\/comments?post=8028"}],"version-history":[{"count":0,"href":"https:\/\/spsil.es\/fr\/wp-json\/wp\/v2\/product\/8028\/revisions"}],"wp:featuredmedia":[{"embeddable":true,"href":"https:\/\/spsil.es\/fr\/wp-json\/wp\/v2\/media\/8034"}],"wp:attachment":[{"href":"https:\/\/spsil.es\/fr\/wp-json\/wp\/v2\/media?parent=8028"}],"wp:term":[{"taxonomy":"product_brand","embeddable":true,"href":"https:\/\/spsil.es\/fr\/wp-json\/wp\/v2\/product_brand?post=8028"},{"taxonomy":"product_cat","embeddable":true,"href":"https:\/\/spsil.es\/fr\/wp-json\/wp\/v2\/product_cat?post=8028"},{"taxonomy":"product_tag","embeddable":true,"href":"https:\/\/spsil.es\/fr\/wp-json\/wp\/v2\/product_tag?post=8028"}],"curies":[{"name":"wp","href":"https:\/\/api.w.org\/{rel}","templated":true}]}}