{"id":7658,"date":"2025-02-11T16:32:49","date_gmt":"2025-02-11T15:32:49","guid":{"rendered":"https:\/\/spsil.es\/?post_type=product&#038;p=7658"},"modified":"2026-04-15T09:43:22","modified_gmt":"2026-04-15T07:43:22","slug":"limpia-y-encera-salpicaderos","status":"publish","type":"product","link":"https:\/\/spsil.es\/fr\/cuidado-vehiculo\/cuidado-vehiculo-interior\/cuidado-vehiculo-interior-salpicadero\/salpicadero-limpia-salpicaderos\/limpia-y-encera-salpicaderos\/","title":{"rendered":"Nettoyant et cire pour tableau de bord SPSIL"},"content":{"rendered":"<h2 data-start=\"0\" data-end=\"71\"><strong data-start=\"3\" data-end=\"69\">Nettoie et cire les tableaux de bord \u2013 Brillance longue dur\u00e9e et protection UV<\/strong><\/h2>\n<p data-start=\"109\" data-end=\"467\">Il <strong data-start=\"112\" data-end=\"144\">Nettoie et cire les tableaux de bord<\/strong> C&#039;est la meilleure option pour garder l&#039;int\u00e9rieur de votre v\u00e9hicule propre, prot\u00e9g\u00e9 et en bon \u00e9tat. <strong data-start=\"232\" data-end=\"268\">Brillance longue dur\u00e9e jusqu&#039;\u00e0 28 jours<\/strong>Son avanc\u00e9 <strong data-start=\"282\" data-end=\"302\">formule \u00e0 base de cire<\/strong> Il nettoie efficacement la poussi\u00e8re, la salet\u00e9 et les taches, tout en cr\u00e9ant un <strong data-start=\"388\" data-end=\"407\">couche protectrice<\/strong> qui pr\u00e9vient la d\u00e9coloration et l&#039;usure dues aux rayons UV.<\/p>\n<p data-start=\"469\" data-end=\"723\">Profitez d&#039;une finition impeccable et d&#039;un agr\u00e9able <strong data-start=\"517\" data-end=\"541\">parfum de brise marine<\/strong>qui laisse une sensation de fra\u00eecheur dans la voiture. Son effet <strong data-start=\"614\" data-end=\"646\">antistatique repousse la poussi\u00e8re<\/strong>garder les surfaces en plastique et en vinyle propres plus longtemps.<\/p>\n<p data-start=\"725\" data-end=\"910\">Id\u00e9al pour <strong data-start=\"736\" data-end=\"798\">panneaux, panneaux de porte et autres surfaces en plastique<\/strong>Ce produit est la solution id\u00e9ale pour ceux qui recherchent un <strong data-start=\"861\" data-end=\"894\">maintenance rapide et efficace<\/strong> du v\u00e9hicule.<\/p>\n<h2 data-start=\"917\" data-end=\"949\"><strong data-start=\"921\" data-end=\"947\">Principaux avantages<\/strong><\/h2>\n<p data-start=\"951\" data-end=\"1417\">\u2714 <strong data-start=\"953\" data-end=\"972\">BRILLANCE DURABLE<\/strong> \u2013 Il maintient le <strong data-start=\"987\" data-end=\"1026\">Le tableau de bord reste lumineux jusqu&#039;\u00e0 28 jours.<\/strong>.<br data-start=\"1027\" data-end=\"1030\" \/>\u2714 <strong data-start=\"1032\" data-end=\"1061\">PROTECTION UV ET ANTI-POUSSI\u00c8RE<\/strong> \u2013 Pr\u00e9vient la d\u00e9coloration et repousse la poussi\u00e8re, prolongeant ainsi la dur\u00e9e du nettoyage.<br data-start=\"1132\" data-end=\"1135\" \/>\u2714 <strong data-start=\"1137\" data-end=\"1161\">PARFUM DE BRISE MARINE<\/strong> \u2013 Elle laisse un parfum frais et agr\u00e9able \u00e0 l&#039;int\u00e9rieur de la voiture.<br data-start=\"1227\" data-end=\"1230\" \/>\u2714 <strong data-start=\"1232\" data-end=\"1252\">FACILE \u00c0 APPLIQUER<\/strong> \u2013 Il s&#039;utilise rapidement sans laisser de sensation grasse ou collante.<br data-start=\"1313\" data-end=\"1316\" \/>\u2714 <strong data-start=\"1318\" data-end=\"1339\">POLYVALENT ET S\u00dbR<\/strong> \u2013 Id\u00e9al pour les tableaux de bord, les panneaux de porte et les surfaces en plastique des voitures.<\/p>\n<h2 data-start=\"1424\" data-end=\"1445\"><strong data-start=\"1428\" data-end=\"1443\">Comment utiliser<\/strong><\/h2>\n<ol data-start=\"1447\" data-end=\"1698\">\n<li data-start=\"1447\" data-end=\"1492\"><strong data-start=\"1450\" data-end=\"1475\">Bien agiter le r\u00e9cipient<\/strong> avant utilisation.<\/li>\n<li data-start=\"1493\" data-end=\"1563\"><strong data-start=\"1496\" data-end=\"1507\">Appliquer<\/strong> directement sur la surface ou sur un chiffon propre.<\/li>\n<li data-start=\"1564\" data-end=\"1623\"><strong data-start=\"1567\" data-end=\"1593\">R\u00e9partir uniform\u00e9ment<\/strong> avec des mouvements circulaires.<\/li>\n<li data-start=\"1624\" data-end=\"1698\"><strong data-start=\"1627\" data-end=\"1642\">Laisser s\u00e9cher<\/strong> et essuyez l&#039;exc\u00e9dent avec un chiffon sec si n\u00e9cessaire.<\/li>\n<\/ol>\n<h2 data-start=\"1998\" data-end=\"2035\"><strong data-start=\"2002\" data-end=\"2033\">Foire aux questions (FAQ)<\/strong><\/h2>\n<p data-start=\"2037\" data-end=\"2185\"><strong data-start=\"2037\" data-end=\"2092\">1. Laisse-t-il des r\u00e9sidus gras ou collants sur le tableau de bord\u00a0?<\/strong><br data-start=\"2092\" data-end=\"2095\" \/>Non, sa formule avanc\u00e9e offre une <strong data-start=\"2129\" data-end=\"2182\">Finition propre, sans sensation grasse ni collante<\/strong>.<\/p>\n<p data-start=\"2187\" data-end=\"2340\"><strong data-start=\"2187\" data-end=\"2240\">2. Peut-il \u00eatre utilis\u00e9 sur des surfaces en cuir ou en tissu ?<\/strong><br data-start=\"2240\" data-end=\"2243\" \/>Son utilisation n&#039;est pas recommand\u00e9e sur le cuir ou le tissu ; il est con\u00e7u pour les surfaces plastiques des v\u00e9hicules.<\/p>\n<p data-start=\"2342\" data-end=\"2485\"><strong data-start=\"2342\" data-end=\"2378\">3. Prot\u00e8ge-t-il contre les rayons UV\u00a0?<\/strong><br data-start=\"2378\" data-end=\"2381\" \/>Oui, sa formule contient <strong data-start=\"2405\" data-end=\"2419\">filtres UV<\/strong> qui pr\u00e9viennent la d\u00e9coloration et l&#039;usure caus\u00e9es par le soleil.<\/p>\n<p data-start=\"2487\" data-end=\"2638\"><strong data-start=\"2487\" data-end=\"2549\">4. Combien de temps dure la brillance apr\u00e8s application ?<\/strong><br data-start=\"2549\" data-end=\"2552\" \/>Jusqu&#039;\u00e0 <strong data-start=\"2558\" data-end=\"2569\">28 jours<\/strong>en fonction de l&#039;utilisation du v\u00e9hicule et de son exposition aux intemp\u00e9ries.<\/p>\n<p data-start=\"2640\" data-end=\"2779\"><strong data-start=\"2640\" data-end=\"2694\">5. Peut-on l&#039;appliquer aux motos ou aux v\u00e9los ?<\/strong><br data-start=\"2694\" data-end=\"2697\" \/>Oui, c&#039;est sans danger pour <strong data-start=\"2716\" data-end=\"2754\">plastiques et surfaces non poreuses<\/strong> sur les motos et les v\u00e9los.<\/p>\n<p><iframe loading=\"lazy\" width=\"458\" height=\"815\" src=\"https:\/\/www.youtube.com\/embed\/uhBxzv6E68E\" title=\"\ud83d\udee1\ufe0f Plastiques mats \u2192 Finition satin\u00e9e UV-Shield \ud83d\ude97 Un simple coup de chiffon et votre tableau de bord retrouve tout son \u00e9clat.#Salpi\" frameborder=\"0\" allow=\"accelerometer; autoplay; clipboard-write; encrypted-media; gyroscope; picture-in-picture; web-share\" referrerpolicy=\"strict-origin-when-cross-origin\" allowfullscreen><\/iframe><\/p>","protected":false},"excerpt":{"rendered":"<p data-start=\"77\" data-end=\"411\">Il <strong data-start=\"80\" data-end=\"112\">Nettoie et cire les tableaux de bord<\/strong> Il s&#039;agit d&#039;un produit con\u00e7u pour assurer un nettoyage en profondeur et une protection durable de l&#039;int\u00e9rieur de votre v\u00e9hicule. <strong data-start=\"241\" data-end=\"261\">formule avanc\u00e9e<\/strong> nettoie efficacement <strong data-start=\"281\" data-end=\"310\">poussi\u00e8re, salet\u00e9 et taches<\/strong>Redonner de l&#039;\u00e9clat naturel aux surfaces sans laisser de r\u00e9sidus gras ni de sensation collante.<\/p>\n<p data-start=\"413\" data-end=\"748\">Ce nettoyant laisse non seulement une finition impeccable, mais cr\u00e9e \u00e9galement un <strong data-start=\"489\" data-end=\"517\">rev\u00eatement de cire protecteur<\/strong> que <strong data-start=\"530\" data-end=\"625\">Pr\u00e9venir la d\u00e9coloration, le vieillissement pr\u00e9matur\u00e9 et les dommages caus\u00e9s par les UV<\/strong>Merci \u00e0 vous <strong data-start=\"640\" data-end=\"663\">effet antistatique<\/strong>Il r\u00e9duit l&#039;accumulation de poussi\u00e8re et garde les surfaces propres plus longtemps.<\/p>\n<p data-start=\"750\" data-end=\"887\">De plus, son agr\u00e9able <strong data-start=\"771\" data-end=\"795\">parfum de brise marine<\/strong> Elle procure une sensation de fra\u00eecheur \u00e0 l&#039;int\u00e9rieur de la voiture, am\u00e9liorant ainsi l&#039;exp\u00e9rience de conduite.<\/p>\n<p data-start=\"889\" data-end=\"1089\">Id\u00e9al pour une utilisation dans <strong data-start=\"910\" data-end=\"972\">panneaux, panneaux de porte et autres surfaces en plastique<\/strong>, il <strong data-start=\"977\" data-end=\"1009\">Nettoie et cire les tableaux de bord<\/strong> garantit une <strong data-start=\"1023\" data-end=\"1059\">Brillance longue dur\u00e9e jusqu&#039;\u00e0 28 jours<\/strong> et un int\u00e9rieur bien entretenu.<\/p>\n<p data-start=\"1091\" data-end=\"1199\" data-is-last-node=\"\">Si vous recherchez une solution efficace et rapide pour garder votre voiture impeccable, ce produit est fait pour vous !<\/p>","protected":false},"featured_media":9265,"comment_status":"open","ping_status":"closed","template":"","meta":{"_acf_changed":false},"product_brand":[],"product_cat":[636,312,630,631],"product_tag":[1210,734,1211,735,736,28],"class_list":{"0":"post-7658","1":"product","2":"type-product","3":"status-publish","4":"has-post-thumbnail","6":"product_cat-salpicadero-limpia-salpicaderos","7":"product_cat-cuidado-vehiculo","8":"product_cat-cuidado-vehiculo-interior","9":"product_cat-cuidado-vehiculo-interior-salpicadero","10":"product_tag-limpiador-de-salpicadero-con-aroma","11":"product_tag-limpiador-de-salpicaderos","12":"product_tag-limpiador-y-encerado-de-salpicadero-con-aroma","13":"product_tag-limpiar-el-salpicadero-del-coche","14":"product_tag-spray-para-limpiar-salpicadero","15":"product_tag-spsil","16":"pa_acabado-brillo","17":"pa_color-amarillo-vainilla","18":"pa_color-azul-brisa-marina","19":"pa_color-rojo-coche-nuevo","20":"pa_color-verde-limon","21":"pa_espacio-interior","22":"pa_metodo_aplicacion-pulverizado","23":"pa_metodo_aplicacion-trapo","24":"pa_superficie_aplicacion-salpicadero","25":"pa_tamano-250ml","26":"pa_tamano-450-ml","27":"pa_tamano-665","28":"pa_tamano-750ml","30":"first","31":"instock","32":"taxable","33":"shipping-taxable","34":"purchasable","35":"product-type-variable","36":"has-default-attributes","37":"wvs-archive-product-wrapper"},"acf":[],"superficies_aplicacion_completo":"Salpicadero","_links":{"self":[{"href":"https:\/\/spsil.es\/fr\/wp-json\/wp\/v2\/product\/7658","targetHints":{"allow":["GET"]}}],"collection":[{"href":"https:\/\/spsil.es\/fr\/wp-json\/wp\/v2\/product"}],"about":[{"href":"https:\/\/spsil.es\/fr\/wp-json\/wp\/v2\/types\/product"}],"replies":[{"embeddable":true,"href":"https:\/\/spsil.es\/fr\/wp-json\/wp\/v2\/comments?post=7658"}],"version-history":[{"count":0,"href":"https:\/\/spsil.es\/fr\/wp-json\/wp\/v2\/product\/7658\/revisions"}],"wp:featuredmedia":[{"embeddable":true,"href":"https:\/\/spsil.es\/fr\/wp-json\/wp\/v2\/media\/9265"}],"wp:attachment":[{"href":"https:\/\/spsil.es\/fr\/wp-json\/wp\/v2\/media?parent=7658"}],"wp:term":[{"taxonomy":"product_brand","embeddable":true,"href":"https:\/\/spsil.es\/fr\/wp-json\/wp\/v2\/product_brand?post=7658"},{"taxonomy":"product_cat","embeddable":true,"href":"https:\/\/spsil.es\/fr\/wp-json\/wp\/v2\/product_cat?post=7658"},{"taxonomy":"product_tag","embeddable":true,"href":"https:\/\/spsil.es\/fr\/wp-json\/wp\/v2\/product_tag?post=7658"}],"curies":[{"name":"wp","href":"https:\/\/api.w.org\/{rel}","templated":true}]}}