{"id":5495,"date":"2024-11-12T15:02:28","date_gmt":"2024-11-12T14:02:28","guid":{"rendered":"https:\/\/spsil.es\/?post_type=product&#038;p=5495"},"modified":"2026-04-15T09:41:59","modified_gmt":"2026-04-15T07:41:59","slug":"desodorante-de-cacos-spsil","status":"publish","type":"product","link":"https:\/\/spsil.es\/fr\/cuidado-vehiculo\/cuidado-vehiculo-interior\/cuidado-vehiculo-interior-aire-ambiente\/aire-ambiente-eliminador-olores\/desodorante-de-cacos-spsil\/","title":{"rendered":"D\u00e9odorant pour casque SPSIL"},"content":{"rendered":"<h2><strong>D\u00e9odorant pour casque SPSIL \u2013 Fra\u00eecheur longue dur\u00e9e pour casques de moto ou de sport<\/strong><\/h2>\n<p>Motard ! Ce produit est ce qu&#039;il vous faut : Le <strong>D\u00e9odorant pour casque SPSIL<\/strong> Une solution con\u00e7ue pour pr\u00e9server l&#039;int\u00e9rieur de vos casques des odeurs, des bact\u00e9ries et des champignons. Elle n&#039;est pas r\u00e9serv\u00e9e aux motards\u00a0; vous pouvez aussi l&#039;utiliser sur les casques de v\u00e9lo et pour d&#039;autres sports comme le hockey, o\u00f9 la protection est essentielle. Profitez d&#039;un nettoyage en profondeur et d&#039;une protection durable.<\/p>\n<p><strong>Caract\u00e9ristiques principales :<\/strong><\/p>\n<ul>\n<li><strong>\u00c9limination efficace des mauvaises odeurs :<\/strong> Elle a la capacit\u00e9 de neutraliser les odeurs d\u00e9sagr\u00e9ables, m\u00eame apr\u00e8s plusieurs heures d&#039;utilisation ou d&#039;exposition \u00e0 la transpiration, procurant une sensation de fra\u00eecheur et de propret\u00e9 \u00e0 chaque utilisation.<\/li>\n<li><strong>Propri\u00e9t\u00e9s antibact\u00e9riennes et fongicides\u00a0:<\/strong> Il agit efficacement en \u00e9liminant toute trace de bact\u00e9ries et de champignons, qui peuvent prolif\u00e9rer dans les environnements humides, garantissant ainsi un environnement hygi\u00e9nique \u00e0 l&#039;int\u00e9rieur du casque.<\/li>\n<li><strong>S\u00e9chage rapide :<\/strong> Vous pouvez utiliser le casque ou la protection presque imm\u00e9diatement apr\u00e8s utilisation\u00a0: vaporisez le produit, laissez s\u00e9cher quelques minutes, et c\u2019est tout.<\/li>\n<li><strong>Compatibilit\u00e9 universelle\u00a0:<\/strong> Convient \u00e0 tous les types de casques, y compris les casques de moto, de v\u00e9lo et de sport, sans endommager les mat\u00e9riaux internes.<\/li>\n<li><strong>Application facile\u00a0:<\/strong> Son format spray le rend beaucoup plus facile \u00e0 utiliser, polyvalent et pratique. Emportez-le partout avec vous !<\/li>\n<\/ul>\n<p><strong>Instructions d&#039;utilisation\u00a0:<\/strong><\/p>\n<ol>\n<li><strong>Pr\u00e9paration:<\/strong> Bien agiter le r\u00e9cipient avant utilisation pour assurer un m\u00e9lange homog\u00e8ne.<\/li>\n<li><strong>Application:<\/strong> Vaporisez le produit \u00e0 l&#039;int\u00e9rieur du casque, en insistant sur les zones o\u00f9 l&#039;humidit\u00e9 et les odeurs s&#039;accumulent. Maintenez une distance d&#039;environ 5 cm des surfaces \u00e0 traiter.<\/li>\n<li><strong>S\u00e9chage:<\/strong> Laisser agir le produit pendant 5 \u00e0 10 minutes. Le casque sera pr\u00eat \u00e0 l&#039;emploi une fois le produit compl\u00e8tement sec.<\/li>\n<\/ol>\n<p><strong>Utilisations recommand\u00e9es\u00a0:<\/strong><\/p>\n<ul>\n<li><strong>Casque de moto :<\/strong> Apr\u00e8s une longue vir\u00e9e entre amis, il est temps de rentrer et de pr\u00e9parer sa moto. N&#039;oubliez pas votre casque !<\/li>\n<li><strong>Casque de v\u00e9lo :<\/strong> Les courses extr\u00eames qui se terminent par une chaleur et une transpiration intenses laisseront votre \u00e9quipement sportif, y compris votre casque, en parfait \u00e9tat pour sa prochaine utilisation : frais, sans bact\u00e9ries et sans odeur.<\/li>\n<li><strong>Casque de sport :<\/strong> Convient aux casques utilis\u00e9s dans des sports tels que le football am\u00e9ricain, le rugby, le hockey, entre autres.<\/li>\n<\/ul>\n<p><strong>Avantages suppl\u00e9mentaires\u00a0:<\/strong><\/p>\n<ul>\n<li><strong>Prolonge la dur\u00e9e de vie du casque\u00a0:<\/strong> Non seulement il nettoie et d\u00e9sinfecte, mais il le prot\u00e8ge \u00e9galement des micro-organismes susceptibles de d\u00e9t\u00e9riorer les mat\u00e9riaux, prolongeant ainsi la dur\u00e9e de vie du casque.<\/li>\n<li><strong>Am\u00e9liorer l&#039;exp\u00e9rience utilisateur\u00a0:<\/strong> Un confort accru gr\u00e2ce \u00e0 un casque propre et frais.<\/li>\n<li><strong>Entretien facile\u00a0:<\/strong> Inutile de d\u00e9penser de l&#039;argent en nettoyages en profondeur co\u00fbteux\u00a0: appliquez le nettoyant apr\u00e8s chaque utilisation ou une fois par semaine et prenez soin de votre \u00e9quipement.<\/li>\n<\/ul>\n<p><strong>Pr\u00e9cautions:<\/strong><\/p>\n<ul>\n<li><strong>Usage externe :<\/strong> Ce produit est con\u00e7u pour un usage externe uniquement.<\/li>\n<li><strong>Stockage:<\/strong> \u00c0 conserver dans un endroit frais et sec, \u00e0 l&#039;abri des sources de chaleur et hors de port\u00e9e des enfants.<\/li>\n<li><strong>Test pr\u00e9liminaire\u00a0:<\/strong> Avant toute utilisation sur des mat\u00e9riaux d\u00e9licats, effectuez un test sur une zone peu visible afin de v\u00e9rifier la compatibilit\u00e9.<\/li>\n<\/ul>\n<p><strong>Avis des utilisateurs\u00a0:<\/strong><\/p>\n<p>Les athl\u00e8tes et les motocyclistes nous confirment son efficacit\u00e9\u00a0: le produit \u00e9limine les odeurs en quelques minutes et d\u00e9sinfecte leurs casques et \u00e9quipements de protection. Nombreux sont ceux qui appr\u00e9cient sa simplicit\u00e9 d\u2019utilisation et son s\u00e9chage rapide, leur permettant de r\u00e9utiliser leurs casques en un rien de temps.<\/p>\n<p><strong>Conclusion:<\/strong><\/p>\n<p>Le d\u00e9odorant pour casque SPSIL est indispensable pour tous ceux qui souhaitent conserver leur casque en parfait \u00e9tat, pour une exp\u00e9rience plus confortable et plus s\u00fbre. Sa formule avanc\u00e9e et sa facilit\u00e9 d&#039;utilisation en font un choix privil\u00e9gi\u00e9 des motards, des cyclistes et des sportifs en g\u00e9n\u00e9ral.<\/p>","protected":false},"excerpt":{"rendered":"<p>Il <strong>D\u00e9odorant pour casque SPSIL<\/strong> C&#039;est la solution id\u00e9ale pour garder vos casques frais et sans odeur. Sa formule avanc\u00e9e \u00e9limine les bact\u00e9ries, les champignons et l&#039;humidit\u00e9, pr\u00e9venant ainsi l&#039;apparition de mauvaises odeurs et maintenant un environnement hygi\u00e9nique \u00e0 l&#039;int\u00e9rieur du casque.<\/p>\n<p>Id\u00e9al pour tous types de casques (moto, v\u00e9lo, sport), ce spray d\u00e9sodorisant est particuli\u00e8rement utile pour les utilisateurs fr\u00e9quents ou par temps chaud et humide. Son s\u00e9chage rapide permet de remettre le casque en \u00e9tat en quelques minutes. Facile \u00e0 appliquer, il suffit de vaporiser le produit \u00e0 l&#039;int\u00e9rieur du casque et de laisser agir 5 \u00e0 10 minutes. Sa formule respectueuse des mat\u00e9riaux prot\u00e8ge le casque, prolongeant sa dur\u00e9e de vie et garantissant un confort et des performances optimales \u00e0 chaque utilisation.<\/p>","protected":false},"featured_media":5499,"comment_status":"open","ping_status":"closed","template":"","meta":{"_acf_changed":false},"product_brand":[],"product_cat":[642,634,312,630],"product_tag":[963,967,962,964,966,965,28],"class_list":{"0":"post-5495","1":"product","2":"type-product","3":"status-publish","4":"has-post-thumbnail","6":"product_cat-aire-ambiente-eliminador-olores","7":"product_cat-cuidado-vehiculo-interior-aire-ambiente","8":"product_cat-cuidado-vehiculo","9":"product_cat-cuidado-vehiculo-interior","10":"product_tag-desinfectante-casco-moto","11":"product_tag-desodorante-antibacteriano-casco","12":"product_tag-desodorante-casco","13":"product_tag-desodorante-para-bicicleta","14":"product_tag-higiene-casco-moto","15":"product_tag-limpiador-interior-casco","16":"product_tag-spsil","17":"pa_acabado-brillo","18":"pa_color-transparente","19":"pa_espacio-interior","20":"pa_metodo_aplicacion-pulverizado","21":"pa_superficie_aplicacion-ambiente-aire","22":"pa_tamano-400ml","24":"first","25":"instock","26":"taxable","27":"shipping-taxable","28":"purchasable","29":"product-type-variable","30":"wvs-archive-product-wrapper"},"acf":[],"superficies_aplicacion_completo":"Ambiente\/Aire","_links":{"self":[{"href":"https:\/\/spsil.es\/fr\/wp-json\/wp\/v2\/product\/5495","targetHints":{"allow":["GET"]}}],"collection":[{"href":"https:\/\/spsil.es\/fr\/wp-json\/wp\/v2\/product"}],"about":[{"href":"https:\/\/spsil.es\/fr\/wp-json\/wp\/v2\/types\/product"}],"replies":[{"embeddable":true,"href":"https:\/\/spsil.es\/fr\/wp-json\/wp\/v2\/comments?post=5495"}],"version-history":[{"count":0,"href":"https:\/\/spsil.es\/fr\/wp-json\/wp\/v2\/product\/5495\/revisions"}],"wp:featuredmedia":[{"embeddable":true,"href":"https:\/\/spsil.es\/fr\/wp-json\/wp\/v2\/media\/5499"}],"wp:attachment":[{"href":"https:\/\/spsil.es\/fr\/wp-json\/wp\/v2\/media?parent=5495"}],"wp:term":[{"taxonomy":"product_brand","embeddable":true,"href":"https:\/\/spsil.es\/fr\/wp-json\/wp\/v2\/product_brand?post=5495"},{"taxonomy":"product_cat","embeddable":true,"href":"https:\/\/spsil.es\/fr\/wp-json\/wp\/v2\/product_cat?post=5495"},{"taxonomy":"product_tag","embeddable":true,"href":"https:\/\/spsil.es\/fr\/wp-json\/wp\/v2\/product_tag?post=5495"}],"curies":[{"name":"wp","href":"https:\/\/api.w.org\/{rel}","templated":true}]}}