{"id":5455,"date":"2024-11-12T12:04:00","date_gmt":"2024-11-12T11:04:00","guid":{"rendered":"https:\/\/spsil.es\/?post_type=product&#038;p=5455"},"modified":"2026-04-15T09:41:59","modified_gmt":"2026-04-15T07:41:59","slug":"imprimacion-spray-base-agua-spsil","status":"publish","type":"product","link":"https:\/\/spsil.es\/fr\/spray\/spray-base-agua\/imprimacion-spray-base-agua-spsil\/","title":{"rendered":"Appr\u00eat en spray \u00e0 base d&#039;eau SPSIL"},"content":{"rendered":"<h2><strong>Appr\u00eat en spray \u00e0 base d&#039;eau SPSIL<\/strong><\/h2>\n<p>Le <strong>Appr\u00eat en spray \u00e0 base d&#039;eau SPSIL<\/strong> Voici ce qu&#039;il vous faut pour des r\u00e9sultats impeccables sur tous vos projets de peinture. Cette solution offre une base solide et l&#039;adh\u00e9rence n\u00e9cessaire pour des finitions parfaites. Cet appr\u00eat \u00e0 base d&#039;eau est une option \u00e9cologique et s\u00fbre, id\u00e9ale pour les professionnels comme pour les bricoleurs, m\u00eame les d\u00e9butants, pour des finitions impeccables. Il offre une excellente adh\u00e9rence et une protection contre l&#039;humidit\u00e9, favorisant ainsi la durabilit\u00e9 de la peinture. Vous pouvez appliquer cet appr\u00eat sur une multitude de surfaces, du bois et du m\u00e9tal \u00e0 la c\u00e9ramique et au plastique. Il enrobe le mat\u00e9riau et assure une adh\u00e9rence uniforme et sans probl\u00e8me de la peinture. De plus, son s\u00e9chage ultra-rapide vous permet d&#039;appliquer la peinture sans retarder votre projet.<\/p>\n<p>De plus, gr\u00e2ce \u00e0 sa formule \u00e0 base d&#039;eau, son odeur est beaucoup plus l\u00e9g\u00e8re que celle des \u00e9maux \u00e0 base de solvants, ce qui la rend id\u00e9ale pour une utilisation en int\u00e9rieur. Nous recommandons toutefois de bien a\u00e9rer l&#039;espace de travail. Appliquez le pulv\u00e9risateur double action en suivant les instructions du fabricant\u00a0: vous b\u00e9n\u00e9ficierez ainsi d&#039;un contr\u00f4le pr\u00e9cis de la surface trait\u00e9e et d&#039;une efficacit\u00e9 accrue. Que ce soit pour un projet de bricolage, comme peindre un meuble ou une porte, une r\u00e9paration d&#039;entretien ou une cr\u00e9ation artistique, cette sous-couche est le choix id\u00e9al pour obtenir des r\u00e9sultats professionnels.<\/p>\n<p><strong>Caract\u00e9ristiques principales<\/strong>:<\/p>\n<ul>\n<li><strong>Formule \u00e0 base d&#039;eau<\/strong>Choisissez une formule \u00e9cologique et s\u00fbre, \u00e0 tr\u00e8s faible odeur ; travailler \u00e0 l&#039;int\u00e9rieur est possible de mani\u00e8re respectueuse de l&#039;environnement.<\/li>\n<li><strong>s\u00e9chage rapide<\/strong>Poursuivez rapidement votre projet gr\u00e2ce \u00e0 son temps de s\u00e9chage express, vous permettant d&#039;appliquer plusieurs couches sans avoir \u00e0 attendre des temps de s\u00e9chage interminables, ce qui acc\u00e9l\u00e8re votre projet et vous permet de le terminer en un temps record.<\/li>\n<li><strong>Excellente adh\u00e9rence<\/strong>L&#039;application d&#039;une sous-couche est essentielle pour am\u00e9liorer l&#039;adh\u00e9rence de la peinture, notamment sur les surfaces difficiles \u00e0 peindre. Nous recommandons d&#039;appliquer une sous-couche au pr\u00e9alable\u00a0; cela optimisera le r\u00e9sultat.<\/li>\n<li><strong>Versatilit\u00e9<\/strong>Vous pouvez appliquer l&#039;appr\u00eat \u00e0 base d&#039;eau sur une multitude de surfaces\u00a0: bois, m\u00e9tal, c\u00e9ramique et plastique. Id\u00e9al pour les projets d&#039;int\u00e9rieur comme d&#039;ext\u00e9rieur.<\/li>\n<li><strong>Application facile<\/strong>Un pulv\u00e9risateur innovant \u00e0 double action pour une application pratique et pr\u00e9cise, vous assurant de ne pas gaspiller de produit et d&#039;obtenir une couverture uniforme.<\/li>\n<\/ul>\n<p><strong>Instructions d&#039;utilisation<\/strong>:<\/p>\n<ol>\n<li><strong>Pr\u00e9parer la surface<\/strong>Assurez-vous que la surface est propre et exempte de poussi\u00e8re, de graisse ou d&#039;autres r\u00e9sidus susceptibles d&#039;interf\u00e9rer avec l&#039;adh\u00e9rence de l&#039;appr\u00eat.<\/li>\n<li><strong>Application<\/strong>Bien agiter l&#039;a\u00e9rosol et appliquer en fines couches, en maintenant une distance de 20 \u00e0 25 cm entre la surface et le pulv\u00e9risateur. Appliquer uniform\u00e9ment pour une couverture compl\u00e8te.<\/li>\n<li><strong>S\u00e9chage<\/strong>Laissez s\u00e9cher 15 minutes entre les couches pour une bonne adh\u00e9rence de la peinture. Le temps de s\u00e9chage peut varier selon la surface.<\/li>\n<\/ol>\n<p><strong>Utilisations recommand\u00e9es<\/strong>:<\/p>\n<ul>\n<li><strong>Bois<\/strong>Pour les meubles \u00e0 restaurer, les portes en bois ou en agglom\u00e9r\u00e9, voire les meubles de jardin en bois, appliquez une sous-couche et assurez-vous que la peinture soit impeccable.<\/li>\n<li><strong>M\u00e9tal<\/strong>Adh\u00e9rence parfaite aux surfaces m\u00e9talliques\u00a0; id\u00e9al pour pr\u00e9parer portes, chaises ou autres objets m\u00e9talliques avant peinture. Offre \u00e9galement une protection contre la corrosion.<\/li>\n<li><strong>Plastique<\/strong>Le plastique pr\u00e9sente des difficult\u00e9s d&#039;adh\u00e9rence \u00e0 la peinture, il est donc essentiel d&#039;appliquer une sous-couche au pr\u00e9alable.<\/li>\n<li><strong>C\u00e9ramique<\/strong>Pour les travaux de poterie ou la restauration d&#039;\u00e9l\u00e9ments en c\u00e9ramique, l&#039;application pr\u00e9alable d&#039;une sous-couche est n\u00e9cessaire pour obtenir un excellent r\u00e9sultat lors de l&#039;application de la peinture.<\/li>\n<\/ul>\n<p><strong>Avantages<\/strong>:<\/p>\n<ul>\n<li><strong>Respectueux de l&#039;environnement<\/strong>Nous avons \u00e0 c\u0153ur le respect de l&#039;environnement et, dans la gamme de sprays SPSIL, nous proposons l&#039;appr\u00eat \u00e0 base d&#039;eau, respectueux de l&#039;environnement et sans danger pour une utilisation en int\u00e9rieur.<\/li>\n<li><strong>s\u00e9chage rapide<\/strong>S\u00e9chage rapide pour l&#039;application d&#039;une deuxi\u00e8me couche d&#039;appr\u00eat et la finition avec la peinture. Acc\u00e9l\u00e9rez vos projets.<\/li>\n<li><strong>Am\u00e9lioration de la peinture<\/strong>Cette sous-couche cr\u00e9e une surface id\u00e9ale pour l&#039;application de tout type de peinture, optimisant ainsi sa durabilit\u00e9 et la finition finale.<\/li>\n<\/ul>\n<h3>FAQ<\/h3>\n<ol>\n<li><strong>Puis-je utiliser cet appr\u00eat sur du plastique\u00a0?<\/strong> Oui, le <strong>Appr\u00eat en spray \u00e0 base d&#039;eau SPSIL<\/strong> Il est id\u00e9al pour les plastiques et le li\u00e8ge, garantissant une adh\u00e9rence optimale pour la peinture sur les surfaces plastiques.<\/li>\n<li><strong>Ce produit convient-il pour peindre le m\u00e9tal\u00a0?<\/strong> Absolument. Cet appr\u00eat am\u00e9liore l&#039;adh\u00e9rence de la peinture sur le m\u00e9tal, tout en le prot\u00e9geant contre la rouille.<\/li>\n<li><strong>Combien de temps faut-il pour s\u00e9cher ?<\/strong> Le s\u00e9chage est rapide ; il est g\u00e9n\u00e9ralement recommand\u00e9 d&#039;attendre 15 minutes entre les couches pour un r\u00e9sultat optimal.<\/li>\n<li><strong>Convient-il \u00e0 une utilisation en int\u00e9rieur\u00a0?<\/strong> Oui, sa faible odeur le rend id\u00e9al pour une utilisation en int\u00e9rieur, o\u00f9 l&#039;odeur d\u00e9sagr\u00e9able d&#039;autres produits peut poser probl\u00e8me.<\/li>\n<li><strong>Combien de couches dois-je appliquer ?<\/strong> Pour un r\u00e9sultat optimal, il est recommand\u00e9 d&#039;appliquer au moins deux couches d&#039;appr\u00eat, surtout si la surface est difficile \u00e0 peindre ou tr\u00e8s us\u00e9e.<\/li>\n<\/ol>","protected":false},"excerpt":{"rendered":"<p>Le <strong>Appr\u00eat en spray \u00e0 base d&#039;eau SPSIL<\/strong> Il est essentiel de pr\u00e9parer les surfaces avant l&#039;application de la couche de peinture finale. De plus, c&#039;est un choix id\u00e9al pour ceux qui souhaitent r\u00e9aliser des projets respectueux de l&#039;environnement. Il offre une excellente adh\u00e9rence sur diverses surfaces, telles que le bois, le m\u00e9tal, le plastique et la c\u00e9ramique.<\/p>\n<p>Parfait pour les projets de bricolage, les r\u00e9parations ou les cr\u00e9ations artistiques, que vous soyez professionnel ou d\u00e9butant, cet appr\u00eat garantit une finition impeccable en am\u00e9liorant l&#039;adh\u00e9rence de la peinture et en pr\u00e9venant le d\u00e9collement et l&#039;usure pr\u00e9matur\u00e9s. Son s\u00e9chage rapide permet l&#039;application rapide de plusieurs couches, optimisant ainsi le temps de travail. De plus, sa formule pratiquement inodore le rend id\u00e9al pour une utilisation en int\u00e9rieur.<\/p>\n<p>Le <strong>Appr\u00eat en spray \u00e0 base d&#039;eau SPSIL<\/strong> C&#039;est une option \u00e9cologique et s\u00fbre, facile et pr\u00e9cise \u00e0 appliquer gr\u00e2ce \u00e0 son pulv\u00e9risateur \u00e0 double action. Elle prot\u00e8ge les surfaces de l&#039;humidit\u00e9 et assure une meilleure durabilit\u00e9 de la peinture appliqu\u00e9e.<\/p>","protected":false},"featured_media":5460,"comment_status":"open","ping_status":"closed","template":"","meta":{"_acf_changed":false},"product_brand":[],"product_cat":[915,23],"product_tag":[929,931,930,919,932,28],"class_list":{"0":"post-5455","1":"product","2":"type-product","3":"status-publish","4":"has-post-thumbnail","6":"product_cat-spray-base-agua","7":"product_cat-spray","8":"product_tag-imprimacion-base-agua","9":"product_tag-imprimacion-base-agua-respetuosa-con-el-medio-ambiente","10":"product_tag-imprimacion-para-pintura-base-agua","11":"product_tag-spray-en-base-agua-medio-ambiente","12":"product_tag-spray-imprimacion-base-agua","13":"product_tag-spsil","14":"pa_acabado-brillo","15":"pa_color-blanco","16":"pa_espacio-exterior","17":"pa_espacio-interior","18":"pa_metodo_aplicacion-pulverizado","19":"pa_superficie_aplicacion-cemento_hormigon","20":"pa_superficie_aplicacion-ceramica_porcelana","21":"pa_superficie_aplicacion-cerraduras","22":"pa_superficie_aplicacion-madera","23":"pa_superficie_aplicacion-metal","24":"pa_superficie_aplicacion-papel_cartulina","25":"pa_superficie_aplicacion-paredes","26":"pa_superficie_aplicacion-piedra","27":"pa_superficie_aplicacion-plastico","28":"pa_superficie_aplicacion-techos","29":"pa_superficie_aplicacion-vidrio","30":"pa_superficie_aplicacion-yeso_escayola","31":"pa_tamano-400ml","33":"first","34":"instock","35":"taxable","36":"shipping-taxable","37":"purchasable","38":"product-type-variable","39":"has-default-attributes","40":"wvs-archive-product-wrapper"},"acf":[],"superficies_aplicacion_completo":"Cemento\/Hormig\u00f3n, Cerraduras, Madera, Metal, Paredes, Piedra, Pl\u00e1stico, Techos, Vidrio, Yeso\/Escayola","_links":{"self":[{"href":"https:\/\/spsil.es\/fr\/wp-json\/wp\/v2\/product\/5455","targetHints":{"allow":["GET"]}}],"collection":[{"href":"https:\/\/spsil.es\/fr\/wp-json\/wp\/v2\/product"}],"about":[{"href":"https:\/\/spsil.es\/fr\/wp-json\/wp\/v2\/types\/product"}],"replies":[{"embeddable":true,"href":"https:\/\/spsil.es\/fr\/wp-json\/wp\/v2\/comments?post=5455"}],"version-history":[{"count":0,"href":"https:\/\/spsil.es\/fr\/wp-json\/wp\/v2\/product\/5455\/revisions"}],"wp:featuredmedia":[{"embeddable":true,"href":"https:\/\/spsil.es\/fr\/wp-json\/wp\/v2\/media\/5460"}],"wp:attachment":[{"href":"https:\/\/spsil.es\/fr\/wp-json\/wp\/v2\/media?parent=5455"}],"wp:term":[{"taxonomy":"product_brand","embeddable":true,"href":"https:\/\/spsil.es\/fr\/wp-json\/wp\/v2\/product_brand?post=5455"},{"taxonomy":"product_cat","embeddable":true,"href":"https:\/\/spsil.es\/fr\/wp-json\/wp\/v2\/product_cat?post=5455"},{"taxonomy":"product_tag","embeddable":true,"href":"https:\/\/spsil.es\/fr\/wp-json\/wp\/v2\/product_tag?post=5455"}],"curies":[{"name":"wp","href":"https:\/\/api.w.org\/{rel}","templated":true}]}}