{"id":5208,"date":"2024-11-11T13:37:41","date_gmt":"2024-11-11T12:37:41","guid":{"rendered":"https:\/\/spsil.es\/?post_type=product&#038;p=5208"},"modified":"2025-09-19T14:02:18","modified_gmt":"2025-09-19T12:02:18","slug":"lubricante-de-silicona-serie-profesional-spsil","status":"publish","type":"product","link":"https:\/\/spsil.es\/fr\/aceites-lubricantes\/aceites-lubricantes-serie-profesional\/lubricante-de-silicona-serie-profesional-spsil\/","title":{"rendered":"Lubricante de Silicona &#8211; Serie Profesional SPSIL"},"content":{"rendered":"<h2><strong>Lubricante de Silicona SPSIL<\/strong><\/h2>\n<p>El <strong>Lubricante de Silicona SPSIL<\/strong> es un producto de alta calidad imprescindible en entornos industriales, mec\u00e1nicos y dom\u00e9sticos para mantener adecuadamente el funcionamiento maquinaria, equipos y dispositivos que operan en condiciones extremas, protegi\u00e9ndolos de la humedad, el \u00f3xido y las altas temperaturas, as\u00ed como del exceso de fricci\u00f3n y el desgaste. Puedes utilizarlo tanto interior como en exterior.<\/p>\n<p><strong>Caracter\u00edsticas<\/strong><\/p>\n<ul>\n<li><strong>Lubricaci\u00f3n duradera<\/strong>: Evita la fricci\u00f3n y el desgaste gracias al aporte de lubricaci\u00f3n de largo plazo, garantizando el funcionamiento suave de los componentes.<\/li>\n<li><strong>Resistente a altas temperaturas<\/strong>: Es resiste altas temperaturas, como el calor extremo.<\/li>\n<li><strong>Protecci\u00f3n contra la humedad<\/strong>: La f\u00f3rmula impermeable protege las superficies de la corrosi\u00f3n y el \u00f3xido causados por la humedad, haciendo de este producto una soluci\u00f3n ideal para su uso en exteriores, en ambientes h\u00famedos o incluso en \u00e1reas expuestas a la intemperie.<\/li>\n<li><strong>Secado r\u00e1pido<\/strong>: La r\u00e1pida evaporaci\u00f3n de este lubricante asegura que no se queden residuos, lo que permite que las superficies se mantengan limpias, secas y listas para funcionar inmediatamente despu\u00e9s de su aplicaci\u00f3n.<\/li>\n<li><strong>F\u00e1cil aplicaci\u00f3n<\/strong>: Con su pulverizador de doble acci\u00f3n: amplio y preciso, puedes aplicar el lubricante con mayor precisi\u00f3n y obtener resultados m\u00e1s eficaces, as\u00ed como evitar los goteos y desbordamientos.<\/li>\n<\/ul>\n<p><strong>Aplicaciones<\/strong><\/p>\n<p>Este producto es extremadamente vers\u00e1til y adecuado para una variedad de superficies y aplicaciones, tales como:<\/p>\n<ul>\n<li><strong>Bisagras y cerraduras<\/strong>: Nada de ruidos gracias a un adecuado mantenimiento y lubricaci\u00f3n de puertas, ventanas y mecanismos de apertura en perfecto estado.<\/li>\n<li><strong>Rodamientos y maquinaria industrial<\/strong>: Proporciona la lubricaci\u00f3n necesaria para componentes industriales, garantizando su funcionamiento eficiente.<\/li>\n<li><strong>Puertas corredizas<\/strong>: Aperturas y cierres en perfecto estado de puertas corredizas, gracias a mecanismos con una \u00f3ptima lubricaci\u00f3n.<\/li>\n<li><strong>Pl\u00e1sticos y gomas<\/strong>: Seguro para su uso en superficies de goma y pl\u00e1stico, lo que lo convierte en una opci\u00f3n perfecta para componentes automotrices o electrodom\u00e9sticos.<\/li>\n<li><strong>Juntas y ventanas de coche<\/strong>: Ahorra en futuras facturas lubricando correctamente las juntas de las ventanas del veh\u00edculo y asegurarse de que abran y cierren sin dificultad.<\/li>\n<\/ul>\n<p><strong>Instrucciones de Uso<\/strong><\/p>\n<ol>\n<li><strong>Limpiar bien la superficie<\/strong> antes de aplicar el producto.<\/li>\n<li><strong>Agitar bien el envase<\/strong> para asegurar una mezcla uniforme.<\/li>\n<li><strong>Pulverizar directamente<\/strong> sobre la superficie a lubricar y proteger, asegurando que toda el \u00e1rea est\u00e9 cubierta con una capa uniforme.<\/li>\n<\/ol>\n<p><strong>Precauciones<\/strong><\/p>\n<ul>\n<li>Evitar el contacto con llamas o fuentes de calor.<\/li>\n<li>Mantener fuera del alcance de los ni\u00f1os.<\/li>\n<li>Almacenar en un lugar fresco y seco, alejado de la luz solar directa.<\/li>\n<\/ul>\n<p><strong>FAQs<\/strong><\/p>\n<ol>\n<li><strong>\u00bfSe puede usar el Lubricante de Silicona SPSIL en pl\u00e1sticos?<\/strong><br \/>\nS\u00ed, es totalmente seguro para su uso en pl\u00e1sticos y gomas, por lo que es ideal para componentes automotrices y electrodom\u00e9sticos.<\/li>\n<li><strong>\u00bfEste producto es resistente al agua?<\/strong><br \/>\nS\u00ed, su f\u00f3rmula es impermeable, lo que significa que protege contra la humedad y evita la corrosi\u00f3n, incluso en entornos h\u00famedos o expuestos al agua.<\/li>\n<li><strong>\u00bfCu\u00e1l es la capacidad del envase?<\/strong><br \/>\nEl producto est\u00e1 disponible en un envase de 200 ml, ideal para una aplicaci\u00f3n precisa y eficiente.<\/li>\n<li><strong>\u00bfEs este lubricante adecuado para maquinaria industrial?<\/strong><br \/>\nS\u00ed, el Lubricante de Silicona SPSIL es perfecto para usar en maquinaria industrial, garantizando que los componentes permanezcan lubricados, protegidos contra la corrosi\u00f3n y funcionando de manera eficiente.<\/li>\n<li><strong>\u00bfEl producto deja residuos o manchas?<\/strong><br \/>\nNo, el Lubricante de Silicona SPSIL se seca r\u00e1pidamente y no deja residuos grasos, lo que mantiene las superficies limpias y listas para usar inmediatamente.<\/li>\n<\/ol>\n<p>El Lubricante de Silicona SPSIL es la opci\u00f3n perfecta para proteger, lubricar y mantener en buen estado los sistemas y componentes m\u00e1s exigentes, garantizando un funcionamiento eficiente y sin problemas.<\/p>","protected":false},"excerpt":{"rendered":"<div class=\"flex max-w-full flex-col flex-grow\">\n<div class=\"min-h-8 text-message flex w-full flex-col items-end gap-2 whitespace-normal break-words [.text-message+&amp;]:mt-5\" dir=\"auto\" data-message-author-role=\"assistant\" data-message-id=\"c9ae9932-21c1-4c31-8635-3227883b10ff\" data-message-model-slug=\"gpt-4o-mini\">\n<div class=\"flex w-full flex-col gap-1 empty:hidden first:pt-[3px]\">\n<div class=\"markdown prose w-full break-words dark:prose-invert dark\">\n<p>El <strong>Lubricante de Silicona SPSIL<\/strong> es una soluci\u00f3n avanzada para ofrecer lubricaci\u00f3n duradera y protecci\u00f3n contra la fricci\u00f3n en una amplia gama de aplicaciones. Su f\u00f3rmula impermeable y resistente a altas temperaturas lo convierte en una opci\u00f3n ideal para su uso en exteriores, maquinaria industrial y en condiciones extremas. Adem\u00e1s, protege contra la humedad y el \u00f3xido, manteniendo los componentes en excelente estado.<\/p>\n<p>Este lubricante es perfecto para <strong>bisagras, cerraduras, rodamientos, puertas corredizas, pl\u00e1sticos, gomas, y componentes automotrices<\/strong>, proporcionando una lubricaci\u00f3n sin residuos grasos.<\/p>\n<p>Gracias a su <strong>pulverizador de doble acci\u00f3n<\/strong> (amplio y preciso), se aplica f\u00e1cilmente en las superficies deseadas, asegurando una distribuci\u00f3n uniforme y eficiente. Su acci\u00f3n de secado r\u00e1pido permite que las superficies se queden limpias y listas para funcionar inmediatamente. Con <strong>Lubricante de Silicona SPSIL<\/strong>, mantienes tus equipos en perfecto estado, prolongando su vida \u00fatil y mejorando su rendimiento.<\/p>\n<\/div>\n<\/div>\n<\/div>\n<\/div>","protected":false},"featured_media":6040,"comment_status":"open","ping_status":"closed","template":"","meta":{"_acf_changed":false},"product_brand":[],"product_cat":[769,313],"product_tag":[802,807,862,861,865,863,860,864,28],"class_list":{"0":"post-5208","1":"product","2":"type-product","3":"status-publish","4":"has-post-thumbnail","6":"product_cat-aceites-lubricantes-serie-profesional","7":"product_cat-aceites-lubricantes","8":"product_tag-lubricante-de-silicona","9":"product_tag-lubricante-para-bisagras","10":"product_tag-lubricante-para-metal-y-goma","11":"product_tag-lubricante-para-plasticos","12":"product_tag-lubricante-para-puertas-corredizas","13":"product_tag-lubricante-para-rodamientos","14":"product_tag-proteccion-contra-la-humedad","15":"product_tag-spray-lubricante-duradero","16":"product_tag-spsil","17":"pa_acabado-brillo","18":"pa_color-transparente","19":"pa_espacio-exterior","20":"pa_metodo_aplicacion-pulverizado","21":"pa_superficie_aplicacion-bisagras","22":"pa_superficie_aplicacion-cadenas","23":"pa_superficie_aplicacion-cerraduras","24":"pa_superficie_aplicacion-componentes-de-plastico-y-goma","25":"pa_superficie_aplicacion-maquinaria-industrial","26":"pa_tamano-200-ml","27":"pa_tamano-400ml","29":"first","30":"instock","31":"taxable","32":"shipping-taxable","33":"purchasable","34":"product-type-variable","35":"wvs-archive-product-wrapper"},"acf":[],"superficies_aplicacion_completo":"Bisagras, Cadenas, Cerraduras, Componentes de pl\u00e1stico y goma, Maquinaria Industrial","_links":{"self":[{"href":"https:\/\/spsil.es\/fr\/wp-json\/wp\/v2\/product\/5208","targetHints":{"allow":["GET"]}}],"collection":[{"href":"https:\/\/spsil.es\/fr\/wp-json\/wp\/v2\/product"}],"about":[{"href":"https:\/\/spsil.es\/fr\/wp-json\/wp\/v2\/types\/product"}],"replies":[{"embeddable":true,"href":"https:\/\/spsil.es\/fr\/wp-json\/wp\/v2\/comments?post=5208"}],"version-history":[{"count":0,"href":"https:\/\/spsil.es\/fr\/wp-json\/wp\/v2\/product\/5208\/revisions"}],"wp:featuredmedia":[{"embeddable":true,"href":"https:\/\/spsil.es\/fr\/wp-json\/wp\/v2\/media\/6040"}],"wp:attachment":[{"href":"https:\/\/spsil.es\/fr\/wp-json\/wp\/v2\/media?parent=5208"}],"wp:term":[{"taxonomy":"product_brand","embeddable":true,"href":"https:\/\/spsil.es\/fr\/wp-json\/wp\/v2\/product_brand?post=5208"},{"taxonomy":"product_cat","embeddable":true,"href":"https:\/\/spsil.es\/fr\/wp-json\/wp\/v2\/product_cat?post=5208"},{"taxonomy":"product_tag","embeddable":true,"href":"https:\/\/spsil.es\/fr\/wp-json\/wp\/v2\/product_tag?post=5208"}],"curies":[{"name":"wp","href":"https:\/\/api.w.org\/{rel}","templated":true}]}}