{"id":5145,"date":"2024-11-08T14:17:23","date_gmt":"2024-11-08T13:17:23","guid":{"rendered":"https:\/\/spsil.es\/?post_type=product&#038;p=5145"},"modified":"2025-12-02T10:40:04","modified_gmt":"2025-12-02T09:40:04","slug":"limpiador-de-contactos","status":"publish","type":"product","link":"https:\/\/spsil.es\/fr\/aceites-lubricantes\/aceites-lubricantes-esenciales\/limpiador-de-contactos\/","title":{"rendered":"Limpiador de Contactos SPSIL"},"content":{"rendered":"<h2>Limpiador de Contactos SPSIL<\/h2>\n<p>El <strong>Limpiador de Contactos SPSIL te ayudar\u00e1 a mantener libre de polvo, grasa y suciedad tus equipos electr\u00f3nicos y el\u00e9ctricos. De esta forma, siempre tendr\u00e1s el mayor rendimiento de tus equipos y garantizas <\/strong>una conductividad \u00f3ptima. Es hora de prevenir fallos en los equipos y\u00a0 aumentar su vida \u00fatil.<\/p>\n<p>Adem\u00e1s, su f\u00f3rmula activa elimina r\u00e1pidamente la suciedad y el \u00f3xido, evitando que estos interfieran con el funcionamiento de los componentes el\u00e9ctricos. Adem\u00e1s, su r\u00e1pida evaporaci\u00f3n asegura que no queden residuos, lo que permite un funcionamiento inmediato de los dispositivos tras la aplicaci\u00f3n.<\/p>\n<p><strong>Caracter\u00edsticas<\/strong><\/p>\n<ul>\n<li><strong>Limpieza Eficaz:<\/strong> Elimina de forma r\u00e1pida y efectiva contaminantes como grasa y \u00f3xido que pueden comprometer el rendimiento de los contactos el\u00e9ctricos.<\/li>\n<li><strong>Evaporaci\u00f3n R\u00e1pida:<\/strong> Su f\u00f3rmula de secado r\u00e1pido asegura que no deja residuos, garantizando que los contactos queden completamente limpios y secos.<\/li>\n<li><strong>Seguro para Todos los Materiales:<\/strong> Ideal para usar en pl\u00e1sticos, metales y otros materiales comunes en componentes el\u00e9ctricos, sin riesgo de da\u00f1os.<\/li>\n<li><strong>Prevenci\u00f3n de Fallos:<\/strong> Mantener los contactos limpios contribuye a evitar arcos el\u00e9ctricos y mejora la fiabilidad del sistema en general.<\/li>\n<li><strong>Aplicaciones Variadas:<\/strong> Perfecto para una amplia gama de usos, incluyendo conectores, enchufes, interruptores, rel\u00e9s, tarjetas de circuitos impresos (PCB), equipos de telecomunicaciones y dispositivos electr\u00f3nicos.<\/li>\n<\/ul>\n<p><strong>Instrucciones de Uso<\/strong><\/p>\n<ol>\n<li>Desconectar los equipos antes de aplicar el limpiador.<\/li>\n<li>Agitar bien el envase para asegurar una mezcla homog\u00e9nea.<\/li>\n<li>Aplicar a una distancia de 15 a 30 cm sobre la superficie a limpiar.<\/li>\n<\/ol>\n<p><strong>Precauciones<\/strong><\/p>\n<ul>\n<li>Mantener alejado del alcance de los ni\u00f1os.<\/li>\n<li>Evitar el contacto con la piel y los ojos. En caso de contacto, enjuagar con abundante agua.<\/li>\n<li>No exponer a temperaturas superiores a 50\u00b0C\/122\u00b0F<\/li>\n<\/ul>\n<p><strong>FAQs<\/strong><\/p>\n<ol>\n<li><strong>\u00bfEs seguro usarlo en dispositivos electr\u00f3nicos?<\/strong> S\u00ed, el Limpiador de Contactos SPSIL es seguro para la mayor\u00eda de los dispositivos electr\u00f3nicos y el\u00e9ctricos.<\/li>\n<li><strong>\u00bfPuedo usarlo en componentes de pl\u00e1stico?<\/strong> S\u00ed, est\u00e1 formulado para ser seguro en pl\u00e1sticos y otros materiales comunes en componentes el\u00e9ctricos.<\/li>\n<li><strong>\u00bfC\u00f3mo se aplica el producto?<\/strong> Aseg\u00farate de agitar bien el envase y aplica a una distancia de 15 a 30 cm de la superficie a limpiar.<\/li>\n<li><strong>\u00bfCon qu\u00e9 frecuencia debo usarlo?<\/strong> Se recomienda su uso cada vez que notes acumulaci\u00f3n de suciedad o al realizar mantenimiento preventivo.<\/li>\n<li><strong>\u00bfAyuda a prevenir fallos el\u00e9ctricos?<\/strong> S\u00ed, al mantener los contactos limpios, el limpiador ayuda a prevenir arcos el\u00e9ctricos y mejora la fiabilidad del sistema.<\/li>\n<\/ol>","protected":false},"excerpt":{"rendered":"<p>El <strong>Limpiador de Contactos SPSIL<\/strong> es un producto esencial para mantener la eficiencia y fiabilidad de tus sistemas el\u00e9ctricos y electr\u00f3nicos. Dise\u00f1ado con una f\u00f3rmula avanzada, este limpiador elimina r\u00e1pidamente polvo, grasa, \u00f3xido y otros contaminantes que pueden interferir con el rendimiento de los contactos el\u00e9ctricos. Su capacidad de evaporaci\u00f3n r\u00e1pida asegura que no queden residuos, permitiendo que los dispositivos funcionen inmediatamente despu\u00e9s de su aplicaci\u00f3n.<\/p>\n<p>Ideal para una amplia gama de aplicaciones, el limpiador es seguro para usar en conectores, enchufes, interruptores, rel\u00e9s, tarjetas de circuitos impresos (PCB) y equipos de telecomunicaciones. Al mantener los contactos limpios, ayuda a prevenir arcos el\u00e9ctricos y a mejorar la fiabilidad del sistema en general. Este producto es imprescindible para cualquier persona que desee asegurar el funcionamiento \u00f3ptimo de sus dispositivos, garantizando una larga vida \u00fatil y un rendimiento sin interrupciones en todas tus aplicaciones el\u00e9ctricas.<\/p>","protected":false},"featured_media":5148,"comment_status":"open","ping_status":"closed","template":"","meta":{"_acf_changed":false},"product_brand":[],"product_cat":[768,313],"product_tag":[821,825,822,823,827,826,824,803,28],"class_list":{"0":"post-5145","1":"product","2":"type-product","3":"status-publish","4":"has-post-thumbnail","6":"product_cat-aceites-lubricantes-esenciales","7":"product_cat-aceites-lubricantes","8":"product_tag-limpiador-de-contactos","9":"product_tag-limpiador-de-placas-de-circuito","10":"product_tag-limpiador-electrico","11":"product_tag-limpieza-de-equipos-electronicos","12":"product_tag-limpieza-de-interruptores","13":"product_tag-mantenimiento-de-conectores","14":"product_tag-prevencion-de-fallos-electricos","15":"product_tag-proteccion-contra-la-corrosion","16":"product_tag-spsil","17":"pa_acabado-brillo","18":"pa_color-transparente","19":"pa_espacio-exterior","20":"pa_metodo_aplicacion-pulverizado","21":"pa_superficie_aplicacion-conectores-y-enchufes","22":"pa_superficie_aplicacion-dispositivos-electronicos-y-electrodomesticos","23":"pa_superficie_aplicacion-equipos-de-telecomunicaciones","24":"pa_superficie_aplicacion-interruptores-y-reles","25":"pa_superficie_aplicacion-tarjetas-de-circuitos-impresos-pcb","26":"pa_tamano-200-ml","28":"first","29":"instock","30":"taxable","31":"shipping-taxable","32":"purchasable","33":"product-type-variable","34":"wvs-archive-product-wrapper"},"acf":[],"superficies_aplicacion_completo":"Conectores y enchufes, Dispositivos electr\u00f3nicos y electrodom\u00e9sticos, Equipos de telecomunicaciones, Interruptores y rel\u00e9s, Tarjetas de circuitos impresos (PCB)","_links":{"self":[{"href":"https:\/\/spsil.es\/fr\/wp-json\/wp\/v2\/product\/5145","targetHints":{"allow":["GET"]}}],"collection":[{"href":"https:\/\/spsil.es\/fr\/wp-json\/wp\/v2\/product"}],"about":[{"href":"https:\/\/spsil.es\/fr\/wp-json\/wp\/v2\/types\/product"}],"replies":[{"embeddable":true,"href":"https:\/\/spsil.es\/fr\/wp-json\/wp\/v2\/comments?post=5145"}],"version-history":[{"count":0,"href":"https:\/\/spsil.es\/fr\/wp-json\/wp\/v2\/product\/5145\/revisions"}],"wp:featuredmedia":[{"embeddable":true,"href":"https:\/\/spsil.es\/fr\/wp-json\/wp\/v2\/media\/5148"}],"wp:attachment":[{"href":"https:\/\/spsil.es\/fr\/wp-json\/wp\/v2\/media?parent=5145"}],"wp:term":[{"taxonomy":"product_brand","embeddable":true,"href":"https:\/\/spsil.es\/fr\/wp-json\/wp\/v2\/product_brand?post=5145"},{"taxonomy":"product_cat","embeddable":true,"href":"https:\/\/spsil.es\/fr\/wp-json\/wp\/v2\/product_cat?post=5145"},{"taxonomy":"product_tag","embeddable":true,"href":"https:\/\/spsil.es\/fr\/wp-json\/wp\/v2\/product_tag?post=5145"}],"curies":[{"name":"wp","href":"https:\/\/api.w.org\/{rel}","templated":true}]}}