{"id":5087,"date":"2024-11-07T15:59:11","date_gmt":"2024-11-07T14:59:11","guid":{"rendered":"https:\/\/spsil.es\/?post_type=product&#038;p=5087"},"modified":"2025-11-06T19:24:05","modified_gmt":"2025-11-06T18:24:05","slug":"limpiador-de-cuero-y-piel-spsil","status":"publish","type":"product","link":"https:\/\/spsil.es\/fr\/cuidado-vehiculo\/cuidado-vehiculo-interior\/cuidado-vehiculo-interior-acabados\/acabados-limpiador-cuero-piel\/limpiador-de-cuero-y-piel-spsil\/","title":{"rendered":"Limpiador de Cuero y Piel SPSIL"},"content":{"rendered":"<h2>Limpiador de Cuero y Piel SPSIL<\/h2>\n<p>El <strong>Limpiador de Cuero y Piel SPSIL<\/strong> no puede faltar en tu cuidado de la tapicer\u00eda y acabado del veh\u00edculo, devolviendo a la piel su elegancia y sofisticaci\u00f3n. Aporta una limpieza profunda que te permitir\u00e1 eliminar manchas dif\u00edciles, a la vez que aporta nutrici\u00f3n. Tendr\u00e1s en cuesti\u00f3n de minutos un acabado suave y radiante.<\/p>\n<p>Vuelve a entrar en tu veh\u00edculo y si\u00e9ntete como si fuera reci\u00e9n salido del concesionario o simplemente restaura la tapicer\u00eda con una limpieza profunda, d\u00e1ndole al cuero y la piel el brillo que merecen. Elimina cualquier impureza, mancha y polvo, as\u00ed como restaura las imperfecciones y realza la belleza natural del cuero. Este limpiador cuenta con una f\u00f3rmula activa de doble efecto, limpieza y protecci\u00f3n a largo plazo del desgaste del uso diario.<\/p>\n<p><strong>Caracter\u00edsticas<\/strong><\/p>\n<ul>\n<li><strong>Limpieza Eficaz<\/strong>: Es capaz de eliminar las manchas m\u00e1s dif\u00edciles, sin da\u00f1ar el cuero o la piel, y restableciendo su brillo original.<\/li>\n<li><strong>Protecci\u00f3n Avanzada<\/strong>: Aporta una nutrici\u00f3n extra y protecci\u00f3n ante el desgate del uso diario, aumenta la vida \u00fatil de tu elegante tapicer\u00eda.<\/li>\n<li><strong>Acabado Suave y Brillante<\/strong>: Deja la tapicer\u00eda con un brillo excepcional, sin residuos pegajosos y mejorando la apariencia general.<\/li>\n<li><strong>F\u00e1cil Aplicaci\u00f3n<\/strong>: Es tan sencillo como rociar y limpiar con un pa\u00f1o suave. Resultados inmediatos.<\/li>\n<li><strong>Versatilidad<\/strong>: Perfecto para amantes del lujo y de aquellos que quieren y aman su veh\u00edculo. Dale lo que solo \u00e9l merece: glamour.<\/li>\n<\/ul>\n<p><strong>Instrucciones de Uso<\/strong><\/p>\n<ol>\n<li><strong>Preparar la Superficie<\/strong>: Aseg\u00farate de que la superficie est\u00e9 libre de polvo y suciedad.<\/li>\n<li><strong>Aplicar el Producto<\/strong>: Roc\u00eda el limpiador uniformemente sobre la zona a limpiar, asegurando cubrir todas las \u00e1reas.<\/li>\n<li><strong>Limpiar<\/strong>: Frota con un pa\u00f1o suave, disfrutando del aroma fresco mientras observas c\u00f3mo las manchas desaparecen.<\/li>\n<li><strong>Secar<\/strong>: Deja que el producto se asiente durante 30 minutos, permitiendo que el cuero absorba los nutrientes y la protecci\u00f3n.<\/li>\n<\/ol>\n<p>&nbsp;<\/p>\n<p><strong>FAQs<\/strong><\/p>\n<ol>\n<li><strong>\u00bfEs seguro para todos los tipos de cuero?<\/strong><br \/>\nAbsolutamente. Puedes aplicar el Limpiador de Cuero y Piel SPSIL en cualquier tipo de cuero y piel de forma segura y obtendr\u00e1s resultados impecables. Sin da\u00f1ar la superficie y sin ara\u00f1azos.<\/li>\n<li><strong>\u00bfRequiere mucho esfuerzo para limpiar?<\/strong><br \/>\nNo, es muy sencillo, solo tienes que pulverizar la zona a limpiar y eliminar la suciedad con un suave trapo, veras resultados y brillo en tu tapicer\u00eda.<\/li>\n<li><strong>\u00bfCon qu\u00e9 frecuencia debo usarlo?<\/strong><br \/>\nTe recomendamos un uso regular, para ello ll\u00e9valo contigo en cada limpieza del veh\u00edculo y siempre tendr\u00e1s a punto tu tapicer\u00eda y acabados de cuero y piel.<\/li>\n<li><strong>\u00bfPuedo usarlo en otros materiales?<\/strong><br \/>\nEste limpiador est\u00e1 optimizado para cuero y piel. No se recomienda su uso en superficies no espec\u00edficas para garantizar la efectividad del producto.<\/li>\n<li><strong>\u00bfQu\u00e9 debo hacer si entra en contacto con mis ojos?<\/strong><br \/>\nSi el producto entra en contacto ocular, enjuaga inmediatamente con abundante agua y busca atenci\u00f3n m\u00e9dica si la irritaci\u00f3n persiste, asegurando as\u00ed tu bienestar.<\/li>\n<\/ol>\n<p>Con el <strong>Limpiador de Cuero y Piel SPSIL<\/strong>, no solo est\u00e1s eligiendo un producto, sino un compromiso con la calidad, la elegancia y el estilo de vida que mereces. \u00a1Dale a tus pertenencias el trato excepcional que necesitan!<\/p>","protected":false},"excerpt":{"rendered":"<p>El <strong>Limpiador de Cuero y Piel SPSIL<\/strong> es la soluci\u00f3n ideal para quienes desean mantener la elegancia y calidad de sus art\u00edculos de cuero. Este producto no solo limpia profundamente, sino que tambi\u00e9n nutre y protege, garantizando que tus tapicer\u00edas, asientos y accesorios luzcan como nuevos. Su f\u00f3rmula avanzada elimina manchas dif\u00edciles y suciedad, mientras que su acci\u00f3n hidratante previene la p\u00e9rdida de color y opacidad, manteniendo el brillo y la suavidad del cuero.<\/p>\n<p>Con un uso sencillo, simplemente roc\u00eda, limpia y disfruta de un acabado impecable. Adem\u00e1s, su capacidad para crear una barrera protectora contra el desgaste asegura que tus pertenencias permanezcan en \u00f3ptimas condiciones por m\u00e1s tiempo. Ideal para veh\u00edculos el Limpiador de Cuero y Piel SPSIL es un aliado esencial en el cuidado del hogar y del autom\u00f3vil, brindando un toque de glamour a cada limpieza y prolongando la vida \u00fatil de tus bienes m\u00e1s preciados.<\/p>","protected":false},"featured_media":5086,"comment_status":"open","ping_status":"closed","template":"","meta":{"_acf_changed":false},"product_brand":[],"product_cat":[639,632,312,630],"product_tag":[765,767,766,28],"class_list":{"0":"post-5087","1":"product","2":"type-product","3":"status-publish","4":"has-post-thumbnail","6":"product_cat-acabados-limpiador-cuero-piel","7":"product_cat-cuidado-vehiculo-interior-acabados","8":"product_cat-cuidado-vehiculo","9":"product_cat-cuidado-vehiculo-interior","10":"product_tag-limpiador-de-cuero-y-piel","11":"product_tag-limpiar-cuero-y-piel","12":"product_tag-limpiar-la-tapiceria-de-cuero-piel-del-coche","13":"product_tag-spsil","14":"pa_acabado-brillo","15":"pa_color-transparente","16":"pa_espacio-interior","17":"pa_metodo_aplicacion-pulverizado","18":"pa_metodo_aplicacion-trapo","19":"pa_superficie_aplicacion-tapiceria","20":"pa_tamano-500ml","22":"first","23":"instock","24":"taxable","25":"shipping-taxable","26":"purchasable","27":"product-type-variable","28":"has-default-attributes","29":"wvs-archive-product-wrapper"},"acf":[],"superficies_aplicacion_completo":"Tapiceria","_links":{"self":[{"href":"https:\/\/spsil.es\/fr\/wp-json\/wp\/v2\/product\/5087","targetHints":{"allow":["GET"]}}],"collection":[{"href":"https:\/\/spsil.es\/fr\/wp-json\/wp\/v2\/product"}],"about":[{"href":"https:\/\/spsil.es\/fr\/wp-json\/wp\/v2\/types\/product"}],"replies":[{"embeddable":true,"href":"https:\/\/spsil.es\/fr\/wp-json\/wp\/v2\/comments?post=5087"}],"version-history":[{"count":0,"href":"https:\/\/spsil.es\/fr\/wp-json\/wp\/v2\/product\/5087\/revisions"}],"wp:featuredmedia":[{"embeddable":true,"href":"https:\/\/spsil.es\/fr\/wp-json\/wp\/v2\/media\/5086"}],"wp:attachment":[{"href":"https:\/\/spsil.es\/fr\/wp-json\/wp\/v2\/media?parent=5087"}],"wp:term":[{"taxonomy":"product_brand","embeddable":true,"href":"https:\/\/spsil.es\/fr\/wp-json\/wp\/v2\/product_brand?post=5087"},{"taxonomy":"product_cat","embeddable":true,"href":"https:\/\/spsil.es\/fr\/wp-json\/wp\/v2\/product_cat?post=5087"},{"taxonomy":"product_tag","embeddable":true,"href":"https:\/\/spsil.es\/fr\/wp-json\/wp\/v2\/product_tag?post=5087"}],"curies":[{"name":"wp","href":"https:\/\/api.w.org\/{rel}","templated":true}]}}