{"id":9324,"date":"2025-04-08T16:59:48","date_gmt":"2025-04-08T14:59:48","guid":{"rendered":"https:\/\/spsil.es\/?post_type=product&#038;p=9324"},"modified":"2025-11-06T06:17:47","modified_gmt":"2025-11-06T05:17:47","slug":"soporte-rodillo-rodillo-xxl-spsil","status":"publish","type":"product","link":"https:\/\/spsil.es\/en\/pintura\/rodillos-y-cubetas\/soporte-rodillo-rodillo-xxl-spsil\/","title":{"rendered":"Soporte Rodillo + Rodillo XXL SPSIL"},"content":{"rendered":"<article class=\"text-token-text-primary w-full\" dir=\"auto\" data-testid=\"conversation-turn-356\" data-scroll-anchor=\"true\">\n<div class=\"text-base my-auto mx-auto py-5 px-6\">\n<div class=\"mx-auto flex flex-1 text-base gap-4 md:gap-5 lg:gap-6 md:max-w-3xl lg:max-w-[40rem] xl:max-w-[48rem] group\/turn-messages focus-visible:outline-hidden\" tabindex=\"-1\">\n<div class=\"group\/conversation-turn relative flex w-full min-w-0 flex-col agent-turn @xs\/thread:px-0 @sm\/thread:px-1.5 @md\/thread:px-4\">\n<div class=\"relative flex-col gap-1 md:gap-3\">\n<div class=\"flex max-w-full flex-col grow\">\n<div class=\"min-h-8 text-message relative flex w-full flex-col items-end gap-2 text-start break-words whitespace-normal [.text-message+&amp;]:mt-5\" dir=\"auto\" data-message-author-role=\"assistant\" data-message-id=\"6f611a6f-dbf8-4d34-87d0-486952216480\" data-message-model-slug=\"gpt-4o-mini\">\n<div class=\"flex w-full flex-col gap-1 empty:hidden first:pt-[3px]\">\n<div class=\"markdown prose dark:prose-invert w-full break-words dark\">\n<h1 data-start=\"101\" data-end=\"615\">Soporte Rodillo + Rodillo XXL |Una herramienta innovadora y altamente eficiente<\/h1>\n<p class=\"\" data-start=\"101\" data-end=\"615\">El <strong data-start=\"104\" data-end=\"143\">Soporte Rodillo + Rodillo XXL SPSIL<\/strong> es una herramienta <strong data-start=\"163\" data-end=\"177\">innovadora<\/strong> y <strong data-start=\"180\" data-end=\"203\">altamente eficiente<\/strong> dise\u00f1ada espec\u00edficamente para profesionales y aficionados al bricolaje que buscan maximizar la productividad y obtener resultados de alta calidad en proyectos de pintura. Este sistema es ideal para <strong data-start=\"402\" data-end=\"425\">grandes superficies<\/strong> y ofrece la posibilidad de <strong data-start=\"453\" data-end=\"480\">cubrir el doble de \u00e1rea<\/strong> en una sola pasada, reduciendo significativamente el tiempo invertido en cada tarea y mejorando la eficiencia del proceso de pintura.<\/p>\n<p class=\"\" data-start=\"617\" data-end=\"1029\">El <strong data-start=\"620\" data-end=\"635\">rodillo XXL<\/strong>, con un tama\u00f1o ajustable de <strong data-start=\"664\" data-end=\"683\">30.5 cm a 46 cm<\/strong>, est\u00e1 fabricado con <strong data-start=\"704\" data-end=\"722\">100% poli\u00e9ster<\/strong>, un material de alta calidad que garantiza un <strong data-start=\"769\" data-end=\"789\">acabado uniforme<\/strong> sin marcas ni irregularidades. Su <strong data-start=\"824\" data-end=\"845\">soporte ajustable<\/strong> permite personalizar el tama\u00f1o del rodillo seg\u00fan las necesidades del proyecto, y el <strong data-start=\"930\" data-end=\"951\">dise\u00f1o ergon\u00f3mico<\/strong> asegura que el pintor pueda trabajar durante largos per\u00edodos sin incomodidad.<\/p>\n<p class=\"\" data-start=\"1031\" data-end=\"1427\">Este sistema es adecuado para proyectos tanto de <strong data-start=\"1080\" data-end=\"1094\">interiores<\/strong> como de <strong data-start=\"1103\" data-end=\"1117\">exteriores<\/strong>, ya que el rodillo XXL asegura una <strong data-start=\"1153\" data-end=\"1176\">aplicaci\u00f3n uniforme<\/strong> en superficies grandes o irregulares, incluso en <strong data-start=\"1226\" data-end=\"1253\">zonas de dif\u00edcil acceso<\/strong> como <strong data-start=\"1259\" data-end=\"1269\">techos<\/strong> o <strong data-start=\"1272\" data-end=\"1289\">paredes altas<\/strong>. Adem\u00e1s, es una herramienta <strong data-start=\"1318\" data-end=\"1330\">vers\u00e1til<\/strong> que se adapta a una amplia variedad de superficies, como <strong data-start=\"1388\" data-end=\"1405\">madera, metal<\/strong>, y <strong data-start=\"1409\" data-end=\"1426\">paredes lisas<\/strong>.<\/p>\n<h2 data-start=\"1434\" data-end=\"1470\"><strong data-start=\"1438\" data-end=\"1470\">Caracter\u00edsticas Principales<\/strong><\/h2>\n<ol data-start=\"1472\" data-end=\"2461\">\n<li class=\"\" data-start=\"1472\" data-end=\"1663\">\n<p class=\"\" data-start=\"1475\" data-end=\"1663\"><strong data-start=\"1475\" data-end=\"1499\">Rodillo Extra Grande<\/strong>: Con un tama\u00f1o ajustable de <strong data-start=\"1528\" data-end=\"1547\">30.5 cm a 46 cm<\/strong>, cubre <strong data-start=\"1555\" data-end=\"1581\">el doble de superficie<\/strong> en cada pasada, lo que permite pintar <strong data-start=\"1620\" data-end=\"1635\">r\u00e1pidamente<\/strong> en <strong data-start=\"1639\" data-end=\"1662\">superficies grandes<\/strong>.<\/p>\n<\/li>\n<li class=\"\" data-start=\"1664\" data-end=\"1877\">\n<p class=\"\" data-start=\"1667\" data-end=\"1877\"><strong data-start=\"1667\" data-end=\"1695\">Material de Alta Calidad<\/strong>: El rodillo est\u00e1 fabricado con <strong data-start=\"1727\" data-end=\"1745\">100% poli\u00e9ster<\/strong>, lo que garantiza una <strong data-start=\"1768\" data-end=\"1802\">aplicaci\u00f3n de pintura uniforme<\/strong>, sin marcas ni irregularidades, proporcionando <strong data-start=\"1850\" data-end=\"1876\">acabados profesionales<\/strong>.<\/p>\n<\/li>\n<li class=\"\" data-start=\"1878\" data-end=\"2081\">\n<p class=\"\" data-start=\"1881\" data-end=\"2081\"><strong data-start=\"1881\" data-end=\"1902\">Soporte Ajustable<\/strong>: El <strong data-start=\"1907\" data-end=\"1930\">soporte del rodillo<\/strong> es completamente <strong data-start=\"1948\" data-end=\"1961\">ajustable<\/strong>, lo que lo hace ideal para proyectos que requieren diferentes tama\u00f1os de rodillo seg\u00fan el tipo de trabajo y superficie.<\/p>\n<\/li>\n<li class=\"\" data-start=\"2082\" data-end=\"2301\">\n<p class=\"\" data-start=\"2085\" data-end=\"2301\"><strong data-start=\"2085\" data-end=\"2106\">Dise\u00f1o Ergon\u00f3mico<\/strong>: El <strong data-start=\"2111\" data-end=\"2122\">soporte<\/strong> y el <strong data-start=\"2128\" data-end=\"2139\">rodillo<\/strong> est\u00e1n dise\u00f1ados para garantizar una <strong data-start=\"2176\" data-end=\"2210\">aplicaci\u00f3n c\u00f3moda y controlada<\/strong>, lo que minimiza la fatiga y permite trabajar durante per\u00edodos m\u00e1s largos sin incomodidad.<\/p>\n<\/li>\n<li class=\"\" data-start=\"2302\" data-end=\"2461\">\n<p class=\"\" data-start=\"2305\" data-end=\"2461\"><strong data-start=\"2305\" data-end=\"2321\">Versatilidad<\/strong>: Perfecto para pintar <strong data-start=\"2344\" data-end=\"2363\">paredes grandes<\/strong>, <strong data-start=\"2365\" data-end=\"2375\">techos<\/strong>, <strong data-start=\"2377\" data-end=\"2389\">fachadas<\/strong> y <strong data-start=\"2392\" data-end=\"2419\">superficies irregulares<\/strong>, tanto en <strong data-start=\"2430\" data-end=\"2460\">interiores como exteriores<\/strong>.<\/p>\n<\/li>\n<\/ol>\n<h2 data-start=\"2468\" data-end=\"2494\"><strong data-start=\"2472\" data-end=\"2494\">Usos recomendados<\/strong><\/h2>\n<ul data-start=\"2496\" data-end=\"3703\">\n<li class=\"\" data-start=\"2496\" data-end=\"2803\">\n<p class=\"\" data-start=\"2498\" data-end=\"2803\"><strong data-start=\"2498\" data-end=\"2532\">Pintura de Grandes Superficies<\/strong>: El <strong data-start=\"2537\" data-end=\"2576\">Soporte Rodillo + Rodillo XXL SPSIL<\/strong> es ideal para proyectos de <strong data-start=\"2604\" data-end=\"2624\">gran envergadura<\/strong>, como la pintura de <strong data-start=\"2645\" data-end=\"2664\">paredes grandes<\/strong>, <strong data-start=\"2666\" data-end=\"2676\">techos<\/strong> y <strong data-start=\"2679\" data-end=\"2691\">fachadas<\/strong>. Su tama\u00f1o XXL permite una <strong data-start=\"2719\" data-end=\"2743\">cobertura m\u00e1s r\u00e1pida<\/strong>, lo que reduce el tiempo de trabajo y mejora la eficiencia.<\/p>\n<\/li>\n<li class=\"\" data-start=\"2804\" data-end=\"3045\">\n<p class=\"\" data-start=\"2806\" data-end=\"3045\"><strong data-start=\"2806\" data-end=\"2833\">Superficies Irregulares<\/strong>: Gracias al <strong data-start=\"2846\" data-end=\"2870\">rodillo extra grande<\/strong> y su <strong data-start=\"2876\" data-end=\"2895\">dise\u00f1o flexible<\/strong>, es perfecto para <strong data-start=\"2914\" data-end=\"2941\">superficies irregulares<\/strong> o de dif\u00edcil acceso, como <strong data-start=\"2968\" data-end=\"2992\">paredes con texturas<\/strong>, <strong data-start=\"2994\" data-end=\"3010\">techos altos<\/strong> o <strong data-start=\"3013\" data-end=\"3034\">zonas complicadas<\/strong> de pintar.<\/p>\n<\/li>\n<li class=\"\" data-start=\"3046\" data-end=\"3260\">\n<p class=\"\" data-start=\"3048\" data-end=\"3260\"><strong data-start=\"3048\" data-end=\"3075\">Interiores y Exteriores<\/strong>: Su dise\u00f1o adaptable permite utilizarlo tanto en <strong data-start=\"3125\" data-end=\"3139\">interiores<\/strong> (como en salas de estar, dormitorios o pasillos) como en <strong data-start=\"3197\" data-end=\"3211\">exteriores<\/strong> (para <strong data-start=\"3218\" data-end=\"3230\">fachadas<\/strong>, <strong data-start=\"3232\" data-end=\"3243\">azoteas<\/strong> o <strong data-start=\"3246\" data-end=\"3258\">jardines<\/strong>).<\/p>\n<\/li>\n<li class=\"\" data-start=\"3261\" data-end=\"3494\">\n<p class=\"\" data-start=\"3263\" data-end=\"3494\"><strong data-start=\"3263\" data-end=\"3300\">Proyectos de Bricolaje y Reformas<\/strong>: Perfecto para <strong data-start=\"3316\" data-end=\"3344\">aficionados al bricolaje<\/strong> que necesiten una <strong data-start=\"3363\" data-end=\"3387\">herramienta vers\u00e1til<\/strong>, ideal para trabajos de <strong data-start=\"3412\" data-end=\"3431\">pintura en casa<\/strong> como la renovaci\u00f3n de <strong data-start=\"3454\" data-end=\"3465\">muebles<\/strong>, <strong data-start=\"3467\" data-end=\"3479\">ventanas<\/strong> o <strong data-start=\"3482\" data-end=\"3493\">puertas<\/strong>.<\/p>\n<\/li>\n<li class=\"\" data-start=\"3495\" data-end=\"3703\">\n<p class=\"\" data-start=\"3497\" data-end=\"3703\"><strong data-start=\"3497\" data-end=\"3523\">Pintores Profesionales<\/strong>: Esta herramienta es indispensable para <strong data-start=\"3564\" data-end=\"3590\">pintores profesionales<\/strong> que trabajan en <strong data-start=\"3607\" data-end=\"3624\">grandes \u00e1reas<\/strong> o en <strong data-start=\"3630\" data-end=\"3655\">proyectos comerciales<\/strong> que requieren rapidez y <strong data-start=\"3680\" data-end=\"3702\">acabados perfectos<\/strong>.<\/p>\n<\/li>\n<\/ul>\n<h2 data-start=\"3710\" data-end=\"3730\"><strong data-start=\"3714\" data-end=\"3730\">Modo de Uso<\/strong><\/h2>\n<ol data-start=\"3732\" data-end=\"4399\">\n<li class=\"\" data-start=\"3732\" data-end=\"3857\">\n<p class=\"\" data-start=\"3735\" data-end=\"3857\"><strong data-start=\"3735\" data-end=\"3757\">Ajuste del Soporte<\/strong>: Ajusta el soporte del rodillo seg\u00fan el tama\u00f1o que necesites para tu proyecto (de 30.5 cm a 46 cm).<\/p>\n<\/li>\n<li class=\"\" data-start=\"3858\" data-end=\"4008\">\n<p class=\"\" data-start=\"3861\" data-end=\"4008\"><strong data-start=\"3861\" data-end=\"3890\">Preparaci\u00f3n de la Pintura<\/strong>: Sumerge el rodillo en el recipiente con la pintura y aseg\u00farate de que est\u00e9 completamente cubierto de forma uniforme.<\/p>\n<\/li>\n<li class=\"\" data-start=\"4009\" data-end=\"4186\">\n<p class=\"\" data-start=\"4012\" data-end=\"4186\"><strong data-start=\"4012\" data-end=\"4040\">Aplicaci\u00f3n de la Pintura<\/strong>: Comienza a pintar las superficies deseadas utilizando el <strong data-start=\"4099\" data-end=\"4120\">soporte ajustable<\/strong> para controlar el rodillo con <strong data-start=\"4151\" data-end=\"4173\">movimientos suaves<\/strong> y uniformes.<\/p>\n<\/li>\n<li class=\"\" data-start=\"4187\" data-end=\"4399\">\n<p class=\"\" data-start=\"4190\" data-end=\"4399\"><strong data-start=\"4190\" data-end=\"4202\">Limpieza<\/strong>: Despu\u00e9s de cada uso, <strong data-start=\"4225\" data-end=\"4246\">limpia el rodillo<\/strong> y el soporte con agua (si es pintura a base de agua) o con disolvente (si usaste pintura al aceite) para mantener la herramienta en \u00f3ptimas condiciones.<\/p>\n<\/li>\n<\/ol>\n<h2 data-start=\"4406\" data-end=\"4419\"><strong data-start=\"4410\" data-end=\"4419\">FAQs<\/strong><\/h2>\n<p class=\"\" data-start=\"4421\" data-end=\"4633\"><strong data-start=\"4421\" data-end=\"4486\">1. \u00bfEste rodillo es adecuado para pintar superficies grandes?<\/strong> S\u00ed, el <strong data-start=\"4494\" data-end=\"4509\">rodillo XXL<\/strong> cubre <strong data-start=\"4516\" data-end=\"4542\">el doble de superficie<\/strong> en una sola pasada, lo que lo convierte en la herramienta perfecta para <strong data-start=\"4615\" data-end=\"4632\">grandes \u00e1reas<\/strong>.<\/p>\n<p class=\"\" data-start=\"4635\" data-end=\"4789\"><strong data-start=\"4635\" data-end=\"4678\">2. \u00bfEl rodillo es adecuado para techos?<\/strong> S\u00ed, el dise\u00f1o del rodillo permite una <strong data-start=\"4717\" data-end=\"4748\">aplicaci\u00f3n c\u00f3moda en techos<\/strong>, incluso en <strong data-start=\"4761\" data-end=\"4788\">zonas de dif\u00edcil acceso<\/strong>.<\/p>\n<p class=\"\" data-start=\"4791\" data-end=\"4972\"><strong data-start=\"4791\" data-end=\"4837\">3. \u00bfPuedo usar este rodillo en exteriores?<\/strong> S\u00ed, el <strong data-start=\"4845\" data-end=\"4884\">Soporte Rodillo + Rodillo XXL SPSIL<\/strong> es perfecto para <strong data-start=\"4902\" data-end=\"4925\">pinturas exteriores<\/strong> como <strong data-start=\"4931\" data-end=\"4943\">fachadas<\/strong>, <strong data-start=\"4945\" data-end=\"4957\">terrazas<\/strong> o <strong data-start=\"4960\" data-end=\"4971\">azoteas<\/strong>.<\/p>\n<p class=\"\" data-start=\"4974\" data-end=\"5132\"><strong data-start=\"4974\" data-end=\"5013\">4. \u00bfEl soporte es f\u00e1cil de ajustar?<\/strong> S\u00ed, el <strong data-start=\"5021\" data-end=\"5042\">soporte ajustable<\/strong> te permite modificar el tama\u00f1o del rodillo de forma f\u00e1cil, adapt\u00e1ndose a tus necesidades.<\/p>\n<p class=\"\" data-start=\"5134\" data-end=\"5326\"><strong data-start=\"5134\" data-end=\"5194\">5. \u00bfEs necesario cambiar el rodillo despu\u00e9s de cada uso?<\/strong> No, el rodillo es <strong data-start=\"5213\" data-end=\"5229\">reutilizable<\/strong>. Solo aseg\u00farate de <strong data-start=\"5249\" data-end=\"5276\">limpiarlo correctamente<\/strong> despu\u00e9s de cada uso para mantener su rendimiento.<\/p>\n<p class=\"\" data-start=\"5333\" data-end=\"5590\">El <strong data-start=\"5336\" data-end=\"5375\">Soporte Rodillo + Rodillo XXL SPSIL<\/strong> es la herramienta definitiva para <strong data-start=\"5410\" data-end=\"5442\">proyectos grandes y peque\u00f1os<\/strong>, garantizando <strong data-start=\"5457\" data-end=\"5480\">un acabado perfecto<\/strong> en <strong data-start=\"5484\" data-end=\"5500\">menos tiempo<\/strong>. <strong data-start=\"5502\" data-end=\"5533\">Pinta m\u00e1s, esfu\u00e9rzate menos<\/strong>. \u00a1Haz tu trabajo de pintura m\u00e1s eficiente y profesional!<\/p>\n<\/div>\n<\/div>\n<\/div>\n<\/div>\n<div class=\"flex justify-start\">\n<div class=\"touch:-me-2 touch:-ms-3.5 -ms-2.5 -me-1 flex items-center p-1 select-none -mt-1 duration-[1.5s] focus-within:transition-none hover:transition-none pointer-events-none [mask-image:linear-gradient(to_right,black_33%,transparent_66%)] [mask-position:100%_0%] [mask-size:300%_100%] motion-safe:transition-[mask-position] group-hover\/turn-messages:pointer-events-auto group-hover\/turn-messages:[mask-position:0_0] group-focus-within\/turn-messages:pointer-events-auto group-focus-within\/turn-messages:[mask-position:0_0] has-data-[state=open]:pointer-events-auto has-data-[state=open]:[mask-position:0_0]\"><\/div>\n<\/div>\n<div class=\"mt-3 w-full empty:hidden\">\n<div class=\"text-center\"><\/div>\n<\/div>\n<\/div>\n<div class=\"absolute\">\n<div class=\"flex items-center justify-center\"><\/div>\n<\/div>\n<\/div>\n<\/div>\n<\/div>\n<\/article>\n<div class=\"pointer-events-none h-px w-px\" aria-hidden=\"true\" data-edge=\"true\"><\/div>","protected":false},"excerpt":{"rendered":"<article class=\"text-token-text-primary w-full\" dir=\"auto\" data-testid=\"conversation-turn-358\" data-scroll-anchor=\"true\">\n<div class=\"text-base my-auto mx-auto py-5 px-6\">\n<div class=\"mx-auto flex flex-1 text-base gap-4 md:gap-5 lg:gap-6 md:max-w-3xl lg:max-w-[40rem] xl:max-w-[48rem] group\/turn-messages focus-visible:outline-hidden\" tabindex=\"-1\">\n<div class=\"group\/conversation-turn relative flex w-full min-w-0 flex-col agent-turn @xs\/thread:px-0 @sm\/thread:px-1.5 @md\/thread:px-4\">\n<div class=\"relative flex-col gap-1 md:gap-3\">\n<div class=\"flex max-w-full flex-col grow\">\n<div class=\"min-h-8 text-message relative flex w-full flex-col items-end gap-2 text-start break-words whitespace-normal [.text-message+&amp;]:mt-5\" dir=\"auto\" data-message-author-role=\"assistant\" data-message-id=\"ee11bf5b-87af-4180-be41-bba690619258\" data-message-model-slug=\"gpt-4o-mini\">\n<div class=\"flex w-full flex-col gap-1 empty:hidden first:pt-[3px]\">\n<div class=\"markdown prose dark:prose-invert w-full break-words dark\">\n<p class=\"\" data-start=\"0\" data-end=\"985\">El <strong data-start=\"3\" data-end=\"42\">Soporte Rodillo + Rodillo XXL SPSIL<\/strong> es una herramienta profesional dise\u00f1ada para facilitar la pintura en grandes superficies de forma r\u00e1pida y eficiente. Gracias a su <strong data-start=\"174\" data-end=\"189\">rodillo XXL<\/strong> de <strong data-start=\"193\" data-end=\"212\">30.5 cm a 46 cm<\/strong>, este sistema cubre el doble de superficie en una sola pasada, lo que reduce significativamente el tiempo de trabajo. El rodillo est\u00e1 fabricado con <strong data-start=\"361\" data-end=\"379\">100% poli\u00e9ster<\/strong>, asegurando un acabado <strong data-start=\"403\" data-end=\"415\">uniforme<\/strong> y <strong data-start=\"418\" data-end=\"432\">sin marcas<\/strong>.<\/p>\n<p class=\"\" data-start=\"0\" data-end=\"985\">Su <strong data-start=\"437\" data-end=\"458\">soporte ajustable<\/strong> permite adaptarlo a diferentes tama\u00f1os, haci\u00e9ndolo ideal para proyectos tanto en <strong data-start=\"540\" data-end=\"554\">interiores<\/strong> como en <strong data-start=\"563\" data-end=\"577\">exteriores<\/strong>, incluyendo <strong data-start=\"590\" data-end=\"609\">paredes grandes<\/strong>, <strong data-start=\"611\" data-end=\"621\">techos<\/strong>, y <strong data-start=\"625\" data-end=\"637\">fachadas<\/strong>.<\/p>\n<p class=\"\" data-start=\"0\" data-end=\"985\">Adem\u00e1s, el dise\u00f1o <strong data-start=\"657\" data-end=\"671\">ergon\u00f3mico<\/strong> del soporte asegura una aplicaci\u00f3n c\u00f3moda, reduciendo la fatiga durante largos per\u00edodos de uso. Es perfecto para pintores profesionales y aficionados al bricolaje que buscan un resultado <strong data-start=\"859\" data-end=\"874\">profesional<\/strong> en menos tiempo, obteniendo una cobertura <strong data-start=\"917\" data-end=\"930\">eficiente<\/strong> y <strong data-start=\"933\" data-end=\"952\">de alta calidad<\/strong> en cualquier tipo de superficie.<\/p>\n<\/div>\n<\/div>\n<\/div>\n<\/div>\n<\/div>\n<\/div>\n<\/div>\n<\/div>\n<\/article>","protected":false},"featured_media":9334,"comment_status":"open","ping_status":"closed","template":"","meta":{"_acf_changed":false},"product_brand":[],"product_cat":[1566],"product_tag":[1579,1582,1583,1570,1584,1580,1581,28],"class_list":{"0":"post-9324","1":"product","2":"type-product","3":"status-publish","4":"has-post-thumbnail","6":"product_cat-rodillos-y-cubetas","7":"product_tag-herramientas-para-pintar","8":"product_tag-rodillo-extragrande","9":"product_tag-rodillo-para-paredes-grandes","10":"product_tag-rodillo-para-pintura","11":"product_tag-rodillo-poliester-profesional","12":"product_tag-rodillo-xxl","13":"product_tag-soporte-para-rodillo","14":"product_tag-spsil","15":"pa_acabado-mate","16":"pa_color-azul","17":"pa_espacio-interior","18":"pa_metodo_aplicacion-rodillo","19":"pa_superficie_aplicacion-paredes","20":"pa_superficie_aplicacion-techos","21":"pa_tamano-1kg","23":"first","24":"instock","25":"taxable","26":"shipping-taxable","27":"purchasable","28":"product-type-simple"},"acf":[],"superficies_aplicacion_completo":"Paredes, Techos","_links":{"self":[{"href":"https:\/\/spsil.es\/en\/wp-json\/wp\/v2\/product\/9324","targetHints":{"allow":["GET"]}}],"collection":[{"href":"https:\/\/spsil.es\/en\/wp-json\/wp\/v2\/product"}],"about":[{"href":"https:\/\/spsil.es\/en\/wp-json\/wp\/v2\/types\/product"}],"replies":[{"embeddable":true,"href":"https:\/\/spsil.es\/en\/wp-json\/wp\/v2\/comments?post=9324"}],"version-history":[{"count":0,"href":"https:\/\/spsil.es\/en\/wp-json\/wp\/v2\/product\/9324\/revisions"}],"wp:featuredmedia":[{"embeddable":true,"href":"https:\/\/spsil.es\/en\/wp-json\/wp\/v2\/media\/9334"}],"wp:attachment":[{"href":"https:\/\/spsil.es\/en\/wp-json\/wp\/v2\/media?parent=9324"}],"wp:term":[{"taxonomy":"product_brand","embeddable":true,"href":"https:\/\/spsil.es\/en\/wp-json\/wp\/v2\/product_brand?post=9324"},{"taxonomy":"product_cat","embeddable":true,"href":"https:\/\/spsil.es\/en\/wp-json\/wp\/v2\/product_cat?post=9324"},{"taxonomy":"product_tag","embeddable":true,"href":"https:\/\/spsil.es\/en\/wp-json\/wp\/v2\/product_tag?post=9324"}],"curies":[{"name":"wp","href":"https:\/\/api.w.org\/{rel}","templated":true}]}}