{"id":8003,"date":"2025-02-17T14:02:54","date_gmt":"2025-02-17T13:02:54","guid":{"rendered":"https:\/\/spsil.es\/?post_type=product&#038;p=8003"},"modified":"2025-09-10T10:52:34","modified_gmt":"2025-09-10T08:52:34","slug":"pack-de-5-recambios-de-canulas-spsil","status":"publish","type":"product","link":"https:\/\/spsil.es\/en\/productos_auxiliares\/adhesivos-selladores\/adhesivos-selladores-espumas-poliuretano\/pack-de-5-recambios-de-canulas-spsil\/","title":{"rendered":"Pack de 5 Recambios de C\u00e1nulas SPSIL"},"content":{"rendered":"<h1><strong>Pack de 5 Recambios de C\u00e1nulas SPSIL | Siempre Listo para Tu Proyecto<\/strong><\/h1>\n<p data-start=\"277\" data-end=\"596\">El <strong data-start=\"280\" data-end=\"320\">Pack de 5 Recambios de C\u00e1nulas SPSIL<\/strong> est\u00e1 dise\u00f1ado para garantizar que nunca te quedes sin herramientas para continuar tu proyecto. Estas c\u00e1nulas est\u00e1n <strong data-start=\"436\" data-end=\"463\">perfectamente dise\u00f1adas<\/strong> para encajar con todas las espumas de poliuretano SPSIL, proporcionando <strong data-start=\"536\" data-end=\"576\">un rendimiento constante y eficiente<\/strong> en cada aplicaci\u00f3n.<\/p>\n<p data-start=\"598\" data-end=\"798\">Gracias a su <strong data-start=\"611\" data-end=\"639\">compatibilidad universal<\/strong>, podr\u00e1s utilizarlas en todas las pistolas aplicadoras est\u00e1ndar, <strong data-start=\"704\" data-end=\"731\">evitando interrupciones<\/strong> en tu trabajo por obstrucciones o mal funcionamiento de la c\u00e1nula.<\/p>\n<p data-start=\"800\" data-end=\"827\"><strong data-start=\"800\" data-end=\"827\">Beneficios principales:<\/strong><\/p>\n<ul data-start=\"829\" data-end=\"1228\">\n<li data-start=\"829\" data-end=\"900\"><strong data-start=\"831\" data-end=\"860\">Compatibilidad universal:<\/strong> Dise\u00f1adas para todas las espumas SPSIL.<\/li>\n<li data-start=\"901\" data-end=\"986\"><strong data-start=\"903\" data-end=\"927\">Recambios pr\u00e1cticos:<\/strong> Siempre tendr\u00e1s una c\u00e1nula disponible cuando la necesites.<\/li>\n<li data-start=\"987\" data-end=\"1068\"><strong data-start=\"989\" data-end=\"1011\">F\u00e1cil sustituci\u00f3n:<\/strong> Cambia la c\u00e1nula en segundos y contin\u00faa con tu proyecto.<\/li>\n<li data-start=\"1069\" data-end=\"1142\"><strong data-start=\"1071\" data-end=\"1092\">Alta durabilidad:<\/strong> Asegura un rendimiento \u00f3ptimo durante el trabajo.<\/li>\n<li data-start=\"1143\" data-end=\"1228\"><strong data-start=\"1145\" data-end=\"1168\">Pack de 5 unidades:<\/strong> Ahorra tiempo y dinero al tener m\u00faltiples recambios listos.<\/li>\n<\/ul>\n<h2 data-start=\"1230\" data-end=\"1248\"><strong data-start=\"1233\" data-end=\"1248\">Modo de Uso<\/strong><\/h2>\n<ol data-start=\"1250\" data-end=\"1632\">\n<li data-start=\"1250\" data-end=\"1310\"><strong data-start=\"1253\" data-end=\"1284\">Retirar la c\u00e1nula obstruida<\/strong> de la pistola aplicadora.<\/li>\n<li data-start=\"1311\" data-end=\"1366\"><strong data-start=\"1314\" data-end=\"1329\">Sustituirla<\/strong> por una nueva del pack de recambios.<\/li>\n<li data-start=\"1367\" data-end=\"1467\"><strong data-start=\"1370\" data-end=\"1391\">Encajar la c\u00e1nula<\/strong> perfectamente en el extremo de la pistola para continuar con la aplicaci\u00f3n.<\/li>\n<li data-start=\"1468\" data-end=\"1539\"><strong data-start=\"1471\" data-end=\"1484\">Verificar<\/strong> que no haya fugas y que la espuma fluya correctamente.<\/li>\n<li data-start=\"1540\" data-end=\"1632\"><strong data-start=\"1543\" data-end=\"1567\">Reemplazar la c\u00e1nula<\/strong> cuando sea necesario para mantener un flujo constante de espuma.<\/li>\n<\/ol>\n<h2 data-start=\"1634\" data-end=\"1666\"><strong data-start=\"1637\" data-end=\"1666\">Aplicaciones Recomendadas<\/strong><\/h2>\n<ul data-start=\"1668\" data-end=\"1963\">\n<li data-start=\"1668\" data-end=\"1712\"><strong data-start=\"1670\" data-end=\"1712\">Proyectos de construcci\u00f3n y bricolaje.<\/strong><\/li>\n<li data-start=\"1713\" data-end=\"1782\"><strong data-start=\"1715\" data-end=\"1754\">Aplicaci\u00f3n de espuma de poliuretano<\/strong> en superficies y cavidades.<\/li>\n<li data-start=\"1783\" data-end=\"1871\"><strong data-start=\"1785\" data-end=\"1829\">Sustituci\u00f3n r\u00e1pida de c\u00e1nulas obstruidas<\/strong> para evitar interrupciones en el trabajo.<\/li>\n<li data-start=\"1872\" data-end=\"1963\"><strong data-start=\"1874\" data-end=\"1915\">Mantenimiento de pistolas aplicadoras<\/strong> para asegurar un rendimiento sin obstrucciones.<\/li>\n<\/ul>\n<h2 data-start=\"2250\" data-end=\"2284\"><strong data-start=\"2253\" data-end=\"2284\">Preguntas Frecuentes (FAQs)<\/strong><\/h2>\n<h3 data-start=\"2286\" data-end=\"2358\"><strong data-start=\"2290\" data-end=\"2358\">1. \u00bfSon estas c\u00e1nulas compatibles con otras marcas de espuma PU?<\/strong><\/h3>\n<p data-start=\"2359\" data-end=\"2538\">Estas c\u00e1nulas est\u00e1n dise\u00f1adas para ser <strong data-start=\"2398\" data-end=\"2441\">compatibles con todas las espumas SPSIL<\/strong>, pero pueden no ser adecuadas para otras marcas debido a variaciones en el dise\u00f1o de la pistola.<\/p>\n<h3 data-start=\"2540\" data-end=\"2581\"><strong data-start=\"2544\" data-end=\"2581\">2. \u00bfPuedo reutilizar las c\u00e1nulas?<\/strong><\/h3>\n<p data-start=\"2582\" data-end=\"2725\">Aunque est\u00e1n hechas para ser duraderas, se recomienda <strong data-start=\"2636\" data-end=\"2652\">sustituirlas<\/strong> cuando empiecen a obstruirse para asegurar un flujo de espuma eficiente.<\/p>\n<h3 data-start=\"2727\" data-end=\"2794\"><strong data-start=\"2731\" data-end=\"2794\">3. \u00bfCu\u00e1ntas veces puedo usar una c\u00e1nula antes de cambiarla?<\/strong><\/h3>\n<p data-start=\"2795\" data-end=\"2966\">La frecuencia de sustituci\u00f3n depende de la cantidad de uso y de la acumulaci\u00f3n de espuma. Se recomienda <strong data-start=\"2899\" data-end=\"2938\">cambiarla cuando note obstrucciones<\/strong> que afecten el rendimiento.<\/p>\n<h3 data-start=\"2968\" data-end=\"3044\"><strong data-start=\"2972\" data-end=\"3044\">4. \u00bfPuedo usar estos recambios en pistolas que no sean de espuma PU?<\/strong><\/h3>\n<p data-start=\"3045\" data-end=\"3139\">No, este pack de recambios est\u00e1 dise\u00f1ado <strong data-start=\"3086\" data-end=\"3138\">espec\u00edficamente para pistolas de espuma PU SPSIL<\/strong>.<\/p>\n<h3 data-start=\"3141\" data-end=\"3192\"><strong data-start=\"3145\" data-end=\"3192\">5. \u00bfLas c\u00e1nulas vienen con alguna garant\u00eda?<\/strong><\/h3>\n<p data-start=\"3193\" data-end=\"3337\">S\u00ed, las c\u00e1nulas est\u00e1n respaldadas por una <strong data-start=\"3235\" data-end=\"3258\">garant\u00eda de calidad<\/strong>, asegurando que funcionen perfectamente al ser utilizadas con productos SPSIL.<\/p>\n<p data-start=\"3339\" data-end=\"3470\"><strong data-start=\"3339\" data-end=\"3470\">Mant\u00e9n la fluidez de tu proyecto con el Pack de 5 Recambios de C\u00e1nulas SPSIL. \u00a1Siempre listo para continuar sin interrupciones!<\/strong><\/p>","protected":false},"excerpt":{"rendered":"<p>El <strong data-start=\"3\" data-end=\"43\">Pack de 5 Recambios de C\u00e1nulas SPSIL<\/strong> es la soluci\u00f3n perfecta para asegurar que tu pistola aplicadora de espuma PU funcione sin interrupciones. Con este pack, siempre tendr\u00e1s una c\u00e1nula de repuesto disponible cuando m\u00e1s lo necesites, evitando que obstrucciones o residuos afecten el rendimiento de tu herramienta.<\/p>\n<p>Las c\u00e1nulas son <strong data-start=\"336\" data-end=\"416\">totalmente compatibles con todas las pistolas aplicadoras de espuma PU SPSIL<\/strong>, garantizando una sustituci\u00f3n r\u00e1pida y sencilla en segundos. Este pack de recambios te permite <strong data-start=\"512\" data-end=\"547\">continuar tu trabajo sin pausas<\/strong> y mantener un flujo constante de espuma en tus aplicaciones. Son ideales para proyectos de <strong data-start=\"639\" data-end=\"698\">construcci\u00f3n, bricolaje y mantenimiento de herramientas<\/strong>, asegurando un rendimiento \u00f3ptimo en cada uso.<\/p>\n<p>Adem\u00e1s, el dise\u00f1o de estas c\u00e1nulas es <strong data-start=\"784\" data-end=\"812\">duradero y f\u00e1cil de usar<\/strong>, ofreciendo comodidad y eficiencia para cualquier tarea. Con el <strong data-start=\"877\" data-end=\"917\">Pack de 5 Recambios de C\u00e1nulas SPSIL<\/strong>, siempre tendr\u00e1s a mano una opci\u00f3n confiable para tus necesidades de aplicaci\u00f3n de espuma.<\/p>","protected":false},"featured_media":8004,"comment_status":"open","ping_status":"closed","template":"","meta":{"_acf_changed":false},"product_brand":[],"product_cat":[1212,1214,156],"product_tag":[1333,1331,1328,1329,1332,1334,1327,1330,28],"class_list":{"0":"post-8003","1":"product","2":"type-product","3":"status-publish","4":"has-post-thumbnail","6":"product_cat-adhesivos-selladores","7":"product_cat-adhesivos-selladores-espumas-poliuretano","8":"product_cat-productos_auxiliares","9":"product_tag-canulas-para-bricolaje","10":"product_tag-canulas-para-espuma-pu","11":"product_tag-canulas-para-pistolas-de-espuma","12":"product_tag-canulas-spsil","13":"product_tag-herramientas-para-espuma-de-poliuretano","14":"product_tag-pack-de-recambios-de-canulas","15":"product_tag-recambios-de-canulas","16":"product_tag-recambios-para-pistolas-aplicadoras","17":"product_tag-spsil","18":"pa_acabado-mate","19":"pa_color-blanco","20":"pa_espacio-exterior","21":"pa_espacio-interior","22":"pa_metodo_aplicacion-trapo","23":"pa_superficie_aplicacion-ceramica_porcelana","24":"pa_superficie_aplicacion-madera","25":"pa_superficie_aplicacion-plastico","26":"pa_superficie_aplicacion-vidrio","27":"pa_tamano-500ml","29":"first","30":"instock","31":"taxable","32":"shipping-taxable","33":"purchasable","34":"product-type-simple"},"acf":[],"superficies_aplicacion_completo":"Madera, Pl\u00e1stico, Vidrio","_links":{"self":[{"href":"https:\/\/spsil.es\/en\/wp-json\/wp\/v2\/product\/8003","targetHints":{"allow":["GET"]}}],"collection":[{"href":"https:\/\/spsil.es\/en\/wp-json\/wp\/v2\/product"}],"about":[{"href":"https:\/\/spsil.es\/en\/wp-json\/wp\/v2\/types\/product"}],"replies":[{"embeddable":true,"href":"https:\/\/spsil.es\/en\/wp-json\/wp\/v2\/comments?post=8003"}],"version-history":[{"count":0,"href":"https:\/\/spsil.es\/en\/wp-json\/wp\/v2\/product\/8003\/revisions"}],"wp:featuredmedia":[{"embeddable":true,"href":"https:\/\/spsil.es\/en\/wp-json\/wp\/v2\/media\/8004"}],"wp:attachment":[{"href":"https:\/\/spsil.es\/en\/wp-json\/wp\/v2\/media?parent=8003"}],"wp:term":[{"taxonomy":"product_brand","embeddable":true,"href":"https:\/\/spsil.es\/en\/wp-json\/wp\/v2\/product_brand?post=8003"},{"taxonomy":"product_cat","embeddable":true,"href":"https:\/\/spsil.es\/en\/wp-json\/wp\/v2\/product_cat?post=8003"},{"taxonomy":"product_tag","embeddable":true,"href":"https:\/\/spsil.es\/en\/wp-json\/wp\/v2\/product_tag?post=8003"}],"curies":[{"name":"wp","href":"https:\/\/api.w.org\/{rel}","templated":true}]}}