{"id":5536,"date":"2024-11-13T10:16:56","date_gmt":"2024-11-13T09:16:56","guid":{"rendered":"https:\/\/spsil.es\/?post_type=product&#038;p=5536"},"modified":"2025-09-25T06:55:16","modified_gmt":"2025-09-25T04:55:16","slug":"spray-limpiador-de-calzado-spsil","status":"publish","type":"product","link":"https:\/\/spsil.es\/en\/hogar\/spray-limpiador-de-calzado-spsil\/","title":{"rendered":"Spray Limpiador de Calzado SPSIL"},"content":{"rendered":"<h2><strong>Limpiador de Calzado SPSIL &#8211; Renovaci\u00f3n instant\u00e1nea para tus zapatos<\/strong><\/h2>\n<p>\u00bfCansado de ese olor desagradable que emiten tus zapatillas de deporte y zapatos? El <strong>Limpiador de Calzado SPSIL<\/strong> est\u00e1 especialmente dise\u00f1ado para aquellas personas que buscan una limpieza profunda e higi\u00e9nica de su calzado, ya seas deportista o simplemente quieres acabar con ese olor para siempre. Asimismo, tiene tal capacidad de limpieza que si eres corredor, un ciclista, un jugador de f\u00fatbol o cualquier otro deportista que utiliza calzado deportivo de manera intensa con este producto tienes la oportunidad de mantener como el primer d\u00eda tus zapatillas. Podr\u00e1s eliminar la suciedad, el sudor y los olores, preservando la apariencia y funcionalidad de tus zapatillas.<\/p>\n<p>Puedes aplicar el\u00a0 <strong>Limpiador de Calzado SPSIL<\/strong>\u00a0 en materiales como cuero, textil, microfibra y goma, sin causar da\u00f1os o decoloraci\u00f3n y eliminar de forma efectiva el barro, tierra, hierba, grasa y suciedad acumulada despu\u00e9s de entrenamientos, partidos o rutas de senderismo.<\/p>\n<p><strong>Caracter\u00edsticas Principales:<\/strong><\/p>\n<ul>\n<li><strong>Versatilidad Total:<\/strong> Puedes usarlo en todo tipo de calzado, ya seas runner experimentado, un apasionado de la alta monta\u00f1a o un futbolero nato.<\/li>\n<li><strong>Elimina la Suciedad Persistente:<\/strong> Elimina de forma r\u00e1pida y sencilla las manchas de barro, hierba y sudor.<\/li>\n<li><strong>Protecci\u00f3n de Materiales:<\/strong> Puedes aplicarlo con total seguridad sobre el cuero, textil, microfibra y goma, ya que est\u00e1 dise\u00f1ado para proteger tu calzado y evitar cualquier da\u00f1o en el color original.<\/li>\n<li><strong>Rendimiento Profesional:<\/strong> Mantiene tus zapatillas como nuevas, incluso despu\u00e9s de sesiones de entrenamiento intensas o competiciones.<\/li>\n<li><strong>F\u00e1cil y R\u00e1pido de Usar:<\/strong> Es muy sencillo de aplicar y en pocos minutos recuperar\u00e1s tus zapatillas \u00a1Como el primer d\u00eda en minutos!<\/li>\n<\/ul>\n<p><strong>Modo de Empleo:<\/strong><\/p>\n<ol>\n<li><strong>Agitar bien<\/strong> antes de usar el producto.<\/li>\n<li><strong>Aplicar sobre el calzado<\/strong> concentr\u00e1ndose en las manchas y \u00e1reas sucias.<\/li>\n<li>Dejar actuar durante 5 a 10 minutos para permitir que el producto penetre en la suciedad.<\/li>\n<li>Limpiar el calzado con un trapo seco o cepillo para eliminar los restos de suciedad y producto.<\/li>\n<li><strong>Repetir el proceso<\/strong> si las manchas son muy persistentes.<\/li>\n<\/ol>\n<p><strong>Beneficios para Deportistas:<\/strong><\/p>\n<ul>\n<li><strong>Aprovecha al m\u00e1ximo tus zapatillas<\/strong>: Aumenta la vida de tus c\u00f3modas zapatillas y no te deshagas de ellas, gracias este potente limpiador.<\/li>\n<li><strong>Apto para materiales diversos<\/strong>: Aplica con seguridad sobre cualquier material, ya sea tela, cuero, goma o microfibra.<\/li>\n<li><strong>Frescor y Limpieza<\/strong>: Tu calzado siempre limpio y fresco, sin malos olores ni residuos indeseables despu\u00e9s de cada entrenamiento o partido.<\/li>\n<li><strong>Ideal para deportistas activos<\/strong>: Perfecto para cualquier atleta que desee mantener sus zapatillas en \u00f3ptimas condiciones sin perder tiempo.<\/li>\n<\/ul>\n<p>Este limpiador es la soluci\u00f3n perfecta para los deportistas que buscan no solo un calzado limpio, sino tambi\u00e9n un rendimiento duradero y profesional en cada paso. \u00a1Limpia, protege y cuida tus zapatillas deportivas con SPSIL!<\/p>","protected":false},"excerpt":{"rendered":"<p>El <strong>Limpiador de Calzado SPSIL<\/strong> es la soluci\u00f3n que necesita cualquier deportista o persona que busca una limpieza profunda de su calzado e higi\u00e9nica. Podr\u00e1s eliminar de forma eficaz las manchas de barro, sudor, hierba y suciedad acumulada tras entrenamientos o partidos. Esta dise\u00f1ado para deportistas activos, este limpiador es apto para todo tipo de materiales, incluyendo cuero, textil, microfibra y goma, sin da\u00f1ar ni decolorar. Su f\u00f3rmula avanzada act\u00faa r\u00e1pidamente, restaurando la apariencia de tu calzado sin dejar residuos ni marcas.<\/p>\n<p>Es muy f\u00e1cil de aplicar, tan solo agita, pulveriza y dejar actuar unos minutos antes de limpiar. Adem\u00e1s, eliminar\u00e1s los malos olores, tendr\u00e1s de nuevo un calzado fresco y listo para la acci\u00f3n. Si eres corredores, ciclistas, futbolistas o simplemente quieres prolongar la vida \u00fatil de sus zapatillas, este es el producto que necesitas.<\/p>","protected":false},"featured_media":5539,"comment_status":"open","ping_status":"closed","template":"","meta":{"_acf_changed":false},"product_brand":[],"product_cat":[968],"product_tag":[1025,1022,1019,1026,1020,1023,1024,1021,28],"class_list":{"0":"post-5536","1":"product","2":"type-product","3":"status-publish","4":"has-post-thumbnail","6":"product_cat-hogar","7":"product_tag-calzado-siempre-limpio","8":"product_tag-eliminador-de-manchas-para-calzado","9":"product_tag-limpiador-de-calzado-deportivo","10":"product_tag-limpiador-de-calzado-para-deportistas","11":"product_tag-limpiador-de-tenis","12":"product_tag-limpiador-para-zapatillas","13":"product_tag-producto-para-limpiar-zapatos","14":"product_tag-spray-para-zapatos-deportivos","15":"product_tag-spsil","16":"pa_acabado-brillo","17":"pa_color-transparente","18":"pa_espacio-interior","19":"pa_metodo_aplicacion-pulverizado","20":"pa_superficie_aplicacion-calzado","21":"pa_tamano-200ml","23":"first","24":"instock","25":"taxable","26":"shipping-taxable","27":"purchasable","28":"product-type-variable","29":"has-default-attributes","30":"wvs-archive-product-wrapper"},"acf":[],"superficies_aplicacion_completo":"Calzado","_links":{"self":[{"href":"https:\/\/spsil.es\/en\/wp-json\/wp\/v2\/product\/5536","targetHints":{"allow":["GET"]}}],"collection":[{"href":"https:\/\/spsil.es\/en\/wp-json\/wp\/v2\/product"}],"about":[{"href":"https:\/\/spsil.es\/en\/wp-json\/wp\/v2\/types\/product"}],"replies":[{"embeddable":true,"href":"https:\/\/spsil.es\/en\/wp-json\/wp\/v2\/comments?post=5536"}],"version-history":[{"count":0,"href":"https:\/\/spsil.es\/en\/wp-json\/wp\/v2\/product\/5536\/revisions"}],"wp:featuredmedia":[{"embeddable":true,"href":"https:\/\/spsil.es\/en\/wp-json\/wp\/v2\/media\/5539"}],"wp:attachment":[{"href":"https:\/\/spsil.es\/en\/wp-json\/wp\/v2\/media?parent=5536"}],"wp:term":[{"taxonomy":"product_brand","embeddable":true,"href":"https:\/\/spsil.es\/en\/wp-json\/wp\/v2\/product_brand?post=5536"},{"taxonomy":"product_cat","embeddable":true,"href":"https:\/\/spsil.es\/en\/wp-json\/wp\/v2\/product_cat?post=5536"},{"taxonomy":"product_tag","embeddable":true,"href":"https:\/\/spsil.es\/en\/wp-json\/wp\/v2\/product_tag?post=5536"}],"curies":[{"name":"wp","href":"https:\/\/api.w.org\/{rel}","templated":true}]}}