{"id":5531,"date":"2024-11-13T09:54:00","date_gmt":"2024-11-13T08:54:00","guid":{"rendered":"https:\/\/spsil.es\/?post_type=product&#038;p=5531"},"modified":"2026-04-15T09:42:00","modified_gmt":"2026-04-15T07:42:00","slug":"spray-limpiador-de-barbacoas-spsil","status":"publish","type":"product","link":"https:\/\/spsil.es\/en\/hogar\/spray-limpiador-de-barbacoas-spsil\/","title":{"rendered":"Spray Limpiador de Barbacoas SPSIL"},"content":{"rendered":"<h2><strong>Limpiador de Barbacoas SPSIL &#8211; Fuerza desengrasante para una barbacoa como nueva<\/strong><\/h2>\n<p>\u00bfTu parrilla tiene restos que no sabes c\u00f3mo eliminar? Te presentamos el <strong>Limpiador de Barbacoas SPSIL<\/strong> dise\u00f1ado para los verdaderos amantes de la cocina a la parrilla que buscan no solo disfrutar de sus momentos de gastronom\u00eda, sino tambi\u00e9n mantener sus equipos en perfectas condiciones de forma r\u00e1pida y eficiente. Este producto cuenta con acci\u00f3n desengrasante, eliminando cualquier resto de parrilladas anteriores y aceite acumulado. Adem\u00e1s, de obtener una limpieza profunda y sin esfuerzo, podr\u00e1s utilizar tu parrilla tras el secado completo del producto. Adem\u00e1s, act\u00faa r\u00e1pidamente, eliminando la suciedad y dejando tus parrillas, hornos, extractores y utensilios como nuevos, con un brillo renovado.<\/p>\n<p>\u00a1Limpia tu parrilla al instante y disfruta de cada momento, sin que el mantenimiento te quite tiempo de diversi\u00f3n!<\/p>\n<p><strong>Caracter\u00edsticas destacadas:<\/strong><\/p>\n<ul>\n<li><strong>Desengrasante potente:<\/strong> Su f\u00f3rmula activa desengrasante permite eliminar sin esfuerzo la grasa incrustada, el aceite y los restos de residuos tras el uso de tu parrillada.<\/li>\n<li><strong>R\u00e1pido y efectivo:<\/strong> Olv\u00eddate de frotar, tan solo debes aplicar el producto, dejar actuar unos minutos, tal como indica el envase, y limpiar con un trapo h\u00famedo.<\/li>\n<li><strong>Secado r\u00e1pido:<\/strong> Seca tan r\u00e1pido que podr\u00e1s usar tu parrilla casi al instante tras su limpieza, sin esperas, \u00a1vuelve a la cocina!<\/li>\n<li><strong>Vers\u00e1til:<\/strong> Ideal para parrillas de todo tipo, hornos, extractores y otras superficies resistentes. Ideal para usar tanto en interiores como en exteriores.<\/li>\n<li><strong>F\u00e1cil de usar:<\/strong> Agita el producto, pulveriza y deja actuar entorno a 3-5 minutos y ver\u00e1s relucir tu barbacoa. Sencillo y pr\u00e1ctico.<\/li>\n<\/ul>\n<p><strong>Modo de empleo:<\/strong><\/p>\n<ol>\n<li><strong>Agitar bien<\/strong> el envase durante 1-2 minutos antes de usar.<\/li>\n<li><strong>Pulverizar<\/strong> directamente sobre la superficie a limpiar, asegurando cubrir las \u00e1reas con grasa o suciedad.<\/li>\n<li><strong>Dejar actuar<\/strong> durante 3-5 minutos para obtener los mejores resultados.<\/li>\n<li><strong>Limpiar<\/strong> con un pa\u00f1o o esponja.<\/li>\n<li>En caso de mucha suciedad, repita el tratamiento varias veces para una limpieza a\u00fan m\u00e1s profunda.<\/li>\n<\/ol>\n<p><strong>Usos recomendados:<\/strong><\/p>\n<ul>\n<li><strong>Barbacoas<\/strong> de todo tipo (gas, carb\u00f3n, el\u00e9ctricas, etc.)<\/li>\n<li><strong>Parrillas<\/strong> de cocina<\/li>\n<li><strong>Extractores<\/strong> de cocina<\/li>\n<li><strong>Hornillos<\/strong> y superficies met\u00e1licas, acero inoxidable, hierro y m\u00e1s<\/li>\n<\/ul>\n<p><strong>Beneficios adicionales:<\/strong> El Limpiador de Barbacoas SPSIL no solo limpia a fondo, sino que tambi\u00e9n <strong>alarga la vida \u00fatil de tus equipos de cocina<\/strong>. El uso regular del limpiador garantiza que tus parrillas y hornos se mantengan libres de residuos grasos y aceitosos, preservando su eficiencia y el sabor de tus comidas. Adem\u00e1s, su dise\u00f1o ergon\u00f3mico y su potente f\u00f3rmula hacen de este producto una herramienta imprescindible en cada hogar, especialmente para los amantes del asado que quieren disfrutar de la mejor experiencia culinaria sin preocuparse por la limpieza posterior.<\/p>\n<p><strong>Ideal para aquellos que buscan resultados r\u00e1pidos y eficientes<\/strong>, manteniendo siempre la calidad y el rendimiento de sus herramientas de cocina, sin sacrificar tiempo ni esfuerzo.<\/p>","protected":false},"excerpt":{"rendered":"<p>El <strong>Limpiador de Barbacoas SPSIL<\/strong> es perfecto para limpiar tus parrilladas tras esa jornada gastron\u00f3mica, dejar\u00e1s tus utensilios como nuevos de forma r\u00e1pida, eficaz y sin esfuerzo. Elimina los restos m\u00e1s dif\u00edciles de grasa, aceite y residuos de alimentos despu\u00e9s de cada uso. Adem\u00e1s, est\u00e1 formulada para proteger las superficies de tus parrillas y equipos, ayudando a prolongar su vida \u00fatil.<\/p>\n<p>En tan solo 3-5 minutos de aplicaci\u00f3n, tu parrilla o horno estar\u00e1 como nuevo, listo para otra jornada de deliciosas parrilladas. Ideal para quienes disfrutan de una experiencia culinaria al aire libre sin comprometer la higiene ni la calidad. Con el <strong>Limpiador de Barbacoas SPSIL<\/strong>, cada momento en la parrilla ser\u00e1 una celebraci\u00f3n de sabor, sin preocuparte por la limpieza. \u00a1Haz que tus herramientas de cocina brillen siempre con facilidad y efectividad!<\/p>","protected":false},"featured_media":5535,"comment_status":"open","ping_status":"closed","template":"","meta":{"_acf_changed":false},"product_brand":[],"product_cat":[968],"product_tag":[1015,1013,1011,1017,1014,1012,1016,1018,28],"class_list":{"0":"post-5531","1":"product","2":"type-product","3":"status-publish","4":"has-post-thumbnail","6":"product_cat-hogar","7":"product_tag-desengrasante-de-cocina","8":"product_tag-desengrasante-para-hornos","9":"product_tag-limpiador-de-barbacoas","10":"product_tag-limpiador-de-cocina-facil-de-usar","11":"product_tag-limpiador-de-extractores","12":"product_tag-limpiador-de-parrillas","13":"product_tag-limpiador-potente","14":"product_tag-limpiador-rapido-de-grasa-y-aceite","15":"product_tag-spsil","16":"pa_acabado-brillo","17":"pa_color-transparente","18":"pa_espacio-exterior","19":"pa_metodo_aplicacion-pulverizado","20":"pa_superficie_aplicacion-jardin","21":"pa_tamano-400ml","23":"first","24":"instock","25":"taxable","26":"shipping-taxable","27":"purchasable","28":"product-type-variable","29":"wvs-archive-product-wrapper"},"acf":[],"superficies_aplicacion_completo":"Jard\u00edn","_links":{"self":[{"href":"https:\/\/spsil.es\/en\/wp-json\/wp\/v2\/product\/5531","targetHints":{"allow":["GET"]}}],"collection":[{"href":"https:\/\/spsil.es\/en\/wp-json\/wp\/v2\/product"}],"about":[{"href":"https:\/\/spsil.es\/en\/wp-json\/wp\/v2\/types\/product"}],"replies":[{"embeddable":true,"href":"https:\/\/spsil.es\/en\/wp-json\/wp\/v2\/comments?post=5531"}],"version-history":[{"count":0,"href":"https:\/\/spsil.es\/en\/wp-json\/wp\/v2\/product\/5531\/revisions"}],"wp:featuredmedia":[{"embeddable":true,"href":"https:\/\/spsil.es\/en\/wp-json\/wp\/v2\/media\/5535"}],"wp:attachment":[{"href":"https:\/\/spsil.es\/en\/wp-json\/wp\/v2\/media?parent=5531"}],"wp:term":[{"taxonomy":"product_brand","embeddable":true,"href":"https:\/\/spsil.es\/en\/wp-json\/wp\/v2\/product_brand?post=5531"},{"taxonomy":"product_cat","embeddable":true,"href":"https:\/\/spsil.es\/en\/wp-json\/wp\/v2\/product_cat?post=5531"},{"taxonomy":"product_tag","embeddable":true,"href":"https:\/\/spsil.es\/en\/wp-json\/wp\/v2\/product_tag?post=5531"}],"curies":[{"name":"wp","href":"https:\/\/api.w.org\/{rel}","templated":true}]}}