{"id":5511,"date":"2024-11-12T16:29:41","date_gmt":"2024-11-12T15:29:41","guid":{"rendered":"https:\/\/spsil.es\/?post_type=product&#038;p=5511"},"modified":"2025-09-30T19:32:25","modified_gmt":"2025-09-30T17:32:25","slug":"adhesivo-en-spray-spsil","status":"publish","type":"product","link":"https:\/\/spsil.es\/en\/hogar\/adhesivo-en-spray-spsil\/","title":{"rendered":"Adhesivo en Spray SPSIL"},"content":{"rendered":"<h2><strong>Adhesivo en Spray SPSIL &#8211; Sujeci\u00f3n total para tus proyectos m\u00e1s exigentes<\/strong><\/h2>\n<p>\u00bfBuscas el adhesivo ideal? Te presentamos el <strong>Adhesivo en Spray SPSIL<\/strong> es una soluci\u00f3n perfecta\u00a0 para aplicar de forma r\u00e1pida adhesivo en multitud de materiales como metal, madera, vidrio, pl\u00e1stico y cer\u00e1mica.<\/p>\n<p>El uenta con un tiempo de secado de tan solo 2 minutos, de esta forma tus proyectos se adhieren con firmeza de forma r\u00e1pida. Es importante destacar su alta resistencia a la humedad, as\u00ed podr\u00e1s aplicarlo en entornos adversos ya sea en interior como en exterior.<\/p>\n<p>Adem\u00e1s, su dise\u00f1o en spray permite una aplicaci\u00f3n precisa y uniforme. El <strong>Adhesivo en Spray SPSIL<\/strong>\u00a0es muy f\u00e1cil de aplicar tanto para peque\u00f1as reparaciones en tapicer\u00edas, madera o piezas decorativas. <strong>\u00a1Obt\u00e9n resultados profesionales y duraderos con solo un rociado!<\/strong><\/p>\n<p><strong>Caracter\u00edsticas del Adhesivo en Spray SPSIL<\/strong>:<\/p>\n<ul>\n<li><strong>Secado r\u00e1pido<\/strong>: Solo necesitas 2 minutos de tu tiempo.<\/li>\n<li><strong>Multiusos<\/strong>: Aplica el pegamento en spray en metal, madera, vidrio, pl\u00e1stico, y m\u00e1s.<\/li>\n<li><strong>Resistente a la humedad<\/strong>: Resistencia m\u00e1xima ante la humedad.<\/li>\n<li><strong>Aplicaci\u00f3n f\u00e1cil y precisa<\/strong>: Dise\u00f1o f\u00e1cil de aplicar e innovador&#8230; \u00a1Spray!<\/li>\n<li><strong>Firme adherencia<\/strong>: Adhesi\u00f3n fuerte y duradera casi al insntante.<\/li>\n<\/ul>\n<p><strong>Modo de uso<\/strong>:<\/p>\n<ol>\n<li><strong>Limpiar bien la superficie<\/strong>: Aseg\u00farate de que la superficie est\u00e9 libre de polvo y grasa.<\/li>\n<li><strong>Agitar bien el envase<\/strong>: Antes de usar, agita el envase durante 1 minuto.<\/li>\n<li><strong>Aplicar sobre una capa uniforme<\/strong>: Roc\u00ede de 20 a 25 cm de distancia de la superficie.<\/li>\n<li><strong>Esperar 2 minutos<\/strong>: Deja que el adhesivo se seque antes de pegar las piezas.<\/li>\n<\/ol>\n<p><strong>Usos recomendados para el Adhesivo en Spray SPSIL<\/strong>:<\/p>\n<ul>\n<li>Pegado de tapicer\u00edas en muebles y veh\u00edculos.<\/li>\n<li>Reparaci\u00f3n de objetos de cer\u00e1mica, metal y madera.<\/li>\n<li>Proyectos de bricolaje, arte y decoraci\u00f3n.<\/li>\n<\/ul>","protected":false},"excerpt":{"rendered":"<p>El <strong>Adhesivo en Spray SPSIL<\/strong>\u00a0no puede faltar entre tus herramientas de bricolaje, manualidades y peque\u00f1as reparaciones del hogar. Cuenta con un secado r\u00e1pido, tan solo 2 minutos, para obtener resultados incre\u00edbles y una adherencia y resistencia m\u00e1xima a la humedad.<\/p>\n<p>Ahora puedes trabajar y reparar el metal, madera, vidrio, pl\u00e1stico, cer\u00e1mica.. de forma \u00a1eficaz!. Este adhesivo en aerosol proporciona una aplicaci\u00f3n precisa y controlada, evitando goteos y residuos, lo que facilita su uso en proyectos limpios y ordenados.<\/p>\n<p>Puedes aplicarlo tanto en interiores como para exteriores, garantizando un pegado fuerte y duradero incluso en condiciones h\u00famedas.Con el <strong>Adhesivo en Spray SPSIL<\/strong>, obtienes resultados r\u00e1pidos y eficientes para todas tus necesidades de pegado, sin complicaciones. \u00a1Haz que tu proyecto sea un \u00e9xito con este adhesivo multiusos de alta calidad!<\/p>","protected":false},"featured_media":5517,"comment_status":"open","ping_status":"closed","template":"","meta":{"_acf_changed":false},"product_brand":[],"product_cat":[968],"product_tag":[988,990,991,992,989,987,993,28],"class_list":{"0":"post-5511","1":"product","2":"type-product","3":"status-publish","4":"has-post-thumbnail","6":"product_cat-hogar","7":"product_tag-adhesivo-para-bricolaje","8":"product_tag-adhesivo-para-madera","9":"product_tag-adhesivo-resistente-a-la-humedad","10":"product_tag-pegamento-en-aerosol","11":"product_tag-pegamento-rapido","12":"product_tag-spray-adhesivo","13":"product_tag-spray-multiusos-adhesivo","14":"product_tag-spsil","15":"pa_acabado-brillo","16":"pa_color-transparente","17":"pa_espacio-interior","18":"pa_metodo_aplicacion-pulverizado","19":"pa_superficie_aplicacion-multisuperficie","20":"pa_tamano-200ml","21":"pa_tamano-400ml","23":"first","24":"instock","25":"taxable","26":"shipping-taxable","27":"purchasable","28":"product-type-variable","29":"wvs-archive-product-wrapper"},"acf":[],"superficies_aplicacion_completo":"Multisuperficie","_links":{"self":[{"href":"https:\/\/spsil.es\/en\/wp-json\/wp\/v2\/product\/5511","targetHints":{"allow":["GET"]}}],"collection":[{"href":"https:\/\/spsil.es\/en\/wp-json\/wp\/v2\/product"}],"about":[{"href":"https:\/\/spsil.es\/en\/wp-json\/wp\/v2\/types\/product"}],"replies":[{"embeddable":true,"href":"https:\/\/spsil.es\/en\/wp-json\/wp\/v2\/comments?post=5511"}],"version-history":[{"count":0,"href":"https:\/\/spsil.es\/en\/wp-json\/wp\/v2\/product\/5511\/revisions"}],"wp:featuredmedia":[{"embeddable":true,"href":"https:\/\/spsil.es\/en\/wp-json\/wp\/v2\/media\/5517"}],"wp:attachment":[{"href":"https:\/\/spsil.es\/en\/wp-json\/wp\/v2\/media?parent=5511"}],"wp:term":[{"taxonomy":"product_brand","embeddable":true,"href":"https:\/\/spsil.es\/en\/wp-json\/wp\/v2\/product_brand?post=5511"},{"taxonomy":"product_cat","embeddable":true,"href":"https:\/\/spsil.es\/en\/wp-json\/wp\/v2\/product_cat?post=5511"},{"taxonomy":"product_tag","embeddable":true,"href":"https:\/\/spsil.es\/en\/wp-json\/wp\/v2\/product_tag?post=5511"}],"curies":[{"name":"wp","href":"https:\/\/api.w.org\/{rel}","templated":true}]}}