{"id":5505,"date":"2024-11-12T16:12:14","date_gmt":"2024-11-12T15:12:14","guid":{"rendered":"https:\/\/spsil.es\/?post_type=product&#038;p=5505"},"modified":"2025-11-04T09:59:38","modified_gmt":"2025-11-04T08:59:38","slug":"spray-limpiador-de-adhesivos-spsil","status":"publish","type":"product","link":"https:\/\/spsil.es\/en\/hogar\/spray-limpiador-de-adhesivos-spsil\/","title":{"rendered":"Spray Limpiador de Adhesivos SPSIL"},"content":{"rendered":"<h2><strong>Spray Limpiador de Adhesivos SPSIL &#8211; Eliminaci\u00f3n total de residuos pegajosos<\/strong><\/h2>\n<p>\u00bfRestos de adhesivos en muebles, suelo y paredes? El <strong>Spray Limpiador de Adhesivos SPSIL<\/strong> es lo que necesitas para eliminar los restos de cintas adhesivas, pegatinas y otros residuos pegajosos de diversas superficies. Es el momento de quitar esos stickes infantiles del armario, las marcas de adhesivo del cesped artificial de la terraza o simplemente las marcas de cinta tras realizar trabajos de pintura en casa, sin residuos molestos, vuelve a tener tus superficies totalmente limpias y sin da\u00f1os.<\/p>\n<p>Es perfecto para eliminar restos de grasa, el alquitr\u00e1n y los residuos pegajosos de manera eficaz a la vez que obtienes un acabado limpio y libre de residuos, \u00a1perfecto para aplicar tras trabajos de restauraci\u00f3n o bricolaje! Puedes aplicarlo con seguridad sobre metal, madera, pl\u00e1stico, vidrio y cer\u00e1mica, sin da\u00f1ar la superficie y evitando dejar residuos.<\/p>\n<p>El <strong>Spray Limpiador de Adhesivos SPSIL <\/strong>es ideal para tener entre tus utensilios de limpieza en casa, en la oficina o utilizarlo de manera profesional. Adem\u00e1s, su formato innovador en spray hace que sea mucho m\u00e1s sencillo de aplicar e uniforme.<\/p>\n<ul>\n<li><strong>Elimina eficazmente: <\/strong>Aplica el limpiador para eliminar los restos de adhesivos, cintas, etiquetas y pegatinas de diversas superficies.<\/li>\n<li><strong>Secado r\u00e1pido: <\/strong>Vuelve a utilizar la superficie donde has aplicar el producto casi al instante, sin marcas, restos de residuos y con un acabado profesional.<\/li>\n<li><strong>Ideal para diferentes superficies: <\/strong>\u00a0Es perfecto para aplicar en trabajos con metal, madera, pl\u00e1stico, vidrio, cer\u00e1mica, etc.<\/li>\n<li><strong>F\u00f3rmula potente: <\/strong>Dise\u00f1ado para eliminar de forma profunda restos de grasa, alquitr\u00e1n, adhesivos y otras sustancias pegajosas de forma r\u00e1pida y eficiente.<\/li>\n<li><strong>Versatilidad de aplicaci\u00f3n:<\/strong> Puedes usarlo en casa, en talleres de forma profesional, en la oficina o en peque\u00f1os proyectos de bricolaje o restauraci\u00f3n.<\/li>\n<\/ul>\n<p><strong>Modo de Uso del Spray Limpiador de Adhesivos SPSIL:<\/strong><\/p>\n<ol>\n<li><strong>Agitar<\/strong> bien el producto antes de usarlo para asegurar una mezcla homog\u00e9nea.<\/li>\n<li><strong>Pulverizar<\/strong> directamente sobre la superficie con residuos de adhesivo o pegamento, manteniendo una distancia de 15-20 cm.<\/li>\n<li><strong>Dejar actuar<\/strong> el producto durante unos minutos para que penetre bien en el residuo.<\/li>\n<li><strong>Limpiar<\/strong> con un pa\u00f1o limpio y seco, eliminando todo el residuo.<\/li>\n<li>Si es necesario, repetir el proceso para \u00e1reas con residuos m\u00e1s persistentes.<\/li>\n<\/ol>\n<p><strong>Precauciones a tener en cuenta con el Spray Limpiador de Adhesivos SPSIL:<\/strong><\/p>\n<ul>\n<li><strong>Inflamable<\/strong>: Mantener alejado de fuentes de calor y llamas abiertas.<\/li>\n<li>Evitar la <strong>inhalaci\u00f3n directa<\/strong> del aerosol.<\/li>\n<li><strong>No aplicar<\/strong> sobre superficies no recomendadas o da\u00f1adas.<\/li>\n<li><strong>Uso en \u00e1reas ventiladas<\/strong> y seguir las instrucciones de seguridad detalladas en el envase.<\/li>\n<li><strong>No exponer<\/strong> el producto a temperaturas superiores a 50\u00b0C\/122\u00b0F.<\/li>\n<\/ul>\n<p><strong>Rendimiento del Spray Limpiador de Adhesivos SPSIL: <\/strong>El Protector tiene hasta 2 m\u00b2 de rendimiento por capa, dependiendo de la cantidad de residuo a eliminar.<\/p>\n<p><strong>Beneficios del Producto:<\/strong> Este limpiador no solo es eficaz, sino que tambi\u00e9n es f\u00e1cil de usar, permiti\u00e9ndote realizar tareas de limpieza en \u00e1reas dif\u00edciles de alcanzar sin esfuerzo. Adem\u00e1s, al no dejar residuos ni restos de grasa, este limpiador es perfecto para quienes buscan un acabado profesional y limpio en el menor tiempo posible. Su aplicabilidad en una amplia gama de superficies lo convierte en una herramienta indispensable para el hogar, el taller o en trabajos de restauraci\u00f3n.<\/p>","protected":false},"excerpt":{"rendered":"<p>El <strong>Spray Limpiador de Adhesivos SPSIL<\/strong> es lo que necesitas para eliminar restos pegajosos sobre multitud de superficies de forma r\u00e1pida y eficaz. Dile adi\u00f3s a las marcas de cintas adhesivas, etiquetas, grasa, alquitr\u00e1n y otros residuos pegajosos en diversas superficies. Puedes aplicar con total seguridad sobre materiales como metal, madera, vidrio, pl\u00e1stico y cer\u00e1mica, ofreciendo una limpieza profunda sin da\u00f1ar las superficies.<\/p>\n<p>Ideal para aplicar en interior, ya sea en casa, el taller o proyectos profesionales. Es muy sencillo de usar, tan solo aplica, deja actuar y limpia con un pa\u00f1o. Adem\u00e1s, su acci\u00f3n r\u00e1pida y secado inmediato aseguran resultados sin demoras ni residuos molestos. Perfecto para eliminar etiquetas dif\u00edciles, restos de pegamento y otros residuos, ayudando a mantener tus espacios y materiales en perfectas condiciones.<\/p>","protected":false},"featured_media":5510,"comment_status":"open","ping_status":"closed","template":"","meta":{"_acf_changed":false},"product_brand":[],"product_cat":[968],"product_tag":[984,980,981,979,983,985,986,982,28],"class_list":{"0":"post-5505","1":"product","2":"type-product","3":"status-publish","4":"has-post-thumbnail","6":"product_cat-hogar","7":"product_tag-eliminador-de-grasa","8":"product_tag-eliminador-de-pegamento","9":"product_tag-limpia-residuos-de-cinta","10":"product_tag-limpiador-de-adhesivos","11":"product_tag-limpiador-de-etiquetas","12":"product_tag-limpiador-de-madera","13":"product_tag-limpiador-de-plastico","14":"product_tag-limpiador-de-superficies","15":"product_tag-spsil","16":"pa_acabado-brillo","17":"pa_color-transparente","18":"pa_espacio-interior","19":"pa_metodo_aplicacion-pulverizado","20":"pa_superficie_aplicacion-multisuperficie","21":"pa_tamano-200ml","22":"pa_tamano-400ml","24":"first","25":"instock","26":"taxable","27":"shipping-taxable","28":"purchasable","29":"product-type-variable","30":"wvs-archive-product-wrapper"},"acf":[],"superficies_aplicacion_completo":"Multisuperficie","_links":{"self":[{"href":"https:\/\/spsil.es\/en\/wp-json\/wp\/v2\/product\/5505","targetHints":{"allow":["GET"]}}],"collection":[{"href":"https:\/\/spsil.es\/en\/wp-json\/wp\/v2\/product"}],"about":[{"href":"https:\/\/spsil.es\/en\/wp-json\/wp\/v2\/types\/product"}],"replies":[{"embeddable":true,"href":"https:\/\/spsil.es\/en\/wp-json\/wp\/v2\/comments?post=5505"}],"version-history":[{"count":0,"href":"https:\/\/spsil.es\/en\/wp-json\/wp\/v2\/product\/5505\/revisions"}],"wp:featuredmedia":[{"embeddable":true,"href":"https:\/\/spsil.es\/en\/wp-json\/wp\/v2\/media\/5510"}],"wp:attachment":[{"href":"https:\/\/spsil.es\/en\/wp-json\/wp\/v2\/media?parent=5505"}],"wp:term":[{"taxonomy":"product_brand","embeddable":true,"href":"https:\/\/spsil.es\/en\/wp-json\/wp\/v2\/product_brand?post=5505"},{"taxonomy":"product_cat","embeddable":true,"href":"https:\/\/spsil.es\/en\/wp-json\/wp\/v2\/product_cat?post=5505"},{"taxonomy":"product_tag","embeddable":true,"href":"https:\/\/spsil.es\/en\/wp-json\/wp\/v2\/product_tag?post=5505"}],"curies":[{"name":"wp","href":"https:\/\/api.w.org\/{rel}","templated":true}]}}