{"id":5461,"date":"2024-11-12T12:24:45","date_gmt":"2024-11-12T11:24:45","guid":{"rendered":"https:\/\/spsil.es\/?post_type=product&#038;p=5461"},"modified":"2025-10-15T12:13:40","modified_gmt":"2025-10-15T10:13:40","slug":"spray-antioxido-forja-spsil","status":"publish","type":"product","link":"https:\/\/spsil.es\/en\/spray\/especiales_spray\/antioxido-forja\/spray-antioxido-forja-spsil\/","title":{"rendered":"Spray Antioxido Forja SPSIL"},"content":{"rendered":"<div data-elementor-type=\"product-post\" data-elementor-id=\"5461\" class=\"elementor elementor-5461\" data-elementor-post-type=\"product\">\n\t\t\t\t<div class=\"wd-negative-gap elementor-element elementor-element-29ba4e5d e-flex e-con-boxed e-con e-parent\" data-id=\"29ba4e5d\" data-element_type=\"container\">\n\t\t\t\t\t<div class=\"e-con-inner\">\n\t\t\t\t<div class=\"elementor-element elementor-element-144d4486 color-scheme-inherit text-left elementor-widget elementor-widget-text-editor\" data-id=\"144d4486\" data-element_type=\"widget\" data-widget_type=\"text-editor.default\">\n\t\t\t\t<div class=\"elementor-widget-container\">\n\t\t\t\t\t\t\t\t\t<h2>Spray Anti\u00f3xido Forja SPSIL<\/h2>\r\nEl <strong>Spray Anti\u00f3xido Forja<\/strong> de SPSIL ofrece una protecci\u00f3n m\u00e1ximo contra la corrosi\u00f3n, el \u00f3xido y el desgaste en superficies met\u00e1licas, de madera y acero. Adem\u00e1s, puedes aplicarlo directamente sobre superficies oxidadas, para darle una protecci\u00f3n duradera y eficaz, que alarga la vida \u00fatil de las superficies tratadas. Puedes usarlo en exterior e interior, siempre que que haya ventilaci\u00f3n adecuada, siendo ideal para aplicaciones industriales, dom\u00e9sticas y decorativas. Adem\u00e1s, lo tienes disponible en tonos marr\u00f3n, rojo y gris, perfecto para rejas, vergas y puertas elegantes.\r\n\r\n<strong>Caracter\u00edsticas Principales:<\/strong>\r\n<ul>\r\n \t<li><strong>F\u00f3rmula Directa al \u00d3xido:<\/strong> Este producto disuelve el \u00f3xido de forma instant\u00e1nea, evita la corrosi\u00f3n y que esta se propague, es la forma ideal de proteger las superficies met\u00e1licas.<\/li>\r\n \t<li><strong>Aplicaci\u00f3n Multi-Superficie:<\/strong> Puedes aplicarlo con total seguridad en metales, madera, acero, pl\u00e1sticos y otras superficies, obtendr\u00e1s una protecci\u00f3n extra en m\u00faltiples entornos.<\/li>\r\n \t<li><strong>Secado R\u00e1pido:<\/strong> El tiempo de secado es muy breve, de esta forma puedes aplicar otra capa y obtener resultados eficientes.<\/li>\r\n \t<li><strong>Excelente Protecci\u00f3n contra la Humedad:<\/strong> Evitar el deterioro de las superficies expuestas a condiciones adversas de lluvia y humedad con la protecci\u00f3n extra de este producto.<\/li>\r\n \t<li><strong>F\u00e1cil de Aplicar:<\/strong> Aunque no tengas experiencia, obtendr\u00e1s un acabado profesional gracias a su cobertura uniforme, pero recuerda seguir las recomendaciones de uso del envase.<\/li>\r\n<\/ul>\r\n<strong>Usos y Aplicaciones:<\/strong>\r\n<ul>\r\n \t<li><strong>Metales y Acero:<\/strong> El <strong>Spray Anti\u00f3xido Forja: <\/strong>Tu puerta met\u00e1lica del jard\u00edn, el port\u00f3n del chalet o la f\u00e1brica, as\u00ed como maquinaria met\u00e1lica expuesta a condiciones de humedad estar\u00e1n protegidas de la corrosi\u00f3n y del \u00f3xido.<\/li>\r\n \t<li><strong>Madera y Materiales Compuestos:<\/strong> Protecci\u00f3n eficaz de los materiales como madera y compuestos ante la corrosi\u00f3n, restaurando su apariencia original.<\/li>\r\n \t<li><strong>Paredes y Exteriores:<\/strong> Puedes usarlo en el exterior en elementos como barandas, cercas, ventanas met\u00e1licas, o cualquier otra estructura de metal susceptible al \u00f3xido debido a la exposici\u00f3n a la intemperie.<\/li>\r\n \t<li><strong>Equipos Industriales y Herramientas:<\/strong> Renueva y protege la maquinaria, equipos agr\u00edcolas, bicicletas y herramientas que est\u00e9n constantemente expuestos a la humedad o condiciones dif\u00edciles.<\/li>\r\n<\/ul>\r\n<strong>Instrucciones de Uso:<\/strong>\r\n<ol>\r\n \t<li><strong>Limpieza Previa:<\/strong> Aseg\u00farese de que la superficie est\u00e9 limpia antes de aplicar el producto para asegurar una correcta adherencia.<\/li>\r\n \t<li><strong>Agitar el Producto:<\/strong> Agite bien el envase durante al menos 2 minutos antes de su uso.<\/li>\r\n \t<li><strong>Aplicaci\u00f3n en Capas Finas:<\/strong> Pulverice desde una distancia de 20 a 25 cm, aplicando en capas finas y uniformes. Repita el proceso si es necesario.<\/li>\r\n \t<li><strong>Secado R\u00e1pido:<\/strong> Permita que el producto se seque r\u00e1pidamente (aproximadamente 15 minutos) antes de manipular la superficie tratada.<\/li>\r\n<\/ol>\r\n<strong>Beneficios:<\/strong>\r\n<ul>\r\n \t<li><strong>Prevenci\u00f3n de \u00d3xido:<\/strong> El spray proporciona una barrera eficaz que protege las superficies met\u00e1licas del ox\u00edgeno y la humedad, evitando la formaci\u00f3n de \u00f3xido en el futuro.<\/li>\r\n \t<li><strong>Versatilidad de Uso:<\/strong> Puede usarse en una amplia gama de superficies, lo que lo convierte en un producto ideal tanto para el hogar como para aplicaciones industriales.<\/li>\r\n \t<li><strong>Restauraci\u00f3n y Mantenimiento:<\/strong> Restaura el aspecto de superficies oxidadas, mejorando su est\u00e9tica y aumentando la durabilidad de los materiales.<\/li>\r\n<\/ul>\r\n<strong>Usos Recomendados:<\/strong>\r\n<ul>\r\n \t<li>Rejas y puertas met\u00e1licas<\/li>\r\n \t<li>Herramientas y maquinaria de acero<\/li>\r\n \t<li>Superficies de metal en el hogar y el taller<\/li>\r\n \t<li>Equipos de exteriores, como bicicletas o motocicletas<\/li>\r\n<\/ul>\t\t\t\t\t\t\t\t<\/div>\n\t\t\t\t<\/div>\n\t\t\t\t<div class=\"elementor-element elementor-element-2fc3795 elementor-widget elementor-widget-spacer\" data-id=\"2fc3795\" data-element_type=\"widget\" data-widget_type=\"spacer.default\">\n\t\t\t\t<div class=\"elementor-widget-container\">\n\t\t\t\t\t\t\t<div class=\"elementor-spacer\">\n\t\t\t<div class=\"elementor-spacer-inner\"><\/div>\n\t\t<\/div>\n\t\t\t\t\t\t<\/div>\n\t\t\t\t<\/div>\n\t\t\t\t<div class=\"elementor-element elementor-element-70a40a3 color-scheme-inherit text-left elementor-widget elementor-widget-text-editor\" data-id=\"70a40a3\" data-element_type=\"widget\" data-widget_type=\"text-editor.default\">\n\t\t\t\t<div class=\"elementor-widget-container\">\n\t\t\t\t\t\t\t\t\t<h3 style=\"text-align: center;\"><strong>Insp\u00edrate con SPSIL<\/strong><\/h3>\t\t\t\t\t\t\t\t<\/div>\n\t\t\t\t<\/div>\n\t\t\t\t<div class=\"elementor-element elementor-element-ecd09b8 elementor-widget elementor-widget-spacer\" data-id=\"ecd09b8\" data-element_type=\"widget\" data-widget_type=\"spacer.default\">\n\t\t\t\t<div class=\"elementor-widget-container\">\n\t\t\t\t\t\t\t<div class=\"elementor-spacer\">\n\t\t\t<div class=\"elementor-spacer-inner\"><\/div>\n\t\t<\/div>\n\t\t\t\t\t\t<\/div>\n\t\t\t\t<\/div>\n\t\t\t\t\t<\/div>\n\t\t\t\t<\/div>\n\t\t<div class=\"wd-negative-gap elementor-element elementor-element-8b093fe e-flex e-con-boxed e-con e-parent\" data-id=\"8b093fe\" data-element_type=\"container\">\n\t\t\t\t\t<div class=\"e-con-inner\">\n\t\t<div class=\"elementor-element elementor-element-e62ebb0 e-con-full e-flex e-con e-child\" data-id=\"e62ebb0\" data-element_type=\"container\">\n\t\t\t\t<div class=\"elementor-element elementor-element-4a7985c elementor-widget elementor-widget-image\" data-id=\"4a7985c\" data-element_type=\"widget\" data-widget_type=\"image.default\">\n\t\t\t\t<div class=\"elementor-widget-container\">\n\t\t\t\t\t\t\t\t\t\t\t\t\t\t\t<img loading=\"lazy\" decoding=\"async\" width=\"300\" height=\"300\" src=\"https:\/\/spsil.es\/wp-content\/uploads\/2024\/11\/Ficha-de-Amazon-producto-1-2.png\" class=\"attachment-large size-large wp-image-6689 wvs-archive-product-image\" alt=\"Forja Antioxido Protege y Mejora: Spray Anti\u00f3xido para Puertas de Metal\" srcset=\"https:\/\/spsil.es\/wp-content\/uploads\/2024\/11\/Ficha-de-Amazon-producto-1-2.png 300w, https:\/\/spsil.es\/wp-content\/uploads\/2024\/11\/Ficha-de-Amazon-producto-1-2-150x150.png 150w, https:\/\/spsil.es\/wp-content\/uploads\/2024\/11\/Ficha-de-Amazon-producto-1-2-50x50.png 50w, https:\/\/spsil.es\/wp-content\/uploads\/2024\/11\/Ficha-de-Amazon-producto-1-2-100x100.png 100w\" sizes=\"auto, (max-width: 300px) 100vw, 300px\" \/>\t\t\t\t\t\t\t\t\t\t\t\t\t\t\t<\/div>\n\t\t\t\t<\/div>\n\t\t\t\t<div class=\"elementor-element elementor-element-b57eb1f color-scheme-inherit text-left elementor-widget elementor-widget-text-editor\" data-id=\"b57eb1f\" data-element_type=\"widget\" data-widget_type=\"text-editor.default\">\n\t\t\t\t<div class=\"elementor-widget-container\">\n\t\t\t\t\t\t\t\t\t<p>El <strong>spray anti\u00f3xido es imprescindible para puertas de almacenes o talleres expuestas a humedad, corrosi\u00f3n y desgaste.<\/strong><\/p><p>Su f\u00f3rmula avanzada crea una capa protectora que previene la oxidaci\u00f3n y prolonga la vida \u00fatil del metal. Adem\u00e1s, mejora la apariencia de la puerta, dej\u00e1ndola lista para un acabado uniforme con pintura.<\/p><p>F\u00e1cil de aplicar, este producto es ideal para mantener la funcionalidad y el aspecto profesional de tus instalaciones. \u00a1Un mantenimiento eficaz y duradero!<\/p>\t\t\t\t\t\t\t\t<\/div>\n\t\t\t\t<\/div>\n\t\t\t\t<\/div>\n\t\t<div class=\"elementor-element elementor-element-7668223 e-con-full e-flex e-con e-child\" data-id=\"7668223\" data-element_type=\"container\">\n\t\t\t\t<div class=\"elementor-element elementor-element-fb9c8bd elementor-widget elementor-widget-image\" data-id=\"fb9c8bd\" data-element_type=\"widget\" data-widget_type=\"image.default\">\n\t\t\t\t<div class=\"elementor-widget-container\">\n\t\t\t\t\t\t\t\t\t\t\t\t\t\t\t<img loading=\"lazy\" decoding=\"async\" width=\"300\" height=\"300\" src=\"https:\/\/spsil.es\/wp-content\/uploads\/2024\/11\/Ficha-de-Amazon-producto-1-49.png\" class=\"attachment-large size-large wp-image-6690 wvs-archive-product-image\" alt=\"\" srcset=\"https:\/\/spsil.es\/wp-content\/uploads\/2024\/11\/Ficha-de-Amazon-producto-1-49.png 300w, https:\/\/spsil.es\/wp-content\/uploads\/2024\/11\/Ficha-de-Amazon-producto-1-49-150x150.png 150w, https:\/\/spsil.es\/wp-content\/uploads\/2024\/11\/Ficha-de-Amazon-producto-1-49-50x50.png 50w, https:\/\/spsil.es\/wp-content\/uploads\/2024\/11\/Ficha-de-Amazon-producto-1-49-100x100.png 100w\" sizes=\"auto, (max-width: 300px) 100vw, 300px\">\t\t\t\t\t\t\t\t\t\t\t\t\t\t\t<\/div>\n\t\t\t\t<\/div>\n\t\t\t\t<div class=\"elementor-element elementor-element-8b60038 color-scheme-inherit text-left elementor-widget elementor-widget-text-editor\" data-id=\"8b60038\" data-element_type=\"widget\" data-widget_type=\"text-editor.default\">\n\t\t\t\t<div class=\"elementor-widget-container\">\n\t\t\t\t\t\t\t\t\t<ul class=\"a-unordered-list a-vertical\"><li><span class=\"a-list-item\"><strong><span class=\"a-text-bold\">Metales y Acero:<\/span><\/strong> Ideal para proteger superficies met\u00e1licas expuestas al exterior, como rejas, puertas met\u00e1licas, maquinaria industrial, herramientas, y autom\u00f3viles.<\/span><\/li><li><span class=\"a-list-item\"><strong><span class=\"a-text-bold\">Madera y Materiales Compuestos:<\/span><\/strong> No solo protege metales, sino que tambi\u00e9n se puede aplicar sobre estructuras met\u00e1licas en madera o materiales compuestos<\/span><\/li><li><span class=\"a-list-item\"><strong><span class=\"a-text-bold\">Paredes y Exteriores:<\/span><\/strong>\u00a0Perfecto para su uso en exteriores como barandas, cercas, ventanas met\u00e1licas, o cualquier otra estructura de metal susceptible al \u00f3xido debido a la exposici\u00f3n a la intemperie.<\/span><\/li><li><span class=\"a-list-item\"><strong><span class=\"a-text-bold\">Equipos Industriales y Herramientas:<\/span><\/strong>\u00a0Ideal para maquinaria, equipos agr\u00edcolas, bicicletas y herramientas que est\u00e9n constantemente expuestos a la humedad o condiciones dif\u00edciles.<\/span><\/li><\/ul>\t\t\t\t\t\t\t\t<\/div>\n\t\t\t\t<\/div>\n\t\t\t\t<\/div>\n\t\t<div class=\"elementor-element elementor-element-2c612b7 e-con-full e-flex e-con e-child\" data-id=\"2c612b7\" data-element_type=\"container\">\n\t\t\t\t<div class=\"elementor-element elementor-element-95e62cf elementor-widget elementor-widget-image\" data-id=\"95e62cf\" data-element_type=\"widget\" data-widget_type=\"image.default\">\n\t\t\t\t<div class=\"elementor-widget-container\">\n\t\t\t\t\t\t\t\t\t\t\t\t\t\t\t<img loading=\"lazy\" decoding=\"async\" width=\"300\" height=\"300\" src=\"https:\/\/spsil.es\/wp-content\/uploads\/2024\/11\/Ficha-de-Amazon-producto-1-1.png\" class=\"attachment-large size-large wp-image-6691 wvs-archive-product-image\" alt=\"\" srcset=\"https:\/\/spsil.es\/wp-content\/uploads\/2024\/11\/Ficha-de-Amazon-producto-1-1.png 300w, https:\/\/spsil.es\/wp-content\/uploads\/2024\/11\/Ficha-de-Amazon-producto-1-1-150x150.png 150w, https:\/\/spsil.es\/wp-content\/uploads\/2024\/11\/Ficha-de-Amazon-producto-1-1-50x50.png 50w, https:\/\/spsil.es\/wp-content\/uploads\/2024\/11\/Ficha-de-Amazon-producto-1-1-100x100.png 100w\" sizes=\"auto, (max-width: 300px) 100vw, 300px\">\t\t\t\t\t\t\t\t\t\t\t\t\t\t\t<\/div>\n\t\t\t\t<\/div>\n\t\t\t\t<div class=\"elementor-element elementor-element-594384c color-scheme-inherit text-left elementor-widget elementor-widget-text-editor\" data-id=\"594384c\" data-element_type=\"widget\" data-widget_type=\"text-editor.default\">\n\t\t\t\t<div class=\"elementor-widget-container\">\n\t\t\t\t\t\t\t\t\t<p>Aunque sea de madera,<strong> las vallas suelen tener componentes met\u00e1licos como bisagras o clavos que pueden oxidarse con el tiempo.<\/strong><\/p><p>El <strong>spray anti\u00f3xido<\/strong> protege estas partes, evitando que la corrosi\u00f3n debilite la estructura o da\u00f1e la est\u00e9tica.<\/p><p>Adem\u00e1s, forma una barrera resistente a la intemperie, ideal para entornos rurales expuestos a humedad y cambios clim\u00e1ticos. Con una aplicaci\u00f3n r\u00e1pida y sencilla, garantiza una valla m\u00e1s resistente, duradera y visualmente impecable.<\/p>\t\t\t\t\t\t\t\t<\/div>\n\t\t\t\t<\/div>\n\t\t\t\t<\/div>\n\t\t\t\t\t<\/div>\n\t\t\t\t<\/div>\n\t\t<div class=\"wd-negative-gap elementor-element elementor-element-86c2097 e-flex e-con-boxed e-con e-parent\" data-id=\"86c2097\" data-element_type=\"container\">\n\t\t\t\t\t<div class=\"e-con-inner\">\n\t\t\t\t<div class=\"elementor-element elementor-element-e32520b elementor-widget elementor-widget-video\" data-id=\"e32520b\" data-element_type=\"widget\" data-settings=\"{&quot;youtube_url&quot;:&quot;https:\\\/\\\/youtu.be\\\/h4x86Xc_E-E&quot;,&quot;video_type&quot;:&quot;youtube&quot;,&quot;controls&quot;:&quot;yes&quot;}\" data-widget_type=\"video.default\">\n\t\t\t\t<div class=\"elementor-widget-container\">\n\t\t\t\t\t\t\t<div class=\"elementor-wrapper elementor-open-inline\">\n\t\t\t<div class=\"elementor-video\"><\/div>\t\t<\/div>\n\t\t\t\t\t\t<\/div>\n\t\t\t\t<\/div>\n\t\t\t\t\t<\/div>\n\t\t\t\t<\/div>\n\t\t\t\t<\/div>","protected":false},"excerpt":{"rendered":"<p>El <strong>Spray Anti\u00f3xido Forja<\/strong> de SPSIL es la soluci\u00f3n definitiva para proteger superficies met\u00e1licas, de madera y acero contra la corrosi\u00f3n y el \u00f3xido. Su f\u00f3rmula avanzada act\u00faa directamente sobre las superficies oxidadas, disolviendo el \u00f3xido y proporcionando una capa protectora que previene el da\u00f1o futuro. Ideal para su uso tanto en interiores como exteriores, este spray ofrece una protecci\u00f3n duradera en condiciones de alta humedad y exposici\u00f3n al aire libre.<\/p>\n<p>Su secado r\u00e1pido permite una aplicaci\u00f3n eficiente, mientras que su pulverizador con doble acci\u00f3n asegura una cobertura uniforme y precisa. Perfecto para rejas, puertas met\u00e1licas, herramientas, maquinaria industrial, y superficies met\u00e1licas expuestas a la intemperie. Tambi\u00e9n es \u00fatil para restaurar superficies oxidadas en el hogar o taller. Con el <strong>Spray Anti\u00f3xido Forja<\/strong>, conseguir\u00e1s mantener tus superficies protegidas, restauradas y con una apariencia impecable a lo largo del tiempo.<\/p>","protected":false},"featured_media":5468,"comment_status":"open","ping_status":"closed","template":"","meta":{"_acf_changed":false},"product_brand":[],"product_cat":[933,23],"product_tag":[937,938,940,935,934,939,936,941,28],"class_list":{"0":"post-5461","1":"product","2":"type-product","3":"status-publish","4":"has-post-thumbnail","6":"product_cat-antioxido-forja","7":"product_cat-spray","8":"product_tag-anticorrosivo-para-metal","9":"product_tag-pintura-para-metal","10":"product_tag-prevencion-de-corrosion","11":"product_tag-proteccion-contra-oxido","12":"product_tag-spray-antioxidante","13":"product_tag-spray-para-acero","14":"product_tag-spray-para-metales","15":"product_tag-spray-para-rejas-y-puertas","16":"product_tag-spsil","17":"pa_acabado-brillo","18":"pa_color-blanco","19":"pa_color-gris","20":"pa_color-gris-medio","21":"pa_color-marron","22":"pa_color-negro","23":"pa_color-verde-carruaje","24":"pa_espacio-exterior","25":"pa_metodo_aplicacion-pulverizado","26":"pa_superficie_aplicacion-madera","27":"pa_superficie_aplicacion-metal","28":"pa_superficie_aplicacion-paredes","29":"pa_superficie_aplicacion-techos","30":"pa_tamano-400ml","32":"first","33":"instock","34":"taxable","35":"shipping-taxable","36":"purchasable","37":"product-type-variable","38":"wvs-archive-product-wrapper"},"acf":[],"superficies_aplicacion_completo":"Madera, Metal, Paredes, Techos","_links":{"self":[{"href":"https:\/\/spsil.es\/en\/wp-json\/wp\/v2\/product\/5461","targetHints":{"allow":["GET"]}}],"collection":[{"href":"https:\/\/spsil.es\/en\/wp-json\/wp\/v2\/product"}],"about":[{"href":"https:\/\/spsil.es\/en\/wp-json\/wp\/v2\/types\/product"}],"replies":[{"embeddable":true,"href":"https:\/\/spsil.es\/en\/wp-json\/wp\/v2\/comments?post=5461"}],"version-history":[{"count":0,"href":"https:\/\/spsil.es\/en\/wp-json\/wp\/v2\/product\/5461\/revisions"}],"wp:featuredmedia":[{"embeddable":true,"href":"https:\/\/spsil.es\/en\/wp-json\/wp\/v2\/media\/5468"}],"wp:attachment":[{"href":"https:\/\/spsil.es\/en\/wp-json\/wp\/v2\/media?parent=5461"}],"wp:term":[{"taxonomy":"product_brand","embeddable":true,"href":"https:\/\/spsil.es\/en\/wp-json\/wp\/v2\/product_brand?post=5461"},{"taxonomy":"product_cat","embeddable":true,"href":"https:\/\/spsil.es\/en\/wp-json\/wp\/v2\/product_cat?post=5461"},{"taxonomy":"product_tag","embeddable":true,"href":"https:\/\/spsil.es\/en\/wp-json\/wp\/v2\/product_tag?post=5461"}],"curies":[{"name":"wp","href":"https:\/\/api.w.org\/{rel}","templated":true}]}}