{"id":5455,"date":"2024-11-12T12:04:00","date_gmt":"2024-11-12T11:04:00","guid":{"rendered":"https:\/\/spsil.es\/?post_type=product&#038;p=5455"},"modified":"2025-10-18T10:36:05","modified_gmt":"2025-10-18T08:36:05","slug":"imprimacion-spray-base-agua-spsil","status":"publish","type":"product","link":"https:\/\/spsil.es\/en\/spray\/spray-base-agua\/imprimacion-spray-base-agua-spsil\/","title":{"rendered":"Imprimaci\u00f3n Spray Base Agua SPSIL"},"content":{"rendered":"<h2><strong>Imprimaci\u00f3n Spray Base Agua SPSIL<\/strong><\/h2>\n<p>La <strong>Imprimaci\u00f3n Spray Base Agua SPSIL<\/strong> es lo que necesitas para obtener resultados impecables en tus proyectos de pintura. Esta soluci\u00f3n ofrece una base s\u00f3lida y la adherencia necesaria para que las capas de pintura queden impecables. Esta imprimaci\u00f3n, a base de agua, es una opci\u00f3n respetuosa con el medio ambiente y segura, ideal tanto para profesionales como para realizar proyectos en casa, sin ning\u00fan tipo de experiencia, y lograr acabados perfectos. Excelente adherencia y protecci\u00f3n de las superficies contra la humedad, favoreciendo la durabilidad del acabado final. Puedes aplicar esta Imprimaci\u00f3n en multitud de superficies, desde madera hasta metal, pasando por cer\u00e1mica y pl\u00e1stico, recubre el material y aseg\u00farate de que la pintura se adhiera de manera uniforme y sin complicaciones. Adem\u00e1s, ofrece un secado en tiempo r\u00e9cord, que te permite aplicar la pintura sin demorar el proyecto en el tiempo.<\/p>\n<p>Adem\u00e1s, gracias a su formulaci\u00f3n en base agua, tiene un olor mucho m\u00e1s suave que el esmalte al disolvente, esto permite su uso en interiores de forma 100% segura, aunque recomendamos mantener aireado el espacio de trabajo. Aplica, siguiendo las instrucciones del envase, el pulverizador de doble acci\u00f3n: control preciso sobre la superficie a tratar y mejora la eficiencia del trabajo. Ya sea para un proyecto de bricolaje, como pintar un mueble o una puerta; una reparaci\u00f3n de mantenimiento o un trabajo art\u00edstico, esta imprimaci\u00f3n es la mejor opci\u00f3n para obtener un resultado profesional.<\/p>\n<p><strong>Caracter\u00edsticas destacadas<\/strong>:<\/p>\n<ul>\n<li><strong>F\u00f3rmula a base de agua<\/strong>: Elige una f\u00f3rmula respetuosa con el medio ambiente, segura y con muy poco olor, trabajar en interiores es posible de forma amigable con el medio.<\/li>\n<li><strong>Secado r\u00e1pido<\/strong>: Continua con tu proyecto de forma r\u00e1pida gracias a su secado expr\u00e9s, as\u00ed podr\u00e1s aplicar varias capas sin tener que esperar tiempos eternos de secado, acelerar tu proyecto y terminar en tiempo r\u00e9cord.<\/li>\n<li><strong>Excelente adherencia<\/strong>: La Imprimaci\u00f3n es imprescindible para mejorar la adherencia de la pintura, en especial en superficies m\u00e1s dif\u00edciles de pintar. Te recomendamos ligar previamente la superficie, mejorar\u00e1 el resultado.<\/li>\n<li><strong>Versatilidad<\/strong>: Puedes aplicar la Imprimaci\u00f3n en Base Agua en multitud de superficies: madera, metal, cer\u00e1mica y pl\u00e1sticos. Perfecta para proyectos tanto de interior como de exterior.<\/li>\n<li><strong>F\u00e1cil aplicaci\u00f3n<\/strong>: Un innovador pulverizador de doble acci\u00f3n, para aplicar de forma c\u00f3moda y precisa, de esta formas no desperdiciar\u00e1s producto y obtendr\u00e1s una cobertura uniforme.<\/li>\n<\/ul>\n<p><strong>Modo de empleo<\/strong>:<\/p>\n<ol>\n<li><strong>Preparar la superficie<\/strong>: Aseg\u00farate de que la superficie est\u00e9 limpia y libre de polvo, grasa u otros residuos que puedan interferir con la adherencia de la imprimaci\u00f3n.<\/li>\n<li><strong>Aplicaci\u00f3n<\/strong>: Agitar bien la lata y aplicar en capas finas, manteniendo una distancia de 20-25 cm entre la superficie y el pulverizador. Aplicar uniformemente para una cobertura completa.<\/li>\n<li><strong>Secado<\/strong>: Deja secar durante 15 minutos entre capa y capa para garantizar una buena adherencia de la pintura. El tiempo de secado puede variar seg\u00fan la superficie.<\/li>\n<\/ol>\n<p><strong>Usos recomendados<\/strong>:<\/p>\n<ul>\n<li><strong>Madera<\/strong>: Muebles para restaurar, puertas de madera o conglomeradas, incluso muebles de jard\u00edn de madera, aplica Imprimaci\u00f3n y asegura que la pintura quede espectacular.<\/li>\n<li><strong>Metal<\/strong>: Adherencia perfecta en superficies de metal, puedes usarlo para preparar la pintura previa de puertas, sillas de metal u otros elementos. Adem\u00e1s, ofrece una protecci\u00f3n contra la corrosi\u00f3n.<\/li>\n<li><strong>Pl\u00e1stico<\/strong>: El pl\u00e1stico presenta dificultades para adherir la pintura, por ello es imprescindible aplicar previamente Imprimaci\u00f3n.<\/li>\n<li><strong>Cer\u00e1mica<\/strong>: Trabajos de alfarer\u00eda o restaurar elementos cer\u00e1micos requieren de una Imprimaci\u00f3n previa para obtener un excelente resultado al aplicar la pintura.<\/li>\n<\/ul>\n<p><strong>Beneficios<\/strong>:<\/p>\n<ul>\n<li><strong>Respetuosa con el medio ambiente<\/strong>: Nos preocupamos por el medio ambiente y dentro de la Gama de Spray SPSIL contamos con la Imprimaci\u00f3n en Base Agua, respetuosa con el medio y segura para utilizar en el interior.<\/li>\n<li><strong>Secado r\u00e1pido<\/strong>: Tiempos de secado r\u00e1pidos para aplicar una segunda capa de imprimaci\u00f3n y finalizar con la pintura. Acelera tus proyectos.<\/li>\n<li><strong>Mejora de la pintura<\/strong>: Esta imprimaci\u00f3n crea una superficie ideal para aplicar cualquier tipo de pintura, maximizando su durabilidad y el acabado final.<\/li>\n<\/ul>\n<h3>FAQs<\/h3>\n<ol>\n<li><strong>\u00bfPuedo usar esta imprimaci\u00f3n en pl\u00e1stico?<\/strong> S\u00ed, la <strong>Imprimaci\u00f3n Spray Base Agua SPSIL<\/strong> es perfecta para pl\u00e1sticos y corcho, garantizando una adherencia adecuada para pintar sobre superficies pl\u00e1sticas.<\/li>\n<li><strong>\u00bfEs este producto adecuado para pintar metal?<\/strong> Absolutamente. Esta imprimaci\u00f3n mejora la adherencia de la pintura sobre metal, protegi\u00e9ndolo tambi\u00e9n contra la oxidaci\u00f3n.<\/li>\n<li><strong>\u00bfCu\u00e1nto tiempo tarda en secar?<\/strong> El secado es r\u00e1pido, generalmente se recomienda esperar 15 minutos entre capa y capa para obtener mejores resultados.<\/li>\n<li><strong>\u00bfEs apta para usar en interiores?<\/strong> S\u00ed, su bajo olor la hace ideal para su uso en interiores, donde el mal olor de otros productos puede ser un inconveniente.<\/li>\n<li><strong>\u00bfCu\u00e1ntas capas debo aplicar?<\/strong> Para obtener los mejores resultados, se recomienda aplicar al menos dos capas de imprimaci\u00f3n, especialmente si la superficie es dif\u00edcil de pintar o est\u00e1 muy desgastada.<\/li>\n<\/ol>","protected":false},"excerpt":{"rendered":"<p>La <strong>Imprimaci\u00f3n Spray Base Agua SPSIL<\/strong> es imprescindible para preparar las superficies ante de aplicar la pintura final. Adem\u00e1s, es una elecci\u00f3n perfecta para aquellos que quieren realizar proyectos de forma respetuosa con el medio. Ofrece una excelente adherencia a diversas superficies, como madera, metal, pl\u00e1sticos y cer\u00e1mica.<\/p>\n<p>Perfecta para proyectos de bricolaje, reparaciones o trabajos art\u00edsticos, tanto para profesionales como para aquellas personas sin experiencia, esta imprimaci\u00f3n garantiza un acabado profesional al mejorar la adherencia de la pintura, evitando que se descascare o desgaste prematuramente. Su secado r\u00e1pido permite aplicar varias capas en un corto per\u00edodo de tiempo, acelerando el proceso y optimizando los tiempos de trabajo. Adem\u00e1s, al ser pr\u00e1cticamente sin olor, es ideal para trabajos en interiores.<\/p>\n<p>La <strong>Imprimaci\u00f3n Spray Base Agua SPSIL<\/strong> es la opci\u00f3n ecol\u00f3gica y segura, con una aplicaci\u00f3n f\u00e1cil y precisa gracias al pulverizador de doble acci\u00f3n. Protege las superficies contra la humedad y favorece una mayor durabilidad de la pintura aplicada.<\/p>","protected":false},"featured_media":5460,"comment_status":"open","ping_status":"closed","template":"","meta":{"_acf_changed":false},"product_brand":[],"product_cat":[915,23],"product_tag":[929,931,930,919,932,28],"class_list":{"0":"post-5455","1":"product","2":"type-product","3":"status-publish","4":"has-post-thumbnail","6":"product_cat-spray-base-agua","7":"product_cat-spray","8":"product_tag-imprimacion-base-agua","9":"product_tag-imprimacion-base-agua-respetuosa-con-el-medio-ambiente","10":"product_tag-imprimacion-para-pintura-base-agua","11":"product_tag-spray-en-base-agua-medio-ambiente","12":"product_tag-spray-imprimacion-base-agua","13":"product_tag-spsil","14":"pa_acabado-brillo","15":"pa_color-blanco","16":"pa_espacio-exterior","17":"pa_espacio-interior","18":"pa_metodo_aplicacion-pulverizado","19":"pa_superficie_aplicacion-cemento_hormigon","20":"pa_superficie_aplicacion-ceramica_porcelana","21":"pa_superficie_aplicacion-cerraduras","22":"pa_superficie_aplicacion-madera","23":"pa_superficie_aplicacion-metal","24":"pa_superficie_aplicacion-papel_cartulina","25":"pa_superficie_aplicacion-paredes","26":"pa_superficie_aplicacion-piedra","27":"pa_superficie_aplicacion-plastico","28":"pa_superficie_aplicacion-techos","29":"pa_superficie_aplicacion-vidrio","30":"pa_superficie_aplicacion-yeso_escayola","31":"pa_tamano-400ml","33":"first","34":"instock","35":"taxable","36":"shipping-taxable","37":"purchasable","38":"product-type-variable","39":"has-default-attributes","40":"wvs-archive-product-wrapper"},"acf":[],"superficies_aplicacion_completo":"Cemento\/Hormig\u00f3n, Cerraduras, Madera, Metal, Paredes, Piedra, Pl\u00e1stico, Techos, Vidrio, Yeso\/Escayola","_links":{"self":[{"href":"https:\/\/spsil.es\/en\/wp-json\/wp\/v2\/product\/5455","targetHints":{"allow":["GET"]}}],"collection":[{"href":"https:\/\/spsil.es\/en\/wp-json\/wp\/v2\/product"}],"about":[{"href":"https:\/\/spsil.es\/en\/wp-json\/wp\/v2\/types\/product"}],"replies":[{"embeddable":true,"href":"https:\/\/spsil.es\/en\/wp-json\/wp\/v2\/comments?post=5455"}],"version-history":[{"count":0,"href":"https:\/\/spsil.es\/en\/wp-json\/wp\/v2\/product\/5455\/revisions"}],"wp:featuredmedia":[{"embeddable":true,"href":"https:\/\/spsil.es\/en\/wp-json\/wp\/v2\/media\/5460"}],"wp:attachment":[{"href":"https:\/\/spsil.es\/en\/wp-json\/wp\/v2\/media?parent=5455"}],"wp:term":[{"taxonomy":"product_brand","embeddable":true,"href":"https:\/\/spsil.es\/en\/wp-json\/wp\/v2\/product_brand?post=5455"},{"taxonomy":"product_cat","embeddable":true,"href":"https:\/\/spsil.es\/en\/wp-json\/wp\/v2\/product_cat?post=5455"},{"taxonomy":"product_tag","embeddable":true,"href":"https:\/\/spsil.es\/en\/wp-json\/wp\/v2\/product_tag?post=5455"}],"curies":[{"name":"wp","href":"https:\/\/api.w.org\/{rel}","templated":true}]}}