{"id":5082,"date":"2024-11-07T15:46:12","date_gmt":"2024-11-07T14:46:12","guid":{"rendered":"https:\/\/spsil.es\/?post_type=product&#038;p=5082"},"modified":"2025-10-09T11:23:10","modified_gmt":"2025-10-09T09:23:10","slug":"limpia-tapiceria-pulverizador-spsil","status":"publish","type":"product","link":"https:\/\/spsil.es\/en\/cuidado-vehiculo\/cuidado-vehiculo-interior\/cuidado-vehiculo-interior-asientos\/asientos-limpia-tapiceerias\/limpia-tapiceria-pulverizador-spsil\/","title":{"rendered":"Limpia Tapicer\u00eda &#8211; Pulverizador SPSIL"},"content":{"rendered":"<div data-elementor-type=\"product-post\" data-elementor-id=\"5082\" class=\"elementor elementor-5082\" data-elementor-post-type=\"product\">\n\t\t\t\t<div class=\"wd-negative-gap elementor-element elementor-element-25e49d89 e-flex e-con-boxed e-con e-parent\" data-id=\"25e49d89\" data-element_type=\"container\">\n\t\t\t\t\t<div class=\"e-con-inner\">\n\t\t\t\t<div class=\"elementor-element elementor-element-72b700e8 color-scheme-inherit text-left elementor-widget elementor-widget-text-editor\" data-id=\"72b700e8\" data-element_type=\"widget\" data-widget_type=\"text-editor.default\">\n\t\t\t\t<div class=\"elementor-widget-container\">\n\t\t\t\t\t\t\t\t\t<h2>Limpia Tapicer\u00eda &#8211; Pulverizador SPSIL<\/h2>\r\nEl <strong>Limpia Tapicer\u00eda &#8211; Pulverizador SPSIL<\/strong> es perfecto para limpiar la tapicer\u00eda de forma r\u00e1pida y eficaz, elimina restos de peque\u00f1as manchas en tiempo r\u00e9cord de la tapicer\u00eda del coche. Su f\u00f3rmula avanzada penetra en las fibras, descomponiendo la suciedad y eliminando manchas de forma eficaz, sin da\u00f1ar los materiales.\r\n\r\nEs de aplicaci\u00f3n sencilla, solo tienes que pulverizar, dejar actuar unos minutos y limpiar con un pa\u00f1o h\u00famedo. Ver\u00e1s desaparecer las manchas sin esfuerzo. Su acci\u00f3n r\u00e1pida te permite restaurar la apariencia de la tapicer\u00eda del coche ante imprevistos, no tendr\u00e1s que preocuparte de l\u00edquido derramado o restos de manchas, podr\u00e1s limpiar al instante tu tapicer\u00eda.\u00a0 Es un aliado esencial para cualquier persona que desee mantener la limpieza y la est\u00e9tica de su veh\u00edculo.\r\n<h4>Caracter\u00edsticas<\/h4>\r\n<ul>\r\n \t<li><strong>Elimina Manchas Dif\u00edciles<\/strong>: Formula potente que act\u00faa contra las manchas m\u00e1s dif\u00edciles en cuesti\u00f3n de minutos.<\/li>\r\n \t<li><strong>R\u00e1pido y Eficaz<\/strong>: Limpieza instant\u00e1nea que ahorra tiempo y esfuerzo.<\/li>\r\n \t<li><strong>Apto para Varios Materiales<\/strong>: Seguro para usar en poli\u00e9ster, vinilo y otros tejidos.<\/li>\r\n \t<li><strong>F\u00e1cil Aplicaci\u00f3n<\/strong>: Pulveriza, deja actuar unos minutos, pasa un pa\u00f1o h\u00famedo&#8230; \u00a1Y listo!<\/li>\r\n \t<li><strong>Ideal para el Autom\u00f3vil<\/strong>: Ll\u00e9valo en tu coche y aplica siempre que sea necesario. No habr\u00e1 mancha que se resista.<\/li>\r\n<\/ul>\r\n<h4>Instrucciones de Uso<\/h4>\r\n<ol>\r\n \t<li><strong>Preparaci\u00f3n<\/strong>: Agitar bien el envase antes de usar.<\/li>\r\n \t<li><strong>Aplicaci\u00f3n<\/strong>: Pulverizar directamente sobre la mancha.<\/li>\r\n \t<li><strong>Espera<\/strong>: Dejar actuar por unos segundos.<\/li>\r\n \t<li><strong>Limpieza<\/strong>: Limpiar con un pa\u00f1o limpio y h\u00famedo para retirar residuos.<\/li>\r\n<\/ol>\r\n<h4>FAQs<\/h4>\r\n<ul>\r\n \t<li><strong>\u00bfEs seguro usarlo en todos los tipos de tapicer\u00eda?<\/strong> S\u00ed, el Limpiador de Tapicer\u00eda SPSIL es seguro para poli\u00e9ster y vinilo, pero <strong>no se recomienda su uso en piel o cuero, para ello puedes utilizar el Limpiador de Piel y Cuero SPSIL.\u00a0<\/strong><\/li>\r\n \t<li><strong>\u00bfC\u00f3mo elimino las manchas m\u00e1s dif\u00edciles?<\/strong> Para manchas persistentes, aplica el producto, deja actuar un poco m\u00e1s de tiempo y limpia con un pa\u00f1o limpio.<\/li>\r\n \t<li><strong>\u00bfPuedo usarlo en el coche?<\/strong> S\u00ed, es ideal para limpiar asientos y tapicer\u00eda de veh\u00edculos, manteniendo un ambiente fresco y limpio.<\/li>\r\n \t<li><strong>\u00bfNecesito enjuagar despu\u00e9s de aplicar?<\/strong> No es necesario enjuagar, solo limpia con un pa\u00f1o h\u00famedo para retirar el exceso.<\/li>\r\n \t<li><strong>\u00bfCu\u00e1l es el tiempo de secado?<\/strong> El limpiador se seca r\u00e1pidamente, permitiendo que vuelvas a usar el \u00e1rea en poco tiempo.<\/li>\r\n<\/ul>\t\t\t\t\t\t\t\t<\/div>\n\t\t\t\t<\/div>\n\t\t\t\t<div class=\"elementor-element elementor-element-57462d0 elementor-widget elementor-widget-video\" data-id=\"57462d0\" data-element_type=\"widget\" data-settings=\"{&quot;youtube_url&quot;:&quot;https:\\\/\\\/youtu.be\\\/EIuXuz80Q8Q&quot;,&quot;video_type&quot;:&quot;youtube&quot;,&quot;controls&quot;:&quot;yes&quot;}\" data-widget_type=\"video.default\">\n\t\t\t\t<div class=\"elementor-widget-container\">\n\t\t\t\t\t\t\t<div class=\"elementor-wrapper elementor-open-inline\">\n\t\t\t<div class=\"elementor-video\"><\/div>\t\t<\/div>\n\t\t\t\t\t\t<\/div>\n\t\t\t\t<\/div>\n\t\t\t\t\t<\/div>\n\t\t\t\t<\/div>\n\t\t\t\t<\/div>","protected":false},"excerpt":{"rendered":"<p>El <strong>Limpia Tapicer\u00eda &#8211; Pulverizador SPSIL<\/strong>\u00a0 es tu aliado perfecto para mantener la limpieza y est\u00e9tica de tus interiores. Dise\u00f1ado para eliminar las manchas m\u00e1s dif\u00edciles de una variedad de tejidos, incluyendo poli\u00e9ster y vinilo, este limpiador garantiza resultados eficaces y r\u00e1pidos. Su f\u00f3rmula avanzada act\u00faa penetrando en las fibras, descomponiendo la suciedad y restaurando la apariencia original de la tapicer\u00eda.<\/p>\n<p>La aplicaci\u00f3n es sencilla: solo necesitas pulverizar el producto sobre la mancha, dejar actuar unos segundos y limpiar con un pa\u00f1o. Este limpiador es ideal para el autom\u00f3vil, asegurando un ambiente fresco y libre de manchas. Con su dise\u00f1o pr\u00e1ctico y f\u00e1cil de usar, el Limpiador de Tapicer\u00eda SPSIL es esencial para cualquier persona que busque mantener sus espacios limpios y presentables. Disfruta de un interior impecable con un producto que combina eficacia y facilidad de uso.<\/p>","protected":false},"featured_media":5086,"comment_status":"open","ping_status":"closed","template":"","meta":{"_acf_changed":false},"product_brand":[],"product_cat":[643,635,312,630],"product_tag":[761,760,28,759],"class_list":{"0":"post-5082","1":"product","2":"type-product","3":"status-publish","4":"has-post-thumbnail","6":"product_cat-asientos-limpia-tapiceerias","7":"product_cat-cuidado-vehiculo-interior-asientos","8":"product_cat-cuidado-vehiculo","9":"product_cat-cuidado-vehiculo-interior","10":"product_tag-limpia-tapiceria-del-coche","11":"product_tag-pulverizador-limpia-tapiceria","12":"product_tag-spsil","13":"product_tag-tapiceria-limpia","14":"pa_acabado-mate","15":"pa_color-transparente","16":"pa_espacio-interior","17":"pa_metodo_aplicacion-pulverizado","18":"pa_metodo_aplicacion-trapo","19":"pa_superficie_aplicacion-tapiceria","20":"pa_tamano-500ml","22":"first","23":"instock","24":"taxable","25":"shipping-taxable","26":"purchasable","27":"product-type-variable","28":"has-default-attributes","29":"wvs-archive-product-wrapper"},"acf":[],"superficies_aplicacion_completo":"Tapiceria","_links":{"self":[{"href":"https:\/\/spsil.es\/en\/wp-json\/wp\/v2\/product\/5082","targetHints":{"allow":["GET"]}}],"collection":[{"href":"https:\/\/spsil.es\/en\/wp-json\/wp\/v2\/product"}],"about":[{"href":"https:\/\/spsil.es\/en\/wp-json\/wp\/v2\/types\/product"}],"replies":[{"embeddable":true,"href":"https:\/\/spsil.es\/en\/wp-json\/wp\/v2\/comments?post=5082"}],"version-history":[{"count":0,"href":"https:\/\/spsil.es\/en\/wp-json\/wp\/v2\/product\/5082\/revisions"}],"wp:featuredmedia":[{"embeddable":true,"href":"https:\/\/spsil.es\/en\/wp-json\/wp\/v2\/media\/5086"}],"wp:attachment":[{"href":"https:\/\/spsil.es\/en\/wp-json\/wp\/v2\/media?parent=5082"}],"wp:term":[{"taxonomy":"product_brand","embeddable":true,"href":"https:\/\/spsil.es\/en\/wp-json\/wp\/v2\/product_brand?post=5082"},{"taxonomy":"product_cat","embeddable":true,"href":"https:\/\/spsil.es\/en\/wp-json\/wp\/v2\/product_cat?post=5082"},{"taxonomy":"product_tag","embeddable":true,"href":"https:\/\/spsil.es\/en\/wp-json\/wp\/v2\/product_tag?post=5082"}],"curies":[{"name":"wp","href":"https:\/\/api.w.org\/{rel}","templated":true}]}}