{"id":5078,"date":"2024-11-07T15:29:34","date_gmt":"2024-11-07T14:29:34","guid":{"rendered":"https:\/\/spsil.es\/?post_type=product&#038;p=5078"},"modified":"2025-10-09T11:06:13","modified_gmt":"2025-10-09T09:06:13","slug":"limpia-tapiceria-espuma-seca-spsil","status":"publish","type":"product","link":"https:\/\/spsil.es\/en\/cuidado-vehiculo\/cuidado-vehiculo-interior\/cuidado-vehiculo-interior-asientos\/asientos-limpia-tapiceerias\/limpia-tapiceria-espuma-seca-spsil\/","title":{"rendered":"Limpia Tapicer\u00eda &#8211; Espuma Seca SPSIL"},"content":{"rendered":"<h2><strong>Limpia Tapicer\u00eda &#8211; Espuma Seca SPSIL<\/strong><\/h2>\n<p>El <strong>Limpiador de Tapicer\u00edas en Espuma Seca SPSIL<\/strong> te permitir\u00e1 eliminar las manchas m\u00e1s dif\u00edciles\u00a0 y suciedad incrustada de la tapicer\u00eda del veh\u00edculo. Obtendr\u00e1s una limpieza profunda y efectiva gracias a su f\u00f3rmula de doble acci\u00f3n: limpieza y acondicionador, ver\u00e1s tu tapicer\u00eda como el primer d\u00eda. Este producto se presenta en espuma seca y tiene una sencilla aplicaci\u00f3n, tan solo aplica la espuma en las manchas abatir, frota con su tapa de cerdas la mancha, deja actuar unos minutos y retira con un pa\u00f1o h\u00famedo. \u00a1Incre\u00edbles resultados!<\/p>\n<p>Ahora si podr\u00e1s limpiar esas manchas incrustadas en la tapicer\u00eda de bebidas, resto de comida o de tu beb\u00e9, as\u00ed como eliminar olores desagradables. Si tus hijos se marean en el coche, lleva contigo el Limpia Tapicer\u00edas &#8211; Espuma Seca SPSIL y vuelve con tu coche impecable.<\/p>\n<p><strong>Caracter\u00edsticas<\/strong><\/p>\n<ul>\n<li><strong>Eliminaci\u00f3n Efectiva:<\/strong> Ver\u00e1s desaparecer manchas dif\u00edciles, incluso aquellas que no son recientes.<\/li>\n<li><strong>F\u00f3rmula Vers\u00e1til: <\/strong>Puedes aplicar a una amplia variedad de textil, excepto en Piel y Cuero, para este caso te recomendamos el Limpiador de Piel y Cuero de SPSIL<\/li>\n<li><strong>F\u00e1cil Aplicaci\u00f3n:<\/strong> Pulveriza, deja actuar, frota suavemente con su tapa de cerdas y retira con un pa\u00f1o; ahorra tiempo y esfuerzo.<\/li>\n<li><strong>Espuma Seca:<\/strong> No requiere enjuague, lo que lo hace perfecto para una limpieza r\u00e1pida.<\/li>\n<li><strong>Resultado Impecable:<\/strong> Deja tus tapicer\u00edas con un acabado fresco, limpio y libre de residuos.<\/li>\n<\/ul>\n<p><strong>Modo de Empleo<\/strong><\/p>\n<ol>\n<li><strong>Pulveriza:<\/strong> Aplica el limpiador de forma generosa en la superficie a tratar y frota con las cerdas superiores, asegur\u00e1ndote de cubrir bien la zona.<\/li>\n<li><strong>Deja Actuar:<\/strong> Permite que la espuma act\u00fae durante unos segundos, facilitando la disoluci\u00f3n de la suciedad.<\/li>\n<li><strong>Retira:<\/strong> Limpia con un pa\u00f1o seco y limpio, eliminando los restos de suciedad y disfrutando de un acabado impecable.<\/li>\n<\/ol>\n<p><strong>FAQs<\/strong><\/p>\n<ol>\n<li><strong>\u00bfQu\u00e9 tipos de tejidos puedo limpiar con este producto?<\/strong><br \/>\nEl Limpiador de Tapicer\u00edas SPSIL es adecuado para todos los tipos de textiles, como poli\u00e9ster y nylon, pero no debe usarse en piel o cuero.<\/li>\n<li><strong>\u00bfEs necesario enjuagar despu\u00e9s de usarlo?<\/strong><br \/>\nNo, la f\u00f3rmula en espuma seca permite una limpieza efectiva sin necesidad de enjuagar, ahorrando tiempo.<\/li>\n<li><strong>\u00bfFunciona en manchas dif\u00edciles?<\/strong><br \/>\nS\u00ed, est\u00e1 formulado para descomponer y eliminar manchas dif\u00edciles de grasa, bebida y otros residuos comunes.<\/li>\n<li><strong>\u00bfPuedo usarlo en el interior del coche?<\/strong><br \/>\nAbsolutamente, es ideal para limpiar tapicer\u00edas de coches y asientos.<\/li>\n<li><strong>\u00bfEs seguro para mascotas y ni\u00f1os?<\/strong><br \/>\nAunque es seguro para su uso general, siempre se recomienda mantener el producto fuera del alcance de los ni\u00f1os y mascotas hasta que se haya secado completamente.<\/li>\n<\/ol>","protected":false},"excerpt":{"rendered":"<div class=\"flex max-w-full flex-col flex-grow\">\n<div class=\"min-h-8 text-message flex w-full flex-col items-end gap-2 whitespace-normal break-words [.text-message+&amp;]:mt-5\" dir=\"auto\" data-message-author-role=\"assistant\" data-message-id=\"9cd34a4c-d96d-4c8b-b8c6-ba8327736e85\" data-message-model-slug=\"gpt-4o-mini\">\n<div class=\"flex w-full flex-col gap-1 empty:hidden first:pt-[3px]\">\n<div class=\"markdown prose w-full break-words dark:prose-invert dark\">\n<p>El <strong>Limpia Tapicer\u00eda &#8211; Espuma Seca SPSIL<\/strong> es la soluci\u00f3n perfecta para quienes buscan mantener la limpieza y el cuidado de sus muebles y veh\u00edculos. Su f\u00f3rmula avanzada est\u00e1 dise\u00f1ada para eliminar manchas dif\u00edciles y la suciedad m\u00e1s incrustada de manera efectiva. Este limpiador es apto para una amplia variedad de textiles, como poli\u00e9ster y nylon, lo que lo convierte en una herramienta vers\u00e1til para el autom\u00f3vil, aunque no se recomienda su uso en piel o cuero.<\/p>\n<p>La presentaci\u00f3n en espuma seca facilita la aplicaci\u00f3n: simplemente pulveriza, deja actuar y retira con un pa\u00f1o limpio. No es necesario enjuagar, lo que ahorra tiempo y esfuerzo. Adem\u00e1s, este producto no solo limpia, sino que tambi\u00e9n acondiciona, devolviendo a tus tapicer\u00edas su frescura y aspecto renovado. Con el Limpiador de Tapicer\u00edas SPSIL, podr\u00e1s disfrutar de un ambiente m\u00e1s limpio y acogedor, prolongando la vida \u00fatil de tus tejidos.<\/p>\n<\/div>\n<\/div>\n<\/div>\n<\/div>","protected":false},"featured_media":5081,"comment_status":"open","ping_status":"closed","template":"","meta":{"_acf_changed":false},"product_brand":[],"product_cat":[643,635,312,630],"product_tag":[757,758,28,759],"class_list":{"0":"post-5078","1":"product","2":"type-product","3":"status-publish","4":"has-post-thumbnail","6":"product_cat-asientos-limpia-tapiceerias","7":"product_cat-cuidado-vehiculo-interior-asientos","8":"product_cat-cuidado-vehiculo","9":"product_cat-cuidado-vehiculo-interior","10":"product_tag-espuma-en-seco-para-limpiar-la-tapiceria-del-coche","11":"product_tag-limpi-tapiceria-del-coche","12":"product_tag-spsil","13":"product_tag-tapiceria-limpia","14":"pa_acabado-mate","15":"pa_color-blanco","16":"pa_espacio-interior","17":"pa_metodo_aplicacion-esponja","18":"pa_metodo_aplicacion-pulverizado","19":"pa_superficie_aplicacion-tapiceria","20":"pa_tamano-665","22":"first","23":"instock","24":"taxable","25":"shipping-taxable","26":"purchasable","27":"product-type-variable","28":"wvs-archive-product-wrapper"},"acf":[],"superficies_aplicacion_completo":"Tapiceria","_links":{"self":[{"href":"https:\/\/spsil.es\/en\/wp-json\/wp\/v2\/product\/5078","targetHints":{"allow":["GET"]}}],"collection":[{"href":"https:\/\/spsil.es\/en\/wp-json\/wp\/v2\/product"}],"about":[{"href":"https:\/\/spsil.es\/en\/wp-json\/wp\/v2\/types\/product"}],"replies":[{"embeddable":true,"href":"https:\/\/spsil.es\/en\/wp-json\/wp\/v2\/comments?post=5078"}],"version-history":[{"count":0,"href":"https:\/\/spsil.es\/en\/wp-json\/wp\/v2\/product\/5078\/revisions"}],"wp:featuredmedia":[{"embeddable":true,"href":"https:\/\/spsil.es\/en\/wp-json\/wp\/v2\/media\/5081"}],"wp:attachment":[{"href":"https:\/\/spsil.es\/en\/wp-json\/wp\/v2\/media?parent=5078"}],"wp:term":[{"taxonomy":"product_brand","embeddable":true,"href":"https:\/\/spsil.es\/en\/wp-json\/wp\/v2\/product_brand?post=5078"},{"taxonomy":"product_cat","embeddable":true,"href":"https:\/\/spsil.es\/en\/wp-json\/wp\/v2\/product_cat?post=5078"},{"taxonomy":"product_tag","embeddable":true,"href":"https:\/\/spsil.es\/en\/wp-json\/wp\/v2\/product_tag?post=5078"}],"curies":[{"name":"wp","href":"https:\/\/api.w.org\/{rel}","templated":true}]}}