{"id":4985,"date":"2024-11-07T10:37:28","date_gmt":"2024-11-07T09:37:28","guid":{"rendered":"https:\/\/spsil.es\/?post_type=product&#038;p=4985"},"modified":"2025-10-09T11:25:39","modified_gmt":"2025-10-09T09:25:39","slug":"lunas-limpias-al-instante-spsil","status":"publish","type":"product","link":"https:\/\/spsil.es\/en\/cuidado-vehiculo\/cuidado-vehiculo-exterior\/cuidado-vehiculo-exterior-cristales-lunas\/cristales-lunas-eliminador-grasas-vidrios\/lunas-limpias-al-instante-spsil\/","title":{"rendered":"Lunas Limpias al Instante SPSIL"},"content":{"rendered":"<h3>Lunas Limpias al Instante SPSIL<\/h3>\n<p>El <strong>Lunas Limpias al Instante de SPSIL<\/strong> es un potente limpiador de lunas que aporta una impecable visibilidad y te da la tranquilidad de conducir con seguridad. No solo es un limpiador, sino que te ayudar\u00e1 a pulir las lunas de tu veh\u00edculo, espejos y cristales, de forma r\u00e1pida, esto ayudar\u00e1 a a eliminar la suciedad incrustada, grasa y restos de insectos que obstruyen la visibilidad durante la conducci\u00f3n. Su f\u00f3rmula innovadora no da\u00f1a el cristal, permitiendo que tus superficies queden relucientes sin esfuerzo.<\/p>\n<p>Lo m\u00e1s innovador de este producto es su acci\u00f3n antilluvia y antivaho, perfecto por dentro y por fuera, garantizando una conducci\u00f3n m\u00e1s segura, incluso en climatolog\u00eda adversa de lluvias o nieve, asegurando que tu visi\u00f3n sea n\u00edtida en todo momento. Su aplicaci\u00f3n es f\u00e1cil y r\u00e1pida: simplemente roc\u00eda, limpia con la esponja especial incluida y disfruta de resultados instant\u00e1neos. Con \u00abLunas Limpias al Instante\u00bb, cada viaje se convierte en una experiencia m\u00e1s clara y segura.<\/p>\n<p>Esta especialmente indicado para personas que viven en zonas con climas adversos de lluvia pr\u00e1cticamente diaria o lluvia \u00abcon tierra\u00bb que ensucia severamente las lunas, para aquellos que se adentran en zonas de barro o realizan trabajos en ambientes propensos a mayor suciedad, puede aplicarse en todo tipo de veh\u00edculos, tanto turismos como furgonetas, camiones o veh\u00edculos de trasporte p\u00fablico.<\/p>\n<h4>Caracter\u00edsticas<\/h4>\n<ul>\n<li><strong>F\u00e1cil de Aplicar<\/strong>: Simplemente toma la crema y aplica con la esponja formando c\u00edrculos.<\/li>\n<li><strong>Acci\u00f3n R\u00e1pida<\/strong>: Elimina instant\u00e1neamente suciedad y manchas.<\/li>\n<li><strong>No Da\u00f1a el Cristal<\/strong>: F\u00f3rmula segura para todo tipo de cristales.<\/li>\n<li><strong>Uso Exterior e Interior<\/strong>: Apto para lunas, cristales laterales y espejos retrovisores.<\/li>\n<li><strong>Antilluvia y Antivaho<\/strong>: Mejora la visibilidad en condiciones clim\u00e1ticas adversas<\/li>\n<\/ul>\n<h3>FAQs<\/h3>\n<p><strong>\u00bfEs seguro usar este producto en todos los tipos de cristal?<\/strong> S\u00ed, el Lunas Limpias al Instante est\u00e1 dise\u00f1ado para ser seguro en todo tipo de cristales, incluidos parabrisas y espejos retrovisores.<\/p>\n<p><strong>\u00bfPuede usarse en condiciones de lluvia?<\/strong> S\u00ed, este producto no solo limpia, sino que tambi\u00e9n proporciona un efecto antilluvia, mejorando tu visibilidad en condiciones clim\u00e1ticas adversas.<\/p>\n<p><strong>\u00bfCu\u00e1nto tiempo tarda en secarse?<\/strong> El producto seca r\u00e1pidamente, permitiendo que disfrutes de una visi\u00f3n clara en poco tiempo despu\u00e9s de la aplicaci\u00f3n.<\/p>\n<p><strong>\u00bfNecesito otros productos para limpiar mis lunas?<\/strong> No, este producto es todo lo que necesitas para mantener tus lunas limpias y brillantes.<\/p>\n<p><strong>\u00bfEs eficaz para eliminar marcas de insectos?<\/strong> S\u00ed, su f\u00f3rmula est\u00e1 dise\u00f1ada para eliminar suciedad, grasa y restos de insectos de manera efectiva.<\/p>\n<p><iframe loading=\"lazy\" title=\"\ud83d\udc40 Luna cristalina en 10 s\u2014pru\u00e9balo ahora \ud83d\udca7 Niebla \u2192 pasada de microfibra \u2192 vista HD. #LimpiaLunas\" src=\"https:\/\/www.youtube.com\/embed\/D3Ok2jcCqqQ\" width=\"458\" height=\"815\" frameborder=\"0\" allowfullscreen=\"allowfullscreen\"><\/iframe><\/p>","protected":false},"excerpt":{"rendered":"<div class=\"flex max-w-full flex-col flex-grow\">\n<div class=\"min-h-8 text-message flex w-full flex-col items-end gap-2 whitespace-normal break-words [.text-message+&amp;]:mt-5\" dir=\"auto\" data-message-author-role=\"assistant\" data-message-id=\"9cd34a4c-d96d-4c8b-b8c6-ba8327736e85\" data-message-model-slug=\"gpt-4o-mini\">\n<div class=\"flex w-full flex-col gap-1 empty:hidden first:pt-[3px]\">\n<div class=\"markdown prose w-full break-words dark:prose-invert dark\">\n<p>El Lunas Limpias al Instante de SPSIL es tu aliado perfecto para mantener la visibilidad en el autom\u00f3vil. Dise\u00f1ado para limpiar y pulir lunas, espejos retrovisores y cristales laterales, este producto elimina r\u00e1pidamente la suciedad, grasa y marcas de insectos, garantizando una visi\u00f3n clara y segura. Su f\u00f3rmula no da\u00f1ina asegura que tus cristales queden relucientes sin dejar residuos.<\/p>\n<p>Adem\u00e1s, su acci\u00f3n antilluvia y antivaho te proporciona mayor seguridad al conducir, mejorando la visibilidad en condiciones clim\u00e1ticas adversas. La aplicaci\u00f3n es f\u00e1cil y r\u00e1pida: simplemente roc\u00eda, utiliza la esponja especial incluida y disfruta de resultados inmediatos. Con solo un poco de esfuerzo, podr\u00e1s mantener tus lunas impecables y listas para cualquier aventura. Con Lunas Limpias al Instante, cada viaje se convierte en una experiencia m\u00e1s clara y segura, asegurando que disfrutes del camino con la confianza que mereces.<\/p>\n<\/div>\n<\/div>\n<\/div>\n<\/div>","protected":false},"featured_media":7095,"comment_status":"open","ping_status":"closed","template":"","meta":{"_acf_changed":false},"product_brand":[],"product_cat":[622,616,312,614],"product_tag":[728,727,726,725,28],"class_list":{"0":"post-4985","1":"product","2":"type-product","3":"status-publish","4":"has-post-thumbnail","6":"product_cat-cristales-lunas-eliminador-grasas-vidrios","7":"product_cat-cuidado-vehiculo-exterior-cristales-lunas","8":"product_cat-cuidado-vehiculo","9":"product_cat-cuidado-vehiculo-exterior","10":"product_tag-antilluvia-lunas-coche","11":"product_tag-antivaho-lunas-coche","12":"product_tag-limpiador-para-lunas-del-coche","13":"product_tag-limpiar-las-lunas-del-coche","14":"product_tag-spsil","15":"pa_acabado-mate","16":"pa_color-transparente","17":"pa_espacio-exterior","18":"pa_metodo_aplicacion-pulverizado","19":"pa_metodo_aplicacion-trapo","20":"pa_superficie_aplicacion-cristales-lunas","21":"pa_tamano-100ml","23":"first","24":"instock","25":"taxable","26":"shipping-taxable","27":"purchasable","28":"product-type-simple"},"acf":[],"superficies_aplicacion_completo":"Cristales\/Lunas","_links":{"self":[{"href":"https:\/\/spsil.es\/en\/wp-json\/wp\/v2\/product\/4985","targetHints":{"allow":["GET"]}}],"collection":[{"href":"https:\/\/spsil.es\/en\/wp-json\/wp\/v2\/product"}],"about":[{"href":"https:\/\/spsil.es\/en\/wp-json\/wp\/v2\/types\/product"}],"replies":[{"embeddable":true,"href":"https:\/\/spsil.es\/en\/wp-json\/wp\/v2\/comments?post=4985"}],"version-history":[{"count":0,"href":"https:\/\/spsil.es\/en\/wp-json\/wp\/v2\/product\/4985\/revisions"}],"wp:featuredmedia":[{"embeddable":true,"href":"https:\/\/spsil.es\/en\/wp-json\/wp\/v2\/media\/7095"}],"wp:attachment":[{"href":"https:\/\/spsil.es\/en\/wp-json\/wp\/v2\/media?parent=4985"}],"wp:term":[{"taxonomy":"product_brand","embeddable":true,"href":"https:\/\/spsil.es\/en\/wp-json\/wp\/v2\/product_brand?post=4985"},{"taxonomy":"product_cat","embeddable":true,"href":"https:\/\/spsil.es\/en\/wp-json\/wp\/v2\/product_cat?post=4985"},{"taxonomy":"product_tag","embeddable":true,"href":"https:\/\/spsil.es\/en\/wp-json\/wp\/v2\/product_tag?post=4985"}],"curies":[{"name":"wp","href":"https:\/\/api.w.org\/{rel}","templated":true}]}}