{"id":4929,"date":"2024-11-05T16:01:08","date_gmt":"2024-11-05T15:01:08","guid":{"rendered":"https:\/\/spsil.es\/?post_type=product&#038;p=4929"},"modified":"2025-10-09T11:28:13","modified_gmt":"2025-10-09T09:28:13","slug":"reparador-y-abrillantador-de-faros-spsil","status":"publish","type":"product","link":"https:\/\/spsil.es\/en\/cuidado-vehiculo\/cuidado-vehiculo-exterior\/cuidado-vehiculo-exterior-faros\/faros-abrillantador\/reparador-y-abrillantador-de-faros-spsil\/","title":{"rendered":"Reparador y Abrillantador de Faros SPSIL"},"content":{"rendered":"<div data-elementor-type=\"product-post\" data-elementor-id=\"4929\" class=\"elementor elementor-4929\" data-elementor-post-type=\"product\">\n\t\t\t\t<div class=\"wd-negative-gap elementor-element elementor-element-598c84 e-flex e-con-boxed e-con e-parent\" data-id=\"598c84\" data-element_type=\"container\">\n\t\t\t\t\t<div class=\"e-con-inner\">\n\t\t\t\t<div class=\"elementor-element elementor-element-7b8fd36b color-scheme-inherit text-left elementor-widget elementor-widget-text-editor\" data-id=\"7b8fd36b\" data-element_type=\"widget\" data-widget_type=\"text-editor.default\">\n\t\t\t\t<div class=\"elementor-widget-container\">\n\t\t\t\t\t\t\t\t\t<h2>Reparador y Abrillantador de Faros SPSIL<\/h2>\nEl <strong>Reparador y Abrillantador de Faros SPSIL <\/strong>es lo que todos necesitamos tarde o temprano, con el paso del tiempo, la exposici\u00f3n a los rayos UV del Sol y las inclemencias del tiempo los faros del coche se vuelven opacos y amarillean, un problema que no solo afecta a la est\u00e9tica de tu coche, sino que reduce considerablemente la visibilidad en carretera. Con este Reparador podr\u00e1s restaurar el aspecto de tus faros, asegurando una conducci\u00f3n m\u00e1s segura.\n\nAdem\u00e1s, un aspecto clave para tener en cuenta a la hora de platearse aplicar el <strong>Reparador y Abrillantador de Faros SPSIL <\/strong>es la Inspecci\u00f3n T\u00e9cnica de Veh\u00edculos (ITV) que revisa el estado de los faros y su eficacia lum\u00ednica. Faros deteriorados y amarillentos pueden resultar una ITV negativa y tendr\u00e1s que acudir a tu taller m\u00e1s cercano para realizar un pulido y reparaci\u00f3n de los faros. Evita gastos innecesarios y devuelve la visibilidad a tus faros, asegurando que tu veh\u00edculo cumpla con los est\u00e1ndares requeridos para pasar la ITV.\n<h4>Caracter\u00edsticas<\/h4>\n<ul>\n \t<li><strong>F\u00e1cil Aplicaci\u00f3n:<\/strong> Cuenta con una micro lija y el producto en Spray, con una f\u00e1cil aplicaci\u00f3n. Este producto NO es de un solo uso, podr\u00e1s volver a repetir el proceso y mantener a lo largo del tiempo tus faros en perfecto estado.<\/li>\n \t<li><strong>Resultados R\u00e1pidos:<\/strong> Un proceso que no te llevar\u00e1 m\u00e1s de 30 minutos y tus faros volver\u00e1n a brillar como el primer d\u00eda.<\/li>\n \t<li><strong>Versatilidad:<\/strong> Ideal para faros de autom\u00f3viles, motocicletas y otros veh\u00edculos, adapt\u00e1ndose a diversas necesidades.<\/li>\n \t<li><strong>Seguridad Mejorada:<\/strong> Mejorar\u00e1s la visibilidad de forma inmediata en condiciones de poca luz, lo que es crucial para la seguridad vial e imprescindible para una ITV positiva.<\/li>\n \t<li><strong>Durabilidad:<\/strong> Proporciona una capa de protecci\u00f3n que resiste las inclemencias del tiempo, asegurando un acabado duradero.<\/li>\n<\/ul>\n<h4>Modo de Empleo<\/h4>\n<ol>\n \t<li><strong>Preparaci\u00f3n:<\/strong> Antes de aplicar, limpia los alrededores del faro para evitar la acumulaci\u00f3n de suciedad y asegurar un acabado impecable.<\/li>\n \t<li><strong>Aplicaci\u00f3n:<\/strong> Pulveriza el producto a una distancia de 20 cm sobre el faro y utiliza una esponja para frotar suavemente.<\/li>\n \t<li><strong>Repetir:<\/strong> Aplica 3-4 veces hasta que obtengas el brillo deseado, asegurando una cobertura completa.<\/li>\n \t<li><strong>Secado:<\/strong> Deja que el producto se seque adecuadamente, lo que generalmente toma alrededor de 10 minutos, para un acabado \u00f3ptimo.<\/li>\n<\/ol>\n<h4>FAQs<\/h4>\n<ol>\n \t<li><strong>\u00bfCu\u00e1nto tiempo tarda en secar?<\/strong>\n<ul>\n \t<li>El secado es r\u00e1pido, pero se recomienda esperar al menos 10 minutos antes de exponer los faros a la lluvia o cualquier humedad.<\/li>\n<\/ul>\n<\/li>\n \t<li><strong>\u00bfEs seguro usar en todos los tipos de faros?<\/strong>\n<ul>\n \t<li>S\u00ed, este reparador es apto para faros de autom\u00f3viles, motos y otros veh\u00edculos, garantizando un acabado uniforme.<\/li>\n<\/ul>\n<\/li>\n \t<li><strong>\u00bfPuedo usarlo en faros con rayones?<\/strong>\n<ul>\n \t<li>Este producto ayuda a reducir la apariencia de rayones y marcas superficiales, mejorando notablemente el aspecto general del faro.<\/li>\n<\/ul>\n<\/li>\n \t<li><strong>\u00bfEs necesario pulir los faros antes de aplicar el producto?<\/strong>\n<ul>\n \t<li>Se recomienda limpiar y, si es posible, pulir los faros para obtener mejores resultados y maximizar la efectividad del producto.<\/li>\n<\/ul>\n<\/li>\n \t<li><strong>\u00bfPor qu\u00e9 es tan importante para la ITV?<\/strong>\n<ul>\n \t<li>Los faros en mal estado pueden resultar en un fallo durante la ITV. Con el uso de este reparador, aseguras que tu veh\u00edculo cumpla con los requisitos de seguridad, evitando inconvenientes y gastos adicionales.<\/li>\n<\/ul>\n<\/li>\n<\/ol>\n&nbsp;\t\t\t\t\t\t\t\t<\/div>\n\t\t\t\t<\/div>\n\t\t\t\t<div class=\"elementor-element elementor-element-1dca5ad elementor-widget elementor-widget-video\" data-id=\"1dca5ad\" data-element_type=\"widget\" data-settings=\"{&quot;youtube_url&quot;:&quot;https:\\\/\\\/youtu.be\\\/Adm7K_YIYNg&quot;,&quot;video_type&quot;:&quot;youtube&quot;,&quot;controls&quot;:&quot;yes&quot;}\" data-widget_type=\"video.default\">\n\t\t\t\t<div class=\"elementor-widget-container\">\n\t\t\t\t\t\t\t<div class=\"elementor-wrapper elementor-open-inline\">\n\t\t\t<div class=\"elementor-video\"><\/div>\t\t<\/div>\n\t\t\t\t\t\t<\/div>\n\t\t\t\t<\/div>\n\t\t\t\t\t<\/div>\n\t\t\t\t<\/div>\n\t\t\t\t<\/div>","protected":false},"excerpt":{"rendered":"<p>El <strong>Reparador y Abrillantador de Faros SPSIL<\/strong> es la soluci\u00f3n perfecta para devolver el brillo y la claridad a los faros de tu veh\u00edculo, eliminando el amarillamiento y la opacidad que se generan con el tiempo. Este innovador producto no solo restaura la est\u00e9tica de tus faros, sino que tambi\u00e9n mejora la seguridad en la carretera, asegurando una visibilidad \u00f3ptima en condiciones de poca luz.<\/p>\n<p>Adem\u00e1s, es fundamental para superar la <strong>Inspecci\u00f3n T\u00e9cnica de Veh\u00edculos (ITV)<\/strong>. Un faro en mal estado puede resultar en un fallo durante la inspecci\u00f3n, lo que podr\u00eda conllevar gastos adicionales. Con su f\u00e1cil aplicaci\u00f3n en spray, puedes lograr resultados profesionales en minutos, restaurando el acabado original de tus faros. El <strong>Reparador y Abrillantador de Faros SPSIL<\/strong> es esencial para mantener tu veh\u00edculo en \u00f3ptimas condiciones y garantizar que cumpla con los est\u00e1ndares de seguridad necesarios.<\/p>","protected":false},"featured_media":4932,"comment_status":"open","ping_status":"closed","template":"","meta":{"_acf_changed":false},"product_brand":[],"product_cat":[628,312,614,618],"product_tag":[687,690,691,688,689,28],"class_list":{"0":"post-4929","1":"product","2":"type-product","3":"status-publish","4":"has-post-thumbnail","6":"product_cat-faros-abrillantador","7":"product_cat-cuidado-vehiculo","8":"product_cat-cuidado-vehiculo-exterior","9":"product_cat-cuidado-vehiculo-exterior-faros","10":"product_tag-abrillantador-de-faros-itv","11":"product_tag-faros-itv","12":"product_tag-itv","13":"product_tag-limpia-tus-faros","14":"product_tag-reparar-faros","15":"product_tag-spsil","16":"pa_acabado-brillo","17":"pa_color-transparente","18":"pa_espacio-exterior","19":"pa_metodo_aplicacion-esponja","20":"pa_metodo_aplicacion-pulverizado","21":"pa_superficie_aplicacion-faros","22":"pa_tamano-200ml","24":"first","25":"instock","26":"taxable","27":"shipping-taxable","28":"purchasable","29":"product-type-variable","30":"wvs-archive-product-wrapper"},"acf":[],"superficies_aplicacion_completo":"Faros","_links":{"self":[{"href":"https:\/\/spsil.es\/en\/wp-json\/wp\/v2\/product\/4929","targetHints":{"allow":["GET"]}}],"collection":[{"href":"https:\/\/spsil.es\/en\/wp-json\/wp\/v2\/product"}],"about":[{"href":"https:\/\/spsil.es\/en\/wp-json\/wp\/v2\/types\/product"}],"replies":[{"embeddable":true,"href":"https:\/\/spsil.es\/en\/wp-json\/wp\/v2\/comments?post=4929"}],"version-history":[{"count":0,"href":"https:\/\/spsil.es\/en\/wp-json\/wp\/v2\/product\/4929\/revisions"}],"wp:featuredmedia":[{"embeddable":true,"href":"https:\/\/spsil.es\/en\/wp-json\/wp\/v2\/media\/4932"}],"wp:attachment":[{"href":"https:\/\/spsil.es\/en\/wp-json\/wp\/v2\/media?parent=4929"}],"wp:term":[{"taxonomy":"product_brand","embeddable":true,"href":"https:\/\/spsil.es\/en\/wp-json\/wp\/v2\/product_brand?post=4929"},{"taxonomy":"product_cat","embeddable":true,"href":"https:\/\/spsil.es\/en\/wp-json\/wp\/v2\/product_cat?post=4929"},{"taxonomy":"product_tag","embeddable":true,"href":"https:\/\/spsil.es\/en\/wp-json\/wp\/v2\/product_tag?post=4929"}],"curies":[{"name":"wp","href":"https:\/\/api.w.org\/{rel}","templated":true}]}}