{"id":4897,"date":"2024-11-05T13:20:09","date_gmt":"2024-11-05T12:20:09","guid":{"rendered":"https:\/\/spsil.es\/?post_type=product&#038;p=4897"},"modified":"2025-10-09T11:23:55","modified_gmt":"2025-10-09T09:23:55","slug":"pasta-para-repara-aranazos-spsil","status":"publish","type":"product","link":"https:\/\/spsil.es\/en\/cuidado-vehiculo\/cuidado-vehiculo-exterior\/cuidado-vehiculo-exterior-carroceria\/carroceria-reparador-aranazos\/pasta-para-repara-aranazos-spsil\/","title":{"rendered":"Pasta para Repara Ara\u00f1azos SPSIL"},"content":{"rendered":"<h3>Pasta para Reparar Ara\u00f1azos Fina<\/h3>\n<p>La <strong>Pasta para Reparar Ara\u00f1azos Fina de SPSIL <\/strong>esta indicada para reparar esos peque\u00f1os ara\u00f1azos de nuestro veh\u00edculo y restaurar la belleza y el brillo original de la pintura. Es una herramienta esencial para rejuvenecer de forma eficaz nuestro coche o moto, esta pasta elimina los ara\u00f1azos finos, que aunque peque\u00f1os, afectan a la est\u00e9tica. Ya sea un peque\u00f1o rasgu\u00f1o en la columna del garaje, aparcando en el exterior, en un leve accidente o que te lo encuentres por la ma\u00f1ana, podr\u00e1s restaurar la pintura de forma r\u00e1pida, sencilla y eficaz, sin que nadie se entere de ese peque\u00f1o roce.<\/p>\n<p>Adem\u00e1s, la <strong>Pasta para Reparar Ara\u00f1azos Fina de SPSIL <\/strong>no solo repara los ara\u00f1azos finos sino que act\u00faa como una barrera protectora para futuros peque\u00f1os ara\u00f1azos e imperfecciones.<\/p>\n<ul>\n<li><strong>Repara Ara\u00f1azos:<\/strong> Esta indicada para eliminar y restaurar peque\u00f1os ara\u00f1azos y marcas, devolviendo el brillo a la pintura.<\/li>\n<li><strong>Brillo Original:<\/strong> Volver ver la chapa de tu coche como el primer d\u00eda, brillante, sin rasgu\u00f1os y sin marcas es posible.<\/li>\n<li><strong>F\u00e1cil Aplicaci\u00f3n:<\/strong> Aplicar con un pa\u00f1o sobre el rasgu\u00f1o o marca, as\u00ed de sencillo.<\/li>\n<li><strong>Uso Profesional:<\/strong> Para todo tipo de profesionales que quieran dar a sus clientes un toque de calidad en el lavado y mantenimiento de su veh\u00edculo.<\/li>\n<li><strong>Resultados R\u00e1pidos:<\/strong> Ahorra tiempo y esfuerzo mientras ves mejoras visibles al instante.<\/li>\n<\/ul>\n<h3>Beneficios:<\/h3>\n<p>La <strong>Pasta para Reparar Ara\u00f1azos Fina<\/strong> mejora la apariencia de tu autom\u00f3vil y protege tu inversi\u00f3n a largo plazo. Evita pasar por el taller y prev\u00e9 el deterioro de la pintura, asegurando que tu coche siempre luzca espectacular. Esta pasta es un aliado indispensable para los amantes de los coches que valoran la est\u00e9tica y el cuidado.<\/p>\n<h3>FAQs:<\/h3>\n<ol>\n<li><strong>\u00bfEs adecuada para todos los tipos de pintura?<\/strong> S\u00ed, la pasta es segura para usar en la mayor\u00eda de las pinturas automotrices, incluyendo acabados met\u00e1licos y s\u00f3lidos.<\/li>\n<li><strong>\u00bfNecesito herramientas especiales para aplicarla?<\/strong> No, puedes aplicar la pasta manualmente con un pa\u00f1o suave, lo que facilita su uso en cualquier situaci\u00f3n.<\/li>\n<li><strong>\u00bfCu\u00e1nto tiempo tarda en secar?<\/strong> La pasta seca r\u00e1pidamente, permitiendo que puedas disfrutar de un acabado impecable en poco tiempo.<\/li>\n<li><strong>\u00bfPuedo usarla en veh\u00edculos antiguos?<\/strong> Absolutamente, es ideal para restaurar la pintura de veh\u00edculos cl\u00e1sicos y antiguos, brindando un cuidado especial a las superficies delicadas.<\/li>\n<li><strong>\u00bfEs resistente a las condiciones clim\u00e1ticas?<\/strong> S\u00ed, la f\u00f3rmula ha sido dise\u00f1ada para resistir condiciones externas, asegurando que tu acabado permanezca protegido y brillante a pesar de los elementos.<\/li>\n<\/ol>\n<p><iframe loading=\"lazy\" width=\"458\" height=\"815\" src=\"https:\/\/www.youtube.com\/embed\/sQ4_yjYzNL0\" title=\"\ud83d\ude31 Golpe de columna? Quita el ara\u00f1azo t\u00fa mismo \ud83e\ude79\" frameborder=\"0\" allow=\"accelerometer; autoplay; clipboard-write; encrypted-media; gyroscope; picture-in-picture; web-share\" referrerpolicy=\"strict-origin-when-cross-origin\" allowfullscreen><\/iframe><\/p>","protected":false},"excerpt":{"rendered":"<p>La <strong>Pasta para Reparar Ara\u00f1azos Fina de SPSIL<\/strong> es la soluci\u00f3n perfecta para devolver la vida a la pintura de tu veh\u00edculo. Dise\u00f1ada espec\u00edficamente para eliminar ara\u00f1azos y marcas superficiales, esta pasta restaurar\u00e1 el brillo original de la pintura, dejando tu autom\u00f3vil luciendo como nuevo. Su f\u00f3rmula avanzada permite una f\u00e1cil aplicaci\u00f3n, simplemente aplicando con un pa\u00f1o suave, lo que la convierte en una opci\u00f3n ideal tanto para aficionados como para profesionales del cuidado automotriz.<\/p>\n<p>Con un secado r\u00e1pido, podr\u00e1s disfrutar de resultados visibles en poco tiempo. Adem\u00e1s, su acabado brillante y uniforme no solo oculta imperfecciones, sino que tambi\u00e9n protege la pintura contra los elementos, prolongando su durabilidad. La Pasta para Reparar Ara\u00f1azos Fina es compatible con una amplia gama de acabados, garantizando resultados excepcionales en todo tipo de veh\u00edculos. Dale a tu coche el cuidado que merece y restaura su apariencia con este producto indispensable.<\/p>","protected":false},"featured_media":4902,"comment_status":"open","ping_status":"closed","template":"","meta":{"_acf_changed":false},"product_brand":[],"product_cat":[669,615,312,614],"product_tag":[674,675,672,673,671,28],"class_list":{"0":"post-4897","1":"product","2":"type-product","3":"status-publish","4":"has-post-thumbnail","6":"product_cat-carroceria-reparador-aranazos","7":"product_cat-cuidado-vehiculo-exterior-carroceria","8":"product_cat-cuidado-vehiculo","9":"product_cat-cuidado-vehiculo-exterior","10":"product_tag-aranazos-en-la-carroceria","11":"product_tag-aranazos-en-la-chapa","12":"product_tag-pasta-para-reparar-aranazos-pequenos","13":"product_tag-pasta-reparadora-de-aranazos-carroceria","14":"product_tag-reparar-aranazos-de-coche","15":"product_tag-spsil","16":"pa_acabado-brillo","17":"pa_color-transparente","18":"pa_espacio-exterior","19":"pa_metodo_aplicacion-esponja","20":"pa_metodo_aplicacion-trapo","21":"pa_superficie_aplicacion-carroceria","22":"pa_tamano-100-gr","23":"pa_tamano-250-gr","25":"first","26":"instock","27":"taxable","28":"shipping-taxable","29":"purchasable","30":"product-type-variable","31":"has-default-attributes","32":"wvs-archive-product-wrapper"},"acf":[],"superficies_aplicacion_completo":"Carrocer\u00eda","_links":{"self":[{"href":"https:\/\/spsil.es\/en\/wp-json\/wp\/v2\/product\/4897","targetHints":{"allow":["GET"]}}],"collection":[{"href":"https:\/\/spsil.es\/en\/wp-json\/wp\/v2\/product"}],"about":[{"href":"https:\/\/spsil.es\/en\/wp-json\/wp\/v2\/types\/product"}],"replies":[{"embeddable":true,"href":"https:\/\/spsil.es\/en\/wp-json\/wp\/v2\/comments?post=4897"}],"version-history":[{"count":0,"href":"https:\/\/spsil.es\/en\/wp-json\/wp\/v2\/product\/4897\/revisions"}],"wp:featuredmedia":[{"embeddable":true,"href":"https:\/\/spsil.es\/en\/wp-json\/wp\/v2\/media\/4902"}],"wp:attachment":[{"href":"https:\/\/spsil.es\/en\/wp-json\/wp\/v2\/media?parent=4897"}],"wp:term":[{"taxonomy":"product_brand","embeddable":true,"href":"https:\/\/spsil.es\/en\/wp-json\/wp\/v2\/product_brand?post=4897"},{"taxonomy":"product_cat","embeddable":true,"href":"https:\/\/spsil.es\/en\/wp-json\/wp\/v2\/product_cat?post=4897"},{"taxonomy":"product_tag","embeddable":true,"href":"https:\/\/spsil.es\/en\/wp-json\/wp\/v2\/product_tag?post=4897"}],"curies":[{"name":"wp","href":"https:\/\/api.w.org\/{rel}","templated":true}]}}